{"id":12451,"date":"2026-04-21T10:27:02","date_gmt":"2026-04-21T03:27:02","guid":{"rendered":"https:\/\/xedop.com\/?post_type=product&#038;p=12451"},"modified":"2026-04-21T10:27:03","modified_gmt":"2026-04-21T03:27:03","slug":"xe-dien-tro-luc-giant-2021-fastroad-e","status":"publish","type":"product","link":"https:\/\/xedop.com\/en\/san-pham\/xe-dien-tro-luc-giant-2021-fastroad-e\/","title":{"rendered":"Xe \u0111i\u1ec7n tr\u1ee3 l\u1ef1c GIANT 2021 FASTROAD E+"},"content":{"rendered":"<table>\n<tbody>\n<tr>\n<td><strong>TH\u00d4NG S\u1ed0 K\u1ef8 THU\u1eacT<\/strong><\/td>\n<td><strong>H\u1ec6 TH\u1ed0NG \u0110I\u1ec6N T\u1eec<\/strong><\/td>\n<\/tr>\n<tr>\n<td>Khung Xe: GIANT ALUXX<\/td>\n<td>\u0110\u1ed9ng C\u01a1: GIANT SYNC DRIVE<\/td>\n<\/tr>\n<tr>\n<td>Size: XS<\/td>\n<td>Pin: Panasonic Li-ion 244Wh t\u00edch h\u1ee3p c\u00f4ng ngh\u1ec7 s\u1ea1c nhanh c\u00f3 th\u1ec3 \u0111i \u0111\u01b0\u1ee3c 40km<\/td>\n<\/tr>\n<tr>\n<td>B\u1ed9 Chuy\u1ec3n \u0110\u1ec1: SHIMANO ALTUS 1x8S<\/td>\n<td>\u0110\u00e8n: \u0111\u00e8n LED<\/td>\n<\/tr>\n<tr>\n<td>L\u1ed1p Xe: 700*32C<\/td>\n<td>B\u1ed9 Hi\u1ec3n Th\u1ecb: Giant RideControl One<\/td>\n<\/tr>\n<tr>\n<td>Phu\u1ed9c: GIANT ALUXX<\/td>\n<td><\/td>\n<\/tr>\n<tr>\n<td>H\u1ec7 Th\u1ed1ng Phanh: Phanh \u0110\u0129a D\u1ea7u 160mm<\/td>\n<td><\/td>\n<\/tr>\n<tr>\n<td>Y\u00ean: GIANT \u2013 thi\u1ebft k\u1ebf \u0111\u1eb7c bi\u1ec7t<\/td>\n<td><\/td>\n<\/tr>\n<tr>\n<td>Kh\u00e1c: m\u1ed9t s\u1ed1 linh ki\u1ec7n c\u00f3 th\u1ec3 thay \u0111\u1ed5i lo\u1ea1i t\u01b0\u01a1ng \u0111\u01b0\u01a1ng theo th\u1ef1c t\u1ebf<\/td>\n<\/tr>\n<\/tbody>\n<\/table>\n","protected":false},"excerpt":{"rendered":"<p><strong>FASTROAD E+\u00a0<\/strong>thu\u1ed9c d\u00f2ng xe tr\u1ee3 l\u1ef1c th\u1ec3 thao v\u1edbi c\u00f4ng ngh\u1ec7 n\u0103ng l\u01b0\u1ee3ng \u0111\u1ed9ng l\u1ef1c h\u1ecdc tr\u1ee3 \u0111i\u1ec7n (EV DYNAMIC) l\u00e0 th\u00e0nh qu\u1ea3 15 n\u0103m nghi\u00ean c\u1ee9u v\u00e0 ph\u00e1t tri\u1ec3n c\u1ee7a th\u01b0\u01a1ng hi\u1ec7u GIANT trong l\u0129nh v\u1ef1c xe \u0111i\u1ec7n, bao g\u1ed3m c\u00e1c lo\u1ea1i nghi\u00ean c\u1ee9u v\u00e0 ph\u00e1t tri\u1ec3n c\u00f4ng ngh\u1ec7 \u0111i\u1ec1u khi\u1ec3n \u0111i\u1ec7n t\u1eed, thi\u1ebft k\u1ebf v\u00e0 s\u1ea3n xu\u1ea5t \u0111\u1ed9ng c\u01a1, h\u1ec7 th\u1ed1ng l\u00e1i t\u1ef1 \u0111\u1ed9ng, pin s\u1ea1c nhanh, c\u1ea3m bi\u1ebfn t\u00edch h\u1ee3p\u2026 M\u1ee5c ti\u00eau c\u1ee7a xe tr\u1ee3 l\u1ef1c \u0111i\u1ec7n\u00a0GIANT\u00a0kh\u00f4ng ph\u1ea3i l\u00e0 nh\u1eefng cu\u1ed9c \u0111ua \u0111\u01b0\u1eddng tr\u01b0\u1eddng t\u1ed1c \u0111\u1ed9 cao, m\u00e0 l\u00e0 \u00e1p d\u1ee5ng c\u00f4ng ngh\u1ec7 ti\u00ean ti\u1ebfn \u0111\u1ec3 ph\u00e1t tri\u1ec3n m\u1ed9t ph\u01b0\u01a1ng th\u1ee9c di chuy\u1ec3n ti\u1ec7n l\u1ee3i cho cu\u1ed9c s\u1ed1ng hi\u1ec7n \u0111\u1ea1i b\u1eadn r\u1ed9n.<\/p>\n<p><strong>FASTROAD E+<\/strong><span class=\"fontstyle0\">\u00a0l\u00e0 m\u1eabu\u00a0xe tr\u1ee3 l\u1ef1c cao c\u1ea5p c\u1ee7a h\u00e3ng xe \u0111\u1ea1p th\u1ec3 thao GIANT,\u00a0\u00a0c\u0169ng l\u00e0 chi\u1ebfc xe \u0111\u1ea1p th\u00f4ng minh gi\u1ed1ng xe \u0111\u1ea1p nh\u1ea5t trong l\u1ecbch s\u1eed. N\u00f3 \u1ea9n ch\u1ee9a\u00a0<\/span><span class=\"fontstyle2\">trong thi\u1ebft k\u1ebf v\u00e0 s\u00e1ng t\u1ea1o<\/span><span class=\"fontstyle0\">, k\u1ebft h\u1ee3p ho\u00e0n h\u1ea3o gi\u1eefa xe \u0111i\u1ec7n v\u00e0 xe \u0111\u1ea1p v\u1edbi thi\u1ebft k\u1ebf \u0111\u01a1n gi\u1ea3n nh\u01b0ng kh\u00f4ng k\u00e9m ph\u1ea7n tinh t\u1ebf.\u00a0<strong>FASTROAD E+<\/strong>\u00a0l\u00e0 m\u1ed9t chi\u1ebfc xe \u0111\u1ed9c nh\u1ea5t v\u00f4 nh\u1ecb b\u1eb1ng x\u01b0\u01a1ng b\u1eb1ng th\u1ecbt, k\u1ebft c\u1ea5u tinh x\u1ea3o trong t\u1eebng b\u1ed9 ph\u1eadn c\u1ee7a xe \u0111em l\u1ea1i cho ng\u01b0\u1eddi d\u00f9ng s\u1ef1 ti\u1ec7n l\u1ee3i v\u1edbi v\u1ebb ngo\u00e0i thanh l\u1ecbch, sang tr\u1ecdng v\u00e0 nh\u1eb9 nh\u00e0ng.<\/span><\/p>\n<p><strong>THI\u1ebeT K\u1ebe TH\u00d4NG MINH:<\/strong>\u00a0to\u00e0n xe \u0111\u01b0\u1ee3c thi\u1ebft k\u1ebf li\u1ec1n kh\u1ed1i v\u1edbi b\u1ed9 tr\u1ee3 l\u1ef1c \u0111i\u1ec7n \u00e2m khung \u0111em l\u1ea1i cho xe s\u1ef1 g\u1ecdn g\u00e0ng, tinh t\u1ebf, tr\u1ecdng l\u01b0\u1ee3ng nh\u1eb9 h\u01a1n \u0111\u1ed3ng th\u1eddi \u0111em l\u1ea1i hi\u1ec7u su\u1ea5t cao h\u01a1n. V\u1edbi tr\u1ecdng l\u01b0\u1ee3ng chi\u1ebfc xe \u0111\u1ea1t m\u1ee9c t\u1ed1i \u01b0u ch\u1ec9 c\u00f3 16,6kg bao g\u1ed3m c\u1ea3 pin, \u0111em l\u1ea1i cho phi\u00ean b\u1ea3n n\u00e2ng c\u1ea5p m\u1edbi n\u00e0y h\u1ec7 th\u1ed1ng c\u00e2n b\u1eb1ng t\u1ed1t h\u01a1n so v\u1edbi phi\u00ean b\u1ea3n tr\u01b0\u1edbc.<\/p>\n<p><strong>KHUNG XE:<\/strong>\u00a0\u0111\u01b0\u1ee3c s\u1ea3n xu\u1ea5t t\u1eeb ch\u1ea5t li\u1ec7u\u00a0<strong>H\u1ee3p Kim Nh\u00f4m GIANT ALUXX<\/strong>\u00a0si\u00eau nh\u1eb9 v\u1edbi c\u00f4ng ngh\u1ec7 ti\u00ean ti\u1ebfn h\u00e0ng \u0111\u1ea7u c\u1ee7a GIANT.\u00a0<strong>Pin LITHIUM<\/strong>\u00a01,75kg \u0111\u01b0\u1ee3c t\u00edch h\u1ee3p ng\u1ea7m trong \u1ed1ng khung ph\u1ea7n \u0111\u1ea7u xe v\u00e0\u00a0<strong>\u0110\u1ed9ng C\u01a1 GIANT SYNC DRIVE<\/strong>\u00a01,95kg n\u1eb1m \u1edf cu\u1ed1i xe gi\u00fap c\u00e2n b\u1eb1ng t\u1ed1t h\u01a1n tr\u1ecdng l\u01b0\u1ee3ng tr\u01b0\u1edbc-sau cho t\u1ed5ng th\u1ec3 chi\u1ebfc xe. Ng\u01b0\u1eddi s\u1eed d\u1ee5ng c\u00f3 th\u1ec3 an t\u00e2m di chuy\u1ec3n tr\u01a1n tru, d\u1ec5 d\u00e0ng v\u00e0 an to\u00e0n tr\u00ean nhi\u1ec1u \u0111\u1ecba h\u00ecnh v\u00e0 th\u1eddi ti\u1ebft kh\u00e1c nhau.<\/p>\n<p><strong>C\u00d4NG NGH\u1ec6 S\u1ea0C PIN T\u00cdCH H\u1ee2P:<\/strong>\u00a0\u0111\u01b0\u1ee3c trang b\u1ecb h\u1ec7 th\u1ed1ng m\u00f4 t\u01a1\u00a0<strong>GIANT SYNC DRIVE, pin LITHIUM (Panasonic Li-ion)<\/strong>\u00a0hi\u1ec7u su\u1ea5t cao 244Wh \u0111\u01b0\u1ee3c \u0111\u1eb7t trong khoang c\u1ee7a \u1ed1ng khung d\u01b0\u1edbi, t\u00edch h\u1ee3p t\u1ef1 \u0111\u1ed9ng v\u1edbi h\u1ec7 th\u1ed1ng truy\u1ec1n \u0111\u1ed9ng, \u1ed5 c\u1eafm s\u1ea1c \u1ea9n c\u00f3 th\u1ec3 gi\u00fap pin c\u00f3 th\u1ec3 s\u1eed d\u1ee5ng b\u1ec1n h\u01a1n v\u00e0 an to\u00e0n h\u01a1n cho ng\u01b0\u1eddi s\u1eed d\u1ee5ng trong th\u1eddi ti\u1ebft tr\u01a1n tr\u01b0\u1ee3t. \u0110em l\u1ea1i cho chi\u1ebfc xe v\u1ebb ngo\u00e0i \u0111\u01a1n gi\u1ea3n, \u0111\u1eb9p m\u1eaft v\u1edbi \u0111\u01b0\u1eddng n\u00e9t m\u01b0\u1ee3t m\u00e0.<\/p>\n<p><strong>KI\u1ec2M SO\u00c1T TH\u00d4NG MINH:<\/strong>\u00a0\u0110\u01b0\u1ee3c trang b\u1ecb tay \u0111i\u1ec1u khi\u1ec3n v\u1edbi thi\u1ebft k\u1ebf t\u1ed1i gi\u1ea3n l\u00e0 ch\u1ee7 \u0111\u1ea1o \u0111ang r\u1ea5t \u0111\u01b0\u1ee3c ph\u1ed5 bi\u1ebfn t\u1ea1i Ch\u00e2u \u00c2u v\u00e0 Hoa K\u1ef3.\u00a0 B\u1ed9 hi\u1ec3n th\u1ecb\u00a0<strong>RIDECONTROL ONE<\/strong>\u00a0\u0111\u01b0\u1ee3c t\u00edch h\u1ee3p \u0111\u00e8n\u00a0<strong>LED<\/strong>\u00a0hi\u1ec3n th\u1ecb dung l\u01b0\u1ee3ng pin v\u00e0 c\u00e1c ch\u1ebf \u0111\u1ed9 tr\u1ee3 l\u1ef1c\u00a0<strong>ECO, ACTIVE, POWER, AUTO<\/strong>. B\u1ec1 ngo\u00e0i \u0111\u01b0\u1ee3c l\u00e0m b\u1eb1ng ch\u1ea5t li\u1ec7u cao su m\u1ec1m c\u00f3 kh\u1ea3 n\u0103ng ch\u1ed1ng th\u1ea5m n\u01b0\u1edbc v\u00e0 ch\u1ed1ng b\u1ee5i t\u1ed1t, d\u1ec5 d\u00e0ng cho ng\u01b0\u1eddi s\u1eed d\u1ee5ng khi chuy\u1ec3n ch\u1ebf \u0111\u1ed9 v\u1edbi c\u00e1c n\u00fat b\u1ea5m nh\u1eb9 nh\u00e0ng, tho\u1ea3i m\u00e1i, \u0111\u1ed9 nh\u1ea1y cao. \u0110\u1eb7c bi\u1ec7t, ch\u1ebf \u0111\u1ed9 tr\u1ee3 l\u1ef1c AUTO, xe \u0111\u01b0\u1ee3c tr\u1ee3 l\u1ef1c t\u1ef1 \u0111\u1ed9ng v\u1edbi t\u1ed1c \u0111\u1ed9 6km\/h nh\u01b0ng s\u1ebd ti\u00eau t\u1ed1n dung l\u01b0\u1ee3ng pin l\u1edbn (n\u00ean d\u00f9ng khi xe l\u00ean d\u1ed1c).<\/p>\n<p><strong>H\u1ec6 TH\u1ed0NG CHUY\u1ec2N \u0110\u1ed8NG:<\/strong>\u00a0\u0111\u01b0\u1ee3c trang b\u1ecb b\u1ed9 chuy\u1ec3n \u0111\u1ed9ng\u00a0<strong>SHIMANO ALTUS 8<\/strong>\u00a0t\u1ea7ng chuy\u1ec3n \u0111\u1ed9ng v\u1edbi 4 t\u1ed1c \u0111\u1ed9 tr\u1ee3 l\u1ef1c gi\u00fap chi\u1ebfc xe c\u00f3 th\u1ec3 thay \u0111\u1ed5i linh ho\u1ea1t 32 c\u1ea5p \u0111\u1ed9 v\u00e0 t\u1ed1c \u0111\u1ed9, \u0111\u00e1p \u1ee9ng nhu c\u1ea7u di chuy\u1ec3n tr\u00ean nhi\u1ec1u \u0111\u1ecba h\u00ecnh c\u1ee7a ng\u01b0\u1eddi s\u1eed d\u1ee5ng.\u00a0<strong>C\u00f4ng Ngh\u1ec7 L\u00f5i HCT (Hybrid Cycling Technology)<\/strong>\u00a0gi\u00fap gia t\u0103ng cho xe \u0111\u1ed9 ph\u1ea3n h\u1ed3i nh\u1ea1y b\u00e9n v\u1edbi m\u00f4-men xo\u1eafn v\u00e0 c\u1ea3m bi\u1ebfn chuy\u1ec3n \u0111\u1ed9ng v\u1edbi t\u1ed1c \u0111\u1ed9 milimet\/gi\u00e2y.<\/p>\n","protected":false},"featured_media":12452,"comment_status":"closed","ping_status":"closed","template":"","meta":[],"product_cat":[67],"product_tag":[],"class_list":["post-12451","product","type-product","status-publish","has-post-thumbnail","hentry","product_cat-xe-dien-tro-luc-e-cycling"],"_links":{"self":[{"href":"https:\/\/xedop.com\/en\/wp-json\/wp\/v2\/product\/12451","targetHints":{"allow":["GET"]}}],"collection":[{"href":"https:\/\/xedop.com\/en\/wp-json\/wp\/v2\/product"}],"about":[{"href":"https:\/\/xedop.com\/en\/wp-json\/wp\/v2\/types\/product"}],"replies":[{"embeddable":true,"href":"https:\/\/xedop.com\/en\/wp-json\/wp\/v2\/comments?post=12451"}],"version-history":[{"count":1,"href":"https:\/\/xedop.com\/en\/wp-json\/wp\/v2\/product\/12451\/revisions"}],"predecessor-version":[{"id":12454,"href":"https:\/\/xedop.com\/en\/wp-json\/wp\/v2\/product\/12451\/revisions\/12454"}],"wp:featuredmedia":[{"embeddable":true,"href":"https:\/\/xedop.com\/en\/wp-json\/wp\/v2\/media\/12452"}],"wp:attachment":[{"href":"https:\/\/xedop.com\/en\/wp-json\/wp\/v2\/media?parent=12451"}],"wp:term":[{"taxonomy":"product_cat","embeddable":true,"href":"https:\/\/xedop.com\/en\/wp-json\/wp\/v2\/product_cat?post=12451"},{"taxonomy":"product_tag","embeddable":true,"href":"https:\/\/xedop.com\/en\/wp-json\/wp\/v2\/product_tag?post=12451"}],"curies":[{"name":"wp","href":"https:\/\/api.w.org\/{rel}","templated":true}]}}