{"id":12455,"date":"2026-04-21T10:45:48","date_gmt":"2026-04-21T03:45:48","guid":{"rendered":"https:\/\/xedop.com\/?post_type=product&#038;p=12455"},"modified":"2026-04-21T10:47:34","modified_gmt":"2026-04-21T03:47:34","slug":"xe-dien-tro-luc-giant-2024-escape-e-2","status":"publish","type":"product","link":"https:\/\/xedop.com\/en\/san-pham\/xe-dien-tro-luc-giant-2024-escape-e-2\/","title":{"rendered":"Xe \u0111i\u1ec7n tr\u1ee3 l\u1ef1c GIANT 2024 ESCAPE E+"},"content":{"rendered":"<table>\n<tbody>\n<tr>\n<td>Khung:<\/td>\n<td>H\u1ee3p kim nh\u00f4m GIANT Aluxx<\/td>\n<td>\u0110\u1ed9ng c\u01a1:<\/td>\n<td>S\u00f3ng Sin SDR 250W<\/td>\n<\/tr>\n<tr>\n<td>Phu\u1ed9c:<\/td>\n<td>GIANT Aluxx<\/td>\n<td>Pin:<\/td>\n<td>Lithium 36V9Ah (324W)<\/td>\n<\/tr>\n<tr>\n<td>B\u1ed9 chuy\u1ec3n \u0111\u1ec1:<\/td>\n<td>Shimano 1x7S<\/td>\n<td>\u0110\u00e8n:<\/td>\n<td>LED \u0111\u1ed9 s\u00e1ng cao, \u0111\u00e8n h\u1eadu m\u00e0u \u0111\u1ecf<\/td>\n<\/tr>\n<tr>\n<td>Phanh:<\/td>\n<td>\u0110\u0129a d\u1ea7u<\/td>\n<td>B\u1ed9 hi\u1ec3n th\u1ecb:<\/td>\n<td>LED r\u00f5 n\u00e9t<\/td>\n<\/tr>\n<tr>\n<td>\u0110\u0129a phanh:<\/td>\n<td>Tr\u01b0\u1edbc, sau 160mm<\/td>\n<td>Tr\u1ee3 l\u1ef1c:<\/td>\n<td>3 ch\u1ebf \u0111\u1ed9 th\u00f4ng minh<\/td>\n<\/tr>\n<tr>\n<td>Y\u00ean:<\/td>\n<td>M\u1ec1m m\u1ea1i<\/td>\n<td>Qu\u1ea3ng \u0111\u01b0\u1eddng:<\/td>\n<td>Ch\u1ebf \u0111\u1ed9 1 (50-70km); ch\u1ebf \u0111\u1ed9 2 (40-50km); ch\u1ebf \u0111\u1ed9 3 (30-40km)<\/td>\n<\/tr>\n<tr>\n<td>H\u1ec7 th\u1ed1ng th\u00f4ng minh:<\/td>\n<td>K\u1ef9 thu\u1eadt b\u1ed9i l\u1ef1c \u0111\u1ed9ng n\u0103ng GIANT-HCT c\u1ee7a h\u1ec7 th\u1ed1ng \u0111\u1ed9ng n\u0103ng th\u00f4ng minh GICS<\/td>\n<\/tr>\n<\/tbody>\n<\/table>\n","protected":false},"excerpt":{"rendered":"<p><strong>B\u00ecnh th\u01b0\u1eddng nh\u01b0ng kh\u00f4ng phi th\u01b0\u1eddng, t\u1ef1 do theo gi\u00f3:<\/strong>\u00a0Escape E+ l\u00e0 m\u1ed9t m\u1eabu \u0111\u01a1n gi\u1ea3n, th\u1eddi th\u01b0\u1ee3ng, t\u00ednh n\u0103ng \u1ed5n \u0111\u1ecbnh c\u1ee7a d\u00f2ng xe tr\u1ee3 l\u1ef1c \u0111i\u1ec7n ghi \u0111\u00f4ng tay ngang, k\u1ebft h\u1ee3p c\u00f9ng l\u1ed1p 700x35C ph\u00f9 h\u1ee3p \u0111\u01b0\u1eddng th\u00e0nh ph\u1ed1, ngo\u1ea1i h\u00ecnh \u0111\u1eb9p l\u1ea1i linh ho\u1ea1t. Nhanh v\u00e0 nh\u1eb9: Ghi \u0111\u00f4ng ngang, thi\u1ebft k\u1ebf khung nh\u1eb9 h\u01a1n v\u1edbi h\u1ee3p kim nh\u00f4m \u0111\u1ed9 c\u1ee9ng cao.<\/p>\n<p><strong>3 ch\u1ebf \u0111\u1ed9 tr\u1ee3 l\u1ef1c:<\/strong>\u00a0d\u1ec5 d\u00e0ng thao t\u00e1c, 3 ch\u1ebf \u0111\u1ed9 tr\u1ee3 l\u1ef1c v\u00e0 \u0111\u1ea1p xe kh\u00f4ng \u0111i\u1ec7n t\u1ef1 do thay \u0111\u1ed5i s\u1ed1 hi\u1ec3n th\u1ecb r\u00f5 r\u00e0ng, ch\u1ebf \u0111\u1ed9 1: ECO, ch\u1ebf \u0111\u1ed9 2: Normal, ch\u1ebf \u0111\u1ed9 3: Power, ch\u1ebf \u0111\u1ed9 0: kh\u00f4ng c\u00f3 \u0111i\u1ec7n tr\u1ee3 l\u1ef1c.<\/p>\n<p><strong>K\u1ef9 thu\u1eadt \u0111\u1eb7t Pin trong \u1ed1ng khung ti\u00ean ti\u1ebfn, \u0111\u01a1n gi\u1ea3n, M\u1ef9 quan:<\/strong>\u00a0Pin trong khung 36V9Ah(324W), tr\u1ecdng l\u01b0\u1ee3ng nh\u1eb9, \u0111\u1ed9 c\u1ee9ng cao, t\u1ea3n nhi\u1ec7t t\u1ed1t, \u0111\u1ea1p t\u1ed1c \u0111\u1ed9 cao \u00edt b\u1ecb c\u1ea3n gi\u00f3, h\u1ec7 th\u1ed1ng qu\u1ea3n l\u00fd BMS c\u00f3 th\u1ec3 xem t\u00ecnh tr\u1ea1ng pin, \u0111\u01a1n gi\u1ea3n m\u1ef9 qu\u1ea3n l\u1ea1i hi\u1ec7n \u0111\u1ea1i<\/p>\n<p>\u0110\u1ed9ng c\u01a1 s\u00f3ng sin SDR 250W hi\u1ec7u su\u1ea5t cao, \u0111\u1ed9 \u1ed3n th\u1ea5p, hi\u1ec7u su\u1ea5t cao v\u1eadn h\u00e0nh tr\u01a1n tru, \u0111i \u0111\u01b0\u1eddng d\u00e0i<\/p>\n<p><strong>Chuy\u1ec3n t\u1ed1c tho\u1ea3i m\u00e1i:<\/strong>\u00a0chuy\u1ec3n \u0111\u1ec1 SHIMANO 1x7S \u0111\u00e1p \u1ee9ng nhi\u1ec1u t\u1ed1c \u0111\u1ed9 kh\u00e1c nhau v\u1edbi 3 ch\u1ebf \u0111\u1ed9 tr\u1ee3 l\u1ef1c, tho\u1ea3i m\u00e1i vui ch\u01a1i v\u1edbi \u0111\u01b0\u1eddng ph\u1eb3ng v\u00e0 l\u00ean d\u1ed1c.<\/p>\n<p><strong>Phanh \u0111\u0129a d\u1ea7u an to\u00e0n:<\/strong>\u00a0H\u1ec7 th\u1ed1ng phanh \u0111\u0129a d\u1ea7u tr\u01b0\u1edbc sau 160mm, gi\u1ea3m thi\u1ec3u b\u1ee5i, n\u01b0\u1edbc m\u01b0a r\u01a1i v\u00e0o, \u0111\u1ed9 an to\u00e0n cao, \u0111\u00e1ng \u0111\u1ec3 b\u1ea1n tin c\u1eady.<\/p>\n<p>&nbsp;<\/p>\n","protected":false},"featured_media":12456,"comment_status":"closed","ping_status":"closed","template":"","meta":[],"product_cat":[67],"product_tag":[],"class_list":["post-12455","product","type-product","status-publish","has-post-thumbnail","hentry","product_cat-xe-dien-tro-luc-e-cycling"],"_links":{"self":[{"href":"https:\/\/xedop.com\/en\/wp-json\/wp\/v2\/product\/12455","targetHints":{"allow":["GET"]}}],"collection":[{"href":"https:\/\/xedop.com\/en\/wp-json\/wp\/v2\/product"}],"about":[{"href":"https:\/\/xedop.com\/en\/wp-json\/wp\/v2\/types\/product"}],"replies":[{"embeddable":true,"href":"https:\/\/xedop.com\/en\/wp-json\/wp\/v2\/comments?post=12455"}],"version-history":[{"count":3,"href":"https:\/\/xedop.com\/en\/wp-json\/wp\/v2\/product\/12455\/revisions"}],"predecessor-version":[{"id":12460,"href":"https:\/\/xedop.com\/en\/wp-json\/wp\/v2\/product\/12455\/revisions\/12460"}],"wp:featuredmedia":[{"embeddable":true,"href":"https:\/\/xedop.com\/en\/wp-json\/wp\/v2\/media\/12456"}],"wp:attachment":[{"href":"https:\/\/xedop.com\/en\/wp-json\/wp\/v2\/media?parent=12455"}],"wp:term":[{"taxonomy":"product_cat","embeddable":true,"href":"https:\/\/xedop.com\/en\/wp-json\/wp\/v2\/product_cat?post=12455"},{"taxonomy":"product_tag","embeddable":true,"href":"https:\/\/xedop.com\/en\/wp-json\/wp\/v2\/product_tag?post=12455"}],"curies":[{"name":"wp","href":"https:\/\/api.w.org\/{rel}","templated":true}]}}