{"id":12461,"date":"2026-04-21T14:49:51","date_gmt":"2026-04-21T07:49:51","guid":{"rendered":"https:\/\/xedop.com\/?post_type=product&#038;p=12461"},"modified":"2026-04-21T14:49:51","modified_gmt":"2026-04-21T07:49:51","slug":"xe-dap-liv-2027-enviliv-adv-1","status":"publish","type":"product","link":"https:\/\/xedop.com\/en\/san-pham\/xe-dap-liv-2027-enviliv-adv-1\/","title":{"rendered":"Xe \u0111\u1ea1p LIV 2027 ENVILIV ADV 1"},"content":{"rendered":"<div class=\"box_list_tt\">\n<h4>KHUNG<\/h4>\n<p>K\u00edch c\u1ee1\/Sizes:XXS<\/p>\n<p>M\u00e0u s\u1eafc\/Colors:Xanh T\u00edm<\/p>\n<p>Ch\u1ea5t li\u1ec7u khung\/Frame:Advanced-grade composite, 12x142mm thru-axle, disc<\/p>\n<p>Phu\u1ed9c\/Fork:Advanced-grade composite, full-composite OverDrive Aero steerer, 12x100mm thru-axle, disc<\/p>\n<p>Gi\u1ea3m x\u00f3c\/Shock:&#8212;<\/p>\n<h4>H\u00ca\u0323 TH\u00d4\u0301NG BA\u0301NH XE<\/h4>\n<p>V\u00e0nh xe\/Rims:GIANT SLR 2 50 Carbon Disc WheelSystem, [F] 50mm, [R] 50mm<\/p>\n<p>Moay \u01a1\/Hubs:[F] GIANT alloy, CenterLock, 12mm thru-axle [R] GIANT alloy, pawl driver (3-pawl 30T), CenterLock, 12mm thru-axle<\/p>\n<p>Nan hoa\/Spokes:Sapim JB Sprint<\/p>\n<p>L\u1ed1p xe\/Tires:GIANT Gavia Course, 700x28c, folding, tubeless<\/p>\n<h4>KHA\u0301C<\/h4>\n<p>Th\u00eam\/Extras:M\u1ed9t s\u1ed1 linh ki\u1ec7n c\u00f3 th\u1ec3 thay th\u1ebf lo\u1ea1i t\u01b0\u01a1ng \u0111\u01b0\u01a1ng<\/p>\n<\/div>\n<div class=\"box_list_tt\">\n<h4>CA\u0301C B\u00d4\u0323 PH\u00c2\u0323N<\/h4>\n<p>Ghi \u0111\u00f4ng\/Handlebar:LIV Contact SLR 1 Aero<\/p>\n<p>P\u00f4 t\u0103ng\/Stem:LIV Contact SLR 1 Aero<\/p>\n<p>C\u1ecdc y\u00ean\/Seatpost:GIANT Vector, composite, -5\/ +15mm offset XXS: 350mm, XS: 350mm, S: 350mm, M: 350mm, L: 350mm<\/p>\n<p>Y\u00ean\/Saddle:LIV Alacra SL<\/p>\n<p>Ba\u0300n \u0111a\u0323p\/Pedals:C\u00f3 s\u1eb5n<\/p>\n<h4>B\u00d4\u0323 TRUY\u00ca\u0300N \u0110\u00d4\u0323NG<\/h4>\n<p>Tay \u0111\u1ec1\/Shifters:SHIMANO 105 Di2<\/p>\n<p>B\u1ed9 chuy\u1ec3n \u0111\u1ec1 tr\u01b0\u1edbc\/Front Derailleur:SHIMANO 105 Di2<\/p>\n<p>B\u1ed9 chuy\u1ec3n \u0111\u1ec1 sau\/Rear Derailleur:SHIMANO 105 Di2<\/p>\n<p>Phanh\/Brakes:SHIMANO 105 Di2 hydraulic, Shimano RT-CL700 rotors [F] 160mm, [R] 140mm<\/p>\n<p>Tay phanh\/Brake Levers:SHIMANO 105 Di2 hydraulic<\/p>\n<p>L\u00edp\/Cassette:SHIMANO 105, 12-speed, 11&#215;36<\/p>\n<p>X\u00edch\/Chain:KMC X12L-1<\/p>\n<p>\u0110\u00f9i \u0111\u0129a\/Crankset:SHIMANO 105, 36\/52 XXS: 160mm, XS: 165mm, S: 165mm, M: 170mm, L: 170mm<\/p>\n<\/div>\n<p><img fetchpriority=\"high\" decoding=\"async\" class=\"alignnone size-medium wp-image-12464\" src=\"https:\/\/xedop.com\/wp-content\/uploads\/2026\/04\/Capture-11-500x377.jpg\" alt=\"\" width=\"500\" height=\"377\" srcset=\"https:\/\/xedop.com\/wp-content\/uploads\/2026\/04\/Capture-11-500x377.jpg 500w, https:\/\/xedop.com\/wp-content\/uploads\/2026\/04\/Capture-11-300x226.jpg 300w, https:\/\/xedop.com\/wp-content\/uploads\/2026\/04\/Capture-11-768x580.jpg 768w, https:\/\/xedop.com\/wp-content\/uploads\/2026\/04\/Capture-11-99x75.jpg 99w, https:\/\/xedop.com\/wp-content\/uploads\/2026\/04\/Capture-11-480x362.jpg 480w, https:\/\/xedop.com\/wp-content\/uploads\/2026\/04\/Capture-11-800x604.jpg 800w, https:\/\/xedop.com\/wp-content\/uploads\/2026\/04\/Capture-11.jpg 925w\" sizes=\"(max-width:767px) 480px, 500px\" \/><\/p>\n<p><img decoding=\"async\" class=\"alignnone size-medium wp-image-12466\" src=\"https:\/\/xedop.com\/wp-content\/uploads\/2026\/04\/CapturSe-500x441.jpg\" alt=\"\" width=\"500\" height=\"441\" srcset=\"https:\/\/xedop.com\/wp-content\/uploads\/2026\/04\/CapturSe-500x441.jpg 500w, https:\/\/xedop.com\/wp-content\/uploads\/2026\/04\/CapturSe-300x265.jpg 300w, https:\/\/xedop.com\/wp-content\/uploads\/2026\/04\/CapturSe-768x678.jpg 768w, https:\/\/xedop.com\/wp-content\/uploads\/2026\/04\/CapturSe-85x75.jpg 85w, https:\/\/xedop.com\/wp-content\/uploads\/2026\/04\/CapturSe-480x424.jpg 480w, https:\/\/xedop.com\/wp-content\/uploads\/2026\/04\/CapturSe-800x706.jpg 800w, https:\/\/xedop.com\/wp-content\/uploads\/2026\/04\/CapturSe.jpg 911w\" sizes=\"(max-width:767px) 480px, 500px\" \/><\/p>\n","protected":false},"excerpt":{"rendered":"<p><strong>LIV 2027 ENVILIV ADV 1<\/strong>\u00a0mang v\u1ebb \u0111\u1eb9p kh\u00ed \u0111\u1ed9ng h\u1ecdc cu\u1ed1n h\u00fat, k\u1ebft h\u1ee3p khung carbon cao c\u1ea5p v\u00e0 thi\u1ebft k\u1ebf t\u1ed1i \u01b0u hi\u1ec7u su\u1ea5t, t\u1ea1o n\u00ean m\u1ed9t c\u1ed7 m\u00e1y t\u1ed1c \u0111\u1ed9 thanh tho\u00e1t, m\u1ea1nh m\u1ebd v\u00e0 \u0111\u1ea7y c\u1ea3m h\u1ee9ng<\/p>\n<p>Khung Advanced-grade composite si\u00eau nh\u1eb9, \u0111\u1ed9 c\u1ee9ng cao, thi\u1ebft k\u1ebf kh\u00ed \u0111\u1ed9ng h\u1ecdc t\u1ed1i \u01b0u l\u1ef1c c\u1ea3n gi\u00f3, t\u00edch h\u1ee3p tr\u1ee5c xuy\u00ean 12x142mm gi\u00fap t\u0103ng \u0111\u1ed9 \u1ed5n \u0111\u1ecbnh v\u00e0 hi\u1ec7u su\u1ea5t khi t\u0103ng t\u1ed1c<\/p>\n<p>B\u1ed9 truy\u1ec1n \u0111\u1ed9ng \u0111i\u1ec7n t\u1eed\u00a0<strong>SHIMANO 105 Di2 12 t\u1ed1c \u0111\u1ed9<\/strong>\u00a0cho kh\u1ea3 n\u0103ng chuy\u1ec3n s\u1ed1 nhanh, ch\u00ednh x\u00e1c v\u00e0 m\u01b0\u1ee3t m\u00e0, gi\u00fap ng\u01b0\u1eddi l\u00e1i ki\u1ec3m so\u00e1t nh\u1ecbp \u0111\u1ea1p hi\u1ec7u qu\u1ea3 trong m\u1ecdi t\u00ecnh hu\u1ed1ng<\/p>\n<p>V\u00e0nh carbon GIANT SLR 2 50mm mang thi\u1ebft k\u1ebf kh\u00ed \u0111\u1ed9ng h\u1ecdc, \u0111\u1ed9 c\u1ee9ng cao v\u00e0 tr\u1ecdng l\u01b0\u1ee3ng nh\u1eb9, gi\u00fap t\u1ed1i \u01b0u t\u1ed1c \u0111\u1ed9, t\u0103ng hi\u1ec7u su\u1ea5t v\u00e0 duy tr\u00ec s\u1ef1 \u1ed5n \u0111\u1ecbnh khi \u0111\u1ea1p t\u1ed1c \u0111\u1ed9 cao<\/p>\n","protected":false},"featured_media":12462,"comment_status":"closed","ping_status":"closed","template":"","meta":[],"product_cat":[71],"product_tag":[],"class_list":["post-12461","product","type-product","status-publish","has-post-thumbnail","hentry","product_cat-xe-dap-dua-duong-truong"],"_links":{"self":[{"href":"https:\/\/xedop.com\/en\/wp-json\/wp\/v2\/product\/12461","targetHints":{"allow":["GET"]}}],"collection":[{"href":"https:\/\/xedop.com\/en\/wp-json\/wp\/v2\/product"}],"about":[{"href":"https:\/\/xedop.com\/en\/wp-json\/wp\/v2\/types\/product"}],"replies":[{"embeddable":true,"href":"https:\/\/xedop.com\/en\/wp-json\/wp\/v2\/comments?post=12461"}],"version-history":[{"count":2,"href":"https:\/\/xedop.com\/en\/wp-json\/wp\/v2\/product\/12461\/revisions"}],"predecessor-version":[{"id":12469,"href":"https:\/\/xedop.com\/en\/wp-json\/wp\/v2\/product\/12461\/revisions\/12469"}],"wp:featuredmedia":[{"embeddable":true,"href":"https:\/\/xedop.com\/en\/wp-json\/wp\/v2\/media\/12462"}],"wp:attachment":[{"href":"https:\/\/xedop.com\/en\/wp-json\/wp\/v2\/media?parent=12461"}],"wp:term":[{"taxonomy":"product_cat","embeddable":true,"href":"https:\/\/xedop.com\/en\/wp-json\/wp\/v2\/product_cat?post=12461"},{"taxonomy":"product_tag","embeddable":true,"href":"https:\/\/xedop.com\/en\/wp-json\/wp\/v2\/product_tag?post=12461"}],"curies":[{"name":"wp","href":"https:\/\/api.w.org\/{rel}","templated":true}]}}