{"id":12472,"date":"2026-04-21T20:58:09","date_gmt":"2026-04-21T13:58:09","guid":{"rendered":"https:\/\/xedop.com\/?post_type=product&#038;p=12472"},"modified":"2026-04-21T20:58:10","modified_gmt":"2026-04-21T13:58:10","slug":"xe-dap-liv-2024-aimez-sl-2","status":"publish","type":"product","link":"https:\/\/xedop.com\/en\/san-pham\/xe-dap-liv-2024-aimez-sl-2\/","title":{"rendered":"Xe \u0111\u1ea1p LIV 2024 AIMEZ SL 2"},"content":{"rendered":"<div class=\"box_list_tt\">\n<h4>KHUNG<\/h4>\n<p>K\u00edch c\u1ee1\/Sizes:S<\/p>\n<p>M\u00e0u s\u1eafc\/Colors:N\u00e2u, Xanh<\/p>\n<p>Ch\u1ea5t li\u1ec7u khung\/Frame:Aluxx SL<\/p>\n<p>Phu\u1ed9c\/Fork:Aluxx SL<\/p>\n<p>Gi\u1ea3m x\u00f3c\/Shock:-<\/p>\n<h4>H\u00ca\u0323 TH\u00d4\u0301NG BA\u0301NH XE<\/h4>\n<p>V\u00e0nh xe\/Rims:H\u1ee3p kim nh\u00f4m 2 l\u1edbp<\/p>\n<p>Moay \u01a1\/Hubs:H\u1ee3p kim nh\u00f4m, Peilin<\/p>\n<p>Nan hoa\/Spokes:14G HTSS<\/p>\n<p>L\u1ed1p xe\/Tires:700X38C 60TPI<\/p>\n<h4>KHA\u0301C<\/h4>\n<p>Th\u00eam\/Extras:M\u1ed9t s\u1ed1 linh ki\u1ec7n c\u00f3 th\u1ec3 thay th\u1ebf lo\u1ea1i t\u01b0\u01a1ng \u0111\u01b0\u01a1ng<\/p>\n<\/div>\n<div class=\"box_list_tt\">\n<h4>CA\u0301C B\u00d4\u0323 PH\u00c2\u0323N<\/h4>\n<p>Ghi \u0111\u00f4ng\/Handlebar:H\u1ee3p kim nh\u00f4m 31.8mm<\/p>\n<p>P\u00f4 t\u0103ng\/Stem:H\u1ee3p kim nh\u00f4m GIANT Contact<\/p>\n<p>C\u1ecdc y\u00ean\/Seatpost:H\u1ee3p kim nh\u00f4m ch\u1eef D<\/p>\n<p>Y\u00ean\/Saddle:Liv Ergo Contact<\/p>\n<p>Ba\u0300n \u0111a\u0323p\/Pedals:C\u00f3 s\u1eb5n<\/p>\n<h4>B\u00d4\u0323 TRUY\u00ca\u0300N \u0110\u00d4\u0323NG<\/h4>\n<p>Tay \u0111\u1ec1\/Shifters:Shimano Sora 18S<\/p>\n<p>B\u1ed9 chuy\u1ec3n \u0111\u1ec1 tr\u01b0\u1edbc\/Front Derailleur:SHIMANO FD-R3000<\/p>\n<p>B\u1ed9 chuy\u1ec3n \u0111\u1ec1 sau\/Rear Derailleur:SHIMANO RD-R3000<\/p>\n<p>Phanh\/Brakes:\u0110\u0129a d\u1ea7u Tektro<\/p>\n<p>Tay phanh\/Brake Levers:Tektro<\/p>\n<p>L\u00edp\/Cassette:SHIMANO CS-HG201-9 11-34T<\/p>\n<p>X\u00edch\/Chain:KMC<\/p>\n<p>\u0110\u00f9i \u0111\u0129a\/Crankset:H\u1ee3p kim nh\u00f4m, 32\/48T<\/p>\n<\/div>\n","protected":false},"excerpt":{"rendered":"<p>Aimez trong ti\u1ebfng Ph\u00e1p l\u00e0 y\u00eau qu\u00fd, qu\u00fd tr\u1ecdng, phi\u00ean b\u1ea3n Aimez v\u1edbi t\u00ednh Sexy v\u00e0 t\u00ednh n\u0103ng th\u00f4ng minh c\u1ee7a d\u00f2ng xe Road tay ngang th\u1ec3 hi\u1ec7n nh\u1eefng n\u00e9t \u0111\u1eb9p c\u1ee7a ng\u01b0\u1eddi ph\u1ee5 n\u1eef. Liv hy v\u1ecdng Aimez c\u00f3 th\u1ec3 qu\u00fd tr\u1ecdng b\u1ea1n, l\u00e0m \u0111\u1eb9p b\u1ea1n, \u0111em l\u1ea1i cho b\u1ea1n c\u1ea3m gi\u00e1c tr\u1ea3i nghi\u1ec7m ch\u01b0a t\u1eebng c\u00f3.<\/p>\n<p><strong>Khung Aluxx SL:<\/strong>\u00a0khung h\u1ee3p kim nh\u00f4m Liv ALUXX SL, kh\u00f4ng c\u1ea7n gi\u1ea3m \u0111\u1ed9 c\u1ee9ng m\u00e0 v\u1eabn nh\u1eb9, ph\u00f9 h\u1ee3p v\u1edbi n\u1eef gi\u1edbi, \u0111\u1ea1t \u0111\u1ed9 ti\u00eau chu\u1ea9n an to\u00e0n cao.<\/p>\n<p><strong>H\u1ec7 th\u1ed1ng phanh \u0111\u0129a d\u1ea7u:<\/strong>\u00a0s\u1eed d\u1ee5ng phanh \u0111\u0129a \u0111\u1ea7u xe Road tay ngang, 3 ng\u00f3n tay c\u00f3 th\u1ec3 phanh d\u1ec5 d\u00e0ng.<\/p>\n<p><strong>C\u1ecdc y\u00ean h\u00ecnh ch\u1eef D:<\/strong>\u00a0C\u1ecdc y\u00ean ch\u1eef D c\u1ee7a GIANT, duy tr\u00ec \u0111\u1ed9 c\u1ee9ng \u0111\u1ed3ng th\u1eddi \u0111\u1ed9 \u0111\u00e0n h\u1ed3i t\u1ed1t h\u01a1n \u1ed1ng gi\u1ecdt n\u01b0\u1edbc g\u1ea5p 2,4 l\u1ea7n, hi\u1ec7u qu\u1ea3 gi\u1ea3m ch\u1ea5n t\u1ed1t.<\/p>\n<p><strong>Thi\u1ebft k\u1ebf l\u1ed1p r\u1ed9ng:<\/strong>\u00a0l\u1ed1p 28C n\u00e2ng c\u1ea5p l\u00ean 38C, gi\u1ea3m ch\u1ea5n c\u1ee7a m\u1eb7t \u0111\u01b0\u1eddng, t\u0103ng s\u1ef1 tho\u1ea3i m\u00e1i, \u0111\u1ed3ng th\u1eddi khi \u0111\u1ea1p xe an to\u00e0n h\u01a1n.<\/p>\n<p>&nbsp;<\/p>\n","protected":false},"featured_media":12475,"comment_status":"closed","ping_status":"closed","template":"","meta":[],"product_cat":[70],"product_tag":[],"class_list":["post-12472","product","type-product","status-publish","has-post-thumbnail","hentry","product_cat-xe-dap-duong-hon-hop"],"_links":{"self":[{"href":"https:\/\/xedop.com\/en\/wp-json\/wp\/v2\/product\/12472","targetHints":{"allow":["GET"]}}],"collection":[{"href":"https:\/\/xedop.com\/en\/wp-json\/wp\/v2\/product"}],"about":[{"href":"https:\/\/xedop.com\/en\/wp-json\/wp\/v2\/types\/product"}],"replies":[{"embeddable":true,"href":"https:\/\/xedop.com\/en\/wp-json\/wp\/v2\/comments?post=12472"}],"version-history":[{"count":1,"href":"https:\/\/xedop.com\/en\/wp-json\/wp\/v2\/product\/12472\/revisions"}],"predecessor-version":[{"id":12477,"href":"https:\/\/xedop.com\/en\/wp-json\/wp\/v2\/product\/12472\/revisions\/12477"}],"wp:featuredmedia":[{"embeddable":true,"href":"https:\/\/xedop.com\/en\/wp-json\/wp\/v2\/media\/12475"}],"wp:attachment":[{"href":"https:\/\/xedop.com\/en\/wp-json\/wp\/v2\/media?parent=12472"}],"wp:term":[{"taxonomy":"product_cat","embeddable":true,"href":"https:\/\/xedop.com\/en\/wp-json\/wp\/v2\/product_cat?post=12472"},{"taxonomy":"product_tag","embeddable":true,"href":"https:\/\/xedop.com\/en\/wp-json\/wp\/v2\/product_tag?post=12472"}],"curies":[{"name":"wp","href":"https:\/\/api.w.org\/{rel}","templated":true}]}}