{"id":12507,"date":"2026-04-27T09:56:04","date_gmt":"2026-04-27T02:56:04","guid":{"rendered":"https:\/\/xedop.com\/?post_type=product&#038;p=12507"},"modified":"2026-04-27T09:56:05","modified_gmt":"2026-04-27T02:56:05","slug":"xe-dap-dia-hinh-vinabike-browse-24-b150","status":"publish","type":"product","link":"https:\/\/xedop.com\/en\/san-pham\/xe-dap-dia-hinh-vinabike-browse-24-b150\/","title":{"rendered":"Xe \u0111\u1ea1p \u0111\u1ecba h\u00ecnh VINABIKE BROWSE 24 B150"},"content":{"rendered":"<ul>\n<li>Khung: th\u00e9p<\/li>\n<li>Phu\u1ed9c: th\u00e9p<\/li>\n<li>Tay \u0111\u1ec1 SHIMANO 3\u00d77 t\u1ed1c \u0111\u1ed9<\/li>\n<li>C\u1ecdc y\u00ean: th\u00e9p<\/li>\n<li>Phanh: \u0111\u0129a c\u01a1<\/li>\n<li>\u0110\u00f9i \u0111\u0129a: th\u00e9p<\/li>\n<li>V\u00e0nh: nh\u00f4m 24 inch<\/li>\n<\/ul>\n","protected":false},"excerpt":{"rendered":"<p>Khung: th\u00e9p Phu\u1ed9c: th\u00e9p Tay \u0111\u1ec1 SHIMANO 3\u00d77 t\u1ed1c \u0111\u1ed9 C\u1ecdc y\u00ean: th\u00e9p Phanh: \u0111\u0129a c\u01a1 \u0110\u00f9i \u0111\u0129a: th\u00e9p V\u00e0nh: nh\u00f4m 24 inch<\/p>\n","protected":false},"featured_media":12508,"comment_status":"closed","ping_status":"closed","template":"","meta":[],"product_cat":[117],"product_tag":[],"class_list":["post-12507","product","type-product","status-publish","has-post-thumbnail","hentry","product_cat-xe-dap-vinabike"],"_links":{"self":[{"href":"https:\/\/xedop.com\/en\/wp-json\/wp\/v2\/product\/12507","targetHints":{"allow":["GET"]}}],"collection":[{"href":"https:\/\/xedop.com\/en\/wp-json\/wp\/v2\/product"}],"about":[{"href":"https:\/\/xedop.com\/en\/wp-json\/wp\/v2\/types\/product"}],"replies":[{"embeddable":true,"href":"https:\/\/xedop.com\/en\/wp-json\/wp\/v2\/comments?post=12507"}],"version-history":[{"count":1,"href":"https:\/\/xedop.com\/en\/wp-json\/wp\/v2\/product\/12507\/revisions"}],"predecessor-version":[{"id":12514,"href":"https:\/\/xedop.com\/en\/wp-json\/wp\/v2\/product\/12507\/revisions\/12514"}],"wp:featuredmedia":[{"embeddable":true,"href":"https:\/\/xedop.com\/en\/wp-json\/wp\/v2\/media\/12508"}],"wp:attachment":[{"href":"https:\/\/xedop.com\/en\/wp-json\/wp\/v2\/media?parent=12507"}],"wp:term":[{"taxonomy":"product_cat","embeddable":true,"href":"https:\/\/xedop.com\/en\/wp-json\/wp\/v2\/product_cat?post=12507"},{"taxonomy":"product_tag","embeddable":true,"href":"https:\/\/xedop.com\/en\/wp-json\/wp\/v2\/product_tag?post=12507"}],"curies":[{"name":"wp","href":"https:\/\/api.w.org\/{rel}","templated":true}]}}