{"id":12527,"date":"2026-04-29T09:33:03","date_gmt":"2026-04-29T02:33:03","guid":{"rendered":"https:\/\/xedop.com\/?post_type=product&#038;p=12527"},"modified":"2026-04-29T09:33:03","modified_gmt":"2026-04-29T02:33:03","slug":"xe-dap-giant-2027-propel-adv-1","status":"publish","type":"product","link":"https:\/\/xedop.com\/en\/san-pham\/xe-dap-giant-2027-propel-adv-1\/","title":{"rendered":"Xe \u0111\u1ea1p GIANT 2027 PROPEL ADV 1"},"content":{"rendered":"<p><strong>B\u1ea2NG K\u00cdCH TH\u01af\u1edaC THAM KH\u1ea2O<\/strong><\/p>\n<p>B\u1ea3ng th\u00f4ng s\u1ed1 xe \u0111\u1ec3 gi\u00fap b\u1ea1n ch\u1ecdn khung xe c\u00f3 k\u00edch th\u01b0\u1edbc ph\u00f9 h\u1ee3p v\u1edbi chi\u1ec1u cao, gi\u00fap t\u0103ng hi\u1ec7u qu\u1ea3 \u0111\u1ea1p xe, gi\u1eef d\u00e1ng ng\u1ed3i tho\u1ea3i m\u00e1i nh\u1ea5t.<\/p>\n<p><img fetchpriority=\"high\" decoding=\"async\" class=\"alignnone size-medium wp-image-12542\" src=\"https:\/\/xedop.com\/wp-content\/uploads\/2026\/04\/Capture-9-500x391.jpg\" alt=\"\" width=\"500\" height=\"391\" srcset=\"https:\/\/xedop.com\/wp-content\/uploads\/2026\/04\/Capture-9-500x391.jpg 500w, https:\/\/xedop.com\/wp-content\/uploads\/2026\/04\/Capture-9-300x235.jpg 300w, https:\/\/xedop.com\/wp-content\/uploads\/2026\/04\/Capture-9-768x601.jpg 768w, https:\/\/xedop.com\/wp-content\/uploads\/2026\/04\/Capture-9-96x75.jpg 96w, https:\/\/xedop.com\/wp-content\/uploads\/2026\/04\/Capture-9-480x375.jpg 480w, https:\/\/xedop.com\/wp-content\/uploads\/2026\/04\/Capture-9-800x626.jpg 800w, https:\/\/xedop.com\/wp-content\/uploads\/2026\/04\/Capture-9.jpg 940w\" sizes=\"(max-width:767px) 480px, 500px\" \/><\/p>\n<div class=\"box_list_tt\">\n<h4>KHUNG<\/h4>\n<p>K\u00edch c\u1ee1\/Sizes:XS, M<\/p>\n<p>M\u00e0u s\u1eafc\/Colors:Tr\u1eafng, Xanh t\u00edm<\/p>\n<p>Ch\u1ea5t li\u1ec7u khung\/Frame:Advanced-Grade Composite, 12x143mm thru-axle, Disc<\/p>\n<p>Phu\u1ed9c\/Fork:Advanced-Grade Composite, Full-Composite OverDrive Steerer, 12x100mm thru-axle<\/p>\n<p>Gi\u1ea3m x\u00f3c\/Shock:N\/A<\/p>\n<h4>H\u00ca\u0323 TH\u00d4\u0301NG BA\u0301NH XE<\/h4>\n<p>V\u00e0nh xe\/Rims:GIANT SLR2 50<\/p>\n<p>Moay \u01a1\/Hubs:&#8212;<\/p>\n<p>Nan hoa\/Spokes:&#8212;<\/p>\n<p>L\u1ed1p xe\/Tires:GIANT Gavia COURSE 0 Tubeless<\/p>\n<h4>KHA\u0301C<\/h4>\n<p>Th\u00eam\/Extras:M\u1ed9t s\u1ed1 linh ki\u1ec7n c\u00f3 th\u1ec3 thay th\u1ebf lo\u1ea1i t\u01b0\u01a1ng \u0111\u01b0\u01a1ng<\/p>\n<\/div>\n<div class=\"box_list_tt\">\n<h4>CA\u0301C B\u00d4\u0323 PH\u00c2\u0323N<\/h4>\n<p>Ghi \u0111\u00f4ng\/Handlebar:GIANT Contact SL AERO<\/p>\n<p>P\u00f4 t\u0103ng\/Stem:&#8212;<\/p>\n<p>C\u1ecdc y\u00ean\/Seatpost:GIANT Vector Composite w\/ offset -5\/+15<\/p>\n<p>Y\u00ean\/Saddle:GIANT Fleet SL<\/p>\n<p>Ba\u0300n \u0111a\u0323p\/Pedals:C\u00f3 s\u1eb5n<\/p>\n<h4>B\u00d4\u0323 TRUY\u00ca\u0300N \u0110\u00d4\u0323NG<\/h4>\n<p>Tay \u0111\u1ec1\/Shifters:SHIMANO 105 Di2 HRD<\/p>\n<p>B\u1ed9 chuy\u1ec3n \u0111\u1ec1 tr\u01b0\u1edbc\/Front Derailleur:SHIMANO 105 Di2<\/p>\n<p>B\u1ed9 chuy\u1ec3n \u0111\u1ec1 sau\/Rear Derailleur:SHIMANO 105 Di2<\/p>\n<p>Phanh\/Brakes:SHIMANO 105 Di2 HRD<\/p>\n<p>Tay phanh\/Brake Levers:&#8212;<\/p>\n<p>L\u00edp\/Cassette:SHIMANO 105 Di2, 11&#215;36, 12S<\/p>\n<p>X\u00edch\/Chain:KMC X12L-1+G12<\/p>\n<p>\u0110\u00f9i \u0111\u0129a\/Crankset:SHIMANO 105<\/p>\n<\/div>\n","protected":false},"excerpt":{"rendered":"<p>T\u1ed5ng th\u1ec3 xe to\u00e1t l\u00ean v\u1ebb m\u1ea1nh m\u1ebd c\u1ee7a m\u1ed9t chi\u1ebfc xe thu\u1ea7n Aero (kh\u00ed \u0111\u1ed9ng h\u1ecdc) v\u1edbi c\u00e1c \u1ed1ng khung d\u1eb9t, b\u1ea3n to. C\u1ecdc y\u00ean Giant Vector c\u0169ng c\u00f3 d\u1ea1ng h\u00ecnh gi\u1ecdt n\u01b0\u1edbc \u0111\u1ec3 \u0111\u1ed3ng b\u1ed9 v\u1edbi thi\u1ebft k\u1ebf t\u1ed5ng th\u1ec3<\/p>\n<p><img decoding=\"async\" class=\"alignnone size-medium wp-image-12534\" src=\"https:\/\/xedop.com\/wp-content\/uploads\/2026\/04\/1770278535565_ab4a261c-scaled-e1775115956826-1536x964-1-500x314.jpg\" alt=\"\" width=\"500\" height=\"314\" srcset=\"https:\/\/xedop.com\/wp-content\/uploads\/2026\/04\/1770278535565_ab4a261c-scaled-e1775115956826-1536x964-1-500x314.jpg 500w, https:\/\/xedop.com\/wp-content\/uploads\/2026\/04\/1770278535565_ab4a261c-scaled-e1775115956826-1536x964-1-1200x753.jpg 1200w, https:\/\/xedop.com\/wp-content\/uploads\/2026\/04\/1770278535565_ab4a261c-scaled-e1775115956826-1536x964-1-300x188.jpg 300w, https:\/\/xedop.com\/wp-content\/uploads\/2026\/04\/1770278535565_ab4a261c-scaled-e1775115956826-1536x964-1-768x482.jpg 768w, https:\/\/xedop.com\/wp-content\/uploads\/2026\/04\/1770278535565_ab4a261c-scaled-e1775115956826-1536x964-1-120x75.jpg 120w, https:\/\/xedop.com\/wp-content\/uploads\/2026\/04\/1770278535565_ab4a261c-scaled-e1775115956826-1536x964-1-480x301.jpg 480w, https:\/\/xedop.com\/wp-content\/uploads\/2026\/04\/1770278535565_ab4a261c-scaled-e1775115956826-1536x964-1-800x502.jpg 800w, https:\/\/xedop.com\/wp-content\/uploads\/2026\/04\/1770278535565_ab4a261c-scaled-e1775115956826-1536x964-1.jpg 1536w\" sizes=\"(max-width:767px) 480px, 500px\" \/><\/p>\n<p>Thi\u1ebft k\u1ebf ghi \u0111\u00f4ng gi\u00fap x\u00e9 gi\u00f3 c\u1ef1c t\u1ed1t, gi\u1ea3m thi\u1ec3u l\u1ef1c c\u1ea3n kh\u00f4ng kh\u00ed khi \u0111\u1ea1p xe \u1edf t\u1ed1c \u0111\u1ed9 cao<\/p>\n<p><img decoding=\"async\" class=\"alignnone size-medium wp-image-12536\" src=\"https:\/\/xedop.com\/wp-content\/uploads\/2026\/04\/1770278528015_5b840aac-scaled-e1775116013318-1536x869-1-500x283.jpg\" alt=\"\" width=\"500\" height=\"283\" srcset=\"https:\/\/xedop.com\/wp-content\/uploads\/2026\/04\/1770278528015_5b840aac-scaled-e1775116013318-1536x869-1-500x283.jpg 500w, https:\/\/xedop.com\/wp-content\/uploads\/2026\/04\/1770278528015_5b840aac-scaled-e1775116013318-1536x869-1-1200x679.jpg 1200w, https:\/\/xedop.com\/wp-content\/uploads\/2026\/04\/1770278528015_5b840aac-scaled-e1775116013318-1536x869-1-300x170.jpg 300w, https:\/\/xedop.com\/wp-content\/uploads\/2026\/04\/1770278528015_5b840aac-scaled-e1775116013318-1536x869-1-768x435.jpg 768w, https:\/\/xedop.com\/wp-content\/uploads\/2026\/04\/1770278528015_5b840aac-scaled-e1775116013318-1536x869-1-133x75.jpg 133w, https:\/\/xedop.com\/wp-content\/uploads\/2026\/04\/1770278528015_5b840aac-scaled-e1775116013318-1536x869-1-480x272.jpg 480w, https:\/\/xedop.com\/wp-content\/uploads\/2026\/04\/1770278528015_5b840aac-scaled-e1775116013318-1536x869-1-800x453.jpg 800w, https:\/\/xedop.com\/wp-content\/uploads\/2026\/04\/1770278528015_5b840aac-scaled-e1775116013318-1536x869-1.jpg 1536w\" sizes=\"(max-width:767px) 480px, 500px\" \/><\/p>\n<p>D\u00e2y c\u00e1p \u0111\u01b0\u1ee3c \u0111i \u00e2m ho\u00e0n to\u00e0n b\u00ean trong (Integrated Cable Routing), t\u1ea1o v\u1ebb ngo\u00e0i c\u1ef1c k\u1ef3 g\u1ecdn g\u00e0ng v\u00e0 chuy\u00ean nghi\u1ec7p.<\/p>\n<p><img loading=\"lazy\" decoding=\"async\" class=\"alignnone size-medium wp-image-12538\" src=\"https:\/\/xedop.com\/wp-content\/uploads\/2026\/04\/1770278532385_2bc8899b-1536x1025-1-500x334.jpg\" alt=\"\" width=\"500\" height=\"334\" srcset=\"https:\/\/xedop.com\/wp-content\/uploads\/2026\/04\/1770278532385_2bc8899b-1536x1025-1-500x334.jpg 500w, https:\/\/xedop.com\/wp-content\/uploads\/2026\/04\/1770278532385_2bc8899b-1536x1025-1-1200x801.jpg 1200w, https:\/\/xedop.com\/wp-content\/uploads\/2026\/04\/1770278532385_2bc8899b-1536x1025-1-300x200.jpg 300w, https:\/\/xedop.com\/wp-content\/uploads\/2026\/04\/1770278532385_2bc8899b-1536x1025-1-768x513.jpg 768w, https:\/\/xedop.com\/wp-content\/uploads\/2026\/04\/1770278532385_2bc8899b-1536x1025-1-112x75.jpg 112w, https:\/\/xedop.com\/wp-content\/uploads\/2026\/04\/1770278532385_2bc8899b-1536x1025-1-480x320.jpg 480w, https:\/\/xedop.com\/wp-content\/uploads\/2026\/04\/1770278532385_2bc8899b-1536x1025-1-800x534.jpg 800w, https:\/\/xedop.com\/wp-content\/uploads\/2026\/04\/1770278532385_2bc8899b-1536x1025-1.jpg 1536w\" sizes=\"(max-width:767px) 480px, 500px\" \/><\/p>\n<p>H\u1ec7 th\u1ed1ng phanh\u00a0<strong>SHIMANO 105 Di2 HRD<\/strong>, b\u1ea1n ch\u1ec9 c\u1ea7n d\u00f9ng 1 ho\u1eb7c 2 ng\u00f3n tay b\u00f3p nh\u1eb9 l\u00e0 xe \u0111\u00e3 gi\u1ea3m t\u1ed1c \u0111\u1ed9 theo \u00fd mu\u1ed1n. \u0110i\u1ec1u n\u00e0y c\u1ef1c k\u1ef3 quan tr\u1ecdng trong nh\u1eefng chuy\u1ebfn \u0111\u1ea1p xe \u0111\u01b0\u1eddng d\u00e0i, gi\u00fap \u0111\u00f4i tay c\u1ee7a b\u1ea1n kh\u00f4ng b\u1ecb m\u1ecfi hay t\u00ea c\u1ee9ng.<\/p>\n<p><img loading=\"lazy\" decoding=\"async\" class=\"alignnone size-medium wp-image-12540\" src=\"https:\/\/xedop.com\/wp-content\/uploads\/2026\/04\/1770278529938_1a320a80-scaled-e1775116111587-1536x964-1-500x314.jpg\" alt=\"\" width=\"500\" height=\"314\" srcset=\"https:\/\/xedop.com\/wp-content\/uploads\/2026\/04\/1770278529938_1a320a80-scaled-e1775116111587-1536x964-1-500x314.jpg 500w, https:\/\/xedop.com\/wp-content\/uploads\/2026\/04\/1770278529938_1a320a80-scaled-e1775116111587-1536x964-1-1200x753.jpg 1200w, https:\/\/xedop.com\/wp-content\/uploads\/2026\/04\/1770278529938_1a320a80-scaled-e1775116111587-1536x964-1-300x188.jpg 300w, https:\/\/xedop.com\/wp-content\/uploads\/2026\/04\/1770278529938_1a320a80-scaled-e1775116111587-1536x964-1-768x482.jpg 768w, https:\/\/xedop.com\/wp-content\/uploads\/2026\/04\/1770278529938_1a320a80-scaled-e1775116111587-1536x964-1-120x75.jpg 120w, https:\/\/xedop.com\/wp-content\/uploads\/2026\/04\/1770278529938_1a320a80-scaled-e1775116111587-1536x964-1-480x301.jpg 480w, https:\/\/xedop.com\/wp-content\/uploads\/2026\/04\/1770278529938_1a320a80-scaled-e1775116111587-1536x964-1-800x502.jpg 800w, https:\/\/xedop.com\/wp-content\/uploads\/2026\/04\/1770278529938_1a320a80-scaled-e1775116111587-1536x964-1.jpg 1536w\" sizes=\"(max-width:767px) 480px, 500px\" \/><\/p>\n<p>B\u1ed9 truy\u1ec1n \u0111\u1ed9ng\u00a0<strong>SHIMANO 105 Di2<\/strong>\u00a0bi\u1ebfn chi\u1ebfc Propel t\u1eeb m\u1ed9t chi\u1ebfc xe \u0111\u1ea1p b\u00ecnh th\u01b0\u1eddng th\u00e0nh m\u1ed9t c\u1ed7 m\u00e1y c\u00f4ng ngh\u1ec7. N\u00f3 gi\u00fap b\u1ea1n t\u1eadp trung ho\u00e0n to\u00e0n v\u00e0o vi\u1ec7c \u0111\u1ea1p v\u00e0 nh\u00ecn \u0111\u01b0\u1eddng, thay v\u00ec ph\u1ea3i loay hoay v\u1edbi vi\u1ec7c sang s\u1ed1 sao cho chu\u1ea9n<\/p>\n<p>&nbsp;<\/p>\n","protected":false},"featured_media":12528,"comment_status":"closed","ping_status":"closed","template":"","meta":[],"product_cat":[71],"product_tag":[],"class_list":["post-12527","product","type-product","status-publish","has-post-thumbnail","hentry","product_cat-xe-dap-dua-duong-truong"],"_links":{"self":[{"href":"https:\/\/xedop.com\/en\/wp-json\/wp\/v2\/product\/12527","targetHints":{"allow":["GET"]}}],"collection":[{"href":"https:\/\/xedop.com\/en\/wp-json\/wp\/v2\/product"}],"about":[{"href":"https:\/\/xedop.com\/en\/wp-json\/wp\/v2\/types\/product"}],"replies":[{"embeddable":true,"href":"https:\/\/xedop.com\/en\/wp-json\/wp\/v2\/comments?post=12527"}],"version-history":[{"count":2,"href":"https:\/\/xedop.com\/en\/wp-json\/wp\/v2\/product\/12527\/revisions"}],"predecessor-version":[{"id":12545,"href":"https:\/\/xedop.com\/en\/wp-json\/wp\/v2\/product\/12527\/revisions\/12545"}],"wp:featuredmedia":[{"embeddable":true,"href":"https:\/\/xedop.com\/en\/wp-json\/wp\/v2\/media\/12528"}],"wp:attachment":[{"href":"https:\/\/xedop.com\/en\/wp-json\/wp\/v2\/media?parent=12527"}],"wp:term":[{"taxonomy":"product_cat","embeddable":true,"href":"https:\/\/xedop.com\/en\/wp-json\/wp\/v2\/product_cat?post=12527"},{"taxonomy":"product_tag","embeddable":true,"href":"https:\/\/xedop.com\/en\/wp-json\/wp\/v2\/product_tag?post=12527"}],"curies":[{"name":"wp","href":"https:\/\/api.w.org\/{rel}","templated":true}]}}