{"id":12550,"date":"2026-05-09T16:23:58","date_gmt":"2026-05-09T09:23:58","guid":{"rendered":"https:\/\/xedop.com\/?post_type=product&#038;p=12550"},"modified":"2026-05-09T16:23:59","modified_gmt":"2026-05-09T09:23:59","slug":"xe-dien-tro-luc-cyctrac-em6","status":"publish","type":"product","link":"https:\/\/xedop.com\/en\/san-pham\/xe-dien-tro-luc-cyctrac-em6\/","title":{"rendered":"Xe \u0111i\u1ec7n tr\u1ee3 l\u1ef1c CYCTRAC EM6"},"content":{"rendered":"<div class=\"w-full mt-[1.4em] mb-[1px]\">\n<p class=\"font-[600] py-[3px] text-[1.5em]\" data-slug=\"frame%26structure4\" data-anchor=\"frame%26structure\" data-slate-node=\"element\"><span data-slate-node=\"text\"><span class=\"\" data-slate-leaf=\"true\"><span dir=\"auto\">Khung v\u00e0 C\u1ea5u tr\u00fac<\/span><\/span><\/span><\/p>\n<\/div>\n<div class=\"w-full my-[1px]\">\n<div class=\"flex flex-row ps-[2px]\" data-slate-node=\"element\"><span class=\"select-none flex flex-row justify-center items-center h-[30px] w-[24px] me-[2px] whitespace-nowrap flex-shrink-0 li-decorator\"><span class=\"font-sans font-normal text-[24px]\"><span dir=\"auto\">\u2022\u00a0<\/span><\/span><\/span><span class=\"flex-1 py-[3px] font-normal text-[16px] text-[var(--text-primary)]\"><span data-slate-node=\"text\"><span class=\"font-[600]\" data-slate-leaf=\"true\"><span dir=\"auto\">Khung:\u00a0<\/span><\/span><\/span><span data-slate-node=\"text\"><span class=\"\" data-slate-leaf=\"true\"><span dir=\"auto\">CYCTRAC-EM6(th\u1ebf h\u1ec7 th\u1ee9 3), c\u1ea5p \u0111\u1ed9 Enduro, AL6061-T6, h\u00e0n ph\u1eb3ng, d\u00e2y c\u00e1p b\u00ean trong, tr\u1ee5c xuy\u00ean 12\u00a0<\/span><\/span><\/span><span data-slate-node=\"text\"><span class=\"italic\" data-slate-leaf=\"true\"><span dir=\"auto\">148 Boost, UDH, h\u00e0nh tr\u00ecnh 150 &amp; 160mm, gi\u1ea3m x\u00f3c sau DNM air 205\u00a0<\/span><\/span><\/span><span data-slate-node=\"text\"><span class=\"\" data-slate-leaf=\"true\"><span dir=\"auto\">62<\/span><\/span><\/span><\/span><\/div>\n<\/div>\n<div class=\"w-full my-[1px]\">\n<div class=\"flex flex-row ps-[2px]\" data-slate-node=\"element\"><span class=\"select-none flex flex-row justify-center items-center h-[30px] w-[24px] me-[2px] whitespace-nowrap flex-shrink-0 li-decorator\"><span class=\"font-sans font-normal text-[24px]\"><span dir=\"auto\">\u2022 <\/span><\/span><\/span><span class=\"flex-1 py-[3px] font-normal text-[16px] text-[var(--text-primary)]\"><span data-slate-node=\"text\"><span class=\"font-[600]\" data-slate-leaf=\"true\"><span dir=\"auto\">B\u1ed9 ghi \u0111\u00f4ng:\u00a0<\/span><\/span><\/span><span data-slate-node=\"text\"><span class=\"\" data-slate-leaf=\"true\"><span dir=\"auto\">RS, h\u1ee3p kim nh\u00f4m, m\u1edd, ghi \u0111\u00f4ng 31.8\u00d7720, p\u00f4 t\u0103ng 45, k\u1eb9p 34.9mm<\/span><\/span><\/span><\/span><\/div>\n<\/div>\n<div class=\"w-full my-[1px]\">\n<div class=\"flex flex-row ps-[2px]\" data-slate-node=\"element\"><span class=\"select-none flex flex-row justify-center items-center h-[30px] w-[24px] me-[2px] whitespace-nowrap flex-shrink-0 li-decorator\"><span class=\"font-sans font-normal text-[24px]\"><span dir=\"auto\">\u2022\u00a0<\/span><\/span><\/span><span class=\"flex-1 py-[3px] font-normal text-[16px] text-[var(--text-primary)]\"><span data-slate-node=\"text\"><span class=\"font-[600]\" data-slate-leaf=\"true\"><span dir=\"auto\">C\u1ecdc y\u00ean:\u00a0<\/span><\/span><\/span><span data-slate-node=\"text\"><span class=\"\" data-slate-leaf=\"true\"><span dir=\"auto\">RS c\u00f3 th\u1ec3 \u0111i\u1ec1u ch\u1ec9nh \u0111\u1ed9 cao v\u00e0 t\u1eeb xa, h\u00e0nh tr\u00ecnh 31.6*100\/125mm<\/span><\/span><\/span><\/span><\/div>\n<\/div>\n<div class=\"w-full mt-[1.4em] mb-[1px]\">\n<p class=\"font-[600] py-[3px] text-[1.5em]\" data-slug=\"motorsystem%26battery9\" data-anchor=\"motorsystem%26battery\" data-slate-node=\"element\"><span data-slate-node=\"text\"><span class=\"\" data-slate-leaf=\"true\"><span dir=\"auto\">H\u1ec7 th\u1ed1ng \u0111\u1ed9ng c\u01a1 v\u00e0 pin<\/span><\/span><\/span><\/p>\n<\/div>\n<div class=\"w-full my-[1px]\">\n<div class=\"flex flex-row ps-[2px]\" data-slate-node=\"element\"><span class=\"select-none flex flex-row justify-center items-center h-[30px] w-[24px] me-[2px] whitespace-nowrap flex-shrink-0 li-decorator\"><span class=\"font-sans font-normal text-[24px]\"><span dir=\"auto\">\u2022\u00a0<\/span><\/span><\/span><span class=\"flex-1 py-[3px] font-normal text-[16px] text-[var(--text-primary)]\"><span data-slate-node=\"text\"><span class=\"font-[600]\" data-slate-leaf=\"true\"><span dir=\"auto\">H\u1ec7 th\u1ed1ng \u0111\u1ed9ng c\u01a1:\u00a0<\/span><\/span><\/span><span data-slate-node=\"text\"><span class=\"\" data-slate-leaf=\"true\"><span dir=\"auto\">Bafang Mid, M430, 48V500W<\/span><\/span><\/span><\/span><\/div>\n<\/div>\n<div class=\"w-full my-[1px]\">\n<div class=\"flex flex-row ps-[2px]\" data-slate-node=\"element\"><span class=\"select-none flex flex-row justify-center items-center h-[30px] w-[24px] me-[2px] whitespace-nowrap flex-shrink-0 li-decorator\"><span class=\"font-sans font-normal text-[24px]\"><span dir=\"auto\">\u2022\u00a0<\/span><\/span><\/span><span class=\"flex-1 py-[3px] font-normal text-[16px] text-[var(--text-primary)]\"><span data-slate-node=\"text\"><span class=\"font-[600]\" data-slate-leaf=\"true\"><span dir=\"auto\">M\u00f4-men xo\u1eafn c\u1ef1c \u0111\u1ea1i:\u00a0<\/span><\/span><\/span><span data-slate-node=\"text\"><span class=\"\" data-slate-leaf=\"true\"><span dir=\"auto\">140 Nm<\/span><\/span><\/span><\/span><\/div>\n<\/div>\n<div class=\"w-full my-[1px]\">\n<div class=\"flex flex-row ps-[2px]\" data-slate-node=\"element\"><span class=\"select-none flex flex-row justify-center items-center h-[30px] w-[24px] me-[2px] whitespace-nowrap flex-shrink-0 li-decorator\"><span class=\"font-sans font-normal text-[24px]\"><span dir=\"auto\">\u2022\u00a0<\/span><\/span><\/span><span class=\"flex-1 py-[3px] font-normal text-[16px] text-[var(--text-primary)]\"><span data-slate-node=\"text\"><span class=\"font-[600]\" data-slate-leaf=\"true\"><span dir=\"auto\">Pin: Pin\u00a0<\/span><\/span><\/span><span data-slate-node=\"text\"><span class=\"\" data-slate-leaf=\"true\"><span dir=\"auto\">Li-ion Samsung 21700, 720Wh, 48V15A<\/span><\/span><\/span><\/span><\/div>\n<\/div>\n<div class=\"w-full my-[1px]\">\n<div class=\"flex flex-row ps-[2px]\" data-slate-node=\"element\"><span class=\"select-none flex flex-row justify-center items-center h-[30px] w-[24px] me-[2px] whitespace-nowrap flex-shrink-0 li-decorator\"><span class=\"font-sans font-normal text-[24px]\"><span dir=\"auto\">\u2022\u00a0<\/span><\/span><\/span><span class=\"flex-1 py-[3px] font-normal text-[16px] text-[var(--text-primary)]\"><span data-slate-node=\"text\"><span class=\"font-[600]\" data-slate-leaf=\"true\"><span dir=\"auto\">\u0110\u1ed9 b\u1ec1n (H\u1ed7 tr\u1ee3 \u0111\u1ea1p):\u00a0<\/span><\/span><\/span><span data-slate-node=\"text\"><span class=\"\" data-slate-leaf=\"true\"><span dir=\"auto\">T\u1ed1i \u0111a 120-140 KM<\/span><\/span><\/span><\/span><\/div>\n<\/div>\n<div class=\"w-full my-[1px]\">\n<div class=\"flex flex-row ps-[2px]\" data-slate-node=\"element\"><span class=\"select-none flex flex-row justify-center items-center h-[30px] w-[24px] me-[2px] whitespace-nowrap flex-shrink-0 li-decorator\"><span class=\"font-sans font-normal text-[24px]\"><span dir=\"auto\">\u2022\u00a0<\/span><\/span><\/span><span class=\"flex-1 py-[3px] font-normal text-[16px] text-[var(--text-primary)]\"><span data-slate-node=\"text\"><span class=\"font-[600]\" data-slate-leaf=\"true\"><span dir=\"auto\">Gi\u1edbi h\u1ea1n t\u1ed1c \u0111\u1ed9:\u00a0<\/span><\/span><\/span><span data-slate-node=\"text\"><span class=\"\" data-slate-leaf=\"true\"><span dir=\"auto\">M\u1eb7c \u0111\u1ecbnh 25KM\/h (t\u1ed1i \u0111a 45KM\/h)<\/span><\/span><\/span><\/span><\/div>\n<\/div>\n<div class=\"w-full my-[1px]\">\n<div class=\"flex flex-row ps-[2px]\" data-slate-node=\"element\"><span class=\"select-none flex flex-row justify-center items-center h-[30px] w-[24px] me-[2px] whitespace-nowrap flex-shrink-0 li-decorator\"><span class=\"font-sans font-normal text-[24px]\"><span dir=\"auto\">\u2022\u00a0<\/span><\/span><\/span><span class=\"flex-1 py-[3px] font-normal text-[16px] text-[var(--text-primary)]\"><span data-slate-node=\"text\"><span class=\"font-[600]\" data-slate-leaf=\"true\"><span dir=\"auto\">C\u1ea3m bi\u1ebfn b\u00e0n \u0111\u1ea1p:\u00a0<\/span><\/span><\/span><span data-slate-node=\"text\"><span class=\"\" data-slate-leaf=\"true\"><span dir=\"auto\">M\u00f4-men xo\u1eafn + Nh\u1ecbp \u0111\u1ea1p,\u00a0<\/span><\/span><\/span><span data-slate-node=\"text\"><span class=\"font-[600]\" data-slate-leaf=\"true\"><span dir=\"auto\">c\u00f3 ch\u1ee9c n\u0103ng ga.<\/span><\/span><\/span><\/span><\/div>\n<\/div>\n<div class=\"w-full my-[1px]\">\n<div class=\"flex flex-row ps-[2px]\" data-slate-node=\"element\"><span class=\"select-none flex flex-row justify-center items-center h-[30px] w-[24px] me-[2px] whitespace-nowrap flex-shrink-0 li-decorator\"><span class=\"font-sans font-normal text-[24px]\"><span dir=\"auto\">\u2022\u00a0<\/span><\/span><\/span><span class=\"flex-1 py-[3px] font-normal text-[16px] text-[var(--text-primary)]\"><span data-slate-node=\"text\"><span class=\"font-[600]\" data-slate-leaf=\"true\"><span dir=\"auto\">Th\u1eddi gian s\u1ea1c \u0111\u1ea7y:\u00a0<\/span><\/span><\/span><span data-slate-node=\"text\"><span class=\"\" data-slate-leaf=\"true\"><span dir=\"auto\">5-6 gi\u1edd<\/span><\/span><\/span><\/span><\/div>\n<\/div>\n<div class=\"w-full my-[1px]\">\n<div class=\"flex flex-row ps-[2px]\" data-slate-node=\"element\"><span class=\"select-none flex flex-row justify-center items-center h-[30px] w-[24px] me-[2px] whitespace-nowrap flex-shrink-0 li-decorator\"><span class=\"font-sans font-normal text-[24px]\"><span dir=\"auto\">\u2022\u00a0<\/span><\/span><\/span><span class=\"flex-1 py-[3px] font-normal text-[16px] text-[var(--text-primary)]\"><span data-slate-node=\"text\"><span class=\"font-[600]\" data-slate-leaf=\"true\"><span dir=\"auto\">B\u1ed9 s\u1ea1c:\u00a0<\/span><\/span><\/span><span data-slate-node=\"text\"><span class=\"\" data-slate-leaf=\"true\"><span dir=\"auto\">3A, DC2.1<\/span><\/span><\/span><\/span><\/div>\n<\/div>\n<div class=\"w-full my-[1px]\">\n<div class=\"flex flex-row ps-[2px]\" data-slate-node=\"element\"><span class=\"select-none flex flex-row justify-center items-center h-[30px] w-[24px] me-[2px] whitespace-nowrap flex-shrink-0 li-decorator\"><span class=\"font-sans font-normal text-[24px]\"><span dir=\"auto\">\u2022\u00a0<\/span><\/span><\/span><span class=\"flex-1 py-[3px] font-normal text-[16px] text-[var(--text-primary)]\"><span data-slate-node=\"text\"><span class=\"font-[600]\" data-slate-leaf=\"true\"><span dir=\"auto\">HMI:\u00a0<\/span><\/span><\/span><span data-slate-node=\"text\"><span class=\"\" data-slate-leaf=\"true\"><span dir=\"auto\">CYC-C101, m\u00e0n h\u00ecnh LCD k\u1ef9 thu\u1eadt s\u1ed1, USB\/Type-C<\/span><\/span><\/span><\/span><\/div>\n<\/div>\n<div class=\"w-full my-[1px]\">\n<div class=\"flex flex-row ps-[2px]\" data-slate-node=\"element\"><span class=\"select-none flex flex-row justify-center items-center h-[30px] w-[24px] me-[2px] whitespace-nowrap flex-shrink-0 li-decorator\"><span class=\"font-sans font-normal text-[24px]\"><span dir=\"auto\">\u2022\u00a0<\/span><\/span><\/span><span class=\"flex-1 py-[3px] font-normal text-[16px] text-[var(--text-primary)]\"><span data-slate-node=\"text\"><span class=\"font-[600]\" data-slate-leaf=\"true\"><span dir=\"auto\">Ch\u1ed1ng n\u01b0\u1edbc:\u00a0<\/span><\/span><\/span><span data-slate-node=\"text\"><span class=\"\" data-slate-leaf=\"true\"><span dir=\"auto\">IP X6<\/span><\/span><\/span><\/span><\/div>\n<\/div>\n<div data-slate-node=\"element\">\n<div class=\"w-full my-[1px]\">\n<div class=\"flex flex-row ps-[2px]\" data-slate-node=\"element\"><span class=\"select-none flex flex-row justify-center items-center h-[30px] w-[24px] me-[2px] whitespace-nowrap flex-shrink-0 li-decorator\"><span class=\"font-sans font-normal text-[24px]\"><span dir=\"auto\">\u2022\u00a0<\/span><\/span><\/span><span class=\"flex-1 py-[3px] font-normal text-[16px] text-[var(--text-primary)]\"><span data-slate-node=\"text\"><span class=\"font-[600]\" data-slate-leaf=\"true\"><span dir=\"auto\">Tay g\u1ea1t \u0111\u1ec1:\u00a0<\/span><\/span><\/span><span data-slate-node=\"text\"><span class=\"\" data-slate-leaf=\"true\"><span dir=\"auto\">SHIMANO DEORE\/M6100-12S<\/span><\/span><\/span><\/span><\/div>\n<\/div>\n<div class=\"w-full my-[1px]\">\n<div class=\"flex flex-row ps-[2px]\" data-slate-node=\"element\"><span class=\"select-none flex flex-row justify-center items-center h-[30px] w-[24px] me-[2px] whitespace-nowrap flex-shrink-0 li-decorator\"><span class=\"font-sans font-normal text-[24px]\"><span dir=\"auto\">\u2022\u00a0<\/span><\/span><\/span><span class=\"flex-1 py-[3px] font-normal text-[16px] text-[var(--text-primary)]\"><span data-slate-node=\"text\"><span class=\"font-[600]\" data-slate-leaf=\"true\"><span dir=\"auto\">B\u1ed9 chuy\u1ec3n s\u1ed1 sau:\u00a0<\/span><\/span><\/span><span data-slate-node=\"text\"><span class=\"\" data-slate-leaf=\"true\"><span dir=\"auto\">SHIMANO DEORE\/M6100-12S<\/span><\/span><\/span><\/span><\/div>\n<\/div>\n<div class=\"w-full my-[1px]\">\n<div class=\"flex flex-row ps-[2px]\" data-slate-node=\"element\"><span class=\"select-none flex flex-row justify-center items-center h-[30px] w-[24px] me-[2px] whitespace-nowrap flex-shrink-0 li-decorator\"><span class=\"font-sans font-normal text-[24px]\"><span dir=\"auto\">\u2022\u00a0<\/span><\/span><\/span><span class=\"flex-1 py-[3px] font-normal text-[16px] text-[var(--text-primary)]\"><span data-slate-node=\"text\"><span class=\"font-[600]\" data-slate-leaf=\"true\"><span dir=\"auto\">B\u1ed9 gi\u00f2 \u0111\u0129a:\u00a0<\/span><\/span><\/span><span data-slate-node=\"text\"><span class=\"\" data-slate-leaf=\"true\"><span dir=\"auto\">Ph\u00f9 h\u1ee3p v\u1edbi \u0111\u1ed9ng c\u01a1 \u0111\u1eb7t gi\u1eefa, 38 r\u0103ng<\/span><\/span><\/span><\/span><\/div>\n<\/div>\n<div class=\"w-full my-[1px]\">\n<div class=\"flex flex-row ps-[2px]\" data-slate-node=\"element\"><span class=\"select-none flex flex-row justify-center items-center h-[30px] w-[24px] me-[2px] whitespace-nowrap flex-shrink-0 li-decorator\"><span class=\"font-sans font-normal text-[24px]\"><span dir=\"auto\">\u2022\u00a0<\/span><\/span><\/span><span class=\"flex-1 py-[3px] font-normal text-[16px] text-[var(--text-primary)]\"><span data-slate-node=\"text\"><span class=\"font-[600]\" data-slate-leaf=\"true\"><span dir=\"auto\">L\u00edp: <\/span><\/span><\/span><span data-slate-node=\"text\"><span class=\"\" data-slate-leaf=\"true\"><span dir=\"auto\">SUNSHINE-12S, 11-50T<\/span><\/span><\/span><\/span><\/div>\n<\/div>\n<div class=\"w-full my-[1px]\">\n<div class=\"flex flex-row ps-[2px]\" data-slate-node=\"element\"><span class=\"select-none flex flex-row justify-center items-center h-[30px] w-[24px] me-[2px] whitespace-nowrap flex-shrink-0 li-decorator\"><span class=\"font-sans font-normal text-[24px]\"><span dir=\"auto\">\u2022 X\u00edch<\/span><\/span><\/span><span class=\"flex-1 py-[3px] font-normal text-[16px] text-[var(--text-primary)]\"><span data-slate-node=\"text\"><span class=\"font-[600]\" data-slate-leaf=\"true\"><span dir=\"auto\">: <\/span><\/span><\/span><span data-slate-node=\"text\"><span class=\"\" data-slate-leaf=\"true\"><span dir=\"auto\">SUMC-12S<\/span><\/span><\/span><\/span><\/div>\n<div data-slate-node=\"element\">\n<div class=\"w-full mt-[1.4em] mb-[1px]\">\n<p class=\"font-[600] py-[3px] text-[1.5em]\" data-slug=\"wheelset%26tires42\" data-anchor=\"wheelset%26tires\" data-slate-node=\"element\"><span data-slate-node=\"text\"><span class=\"\" data-slate-leaf=\"true\"><span dir=\"auto\">B\u1ed9 b\u00e1nh xe v\u00e0 l\u1ed1p xe<\/span><\/span><\/span><\/p>\n<\/div>\n<div class=\"w-full my-[1px]\">\n<div class=\"flex flex-row ps-[2px]\" data-slate-node=\"element\"><span class=\"select-none flex flex-row justify-center items-center h-[30px] w-[24px] me-[2px] whitespace-nowrap flex-shrink-0 li-decorator\"><span class=\"font-sans font-normal text-[24px]\"><span dir=\"auto\">\u2022\u00a0<\/span><\/span><\/span><span class=\"flex-1 py-[3px] font-normal text-[16px] text-[var(--text-primary)]\"><span data-slate-node=\"text\"><span class=\"font-[600]\" data-slate-leaf=\"true\"><span dir=\"auto\">Tr\u1ee5c b\u00e1nh xe:\u00a0<\/span><\/span><\/span><span data-slate-node=\"text\"><span class=\"\" data-slate-leaf=\"true\"><span dir=\"auto\">RS, h\u1ee3p kim nh\u00f4m, 4 v\u00f2ng bi k\u00edn, HG, \u0111\u0129a, 32 l\u1ed7, tr\u1ee5c xuy\u00ean F15\u00d7110_R12\u00d7148mm Boost<\/span><\/span><\/span><\/span><\/div>\n<\/div>\n<div class=\"w-full my-[1px]\">\n<div class=\"flex flex-row ps-[2px]\" data-slate-node=\"element\"><span class=\"select-none flex flex-row justify-center items-center h-[30px] w-[24px] me-[2px] whitespace-nowrap flex-shrink-0 li-decorator\"><span class=\"font-sans font-normal text-[24px]\"><span dir=\"auto\">\u2022\u00a0<\/span><\/span><\/span><span class=\"flex-1 py-[3px] font-normal text-[16px] text-[var(--text-primary)]\"><span data-slate-node=\"text\"><span class=\"font-[600]\" data-slate-leaf=\"true\"><span dir=\"auto\">V\u00e0nh:\u00a0<\/span><\/span><\/span><span data-slate-node=\"text\"><span class=\"\" data-slate-leaf=\"true\"><span dir=\"auto\">RS, h\u1ee3p kim nh\u00f4m hai l\u1edbp c\u00f3 \u0111inh t\u00e1n, k\u00edch th\u01b0\u1edbc W30\u00d7H21mm<\/span><\/span><\/span><\/span><\/div>\n<\/div>\n<div class=\"w-full my-[1px]\">\n<div class=\"flex flex-row ps-[2px]\" data-slate-node=\"element\"><span class=\"select-none flex flex-row justify-center items-center h-[30px] w-[24px] me-[2px] whitespace-nowrap flex-shrink-0 li-decorator\"><span class=\"font-sans font-normal text-[24px]\"><span dir=\"auto\">\u2022 Nan hoa<\/span><\/span><\/span><span class=\"flex-1 py-[3px] font-normal text-[16px] text-[var(--text-primary)]\"><span data-slate-node=\"text\"><span class=\"font-[600]\" data-slate-leaf=\"true\"><span dir=\"auto\">: <\/span><\/span><\/span><span data-slate-node=\"text\"><span class=\"\" data-slate-leaf=\"true\"><span dir=\"auto\">14G<\/span><\/span><\/span><\/span><\/div>\n<\/div>\n<div class=\"w-full my-[1px]\">\n<div class=\"flex flex-row ps-[2px]\" data-slate-node=\"element\"><span class=\"select-none flex flex-row justify-center items-center h-[30px] w-[24px] me-[2px] whitespace-nowrap flex-shrink-0 li-decorator\"><span class=\"font-sans font-normal text-[24px]\"><span dir=\"auto\">\u2022\u00a0<\/span><\/span><\/span><span class=\"flex-1 py-[3px] font-normal text-[16px] text-[var(--text-primary)]\"><span data-slate-node=\"text\"><span class=\"font-[600]\" data-slate-leaf=\"true\"><span dir=\"auto\">L\u1ed1p:\u00a0<\/span><\/span><\/span><span data-slate-node=\"text\"><span class=\"\" data-slate-leaf=\"true\"><span dir=\"auto\">CST, 29\u00d72.4&#8243;<\/span><\/span><\/span><\/span><\/div>\n<\/div>\n<div class=\"w-full mt-[1.4em] mb-[1px]\">\n<p class=\"font-[600] py-[3px] text-[1.5em]\" data-slug=\"brakingsystem47\" data-anchor=\"brakingsystem\" data-slate-node=\"element\"><span data-slate-node=\"text\"><span class=\"\" data-slate-leaf=\"true\"><span dir=\"auto\">H\u1ec7 th\u1ed1ng phanh<\/span><\/span><\/span><\/p>\n<\/div>\n<div class=\"w-full my-[1px]\">\n<div class=\"flex flex-row ps-[2px]\" data-slate-node=\"element\"><span class=\"select-none flex flex-row justify-center items-center h-[30px] w-[24px] me-[2px] whitespace-nowrap flex-shrink-0 li-decorator\"><span class=\"font-sans font-normal text-[24px]\"><span dir=\"auto\">\u2022\u00a0<\/span><\/span><\/span><span class=\"flex-1 py-[3px] font-normal text-[16px] text-[var(--text-primary)]\"><span data-slate-node=\"text\"><span class=\"font-[600]\" data-slate-leaf=\"true\"><span dir=\"auto\">H\u1ec7 th\u1ed1ng phanh:\u00a0<\/span><\/span><\/span><span data-slate-node=\"text\"><span class=\"\" data-slate-leaf=\"true\"><span dir=\"auto\">RS, h\u1ee3p kim nh\u00f4m, \u0111\u0129a th\u1ee7y l\u1ef1c 4 piston, 203\/203mm<\/span><\/span><\/span><\/span><\/div>\n<\/div>\n<\/div>\n<\/div>\n<\/div>\n","protected":false},"excerpt":{"rendered":"<p>Khung h\u1ee3p kim nh\u00f4m AL7005 Boost v\u1edbi h\u00e0nh tr\u00ecnh gi\u1ea3m x\u00f3c sau 140mm v\u00e0 d\u00e2y c\u00e1p \u00e2m b\u00ean trong, \u0111\u01b0\u1ee3c thi\u1ebft k\u1ebf cho \u0111\u1ecba h\u00ecnh kh\u1eafc nghi\u1ec7t.<\/p>\n<p>EM6 \u0111\u01b0\u1ee3c trang b\u1ecb \u0111\u1ed9ng c\u01a1 Bafang M430 m\u1ea1nh m\u1ebd \u0111\u1eb7t gi\u1eefa khung, cho m\u00f4-men xo\u1eafn c\u1ef1c \u0111\u1ea1i \u0111\u00e1ng kinh ng\u1ea1c 140 Nm.<\/p>\n<p>&nbsp;<\/p>\n","protected":false},"featured_media":12551,"comment_status":"closed","ping_status":"closed","template":"","meta":[],"product_cat":[119],"product_tag":[],"class_list":["post-12550","product","type-product","status-publish","has-post-thumbnail","hentry","product_cat-xe-dien-tro-luc-e-bikes"],"_links":{"self":[{"href":"https:\/\/xedop.com\/en\/wp-json\/wp\/v2\/product\/12550","targetHints":{"allow":["GET"]}}],"collection":[{"href":"https:\/\/xedop.com\/en\/wp-json\/wp\/v2\/product"}],"about":[{"href":"https:\/\/xedop.com\/en\/wp-json\/wp\/v2\/types\/product"}],"replies":[{"embeddable":true,"href":"https:\/\/xedop.com\/en\/wp-json\/wp\/v2\/comments?post=12550"}],"version-history":[{"count":1,"href":"https:\/\/xedop.com\/en\/wp-json\/wp\/v2\/product\/12550\/revisions"}],"predecessor-version":[{"id":12559,"href":"https:\/\/xedop.com\/en\/wp-json\/wp\/v2\/product\/12550\/revisions\/12559"}],"wp:featuredmedia":[{"embeddable":true,"href":"https:\/\/xedop.com\/en\/wp-json\/wp\/v2\/media\/12551"}],"wp:attachment":[{"href":"https:\/\/xedop.com\/en\/wp-json\/wp\/v2\/media?parent=12550"}],"wp:term":[{"taxonomy":"product_cat","embeddable":true,"href":"https:\/\/xedop.com\/en\/wp-json\/wp\/v2\/product_cat?post=12550"},{"taxonomy":"product_tag","embeddable":true,"href":"https:\/\/xedop.com\/en\/wp-json\/wp\/v2\/product_tag?post=12550"}],"curies":[{"name":"wp","href":"https:\/\/api.w.org\/{rel}","templated":true}]}}