{"id":12563,"date":"2026-05-10T09:40:20","date_gmt":"2026-05-10T02:40:20","guid":{"rendered":"https:\/\/xedop.com\/?post_type=product&#038;p=12563"},"modified":"2026-05-11T07:49:43","modified_gmt":"2026-05-11T00:49:43","slug":"bo-chuyen-doi-banh-sau-xe-dap-dien-bafang","status":"publish","type":"product","link":"https:\/\/xedop.com\/en\/san-pham\/bo-chuyen-doi-banh-sau-xe-dap-dien-bafang\/","title":{"rendered":"B\u1ed9 chuy\u1ec3n \u0111\u1ed5i b\u00e1nh sau xe \u0111\u1ea1p \u0111i\u1ec7n Bafang 48V 350W"},"content":{"rendered":"<p>B\u1ed9 ph\u1ee5 t\u00f9ng chuy\u1ec3n \u0111\u1ed5i xe \u0111\u1ea1p \u0111i\u1ec7n Bafang g\u1ed3m<\/p>\n<ul>\n<li>H\u1ed9p \u0111i\u1ec1u khi\u1ec3n<\/li>\n<li>B\u1ed9 \u0111i\u1ec1u khi\u1ec3n vector s\u00f3ng sin<\/li>\n<li>Motor d\u1eabn \u0111\u1ed9ng b\u00e1nh sau<\/li>\n<li>M\u00e0n h\u00ecnh hi\u1ec3n th\u1ecb<\/li>\n<li>Tay phanh c\u00f3 ch\u1ee9c n\u0103ng ng\u1eaft ngu\u1ed3n<\/li>\n<li>C\u00e1p, d\u00e2y n\u1ed1i<\/li>\n<\/ul>\n","protected":false},"excerpt":{"rendered":"<p>B\u1ed9 ph\u1ee5 t\u00f9ng chuy\u1ec3n \u0111\u1ed5i xe \u0111\u1ea1p \u0111i\u1ec7n Bafang g\u1ed3m H\u1ed9p \u0111i\u1ec1u khi\u1ec3n B\u1ed9 \u0111i\u1ec1u khi\u1ec3n vector s\u00f3ng sin Motor d\u1eabn \u0111\u1ed9ng b\u00e1nh sau M\u00e0n h\u00ecnh<span class=\"excerpt-hellip\"> [\u2026]<\/span><\/p>\n","protected":false},"featured_media":12564,"comment_status":"closed","ping_status":"closed","template":"","meta":[],"product_cat":[120],"product_tag":[],"class_list":["post-12563","product","type-product","status-publish","has-post-thumbnail","hentry","product_cat-dong-co-xe-dap-dien"],"_links":{"self":[{"href":"https:\/\/xedop.com\/en\/wp-json\/wp\/v2\/product\/12563","targetHints":{"allow":["GET"]}}],"collection":[{"href":"https:\/\/xedop.com\/en\/wp-json\/wp\/v2\/product"}],"about":[{"href":"https:\/\/xedop.com\/en\/wp-json\/wp\/v2\/types\/product"}],"replies":[{"embeddable":true,"href":"https:\/\/xedop.com\/en\/wp-json\/wp\/v2\/comments?post=12563"}],"version-history":[{"count":2,"href":"https:\/\/xedop.com\/en\/wp-json\/wp\/v2\/product\/12563\/revisions"}],"predecessor-version":[{"id":12581,"href":"https:\/\/xedop.com\/en\/wp-json\/wp\/v2\/product\/12563\/revisions\/12581"}],"wp:featuredmedia":[{"embeddable":true,"href":"https:\/\/xedop.com\/en\/wp-json\/wp\/v2\/media\/12564"}],"wp:attachment":[{"href":"https:\/\/xedop.com\/en\/wp-json\/wp\/v2\/media?parent=12563"}],"wp:term":[{"taxonomy":"product_cat","embeddable":true,"href":"https:\/\/xedop.com\/en\/wp-json\/wp\/v2\/product_cat?post=12563"},{"taxonomy":"product_tag","embeddable":true,"href":"https:\/\/xedop.com\/en\/wp-json\/wp\/v2\/product_tag?post=12563"}],"curies":[{"name":"wp","href":"https:\/\/api.w.org\/{rel}","templated":true}]}}