{"id":12582,"date":"2026-05-11T08:48:43","date_gmt":"2026-05-11T01:48:43","guid":{"rendered":"https:\/\/xedop.com\/?post_type=product&#038;p=12582"},"modified":"2026-05-11T08:48:43","modified_gmt":"2026-05-11T01:48:43","slug":"ghi-dong-carbon-rpantahi-sl8","status":"publish","type":"product","link":"https:\/\/xedop.com\/en\/san-pham\/ghi-dong-carbon-rpantahi-sl8\/","title":{"rendered":"Ghi \u0111\u00f4ng Carbon Rpantahi SL8"},"content":{"rendered":"","protected":false},"excerpt":{"rendered":"<p>Ghi \u0111\u00f4ng c\u00f3 thi\u1ebft k\u1ebf l\u00f5m cho ph\u00e9p gi\u1ea5u d\u00e2y c\u00e1p chuy\u1ec3n \u0111\u1ec1 v\u00e0 d\u00e2y phanh<\/p>\n<p>Thi\u1ebft k\u1ebf tay c\u1ea7m \u0111\u01b0\u1ee3c t\u1ed1i \u01b0u h\u00f3a v\u1ec1 m\u1eb7t kh\u00ed \u0111\u1ed9ng h\u1ecdc<\/p>\n","protected":false},"featured_media":12583,"comment_status":"closed","ping_status":"closed","template":"","meta":[],"product_cat":[97],"product_tag":[],"class_list":["post-12582","product","type-product","status-publish","has-post-thumbnail","hentry","product_cat-ghi-dong-stem-potan-phuoc-phu-tung-khac"],"_links":{"self":[{"href":"https:\/\/xedop.com\/en\/wp-json\/wp\/v2\/product\/12582","targetHints":{"allow":["GET"]}}],"collection":[{"href":"https:\/\/xedop.com\/en\/wp-json\/wp\/v2\/product"}],"about":[{"href":"https:\/\/xedop.com\/en\/wp-json\/wp\/v2\/types\/product"}],"replies":[{"embeddable":true,"href":"https:\/\/xedop.com\/en\/wp-json\/wp\/v2\/comments?post=12582"}],"version-history":[{"count":1,"href":"https:\/\/xedop.com\/en\/wp-json\/wp\/v2\/product\/12582\/revisions"}],"predecessor-version":[{"id":12589,"href":"https:\/\/xedop.com\/en\/wp-json\/wp\/v2\/product\/12582\/revisions\/12589"}],"wp:featuredmedia":[{"embeddable":true,"href":"https:\/\/xedop.com\/en\/wp-json\/wp\/v2\/media\/12583"}],"wp:attachment":[{"href":"https:\/\/xedop.com\/en\/wp-json\/wp\/v2\/media?parent=12582"}],"wp:term":[{"taxonomy":"product_cat","embeddable":true,"href":"https:\/\/xedop.com\/en\/wp-json\/wp\/v2\/product_cat?post=12582"},{"taxonomy":"product_tag","embeddable":true,"href":"https:\/\/xedop.com\/en\/wp-json\/wp\/v2\/product_tag?post=12582"}],"curies":[{"name":"wp","href":"https:\/\/api.w.org\/{rel}","templated":true}]}}