{"id":12602,"date":"2026-05-13T14:18:02","date_gmt":"2026-05-13T07:18:02","guid":{"rendered":"https:\/\/xedop.com\/?post_type=product&#038;p=12602"},"modified":"2026-05-13T14:24:07","modified_gmt":"2026-05-13T07:24:07","slug":"xe-dien-tro-luc-momentum-2026-espresso-e","status":"publish","type":"product","link":"https:\/\/xedop.com\/en\/san-pham\/xe-dien-tro-luc-momentum-2026-espresso-e\/","title":{"rendered":"Xe \u0111i\u1ec7n tr\u1ee3 l\u1ef1c MOMENTUM 2026 ESPRESSO E+"},"content":{"rendered":"<table>\n<tbody>\n<tr>\n<td><strong>H\u1ec7 th\u1ed1ng \u0111i\u1ec1u khi\u1ec3n \u0111i\u1ec7n<\/strong><\/td>\n<td><strong>Hi\u1ec7u su\u1ea5t l\u00e1i xe<\/strong><\/td>\n<\/tr>\n<tr>\n<td>\u1eaec quy: Pin lithium 36V 7.8Ah (280Wh)<\/td>\n<td>Ch\u1ebf \u0111\u1ed9 \u0111\u1ea1p xe: Ch\u1ebf \u0111\u1ed9 h\u1ed7 tr\u1ee3 th\u00f4ng minh v\u00e0 ch\u1ebf \u0111\u1ed9 l\u00e1i kh\u00f4ng d\u00f9ng \u0111i\u1ec7n<\/td>\n<\/tr>\n<tr>\n<td>\u0110\u1ed9ng c\u01a1: S\u00f3ng sin hi\u1ec7u su\u1ea5t cao SDR 250W tr\u1ecdng l\u01b0\u1ee3ng nh\u1eb9<\/td>\n<td>Ch\u1ebf \u0111\u1ed9 h\u1ed7 tr\u1ee3: 3 ch\u1ebf \u0111\u1ed9 h\u1ed7 tr\u1ee3 l\u1ef1c \u0111\u1ea1p th\u00f4ng minh: 1, 2 v\u00e0 3.<\/td>\n<\/tr>\n<tr>\n<td>H\u1ec7 th\u1ed1ng th\u00f4ng minh: C\u00f4ng ngh\u1ec7 t\u0103ng c\u00f4ng su\u1ea5t GIANT-HCT thu\u1ed9c h\u1ec7 th\u1ed1ng h\u1ed7 tr\u1ee3 c\u00f4ng su\u1ea5t th\u00f4ng minh GICS. M\u00e0n h\u00ecnh LED r\u00f5 n\u00e9t<\/td>\n<td>Ph\u1ea1m vi: Qu\u00e3ng \u0111\u01b0\u1eddng di chuy\u1ec3n m\u1ed7i l\u1ea7n s\u1ea1c: 3 ch\u1ebf \u0111\u1ed9: 20-30km; 2 ch\u1ebf \u0111\u1ed9: 30-40km; 1 ch\u1ebf \u0111\u1ed9: 40-50km<\/td>\n<\/tr>\n<\/tbody>\n<\/table>\n<div class=\"box_list_tt\">\n<h4>KHUNG<\/h4>\n<p>K\u00edch c\u1ee1\/Sizes:N\/A<\/p>\n<p>M\u00e0u s\u1eafc\/Colors:S\u1eefa<\/p>\n<p>Ch\u1ea5t li\u1ec7u khung\/Frame:H\u1ee3p kim nh\u00f4m si\u00eau nh\u1eb9 GIANT ALUXX<\/p>\n<p>Phu\u1ed9c\/Fork:Th\u00e9p carbon cao 20 inch<\/p>\n<p>Gi\u1ea3m x\u00f3c\/Shock:N\/A<\/p>\n<h4>H\u00ca\u0323 TH\u00d4\u0301NG BA\u0301NH XE<\/h4>\n<p>V\u00e0nh xe\/Rims:H\u1ee3p kim nh\u00f4m<\/p>\n<p>Moay \u01a1\/Hubs:H\u1ee3p kim nh\u00f4m<\/p>\n<p>Nan hoa\/Spokes:M\u1eb7t tr\u01b0\u1edbc 14G. M\u1eb7t sau 13G. Th\u00e9p kh\u00f4ng g\u1ec9 304. X\u1eed l\u00fd BED<\/p>\n<p>L\u1ed1p xe\/Tires:20&#8243; x 1.95&#8243;<\/p>\n<h4>KHA\u0301C<\/h4>\n<p>Th\u00eam\/Extras:M\u1ed9t s\u1ed1 linh ki\u1ec7n c\u00f3 th\u1ec3 thay th\u1ebf lo\u1ea1i t\u01b0\u01a1ng \u0111\u01b0\u01a1ng kh\u00f4ng b\u00e1o tr\u01b0\u1edbc<\/p>\n<\/div>\n<div class=\"box_list_tt\">\n<h4>CA\u0301C B\u00d4\u0323 PH\u00c2\u0323N<\/h4>\n<p>Ghi \u0111\u00f4ng\/Handlebar:H\u1ee3p kim nh\u00f4m, 580mm<\/p>\n<p>P\u00f4 t\u0103ng\/Stem:H\u1ee3p kim nh\u00f4m, 195mm<\/p>\n<p>C\u1ecdc y\u00ean\/Seatpost:H\u1ee3p kim nh\u00f4m, 375mm, \u0111\u01b0\u1eddng k\u00ednh 27.2<\/p>\n<p>Y\u00ean\/Saddle:Tho\u1ea3i m\u00e1i<\/p>\n<p>Ba\u0300n \u0111a\u0323p\/Pedals:C\u00f3 s\u1eb5n<\/p>\n<h4>B\u00d4\u0323 TRUY\u00ca\u0300N \u0110\u00d4\u0323NG<\/h4>\n<p>Tay \u0111\u1ec1\/Shifters:SHIMANO 1x7S<\/p>\n<p>B\u1ed9 chuy\u1ec3n \u0111\u1ec1 tr\u01b0\u1edbc\/Front Derailleur:N\/A<\/p>\n<p>B\u1ed9 chuy\u1ec3n \u0111\u1ec1 sau\/Rear Derailleur:SHIMANO 7S<\/p>\n<p>Phanh\/Brakes:Phanh \u0111\u0129a, hi\u1ec7u su\u1ea5t cao<\/p>\n<p>Tay phanh\/Brake Levers:H\u1ee3p kim nh\u00f4m, nh\u1ef1a<\/p>\n<p>L\u00edp\/Cassette:SHIMANO 14-28T<\/p>\n<p>X\u00edch\/Chain:KMC\/108L<\/p>\n<p>\u0110\u00f9i \u0111\u0129a\/Crankset:H\u1ee3p kim nh\u00f4m 52T<\/p>\n<\/div>\n","protected":false},"excerpt":{"rendered":"<p>D\u00f2ng\u00a0<strong>E+Cycling Lifestyle<\/strong>\u00a0\u0111\u01b0\u1ee3c t\u1ea1o ra d\u00e0nh cho nhu c\u1ea7u \u0111\u1ea1p xe th\u01b0 gi\u00e3n, n\u01a1i m\u1ed7i h\u00e0nh tr\u00ecnh kh\u00f4ng ch\u1ec9 \u0111\u1ec3 \u0111\u1ebfn \u0111\u00edch m\u00e0 c\u00f2n l\u00e0 \u0111\u1ec3 t\u1eadn h\u01b0\u1edfng tr\u1ecdn v\u1eb9n t\u1eebng kho\u1ea3nh kh\u1eafc tr\u00ean \u0111\u01b0\u1eddng \u0111i.<\/p>\n<figure id=\"attachment_32830\" class=\"wp-caption aligncenter\" aria-describedby=\"caption-attachment-32830\"><figcaption id=\"caption-attachment-32830\" class=\"wp-caption-text\">Khung nh\u00f4m ALUXX nh\u1eb9, b\u1ec1n, linh ho\u1ea1t trong ph\u1ed1. Thi\u1ebft k\u1ebf t\u1ed1i \u01b0u cho di chuy\u1ec3n h\u1eb1ng ng\u00e0y, mang l\u1ea1i c\u1ea3m gi\u00e1c \u0111i\u1ec1u khi\u1ec3n d\u1ec5 d\u00e0ng<br \/>\nPh\u1ea7n tay n\u1eafm c\u1ee7a xe \u0111\u01b0\u1ee3c l\u00e0m b\u1eb1ng silicone m\u1ec1m, thi\u1ebft k\u1ebf \u00f4m tay n\u00ean khi c\u1ea7m r\u1ea5t \u00eam. \u0110i l\u00e2u s\u1ebd kh\u00f4ng b\u1ecb t\u00ea hay m\u1ecfi<\/p>\n<figure id=\"attachment_32833\" class=\"wp-caption aligncenter\" aria-describedby=\"caption-attachment-32833\"><figcaption id=\"caption-attachment-32833\" class=\"wp-caption-text\">Gi\u00e1 \u0111\u1ec3 c\u1ed1c \u0111\u1ed9c quy\u1ec1n \u0111\u1eadm c\u00e1 t\u00ednh. Thi\u1ebft k\u1ebf th\u00f4ng minh gi\u00fap b\u1ea1n mang theo c\u00e0 ph\u00ea, tr\u00e0 s\u1eefa hay b\u00ecnh n\u01b0\u1edbc m\u1ed7i ng\u00e0y m\u1ed9t c\u00e1ch ti\u1ec7n l\u1ee3i, kh\u00f4ng lo \u0111\u1ed5, kh\u00f4ng v\u01b0\u1edbng v\u00edu<br \/>\nTrang b\u1ecb pin lithium 36V 7.8Ah, tr\u1ecdng l\u01b0\u1ee3ng ch\u1ec9 ~2.5kg, cho qu\u00e3ng \u0111\u01b0\u1eddng l\u00ean \u0111\u1ebfn 50km, t\u1ed1i \u01b0u cho nhu c\u1ea7u di chuy\u1ec3n &amp; d\u1ea1o ph\u1ed1 h\u1eb1ng ng\u00e0y.<br \/>\nK\u1ebft h\u1ee3p 7 c\u1ea5p s\u1ed1 c\u00f9ng 3 ch\u1ebf \u0111\u1ed9 tr\u1ee3 l\u1ef1c, gi\u00fap b\u1ea1n d\u1ec5 d\u00e0ng l\u00e0m ch\u1ee7 m\u1ecdi cung \u0111\u01b0\u1eddng ph\u1ed1, nh\u1eb9 nh\u00e0ng nh\u01b0ng v\u1eabn linh ho\u1ea1t.<\/figcaption><\/figure>\n<\/figcaption><\/figure>\n","protected":false},"featured_media":12603,"comment_status":"closed","ping_status":"closed","template":"","meta":[],"product_cat":[67,119],"product_tag":[],"class_list":["post-12602","product","type-product","status-publish","has-post-thumbnail","hentry","product_cat-xe-dien-tro-luc-e-cycling","product_cat-xe-dien-tro-luc-e-bikes"],"_links":{"self":[{"href":"https:\/\/xedop.com\/en\/wp-json\/wp\/v2\/product\/12602","targetHints":{"allow":["GET"]}}],"collection":[{"href":"https:\/\/xedop.com\/en\/wp-json\/wp\/v2\/product"}],"about":[{"href":"https:\/\/xedop.com\/en\/wp-json\/wp\/v2\/types\/product"}],"replies":[{"embeddable":true,"href":"https:\/\/xedop.com\/en\/wp-json\/wp\/v2\/comments?post=12602"}],"version-history":[{"count":1,"href":"https:\/\/xedop.com\/en\/wp-json\/wp\/v2\/product\/12602\/revisions"}],"predecessor-version":[{"id":12605,"href":"https:\/\/xedop.com\/en\/wp-json\/wp\/v2\/product\/12602\/revisions\/12605"}],"wp:featuredmedia":[{"embeddable":true,"href":"https:\/\/xedop.com\/en\/wp-json\/wp\/v2\/media\/12603"}],"wp:attachment":[{"href":"https:\/\/xedop.com\/en\/wp-json\/wp\/v2\/media?parent=12602"}],"wp:term":[{"taxonomy":"product_cat","embeddable":true,"href":"https:\/\/xedop.com\/en\/wp-json\/wp\/v2\/product_cat?post=12602"},{"taxonomy":"product_tag","embeddable":true,"href":"https:\/\/xedop.com\/en\/wp-json\/wp\/v2\/product_tag?post=12602"}],"curies":[{"name":"wp","href":"https:\/\/api.w.org\/{rel}","templated":true}]}}