{"id":12606,"date":"2026-05-13T14:20:29","date_gmt":"2026-05-13T07:20:29","guid":{"rendered":"https:\/\/xedop.com\/?post_type=product&#038;p=12606"},"modified":"2026-05-13T14:53:08","modified_gmt":"2026-05-13T07:53:08","slug":"xe-dien-tro-luc-giant-2026-atx-e","status":"publish","type":"product","link":"https:\/\/xedop.com\/en\/san-pham\/xe-dien-tro-luc-giant-2026-atx-e\/","title":{"rendered":"Xe \u0111i\u1ec7n tr\u1ee3 l\u1ef1c GIANT 2026 ATX E+"},"content":{"rendered":"<table>\n<tbody>\n<tr>\n<td><strong>H\u1ec7 th\u1ed1ng \u0111i\u1ec1u khi\u1ec3n \u0111i\u1ec7n<\/strong><\/td>\n<td><strong>Hi\u1ec7u su\u1ea5t l\u00e1i xe<\/strong><\/td>\n<\/tr>\n<tr>\n<td>\u1eaec quy: Pin lithium 36V 7.8Ah (280Wh)<\/td>\n<td>Ch\u1ebf \u0111\u1ed9 \u0111\u1ea1p xe: Ch\u1ebf \u0111\u1ed9 h\u1ed7 tr\u1ee3 th\u00f4ng minh v\u00e0 ch\u1ebf \u0111\u1ed9 \u0111\u1ea1p kh\u00f4ng d\u00f9ng \u0111i\u1ec7n<\/td>\n<\/tr>\n<tr>\n<td>\u0110\u1ed9ng c\u01a1: S\u00f3ng sin hi\u1ec7u su\u1ea5t cao Ease 300, 2,2kg<\/td>\n<td>Ch\u1ebf \u0111\u1ed9 h\u1ed7 tr\u1ee3: 5 ch\u1ebf \u0111\u1ed9 h\u1ed7 tr\u1ee3 l\u1ef1c \u0111\u1ea1p th\u00f4ng minh<\/td>\n<\/tr>\n<tr>\n<td>H\u1ec7 th\u1ed1ng th\u00f4ng minh: C\u00f4ng ngh\u1ec7 t\u0103ng c\u00f4ng su\u1ea5t GIANT-HCT thu\u1ed9c h\u1ec7 th\u1ed1ng h\u1ed7 tr\u1ee3 c\u00f4ng su\u1ea5t th\u00f4ng minh GiS. M\u00e0n h\u00ecnh LED r\u00f5 n\u00e9t<\/td>\n<td>Ph\u1ea1m vi: Qu\u00e3ng \u0111\u01b0\u1eddng di chuy\u1ec3n m\u1ed7i l\u1ea7n s\u1ea1c: Ch\u1ebf \u0111\u1ed9 3: 90-110km; Ch\u1ebf \u0111\u1ed9 2: 100-120km; Ch\u1ebf \u0111\u1ed9 Auto: 100-120km, Thu\u1ea7n \u0111i\u1ec7n: 95-105km<\/td>\n<\/tr>\n<\/tbody>\n<\/table>\n<div class=\"box_list_tt\">\n<h4>KHUNG<\/h4>\n<p>K\u00edch c\u1ee1\/Sizes:S, M<\/p>\n<p>M\u00e0u s\u1eafc\/Colors:\u0110en, Ghi<\/p>\n<p>Ch\u1ea5t li\u1ec7u khung\/Frame:H\u1ee3p kim nh\u00f4m GIANT ALUXX<\/p>\n<p>Phu\u1ed9c\/Fork:Gi\u1ea3m ch\u1ea5n, h\u00e0nh tr\u00ecnh 100mm<\/p>\n<p>Gi\u1ea3m x\u00f3c\/Shock:N\/A<\/p>\n<h4>H\u00ca\u0323 TH\u00d4\u0301NG BA\u0301NH XE<\/h4>\n<p>V\u00e0nh xe\/Rims:H\u1ee3p kim nh\u00f4m 2 l\u1edbp<\/p>\n<p>Moay \u01a1\/Hubs:&#8212;<\/p>\n<p>Nan hoa\/Spokes:Tr\u01b0\u1edbc 14G, sau 13G, Inox 304<\/p>\n<p>L\u1ed1p xe\/Tires:27.5&#215;1.95<\/p>\n<h4>KHA\u0301C<\/h4>\n<p>Th\u00eam\/Extras:M\u1ed9t s\u1ed1 linh ki\u1ec7n c\u00f3 th\u1ec3 thay th\u1ebf lo\u1ea1i t\u01b0\u01a1ng \u0111\u01b0\u01a1ng kh\u00f4ng b\u00e1o tr\u01b0\u1edbc<\/p>\n<\/div>\n<div class=\"box_list_tt\">\n<h4>CA\u0301C B\u00d4\u0323 PH\u00c2\u0323N<\/h4>\n<p>Ghi \u0111\u00f4ng\/Handlebar:H\u1ee3p kim nh\u00f4m 640mm<\/p>\n<p>P\u00f4 t\u0103ng\/Stem:H\u1ee3p kim nh\u00f4m XS,S:60mm\/M:70mm<\/p>\n<p>C\u1ecdc y\u00ean\/Seatpost:H\u1ee3p kim nh\u00f4m 350mm<\/p>\n<p>Y\u00ean\/Saddle:Th\u1ec3 thao<\/p>\n<p>Ba\u0300n \u0111a\u0323p\/Pedals:C\u00f3 s\u1eb5n<\/p>\n<h4>B\u00d4\u0323 TRUY\u00ca\u0300N \u0110\u00d4\u0323NG<\/h4>\n<p>Tay \u0111\u1ec1\/Shifters:SHIMANO 1x7S<\/p>\n<p>B\u1ed9 chuy\u1ec3n \u0111\u1ec1 tr\u01b0\u1edbc\/Front Derailleur:&#8212;<\/p>\n<p>B\u1ed9 chuy\u1ec3n \u0111\u1ec1 sau\/Rear Derailleur:SHIMANO 7S<\/p>\n<p>Phanh\/Brakes:Phanh \u0111\u0129a<\/p>\n<p>Tay phanh\/Brake Levers:N\/A<\/p>\n<p>L\u00edp\/Cassette:14-28T<\/p>\n<p>X\u00edch\/Chain:KMC 110L<\/p>\n<p>\u0110\u00f9i \u0111\u0129a\/Crankset:46T<\/p>\n<\/div>\n","protected":false},"excerpt":{"rendered":"<p>H\u1ec7 th\u1ed1ng \u0111i\u1ec1u khi\u1ec3n \u0111i\u1ec7n Hi\u1ec7u su\u1ea5t l\u00e1i xe \u1eaec quy: Pin lithium 36V 7.8Ah (280Wh) Ch\u1ebf \u0111\u1ed9 \u0111\u1ea1p xe: Ch\u1ebf \u0111\u1ed9 h\u1ed7 tr\u1ee3 th\u00f4ng minh<span class=\"excerpt-hellip\"> [\u2026]<\/span><\/p>\n","protected":false},"featured_media":12633,"comment_status":"closed","ping_status":"closed","template":"","meta":[],"product_cat":[67,119],"product_tag":[],"class_list":["post-12606","product","type-product","status-publish","has-post-thumbnail","hentry","product_cat-xe-dien-tro-luc-e-cycling","product_cat-xe-dien-tro-luc-e-bikes"],"_links":{"self":[{"href":"https:\/\/xedop.com\/en\/wp-json\/wp\/v2\/product\/12606","targetHints":{"allow":["GET"]}}],"collection":[{"href":"https:\/\/xedop.com\/en\/wp-json\/wp\/v2\/product"}],"about":[{"href":"https:\/\/xedop.com\/en\/wp-json\/wp\/v2\/types\/product"}],"replies":[{"embeddable":true,"href":"https:\/\/xedop.com\/en\/wp-json\/wp\/v2\/comments?post=12606"}],"version-history":[{"count":2,"href":"https:\/\/xedop.com\/en\/wp-json\/wp\/v2\/product\/12606\/revisions"}],"predecessor-version":[{"id":12612,"href":"https:\/\/xedop.com\/en\/wp-json\/wp\/v2\/product\/12606\/revisions\/12612"}],"wp:featuredmedia":[{"embeddable":true,"href":"https:\/\/xedop.com\/en\/wp-json\/wp\/v2\/media\/12633"}],"wp:attachment":[{"href":"https:\/\/xedop.com\/en\/wp-json\/wp\/v2\/media?parent=12606"}],"wp:term":[{"taxonomy":"product_cat","embeddable":true,"href":"https:\/\/xedop.com\/en\/wp-json\/wp\/v2\/product_cat?post=12606"},{"taxonomy":"product_tag","embeddable":true,"href":"https:\/\/xedop.com\/en\/wp-json\/wp\/v2\/product_tag?post=12606"}],"curies":[{"name":"wp","href":"https:\/\/api.w.org\/{rel}","templated":true}]}}