{"id":12637,"date":"2026-05-13T15:06:24","date_gmt":"2026-05-13T08:06:24","guid":{"rendered":"https:\/\/xedop.com\/?post_type=product&#038;p=12637"},"modified":"2026-05-13T15:06:24","modified_gmt":"2026-05-13T08:06:24","slug":"xe-dien-tro-luc-little-dolphin-p1","status":"publish","type":"product","link":"https:\/\/xedop.com\/en\/san-pham\/xe-dien-tro-luc-little-dolphin-p1\/","title":{"rendered":"Xe \u0111i\u1ec7n tr\u1ee3 l\u1ef1c Little Dolphin P1"},"content":{"rendered":"<p>Khung th\u00e9p cacbon<\/p>\n<p>Pin lithium 10Ah<\/p>\n<p>\u0110\u1ed9ng c\u01a1 b\u00e1nh sau 48V<\/p>\n<p>Phanh \u0111\u0129a tr\u01b0\u1edbc v\u00e0 sau<\/p>\n<p>T\u1ed1c \u0111\u1ed9 t\u1ed1i \u0111a 25km\/h<\/p>\n<p>Qu\u00e3ng \u0111\u01b0\u1eddng di chuy\u1ec3n s\u1eed d\u1ee5ng \u0111i\u1ec7n thu\u1ea7n t\u00fay 55-65km<\/p>\n","protected":false},"excerpt":{"rendered":"<p>Khung th\u00e9p cacbon Pin lithium 10Ah \u0110\u1ed9ng c\u01a1 b\u00e1nh sau 48V Phanh \u0111\u0129a tr\u01b0\u1edbc v\u00e0 sau T\u1ed1c \u0111\u1ed9 t\u1ed1i \u0111a 25km\/h Qu\u00e3ng \u0111\u01b0\u1eddng di chuy\u1ec3n s\u1eed<span class=\"excerpt-hellip\"> [\u2026]<\/span><\/p>\n","protected":false},"featured_media":12638,"comment_status":"closed","ping_status":"closed","template":"","meta":[],"product_cat":[119],"product_tag":[],"class_list":["post-12637","product","type-product","status-publish","has-post-thumbnail","hentry","product_cat-xe-dien-tro-luc-e-bikes"],"_links":{"self":[{"href":"https:\/\/xedop.com\/en\/wp-json\/wp\/v2\/product\/12637","targetHints":{"allow":["GET"]}}],"collection":[{"href":"https:\/\/xedop.com\/en\/wp-json\/wp\/v2\/product"}],"about":[{"href":"https:\/\/xedop.com\/en\/wp-json\/wp\/v2\/types\/product"}],"replies":[{"embeddable":true,"href":"https:\/\/xedop.com\/en\/wp-json\/wp\/v2\/comments?post=12637"}],"version-history":[{"count":2,"href":"https:\/\/xedop.com\/en\/wp-json\/wp\/v2\/product\/12637\/revisions"}],"predecessor-version":[{"id":12647,"href":"https:\/\/xedop.com\/en\/wp-json\/wp\/v2\/product\/12637\/revisions\/12647"}],"wp:featuredmedia":[{"embeddable":true,"href":"https:\/\/xedop.com\/en\/wp-json\/wp\/v2\/media\/12638"}],"wp:attachment":[{"href":"https:\/\/xedop.com\/en\/wp-json\/wp\/v2\/media?parent=12637"}],"wp:term":[{"taxonomy":"product_cat","embeddable":true,"href":"https:\/\/xedop.com\/en\/wp-json\/wp\/v2\/product_cat?post=12637"},{"taxonomy":"product_tag","embeddable":true,"href":"https:\/\/xedop.com\/en\/wp-json\/wp\/v2\/product_tag?post=12637"}],"curies":[{"name":"wp","href":"https:\/\/api.w.org\/{rel}","templated":true}]}}