{"id":12660,"date":"2026-05-14T11:19:32","date_gmt":"2026-05-14T04:19:32","guid":{"rendered":"https:\/\/xedop.com\/?post_type=product&#038;p=12660"},"modified":"2026-05-14T11:19:32","modified_gmt":"2026-05-14T04:19:32","slug":"xe-dap-trek-precaliber-24-8spd","status":"publish","type":"product","link":"https:\/\/xedop.com\/en\/san-pham\/xe-dap-trek-precaliber-24-8spd\/","title":{"rendered":"Xe \u0111\u1ea1p TREK PRECALIBER 24 8SPD"},"content":{"rendered":"<ul class=\"techspec-ul\">\n<li style=\"list-style-type: none\">\n<ul class=\"techspec-ul\">\n<li>\n<p class=\"lb\"><strong>KHUNG:\u00a0<\/strong>H\u1ee3p kim nh\u00f4m Alpha Silver Aluminum, ng\u00e0m g\u1eafn baga v\u00e0 ch\u00e2n ch\u1ed1ng, m\u00f3c c\u00f9i \u0111\u1ec1 th\u00e1o r\u1eddi \u0111\u01b0\u1ee3c, 135x5mm QR<\/p>\n<\/li>\n<li>\n<p class=\"lb\"><strong>PHU\u1ed8C:\u00a0<\/strong>Dialed suspension, 45 mm travel<\/p>\n<\/li>\n<li>\n<p class=\"lb\"><strong>\u0110\u00f9m tr\u01b0\u1edbc: <\/strong>Steel, 100mm bolt-on<\/p>\n<\/li>\n<li>\n<p class=\"lb\"><strong>\u0110\u00f9m sau:\u00a0<\/strong>Th\u00e9p, 8 t\u1ed1c \u0111\u1ed9, 135mm bolt-on<\/p>\n<\/li>\n<li>\n<p class=\"lb\"><strong>V\u00e0nh:\u00a0<\/strong>H\u1ee3p kim nh\u00f4m 24\u201d 32 l\u1ed7<\/p>\n<\/li>\n<li>\n<p class=\"lb\"><strong>Nan hoa:\u00a0<\/strong>Th\u00e9p kh\u00f4ng r\u1ec9 14 g<\/p>\n<\/li>\n<li>\n<p class=\"lb\"><strong>L\u1ed1p xe:\u00a0<\/strong>Bontrager XR1, wire bead, 27tpi, 24\u00d72.25\u201d<\/p>\n<\/li>\n<li>\n<p class=\"lb\"><strong>Tay \u0111\u1ec1:\u00a0<\/strong>Shimano RS45 Tourney<\/p>\n<\/li>\n<li>\n<p class=\"lb\"><strong>\u0110\u1ec0 SAU:\u00a0<\/strong>Shimano Tourney TX80<\/p>\n<\/li>\n<li>\n<p class=\"lb\"><strong>\u0110\u00f9i \u0111\u0129a: <\/strong>H\u1ee3p kim nh\u00f4m ProWheel, \u0111\u0129a th\u00e9p 32T v\u1edbi ch\u1eafn s\u00ean 2 b\u00ean, d\u00e0i 152 mm<\/p>\n<\/li>\n<li>\n<p class=\"lb\"><strong>Tr\u1ee5c gi\u1eefa: <\/strong>C\u1ed1t vu\u00f4ng, 68 mm, b\u1ea1c \u0111\u1ea1n k\u00edn<\/p>\n<\/li>\n<li>\n<p class=\"lb\"><strong>B\u00e0n \u0111\u1ea1p:\u00a0<\/strong>Kids\u2019 Satellite, 9\/16 thread<\/p>\n<\/li>\n<li>\n<p class=\"lb\"><strong>\u1ed4 l\u00edp:\u00a0<\/strong>SunRace MFM56l, 13-34, 8 speed<\/p>\n<\/li>\n<li>\n<p class=\"lb\"><strong>X\u00edch xe: <\/strong>KMC Z8.3<\/p>\n<\/li>\n<li>\n<p class=\"lb\"><strong>Y\u00ean xe:\u00a0<\/strong>Kids\u2019 saddle, c\u1ee1 r\u1ed9ng, tay n\u1eafm h\u1ed7 tr\u1ee3 t\u1eadp \u0111\u1ea1p t\u00edch h\u1ee3p, ng\u00e0m g\u1eafn \u0111\u00e8n sau<\/p>\n<\/li>\n<li>\n<p class=\"lb\"><strong>C\u1ecdc y\u00ean: <\/strong>Th\u00e9p, 27.2mm<\/p>\n<\/li>\n<li>\n<p class=\"lb\"><strong>Tay l\u00e1i:\u00a0<\/strong>H\u1ee3p kim nh\u00f4m Bontrager kids\u2019<\/p>\n<\/li>\n<li>\n<p class=\"lb\"><strong>Tay n\u1eafm:\u00a0<\/strong>Kid\u2019s grip, d\u00e0i 92\/125mm<\/p>\n<\/li>\n<li>\n<p class=\"lb\"><strong>C\u1ed5 l\u00e1i:\u00a0<\/strong>H\u1ee3p kim nh\u00f4m Bontrager, ng\u00e0m 25.4mm, n\u00e2ng cao 15 \u0111\u1ed9, 60mm<\/p>\n<\/li>\n<li>\n<p class=\"lb\"><strong>B\u1ed9 c\u1ed5: <\/strong>Adjustable ball bearing, threadless<\/p>\n<\/li>\n<li>\n<p class=\"lb\"><strong>Phanh xe:\u00a0<\/strong>H\u1ee3p kim nh\u00f4m<\/p>\n<\/li>\n<li>\n<p class=\"lb\"><strong>Ch\u00e2n ch\u1ed1ng:\u00a0<\/strong>C\u00f3<\/p>\n<\/li>\n<\/ul>\n<\/li>\n<\/ul>\n<p>&nbsp;<\/p>\n","protected":false},"excerpt":{"rendered":"<p class=\"capt\"><strong>N\u00f3 ph\u00f9 h\u1ee3p v\u1edbi b\u1ea1n n\u1ebfu<\/strong><\/p>\n<p>B\u1ea1n y\u00eau th\u00edch vi\u1ec7c kh\u00e1m ph\u00e1 th\u1ebf gi\u1edbi tr\u00ean xe \u0111\u1ea1p, v\u00e0 b\u1ea1n mu\u1ed1n chia s\u1ebb ni\u1ec1m say m\u00ea \u0111\u00f3 v\u1edbi c\u1ea3 ng\u01b0\u1eddi \u0111\u1ed3ng h\u00e0nh nh\u1ecf c\u1ee7a m\u00ecnh. B\u1ea1n \u0111ang t\u00ecm ki\u1ebfm m\u1ed9t chi\u1ebfc xe \u0111\u1ea1p tr\u1ebb em cao c\u1ea5p, tho\u1ea3i m\u00e1i, b\u1ec1n b\u1ec9 v\u00e0 quan tr\u1ecdng nh\u1ea5t, \u0111\u00f3 s\u1ebd l\u00e0 th\u1ee9 khi\u1ebfn nh\u00f3c t\u1ef3 c\u1ee7a b\u1ea1n th\u00edch m\u00ea.<\/p>\n<p class=\"capt\"><strong>C\u00f4ng ngh\u1ec7 b\u1ea1n \u0111\u01b0\u1ee3c trang b\u1ecb<\/strong><\/p>\n<p>M\u1ed9t khung xe h\u1ee3p kim nh\u00f4m nh\u1eb9, kho\u1ebb v\u00e0 c\u1ee1 b\u00e1nh l\u1edbn 24 inch. V\u1edbi b\u1ed9 truy\u1ec1n \u0111\u1ed9ng 8 t\u1ed1c \u0111\u1ed9 d\u1ec5 d\u00e0ng s\u1eed d\u1ee5ng \u0111\u1ed1i v\u1edbi tr\u1ebb nh\u1ecf. Ngo\u00e0i ra, Precaliber c\u0169ng \u0111\u01b0\u1ee3c trang b\u1ecb s\u1eb5n m\u1ed9t ch\u00e2n ch\u1ed1ng, ng\u00e0m \u0111\u1ec3 g\u1eafn baga sau v\u00e0 m\u1ed9t y\u00ean xe v\u1edbi ph\u1ea7n tay n\u1eafm h\u1ed7 tr\u1ee3 \u0111\u1ec3 ba m\u1eb9 tr\u1ee3 gi\u00fap khi b\u00e9 t\u1eadp \u0111\u1ea1p xe, h\u01a1n n\u1eefa, n\u1ebfu mu\u1ed1n, tay n\u1eafm n\u00e0y c\u00f3 th\u1ec3 th\u00e1o ra \u0111\u1ec3 thay \u0111\u1ed5i th\u00e0nh ng\u00e0m g\u1eafn \u0111\u00e8n sau.<\/p>\n<p class=\"capt\"><strong>V\u00e0 tr\u00ean h\u1ebft l\u00e0<\/strong><\/p>\n<p>B\u1ea1n c\u00f3 nh\u1edb th\u1eddi th\u01a1 \u1ea5u c\u1ee7a m\u00ecnh, khi m\u00e0 m\u1ed7i l\u1ea7n ra ngo\u00e0i \u0111\u1ec1u l\u00e0 m\u1ed9t l\u1ea7n kh\u00e1m ph\u00e1 th\u1ebf gi\u1edbi. Precaliber \u0111\u01b0\u1ee3c thi\u1ebft k\u1ebf cho nh\u1eefng cu\u1ed9c kh\u00e1m ph\u00e1 nh\u01b0 v\u1eady. B\u00e9 y\u00eau c\u1ee7a b\u1ea1n c\u00f3 th\u1ec3 v\u1eabn s\u1ebd h\u1ed3i h\u1ed9p c\u0103ng th\u1eb3ng v\u1edbi nh\u1eefng ng\u1ecdn n\u00fai v\u00e0 qu\u00e1i v\u1eadt m\u00e0 ch\u00fang ngh\u0129 ra, nh\u01b0ng b\u1ea1n th\u00ec kh\u00f4ng, b\u1ea1n c\u1ea3m th\u1ea5y t\u1ef1 tin v\u00e0 y\u00ean t\u00e2m v\u1ec1 b\u00e9 y\u00eau c\u1ee7a m\u00ecnh nh\u1edd ch\u1ea5t l\u01b0\u1ee3ng ho\u00e0n thi\u1ec7n c\u1ee7a m\u1ed9t chi\u1ebfc xe cao c\u1ea5p.<\/p>\n","protected":false},"featured_media":12661,"comment_status":"closed","ping_status":"closed","template":"","meta":[],"product_cat":[116],"product_tag":[],"class_list":["post-12660","product","type-product","status-publish","has-post-thumbnail","hentry","product_cat-xe-dap-trek"],"_links":{"self":[{"href":"https:\/\/xedop.com\/en\/wp-json\/wp\/v2\/product\/12660","targetHints":{"allow":["GET"]}}],"collection":[{"href":"https:\/\/xedop.com\/en\/wp-json\/wp\/v2\/product"}],"about":[{"href":"https:\/\/xedop.com\/en\/wp-json\/wp\/v2\/types\/product"}],"replies":[{"embeddable":true,"href":"https:\/\/xedop.com\/en\/wp-json\/wp\/v2\/comments?post=12660"}],"version-history":[{"count":1,"href":"https:\/\/xedop.com\/en\/wp-json\/wp\/v2\/product\/12660\/revisions"}],"predecessor-version":[{"id":12663,"href":"https:\/\/xedop.com\/en\/wp-json\/wp\/v2\/product\/12660\/revisions\/12663"}],"wp:featuredmedia":[{"embeddable":true,"href":"https:\/\/xedop.com\/en\/wp-json\/wp\/v2\/media\/12661"}],"wp:attachment":[{"href":"https:\/\/xedop.com\/en\/wp-json\/wp\/v2\/media?parent=12660"}],"wp:term":[{"taxonomy":"product_cat","embeddable":true,"href":"https:\/\/xedop.com\/en\/wp-json\/wp\/v2\/product_cat?post=12660"},{"taxonomy":"product_tag","embeddable":true,"href":"https:\/\/xedop.com\/en\/wp-json\/wp\/v2\/product_tag?post=12660"}],"curies":[{"name":"wp","href":"https:\/\/api.w.org\/{rel}","templated":true}]}}