{"id":1421,"date":"2025-06-04T18:32:51","date_gmt":"2025-06-04T11:32:51","guid":{"rendered":"https:\/\/xedop.com\/?post_type=product&#038;p=1421"},"modified":"2025-06-04T18:32:57","modified_gmt":"2025-06-04T11:32:57","slug":"dung-dich-ve-sinh-bo-truyen-dong-muc-off-bio-drivetrain-cleaner-500ml","status":"publish","type":"product","link":"https:\/\/xedop.com\/en\/san-pham\/dung-dich-ve-sinh-bo-truyen-dong-muc-off-bio-drivetrain-cleaner-500ml\/","title":{"rendered":"Dung d\u1ecbch v\u1ec7 sinh b\u1ed9 truy\u1ec1n \u0111\u1ed9ng Muc-Off Bio Drivetrain Cleaner 500ml"},"content":{"rendered":"<p>Dung D\u1ecbch V\u1ec7 Sinh B\u1ed9 Truy\u1ec1n \u0110\u1ed9ng Muc-Off Bio Drivetrain Cleaner l\u00e0 gi\u1ea3i ph\u00e1p l\u00e0m s\u1ea1ch b\u1ed9 truy\u1ec1n \u0111\u1ed9ng, c\u00f3 th\u1ec3\u00a0phun tr\u1ef1c ti\u1ebfp v\u00e0o \u0111\u0129a tr\u01b0\u1edbc, \u0111\u0129a sau v\u00e0 c\u00f9i \u0111\u1ec1 \u0111\u1ec3 l\u00e0m s\u1ea1ch to\u00e0n b\u1ed9 ch\u1ec9 trong v\u00e0i gi\u00e2y.<\/p>\n<p>Th\u00e0nh ph\u1ea7n s\u1ea3n ph\u1ea9m ph\u00e2n h\u1ee7y sinh h\u1ecdc ho\u00e0n to\u00e0n* v\u00e0 an to\u00e0n cho kim lo\u1ea1i, nh\u1ef1a, cao su v\u00e0 n\u1eafp ch\u1eb7n.\u00a0B\u1ea1n s\u1ebd ng\u1ea1c nhi\u00ean sau khi v\u1ec7 sinh, Muc-Off c\u00f3 th\u1ec3 \u0111\u1ea3m b\u1ea3o \u0111i\u1ec1u n\u00f3! T\u1ea1i sao kh\u00f4ng th\u1eed s\u1eed d\u1ee5ng\u00a0v\u1edbi\u00a0B\u1ed9 D\u1ee5ng C\u1ee5 L\u00e0m S\u1ea1ch X\u00edch Muc-Off X3 Chain Cleaner \u0111\u1ec3 l\u00e0m s\u1ea1ch s\u00e2u ngay c\u1ea3 khi x\u00edch xe b\u1ea9n nh\u1ea5t!<\/p>\n<p><em>L\u01b0u \u00fd: Ch\u1ec9 ph\u1ea7n dung d\u1ecbch c\u00f3 kh\u1ea3 n\u0103ng ph\u00e2n h\u1ee7y sinh h\u1ecdc, b\u00ecnh Dung t\u00edch 500ml m\u1edbi\u00a0\u0111i k\u00e8m n\u1eafp phun x\u1ecbt.\u00a0<\/em><\/p>\n<h2>T\u00cdNH N\u0102NG N\u1ed4I B\u1eacT<\/h2>\n<ul>\n<li>C\u00f4ng th\u1ee9c lo\u1ea1i b\u1ecf c\u00e1c v\u1ebft d\u1ea7u m\u1ee1, c\u1eb7n b\u00e1m m\u1ed9t c\u00e1ch nhanh ch\u00f3ng v\u00e0 hi\u1ec7u qu\u1ea3.<\/li>\n<li>Lo\u1ea1i b\u1ecf s\u1ea1ch t\u1ea5t c\u1ea3 l\u01b0\u1ee3ng d\u1ea7u v\u00e0 s\u00e1p c\u00f2n s\u00f3t l\u1ea1i tr\u00ean x\u00edch xe.<\/li>\n<li>Lo\u1ea1i b\u1ecf an to\u00e0n c\u00e1c ch\u1ea5t b\u1ea9n b\u00e1m tr\u00ean b\u1ed9 truy\u1ec1n \u0111\u1ed9ng.<\/li>\n<li>100% ph\u00e2n h\u1ee7y sinh h\u1ecdc.<\/li>\n<li>Th\u00edch h\u1ee3p s\u1eed d\u1ee5ng chung v\u1edbi d\u1ee5ng c\u1ee5 l\u00e0m s\u1ea1ch x\u00edch.<\/li>\n<li>Ch\u1ee9a trong b\u00ecnh phun x\u1ecbt gi\u00fap s\u1eed d\u1ee5ng d\u1ec5 d\u00e0ng (b\u00ecnh 500ml).<\/li>\n<li>L\u00e0m s\u1ea1ch s\u00e2u t\u1ea5t c\u1ea3 x\u00edch xe, b\u1ed9 truy\u1ec1n \u0111\u1ed9ng ch\u1ec9 trong v\u00e0i gi\u00e2y.<\/li>\n<\/ul>\n<div><\/div>\n<div>\n<p><img decoding=\"async\" src=\"https:\/\/xedop.com\/wp-content\/uploads\/2025\/06\/dung-dich-ve-sinh-bo-truyen-dong-muc-off-bio-drivetrain-cleaner-500ml-1421.jpg\" \/><\/p>\n<\/div>\n<div>\n<table>\n<tbody>\n<tr>\n<td><img decoding=\"async\" src=\"https:\/\/xedop.com\/wp-content\/uploads\/2025\/06\/dung-dich-ve-sinh-bo-truyen-dong-muc-off-bio-drivetrain-cleaner-500ml-1421-1.jpg\" \/><\/td>\n<td><img decoding=\"async\" src=\"https:\/\/xedop.com\/wp-content\/uploads\/2025\/06\/dung-dich-ve-sinh-bo-truyen-dong-muc-off-bio-drivetrain-cleaner-500ml-1421-2.jpg\" \/><\/td>\n<\/tr>\n<tr>\n<td>\n<h3>PH\u00c2N H\u1ee6Y SINH H\u1eccC<\/h3>\n<p>Bao g\u1ed3m c\u00e1c th\u00e0nh ph\u1ea7n ngu\u1ed3n g\u1ed1c t\u1eeb th\u1ef1c v\u1eadt\u00a0v\u00e0 c\u00f3 th\u1ec3 \u0111\u01b0\u1ee3c ph\u00e2n h\u1ee7y t\u1ef1 nhi\u00ean trong v\u00f2ng 27 ng\u00e0y.<\/td>\n<td>\n<h3>C\u00d4NG TH\u1ee8C L\u00c0M S\u1ea0CH NHANH &amp; HI\u1ec6U QU\u1ea2<\/h3>\n<p>R\u1eeda s\u1ea1ch s\u00e2u to\u00e0n b\u1ed9 c\u00e1c b\u1ed9 ph\u1eadn truy\u1ec1n \u0111\u1ed9ng ch\u1ec9 trong v\u00e0i gi\u00e2y.<\/td>\n<\/tr>\n<\/tbody>\n<\/table>\n<\/div>\n<p>&nbsp;<\/p>\n<p><img fetchpriority=\"high\" decoding=\"async\" src=\"https:\/\/xedop.com\/wp-content\/uploads\/2025\/06\/dung-dich-ve-sinh-bo-truyen-dong-muc-off-bio-drivetrain-cleaner-500ml-1421-3.jpg\" width=\"750\" height=\"603\" \/><\/p>\n<h2><\/h2>\n<h2>H\u01af\u1edaNG D\u1eaaN S\u1eec D\u1ee4NG:<\/h2>\n<ol>\n<li>L\u1eafc m\u1ea1nh chai tr\u01b0\u1edbc khi s\u1eed d\u1ee5ng.<\/li>\n<li>X\u1ecbt Dung D\u1ecbch V\u1ec7 Sinh B\u1ed9 Truy\u1ec1n \u0110\u1ed9ng Muc-Off Bio Drivetrain Cleaner tr\u00ean to\u00e0n b\u1ed9 khu v\u1ef1c \u0111\u0129a tr\u01b0\u1edbc, \u0111\u0129a sau, x\u00edch v\u00e0 c\u00f9i \u0111\u1ec1.<\/li>\n<li>\u0110\u1ec3 t\u1ed1i \u0111a 2 ph\u00fat tr\u01b0\u1edbc khi ch\u00e0 b\u00e0n ch\u1ea3i ho\u1eb7c lau c\u00e1c v\u1ebft d\u1ea7u m\u1ee1, c\u1eb7n b\u00e1m ho\u1eb7c b\u1ee5i b\u1ea9n c\u1ee9ng \u0111\u1ea7u. N\u1ebfu s\u1eed d\u1ee5ng v\u1edbi D\u1ee5ng C\u1ee5 L\u00e0m S\u1ea1ch X\u00edch Muc-Off X-3, h\u00e3y th\u00e1o thi\u1ebft b\u1ecb phun v\u00e0 \u0111\u1ed5 v\u00e0o ng\u0103n ch\u1ee9a. G\u1eafn thi\u1ebft b\u1ecb v\u00e0o x\u00edch v\u00e0 xoay b\u00e0n \u0111\u1ea1p theo chi\u1ec1u ng\u01b0\u1ee3c l\u1ea1i trong 4 &#8211; 6 v\u00f2ng quay.<\/li>\n<li>R\u1eeda l\u1ea1i v\u1edbi v\u1edbi n\u01b0\u1edbc s\u1ea1ch \u0111\u1ec3 lo\u1ea1i b\u1ecf t\u1ea5t c\u1ea3 c\u00e1c ch\u1ea5t b\u1ea9n.<\/li>\n<li>Sau khi r\u1eeda s\u1ea1ch, X\u1ecbt th\u00eam Dung d\u1ecbch b\u1ea3o v\u1ec7 xe Muc-Off Bike Protect v\u00e0 Nh\u1edbt x\u00edch xe \u0111\u1ea1p Muc-Off \u0111\u1ec3 \u0111\u1ea1t hi\u1ec7u qu\u1ea3 cao nh\u1ea5t!<\/li>\n<\/ol>\n<p>&nbsp;<\/p>\n<h2>C\u00c2U H\u1eceI TH\u01af\u1edcNG G\u1eb6P<\/h2>\n<p><strong>S\u1ef0 KH\u00c1C BI\u1ec6T GI\u1eeeA BIO CHAIN \u200b\u200bCLEANER V\u00c0 BIO DRIVETRAIN CLEANER?<\/strong><\/p>\n<p>S\u1ef1 kh\u00e1c bi\u1ec7t ch\u00ednh gi\u1eefa hai s\u1ea3n ph\u1ea9m l\u00e0 Bio Drivetrain Cleaner l\u00e0 dung d\u1ecbch t\u1ea9y d\u1ea7u m\u1ee1 d\u1ea1ng l\u1ecfng c\u00f3 th\u1ec3 \u0111\u1ed5 v\u00e0o chai trong khi \u0111\u00f3\u00a0Bio Chain Cleaner\u00a0d\u01b0\u1edbi d\u1ea1ng\u00a0b\u00ecnh x\u1ecbt t\u00e1c d\u1ee5ng nhanh.<\/p>\n<p>Bio Drivetrain Cleaner l\u00e0 dung d\u1ecbch l\u00e0m s\u1ea1ch ho\u00e0n to\u00e0n b\u1ed9 truy\u1ec1n \u0111\u1ed9ng,\u00a0c\u00f3 th\u1ec3 d\u00f9ng c\u00f9ng\u00a0B\u1ed9 D\u1ee5ng C\u1ee5 L\u00e0m S\u1ea1ch X\u00edch X3 ho\u1eb7c phun tr\u1ef1c ti\u1ebfp l\u00ean s\u1ee3i x\u00edch, l\u00edp, b\u1ed9 \u0111\u1ec1 sau \u0111\u1ec3 l\u00e0m s\u1ea1ch ch\u1ec9 trong v\u00f2ng v\u00e0i gi\u00e2y. C\u00f4ng th\u1ee9c lo\u1ea1i b\u1ecf d\u1ea7u, ch\u1ea5t nh\u1eddn nhanh ch\u00f3ng v\u00e0 hi\u1ec7u qu\u1ea3 gi\u00fap lo\u1ea1i b\u1ecf t\u1ea5t c\u1ea3 c\u1eb7n b\u00e1m v\u00e0 s\u00e1p tr\u00ean x\u00edch xe. B\u1ea1n s\u1ebd ng\u1ea1c nhi\u00ean khi th\u1ea5y k\u1ebft qu\u1ea3.<\/p>\n<p>Bio Chain Cleaner \u0111\u01b0\u1ee3c ch\u1ebf t\u1ea1o \u0111\u1eb7c bi\u1ec7t \u0111\u1ec3 lo\u1ea1i b\u1ecf c\u1eb7n b\u00e1m c\u1ee9ng \u0111\u1ea7u m\u1ed9t c\u00e1ch nhanh ch\u00f3ng v\u00e0 an to\u00e0n b\u1eb1ng c\u00e1ch s\u1eed d\u1ee5ng c\u00e1c dung m\u00f4i ti\u00ean ti\u1ebfn. C\u00f4ng th\u1ee9c \u0111\u1ed9c \u0111\u00e1o gi\u00fap x\u00edch, l\u00edp v\u00e0 \u0111\u1ec1 xe t\u1ea9y s\u1ea1ch d\u1ea7u v\u00e0 m\u1ee1, gi\u00fap x\u00edch s\u1ea1ch b\u00f3ng m\u00e0 kh\u00f4ng \u1ea3nh h\u01b0\u1edfng \u0111\u1ebfn m\u00f4i tr\u01b0\u1eddng. N\u00f3 c\u0169ng c\u00f3 th\u1ec3 \u0111\u01b0\u1ee3c s\u1eed d\u1ee5ng v\u1edbi B\u1ed9 D\u1ee5ng C\u1ee5 L\u00e0m S\u1ea1ch X\u00edch Bio Chain Doc gi\u00fap l\u00e0m s\u1ea1ch x\u00edch t\u1ed1i \u01b0u, m\u1ed9t c\u00e1ch d\u1ec5 d\u00e0ng!<\/p>\n<p><strong>T\u00d4I C\u00d3 TH\u1ec2 S\u1eec D\u1ee4NG CHAI BIO DRIVETRAIN \u0110\u1ed4 TR\u1ef0C TI\u1ebeP V\u00c0O D\u1ee4NG C\u1ee4 L\u00c0M S\u1ea0CH X\u00cdCH X-3 \u0110\u01af\u1ee2C KH\u00d4NG?<\/strong><\/p>\n<p>Ch\u00fang t\u00f4i khuy\u1ebfn ngh\u1ecb b\u1ea1n n\u00ean gi\u1eef l\u1ea1i chai 75ml \u0111i k\u00e8m v\u1edbi\u00a0B\u1ed9 D\u1ee5ng C\u1ee5 L\u00e0m S\u1ea1ch X\u00edch X3\u00a0v\u00e0 \u0111\u1ed5 \u0111\u1ea7y v\u00e0o chai\u00a075ml n\u00e0y, v\u00ec \u0111\u1ea7u chai \u0111\u01b0\u1ee3c thi\u1ebft k\u1ebf \u0111\u1eb7c bi\u1ec7t cho m\u1ee5c \u0111\u00edch s\u1eed d\u1ee5ng n\u00e0y!<\/p>\n","protected":false},"excerpt":{"rendered":"<p>Dung D\u1ecbch V\u1ec7 Sinh B\u1ed9 Truy\u1ec1n \u0110\u1ed9ng Muc-Off Bio Drivetrain Cleaner l\u00e0 gi\u1ea3i ph\u00e1p l\u00e0m s\u1ea1ch b\u1ed9 truy\u1ec1n \u0111\u1ed9ng, c\u00f3 th\u1ec3\u00a0phun tr\u1ef1c ti\u1ebfp v\u00e0o \u0111\u0129a tr\u01b0\u1edbc,<span class=\"excerpt-hellip\"> [\u2026]<\/span><\/p>\n","protected":false},"featured_media":1422,"comment_status":"closed","ping_status":"closed","template":"","meta":[],"product_cat":[80],"product_tag":[],"class_list":["post-1421","product","type-product","status-publish","has-post-thumbnail","hentry","product_cat-ve-sinh"],"_links":{"self":[{"href":"https:\/\/xedop.com\/en\/wp-json\/wp\/v2\/product\/1421","targetHints":{"allow":["GET"]}}],"collection":[{"href":"https:\/\/xedop.com\/en\/wp-json\/wp\/v2\/product"}],"about":[{"href":"https:\/\/xedop.com\/en\/wp-json\/wp\/v2\/types\/product"}],"replies":[{"embeddable":true,"href":"https:\/\/xedop.com\/en\/wp-json\/wp\/v2\/comments?post=1421"}],"version-history":[{"count":1,"href":"https:\/\/xedop.com\/en\/wp-json\/wp\/v2\/product\/1421\/revisions"}],"predecessor-version":[{"id":1432,"href":"https:\/\/xedop.com\/en\/wp-json\/wp\/v2\/product\/1421\/revisions\/1432"}],"wp:featuredmedia":[{"embeddable":true,"href":"https:\/\/xedop.com\/en\/wp-json\/wp\/v2\/media\/1422"}],"wp:attachment":[{"href":"https:\/\/xedop.com\/en\/wp-json\/wp\/v2\/media?parent=1421"}],"wp:term":[{"taxonomy":"product_cat","embeddable":true,"href":"https:\/\/xedop.com\/en\/wp-json\/wp\/v2\/product_cat?post=1421"},{"taxonomy":"product_tag","embeddable":true,"href":"https:\/\/xedop.com\/en\/wp-json\/wp\/v2\/product_tag?post=1421"}],"curies":[{"name":"wp","href":"https:\/\/api.w.org\/{rel}","templated":true}]}}