{"id":1464,"date":"2025-06-04T18:54:34","date_gmt":"2025-06-04T11:54:34","guid":{"rendered":"https:\/\/xedop.com\/?post_type=product&#038;p=1464"},"modified":"2025-06-04T18:54:36","modified_gmt":"2025-06-04T11:54:36","slug":"binh-xit-tay-rua-xich-muc-off-bio-chain-cleaner-400ml","status":"publish","type":"product","link":"https:\/\/xedop.com\/en\/san-pham\/binh-xit-tay-rua-xich-muc-off-bio-chain-cleaner-400ml\/","title":{"rendered":"B\u00ecnh x\u1ecbt t\u1ea9y r\u1eeda x\u00edch Muc-Off Bio Chain Cleaner 400ml"},"content":{"rendered":"<p>Ch\u1ea5t T\u1ea9y R\u1eeda X\u00cdch Muc-Off Bio Chain Cleaner v\u1edbi c\u00f4ng th\u1ee9c \u0111\u1eb7c bi\u1ec7t lo\u1ea1i b\u1ecf nhanh ch\u00f3ng v\u00e0 an to\u00e0n b\u1ee5i b\u1ea9n v\u00e0 c\u1eb7n b\u00e1m tr\u00ean x\u00edch xe gi\u00fap x\u00edch xe s\u1ea1ch b\u00f3ng v\u00e0 kh\u00f4ng g\u00e2y \u00f4 nhi\u1ec5m m\u00f4i tr\u01b0\u1eddng.<\/p>\n<p>\u0110\u1ec3 \u0111\u1ea1t hi\u1ec7u qu\u1ea3 t\u1ed1i \u01b0u, b\u1ea1n lu\u00f4n c\u00f3 th\u1ec3 s\u1eed d\u1ee5ng k\u00e8m\u00a0D\u1ee5ng C\u1ee5 L\u00e0m S\u1ea1ch X\u00edch Muc-Off Bio Chain Doc cho vi\u1ec7c v\u1ec7 sinh v\u00e0 b\u1ea3o qu\u1ea3n x\u00edch.<\/p>\n<h2>T\u00cdNH N\u0102NG N\u1ed4I B\u1eacT<\/h2>\n<ul>\n<li>Lo\u1ea1i b\u1ecf c\u00e1c ch\u1ea5t b\u1ea9n, b\u1ee5i b\u00e1m, d\u1ea7u c\u1eb7n tr\u00ean x\u00edch xe m\u1ed9t c\u00e1ch nhanh ch\u00f3ng.<\/li>\n<li>Th\u00edch h\u1ee3p s\u1eed d\u1ee5ng cho t\u1ea5t c\u1ea3 c\u00e1c lo\u1ea1i x\u00edch xe.<\/li>\n<li>C\u00f4ng th\u1ee9c h\u00f2a tan trong n\u01b0\u1edbc d\u1ec5 d\u00e0ng r\u1eeda s\u1ea1ch.<\/li>\n<li>Lo\u1ea1i b\u1ecf d\u1ea7u m\u1ee1 \u0111\u1ec3 gi\u1ea3m ma s\u00e1t.<\/li>\n<li>Lo\u1ea1i b\u1ecf c\u00e1c c\u1eb7n b\u00e1m tr\u00ean x\u00edch m\u1ed9t c\u00e1ch an to\u00e0n.<\/li>\n<li>100% ph\u00e2n h\u1ee7y sinh h\u1ecdc. (ch\u1ec9 ph\u1ea7n dung d\u1ecbch x\u1ecbt)<\/li>\n<li>T\u01b0\u01a1ng th\u00edch v\u1edbi Muc-Off Bio Chain Doc.<\/li>\n<li>Th\u00edch h\u1ee3p cho xe, MTB v\u00e0 Cyclocross.<\/li>\n<\/ul>\n<p><em>* CH\u00da \u00dd: B\u00ecnh x\u1ecbt d\u1ec5 ch\u00e1y, \u00e1p su\u1ea5t b\u00ecnh ch\u1ee9a c\u00f3 th\u1ec3 g\u00e2y n\u1ed5 n\u1ebfu b\u1ecb \u0111\u1ed1t n\u00f3ng. Tr\u00e1nh xa t\u1ea7m tay tr\u1ebb em.\u00a0<\/em><\/p>\n<div><\/div>\n<div>\n<p><img decoding=\"async\" src=\"https:\/\/xedop.com\/wp-content\/uploads\/2025\/06\/binh-xit-tay-rua-xich-muc-off-bio-chain-cleaner-400ml-1464.jpg\" \/><\/p>\n<\/div>\n<div>\n<table>\n<tbody>\n<tr>\n<td><img decoding=\"async\" src=\"https:\/\/xedop.com\/wp-content\/uploads\/2025\/06\/binh-xit-tay-rua-xich-muc-off-bio-chain-cleaner-400ml-1464-1.jpg\" \/><\/td>\n<td><img decoding=\"async\" src=\"https:\/\/xedop.com\/wp-content\/uploads\/2025\/06\/binh-xit-tay-rua-xich-muc-off-bio-chain-cleaner-400ml-1464-2.jpg\" \/><\/td>\n<\/tr>\n<tr>\n<td>\n<h3>LO\u1ea0I B\u1ece M\u1eccI C\u1eb6N B\u00c1M<\/h3>\n<p>D\u1ec5 d\u00e0ng lo\u1ea1i b\u1ecf c\u00e1c ch\u1ea5t b\u1ea9n, b\u1ee5i b\u00e1m, d\u1ea7u c\u1eb7n c\u1ee9ng \u0111\u1ea7u tr\u00ean x\u00edch xe m\u1ed9t c\u00e1ch nhanh ch\u00f3ng \u0111\u1ec3 gi\u1ea3m ma s\u00e1t.<\/td>\n<td>\n<h3>GI\u00daP X\u00cdCH S\u1ea0CH B\u00d3NG<\/h3>\n<p>C\u00f4ng th\u1ee9c h\u00f2a tan trong n\u01b0\u1edbc gi\u00fap d\u1ec5 d\u00e0ng r\u1eeda s\u1ea1ch, lo\u1ea1i b\u1ecf ch\u1ea5t b\u1ea9n tr\u00ean x\u00edch m\u1ed9t c\u00e1ch an to\u00e0n, gi\u00fap x\u00edch lu\u00f4n s\u1ea1ch b\u00f3ng.<\/td>\n<\/tr>\n<\/tbody>\n<\/table>\n<\/div>\n<p>&nbsp;<\/p>\n<h2>H\u01af\u1edaNG D\u1eaaN S\u1eec D\u1ee4NG:<\/h2>\n<ul>\n<li>B\u01b0\u1edbc 1 &#8211; R\u1eeda s\u1ea1ch khu v\u1ef1c \u1ed5 \u0111\u0129a l\u00edp tr\u01b0\u1edbc khi x\u1ecbt.<\/li>\n<li>B\u01b0\u1edbc 2 &#8211; X\u1ecbt Ch\u1ea5t T\u1ea9y R\u1eeda X\u00edch Muc-Off Bio Chain Cleaner khu v\u1ef1c x\u00edch t\u1ea1i \u1ed5 \u0111\u0129a \u1ed5 l\u00edp. C\u1ea1o s\u1ea1ch c\u1eb7n b\u00e1m b\u1eb1ng b\u00e0n ch\u1ea3i ho\u1eb7c mi\u1ebfng b\u1ecdt bi\u1ec3n.<\/li>\n<li>B\u01b0\u1edbc 3 &#8211; R\u1eeda l\u1ea1i b\u1eb1ng n\u01b0\u1edbc s\u1ea1ch.<\/li>\n<\/ul>\n<p>&nbsp;<\/p>\n<h2>C\u00c2U H\u1eceI TH\u01af\u1edcNG G\u1eb6P<\/h2>\n<p><strong>S\u1ef0 KH\u00c1C BI\u1ec6T GI\u1eeeA BIO CHAIN \u200b\u200bCLEANER V\u00c0 BIO DRIVETRAIN CLEANER?<\/strong><\/p>\n<p>S\u1ef1 kh\u00e1c bi\u1ec7t ch\u00ednh gi\u1eefa hai s\u1ea3n ph\u1ea9m l\u00e0 Bio Drivetrain Cleaner l\u00e0 dung d\u1ecbch t\u1ea9y d\u1ea7u m\u1ee1 d\u1ea1ng l\u1ecfng c\u00f3 th\u1ec3 \u0111\u1ed5 v\u00e0o chai trong khi \u0111\u00f3\u00a0<a href=\"https:\/\/muc-off.com.vn\/products\/binh-xit-tay-rua-sen\" target=\"_blank\" rel=\"noopener\">Bio Chain Cleaner<\/a>\u00a0d\u01b0\u1edbi d\u1ea1ng\u00a0b\u00ecnh x\u1ecbt t\u00e1c d\u1ee5ng nhanh.<\/p>\n<p>Bio Drivetrain Cleaner l\u00e0 dung d\u1ecbch l\u00e0m s\u1ea1ch ho\u00e0n to\u00e0n b\u1ed9 truy\u1ec1n \u0111\u1ed9ng,\u00a0c\u00f3 th\u1ec3 d\u00f9ng c\u00f9ng\u00a0B\u1ed9 D\u1ee5ng C\u1ee5 L\u00e0m S\u1ea1ch X\u00edch X3 ho\u1eb7c phun tr\u1ef1c ti\u1ebfp l\u00ean s\u1ee3i x\u00edch, l\u00edp, b\u1ed9 \u0111\u1ec1 sau \u0111\u1ec3 l\u00e0m s\u1ea1ch ch\u1ec9 trong v\u00f2ng v\u00e0i gi\u00e2y. C\u00f4ng th\u1ee9c lo\u1ea1i b\u1ecf d\u1ea7u, ch\u1ea5t nh\u1eddn nhanh ch\u00f3ng v\u00e0 hi\u1ec7u qu\u1ea3 gi\u00fap lo\u1ea1i b\u1ecf t\u1ea5t c\u1ea3 c\u1eb7n b\u00e1m v\u00e0 s\u00e1p tr\u00ean x\u00edch xe. B\u1ea1n s\u1ebd ng\u1ea1c nhi\u00ean khi th\u1ea5y k\u1ebft qu\u1ea3.<\/p>\n<p>Bio Chain Cleaner \u0111\u01b0\u1ee3c ch\u1ebf t\u1ea1o \u0111\u1eb7c bi\u1ec7t \u0111\u1ec3 lo\u1ea1i b\u1ecf c\u1eb7n b\u00e1m c\u1ee9ng \u0111\u1ea7u m\u1ed9t c\u00e1ch nhanh ch\u00f3ng v\u00e0 an to\u00e0n b\u1eb1ng c\u00e1ch s\u1eed d\u1ee5ng c\u00e1c dung m\u00f4i ti\u00ean ti\u1ebfn. C\u00f4ng th\u1ee9c \u0111\u1ed9c \u0111\u00e1o gi\u00fap x\u00edch, l\u00edp v\u00e0 \u0111\u1ec1 xe t\u1ea9y s\u1ea1ch d\u1ea7u v\u00e0 m\u1ee1, gi\u00fap x\u00edch s\u1ea1ch b\u00f3ng m\u00e0 kh\u00f4ng \u1ea3nh h\u01b0\u1edfng \u0111\u1ebfn m\u00f4i tr\u01b0\u1eddng. N\u00f3 c\u0169ng c\u00f3 th\u1ec3 \u0111\u01b0\u1ee3c s\u1eed d\u1ee5ng v\u1edbi B\u1ed9 D\u1ee5ng C\u1ee5 L\u00e0m S\u1ea1ch X\u00edch Bio Chain Doc gi\u00fap l\u00e0m s\u1ea1ch x\u00edch t\u1ed1i \u01b0u, m\u1ed9t c\u00e1ch d\u1ec5 d\u00e0ng!<\/p>\n","protected":false},"excerpt":{"rendered":"<p>Ch\u1ea5t T\u1ea9y R\u1eeda X\u00cdch Muc-Off Bio Chain Cleaner v\u1edbi c\u00f4ng th\u1ee9c \u0111\u1eb7c bi\u1ec7t lo\u1ea1i b\u1ecf nhanh ch\u00f3ng v\u00e0 an to\u00e0n b\u1ee5i b\u1ea9n v\u00e0 c\u1eb7n b\u00e1m tr\u00ean<span class=\"excerpt-hellip\"> [\u2026]<\/span><\/p>\n","protected":false},"featured_media":1465,"comment_status":"closed","ping_status":"closed","template":"","meta":[],"product_cat":[80],"product_tag":[],"class_list":["post-1464","product","type-product","status-publish","has-post-thumbnail","hentry","product_cat-ve-sinh"],"_links":{"self":[{"href":"https:\/\/xedop.com\/en\/wp-json\/wp\/v2\/product\/1464","targetHints":{"allow":["GET"]}}],"collection":[{"href":"https:\/\/xedop.com\/en\/wp-json\/wp\/v2\/product"}],"about":[{"href":"https:\/\/xedop.com\/en\/wp-json\/wp\/v2\/types\/product"}],"replies":[{"embeddable":true,"href":"https:\/\/xedop.com\/en\/wp-json\/wp\/v2\/comments?post=1464"}],"version-history":[{"count":1,"href":"https:\/\/xedop.com\/en\/wp-json\/wp\/v2\/product\/1464\/revisions"}],"predecessor-version":[{"id":1473,"href":"https:\/\/xedop.com\/en\/wp-json\/wp\/v2\/product\/1464\/revisions\/1473"}],"wp:featuredmedia":[{"embeddable":true,"href":"https:\/\/xedop.com\/en\/wp-json\/wp\/v2\/media\/1465"}],"wp:attachment":[{"href":"https:\/\/xedop.com\/en\/wp-json\/wp\/v2\/media?parent=1464"}],"wp:term":[{"taxonomy":"product_cat","embeddable":true,"href":"https:\/\/xedop.com\/en\/wp-json\/wp\/v2\/product_cat?post=1464"},{"taxonomy":"product_tag","embeddable":true,"href":"https:\/\/xedop.com\/en\/wp-json\/wp\/v2\/product_tag?post=1464"}],"curies":[{"name":"wp","href":"https:\/\/api.w.org\/{rel}","templated":true}]}}