{"id":1548,"date":"2026-02-24T08:30:28","date_gmt":"2026-02-24T01:30:28","guid":{"rendered":"https:\/\/xedop.com\/?post_type=product&#038;p=1548"},"modified":"2026-02-24T08:39:54","modified_gmt":"2026-02-24T01:39:54","slug":"dong-ho-do-toc-do-cateye-cc-pa100w-padrone-1604025n-usa","status":"publish","type":"product","link":"https:\/\/xedop.com\/en\/san-pham\/dong-ho-do-toc-do-cateye-cc-pa100w-padrone-1604025n-usa\/","title":{"rendered":"\u0110\u1ed3ng h\u1ed3 \u0111o t\u1ed1c \u0111\u1ed9 CatEye CC-PA100W Padrone 1604025N &#8211; USA"},"content":{"rendered":"<p>Th\u00f4ng s\u1ed1 hi\u1ec3n th\u1ecb:<\/p>\n<p>&nbsp;<\/p>\n<table border=\"1\" cellspacing=\"1\" cellpadding=\"1\">\n<tbody>\n<tr>\n<td>Speed\/T\u1ed1c \u0111\u1ed9<\/td>\n<td>Current(Hi\u1ec7n th\u1eddi)\/ Average(Trung b\u00ecnh)\/ Maximun(T\u1ed1i \u0111a)<\/td>\n<td>Programmable\/Customizable Display<\/td>\n<td>No<\/td>\n<\/tr>\n<tr>\n<td>Cadence\/H\u00e0nh tr\u00ecnh<\/td>\n<td>No<\/td>\n<td>Backlight<\/td>\n<td>No<\/td>\n<\/tr>\n<tr>\n<td>Heart Rate\/Nh\u1ecbp tim<\/td>\n<td>No<\/td>\n<td>CLicktec<\/td>\n<td>Yes<\/td>\n<\/tr>\n<tr>\n<td>Trip Distance\/Qu\u00e3ng \u0111\u01b0\u1eddng<\/td>\n<td>Yes<\/td>\n<td>Pace Arrow<\/td>\n<td>Speed<\/td>\n<\/tr>\n<tr>\n<td>Total Distance\/T\u1ed5ng kho\u1ea3ng c\u00e1ch<\/td>\n<td>Yes<\/td>\n<td>Alarrn<\/td>\n<td>No<\/td>\n<\/tr>\n<tr>\n<td>Elapsed Time\/ Th\u1eddi gian tr\u00f4i qua<\/td>\n<td>Yes(Th\u1eddi gian chuy\u1ec3n \u0111\u1ed9ng)<\/td>\n<td>Start\/Stop<\/td>\n<td>Auto<\/td>\n<\/tr>\n<tr>\n<td>Total Time\/ T\u1ed5ng th\u1eddi gian<\/td>\n<td>No<\/td>\n<td>Odometer Manual Set<\/td>\n<td>Yes<\/td>\n<\/tr>\n<tr>\n<td>Countdown\/\u0110\u1ebfm ng\u01b0\u1ee3c<\/td>\n<td>No<\/td>\n<td>Menu Screen<\/td>\n<td>Yes<\/td>\n<\/tr>\n<tr>\n<td>Clock\/Date( \u0110\u1ed3ng h\u1ed3\/ Ng\u00e0y)<\/td>\n<td>12,24<\/td>\n<td>Dual Tire Size<\/td>\n<td>No<\/td>\n<\/tr>\n<tr>\n<td>Altitude\/\u0110\u1ed9 cao<\/td>\n<td>No<\/td>\n<td>Battery Indicator<\/td>\n<td>Yes<\/td>\n<\/tr>\n<tr>\n<td>Calorie Consumption\/ Calorie ti\u00eau th\u1ee5<\/td>\n<td>No<\/td>\n<td>FlexTight<\/td>\n<td>Yes<\/td>\n<\/tr>\n<tr>\n<td>Carbon offset\/Carbon b\u00f9 \u0111\u1eafp<\/td>\n<td>No<\/td>\n<td>Mounting Position<\/td>\n<td>Stem\/Handlebar<\/td>\n<\/tr>\n<tr>\n<td>Lap<\/td>\n<td>No<\/td>\n<td>Rear Speed Sensor<\/td>\n<td>ISCTec<\/td>\n<\/tr>\n<tr>\n<td>Other\/Hi\u1ec3n th\u1ecb kh\u00e1c<\/td>\n<td>No<\/td>\n<td>Automatic 2nd Bike sensor recognition<\/td>\n<td>No<\/td>\n<\/tr>\n<tr>\n<td>File or Data View( Th\u00f4ng tin v\u00e0 d\u1eef li\u1ec7u)<\/td>\n<td>No<\/td>\n<td>Other<\/td>\n<td>Stop watch<\/td>\n<\/tr>\n<tr>\n<td>Wireless Sensor<\/td>\n<td>Speed<\/td>\n<td>Power<\/td>\n<\/tr>\n<\/tbody>\n<\/table>\n<p>&nbsp;<\/p>\n<p>CATEYE Co..,Ltd. ALL RIGHTS RESERVED&#8212;&#8212;&#8212;&#8212;&#8212;&#8212;&#8212;&#8212;&#8212;&#8212;&#8212;&#8212;&#8212;&#8212;&#8212;&#8212;&#8212;&#8212;&#8212;&#8212;&#8212;&#8212;&#8212;&#8212;&#8212;&#8212;&#8212;&#8212;&#8212;&#8212;&#8212;&#8212;&#8212;&#8212;&#8212;&#8212;&#8212;&#8212;<\/p>\n<p>CATEYE\u00a0l\u00e0 th\u01b0\u01a1ng hi\u1ec7u ph\u1ee5 ki\u1ec7n xe \u0111\u1ea1p th\u1ec3 thao s\u1ed1 1 Th\u1ebf gi\u1edbi \u0111\u1ebfn t\u1eeb Nh\u1eadt B\u1ea3n. Cateye chuy\u00ean cung c\u1ea5p d\u00f2ng ph\u1ee5 ki\u1ec7n: \u0111\u1ed3ng h\u1ed3 t\u1ed1c \u0111\u1ed9 th\u00f4ng minh, c\u1ea3m bi\u1ebfn chuy\u1ec3n \u0111\u1ed9ng, \u0111\u00e8n xe \u0111\u1ea1p, chu\u00f4ng &amp; g\u1ecdng b\u00ecnh n\u01b0\u1edbc\u2026<\/p>\n<p>&nbsp;<\/p>\n<p>V\u1edbi kinh nghi\u1ec7m kinh doanh, quy m\u00f4 l\u1edbn v\u00e0 uy t\u00edn tr\u00ean 5\u00a0n\u0103m \u0111\u01b0\u1ee3c kh\u1eb3ng \u0111\u1ecbnh tr\u00ean th\u1ecb tr\u01b0\u1eddng, H\u1ec7 th\u1ed1ng X\u1ebe \u0110\u1ed8P\u00a0h\u00e2n h\u1ea1nh tr\u1edf th\u00e0nh Nh\u00e0 Ph\u00e2n Ph\u1ed1i ch\u00ednh th\u1ef1c v\u00e0 \u0111\u1ed9c quy\u1ec1n Th\u01b0\u01a1ng hi\u1ec7u CATEYE\u00a0t\u1ea1i Vi\u1ec7t Nam.<\/p>\n<p>&nbsp;<\/p>\n<p>C\u00e1c s\u1ea3n ph\u1ea9m ph\u00e2n ph\u1ed1i bao g\u1ed3m: \u0111\u1ed3ng h\u1ed3 t\u1ed1c \u0111\u1ed9 th\u00f4ng minh, c\u1ea3m bi\u1ebfn chuy\u1ec3n \u0111\u1ed9ng, \u0111\u00e8n xe \u0111\u1ea1p, \u0111\u00e8n c\u00e0nh b\u00e1o,\u00a0chu\u00f4ng &amp; g\u1ecdng b\u00ecnh n\u01b0\u1edbc\u2026 S\u1ea3n ph\u1ea9m \u0111\u01b0\u1ee3c b\u1ea3o h\u00e0nh \u0111\u1ed5i m\u1edbi d\u00e0i h\u1ea1n (2 n\u0103m 1 \u0111\u1ed5i 1 v\u1edbi c\u00e1c thi\u1ebft b\u1ecb \u0111i\u1ec7n t\u1eed, \u0111\u1ed3ng h\u1ed3 t\u1ed1c \u0111\u1ed9, c\u1ea3m bi\u1ebfn gia t\u1ed1c, v\u00f2ng tua, c\u1ea3m bi\u1ebfn nh\u1ecbp tim\u2026)<\/p>\n<p>&nbsp;<\/p>\n<p>T\u1ea5t c\u1ea3 c\u00e1c s\u1ea3n ph\u1ea9m \u0111\u01b0\u1ee3c ph\u00e2n ph\u1ed1i s\u1ec9 v\u00e0 l\u1ebb, \u0111\u1ea3m b\u1ea3o ch\u00ednh h\u00e3ng Cateye Nh\u1eadt B\u1ea3n (\u0110\u1ea7y \u0111\u1ee7 h\u00f3a \u0111\u01a1n, ngu\u1ed3n g\u1ed1c, ti\u00eau chu\u1ea9n ch\u1ea5t l\u01b0\u1ee3ng\u2026)<\/p>\n<p>Tham kh\u1ea3o th\u00eam v\u1ec1 Cateye:\u00a0<a href=\"http:\/\/cateye.com\/\" target=\"_blank\" rel=\"noopener\">http:\/\/cateye.com<\/a><\/p>\n","protected":false},"excerpt":{"rendered":"<p>Th\u00f4ng s\u1ed1 hi\u1ec3n th\u1ecb: &nbsp; Speed\/T\u1ed1c \u0111\u1ed9 Current(Hi\u1ec7n th\u1eddi)\/ Average(Trung b\u00ecnh)\/ Maximun(T\u1ed1i \u0111a) Programmable\/Customizable Display No Cadence\/H\u00e0nh tr\u00ecnh No Backlight No Heart Rate\/Nh\u1ecbp tim No CLicktec<span class=\"excerpt-hellip\"> [\u2026]<\/span><\/p>\n","protected":false},"featured_media":1549,"comment_status":"closed","ping_status":"closed","template":"","meta":[],"product_cat":[86],"product_tag":[],"class_list":["post-1548","product","type-product","status-publish","has-post-thumbnail","hentry","product_cat-dong-ho-do-toc-do"],"_links":{"self":[{"href":"https:\/\/xedop.com\/en\/wp-json\/wp\/v2\/product\/1548","targetHints":{"allow":["GET"]}}],"collection":[{"href":"https:\/\/xedop.com\/en\/wp-json\/wp\/v2\/product"}],"about":[{"href":"https:\/\/xedop.com\/en\/wp-json\/wp\/v2\/types\/product"}],"replies":[{"embeddable":true,"href":"https:\/\/xedop.com\/en\/wp-json\/wp\/v2\/comments?post=1548"}],"version-history":[{"count":1,"href":"https:\/\/xedop.com\/en\/wp-json\/wp\/v2\/product\/1548\/revisions"}],"predecessor-version":[{"id":1551,"href":"https:\/\/xedop.com\/en\/wp-json\/wp\/v2\/product\/1548\/revisions\/1551"}],"wp:featuredmedia":[{"embeddable":true,"href":"https:\/\/xedop.com\/en\/wp-json\/wp\/v2\/media\/1549"}],"wp:attachment":[{"href":"https:\/\/xedop.com\/en\/wp-json\/wp\/v2\/media?parent=1548"}],"wp:term":[{"taxonomy":"product_cat","embeddable":true,"href":"https:\/\/xedop.com\/en\/wp-json\/wp\/v2\/product_cat?post=1548"},{"taxonomy":"product_tag","embeddable":true,"href":"https:\/\/xedop.com\/en\/wp-json\/wp\/v2\/product_tag?post=1548"}],"curies":[{"name":"wp","href":"https:\/\/api.w.org\/{rel}","templated":true}]}}