{"id":1583,"date":"2026-03-05T16:20:51","date_gmt":"2026-03-05T09:20:51","guid":{"rendered":"https:\/\/xedop.com\/?post_type=product&#038;p=1583"},"modified":"2026-03-07T09:55:41","modified_gmt":"2026-03-07T02:55:41","slug":"dong-ho-do-toc-do-cateye-cc-vl820-velo-9-1603300","status":"publish","type":"product","link":"https:\/\/xedop.com\/en\/san-pham\/dong-ho-do-toc-do-cateye-cc-vl820-velo-9-1603300\/","title":{"rendered":"\u0110\u1ed3ng h\u1ed3 \u0111o t\u1ed1c \u0111\u1ed9 Cateye CC-VL820 Velo 9 1603300"},"content":{"rendered":"<p><span dir=\"auto\">Velo 9 \u0111\u01b0\u1ee3c thi\u1ebft k\u1ebf m\u1edbi l\u00e0 d\u00f2ng m\u00e1y t\u00ednh 9 ch\u1ee9c n\u0103ng c\u01a1 b\u1ea3n c\u1ee7a CatEye. M\u00e0n h\u00ecnh l\u1edbn h\u01a1n, d\u1ec5 \u0111\u1ecdc h\u01a1n v\u00e0 vi\u1ec7c thi\u1ebft l\u1eadp c\u0169ng \u0111\u01a1n gi\u1ea3n h\u01a1n v\u1edbi c\u00e1c th\u00f4ng s\u1ed1 k\u00edch th\u01b0\u1edbc l\u1ed1p \u0111\u01b0\u1ee3c l\u1eadp tr\u00ecnh s\u1eb5n.<\/span><\/p>\n<p class=\"p1\"><strong><span dir=\"auto\">Ch\u1ee9c n\u0103ng<\/span><\/strong><\/p>\n<ul>\n<li class=\"p1\"><span dir=\"auto\">T\u1ed1c \u0111\u1ed9 hi\u1ec7n t\u1ea1i<\/span><\/li>\n<li class=\"p1\"><span dir=\"auto\">T\u1ed1c \u0111\u1ed9 t\u1ed1i \u0111a<\/span><\/li>\n<li class=\"p1\"><span dir=\"auto\">T\u1ed1c \u0111\u1ed9 trung b\u00ecnh<\/span><\/li>\n<li class=\"p1\"><span dir=\"auto\">Kho\u1ea3ng c\u00e1ch chuy\u1ebfn \u0111i<\/span><\/li>\n<li class=\"p1\"><span dir=\"auto\">T\u1ed5ng kho\u1ea3ng c\u00e1ch<\/span><\/li>\n<li class=\"p1\"><span dir=\"auto\">Th\u1eddi gian tr\u00f4i qua<\/span><\/li>\n<li class=\"p1\"><span dir=\"auto\">L\u01b0\u1ee3ng calo ti\u00eau th\u1ee5<\/span><\/li>\n<li class=\"p1\"><span dir=\"auto\">B\u00f9 tr\u1eeb carbon<\/span><\/li>\n<li class=\"p1\"><span dir=\"auto\">C\u00e1i \u0111\u1ed3ng h\u1ed3<\/span><\/li>\n<\/ul>\n<p class=\"p1\"><strong><span dir=\"auto\">\u0110\u1eb7c tr\u01b0ng<\/span><\/strong><\/p>\n<ul>\n<li class=\"p1\"><span dir=\"auto\">T\u1ef1 \u0111\u1ed9ng kh\u1edfi \u0111\u1ed9ng\/d\u1eebng<\/span><\/li>\n<li class=\"p1\"><span dir=\"auto\">M\u0169i t\u00ean t\u1ed1c \u0111\u1ed9<\/span><\/li>\n<li class=\"p1\"><span dir=\"auto\">K\u00edch th\u01b0\u1edbc l\u1ed1p \u0111\u01a1n gi\u1ea3n<\/span><\/li>\n<li class=\"p1\"><span dir=\"auto\">\u0110\u1ed3ng h\u1ed3 \u0111o qu\u00e3ng \u0111\u01b0\u1eddng c\u00f3 th\u1ec3 l\u1eadp tr\u00ecnh<\/span><\/li>\n<li class=\"p1\"><span dir=\"auto\">Gi\u00e1 \u0111\u1ee1 g\u1eafn b\u1eb1ng d\u00e2y r\u00fat t\u01b0\u01a1ng th\u00edch v\u1edbi gi\u00e1 \u0111\u1ee1 \u0111a n\u0103ng FlexTight\u2122<\/span><\/li>\n<\/ul>\n<p>Th\u00f4ng s\u1ed1 k\u0129 thu\u1eadt hi\u1ec3n th\u1ecb:<\/p>\n<p>&nbsp;<\/p>\n<table border=\"1\" cellspacing=\"1\" cellpadding=\"1\">\n<tbody>\n<tr>\n<td>Speed\/T\u1ed1c \u0111\u1ed9<\/td>\n<td>Current(Hi\u1ec7n th\u1eddi)\/ Average(Trung b\u00ecnh)\/ Maximun(T\u1ed1i \u0111a)<\/td>\n<td>Programmable\/Customizable Display<\/td>\n<td>No<\/td>\n<\/tr>\n<tr>\n<td>Cadence\/H\u00e0nh tr\u00ecnh<\/td>\n<td>No<\/td>\n<td>Backlight<\/td>\n<td>No<\/td>\n<\/tr>\n<tr>\n<td>Heart Rate\/Nh\u1ecbp tim<\/td>\n<td>No<\/td>\n<td>CLicktec<\/td>\n<td>No<\/td>\n<\/tr>\n<tr>\n<td>Trip Distance\/Qu\u00e3ng \u0111\u01b0\u1eddng<\/td>\n<td>Yes<\/td>\n<td>Pace Arrow<\/td>\n<td>Speed<\/td>\n<\/tr>\n<tr>\n<td>Total Distance\/T\u1ed5ng kho\u1ea3ng c\u00e1ch<\/td>\n<td>Yes<\/td>\n<td>Alarrn<\/td>\n<td>No<\/td>\n<\/tr>\n<tr>\n<td>Elapsed Time\/ Th\u1eddi gian tr\u00f4i qua<\/td>\n<td>Yes(Th\u1eddi gian chuy\u1ec3n \u0111\u1ed9ng)<\/td>\n<td>Start\/Stop<\/td>\n<td>Auto<\/td>\n<\/tr>\n<tr>\n<td>Total Time\/ T\u1ed5ng th\u1eddi gian<\/td>\n<td>No<\/td>\n<td>Odometer Manual Set<\/td>\n<td>Yes<\/td>\n<\/tr>\n<tr>\n<td>Countdown\/\u0110\u1ebfm ng\u01b0\u1ee3c<\/td>\n<td>No<\/td>\n<td>Menu Screen<\/td>\n<td>Yes<\/td>\n<\/tr>\n<tr>\n<td>Clock\/Date( \u0110\u1ed3ng h\u1ed3\/ Ng\u00e0y)<\/td>\n<td>12,24<\/td>\n<td>Dual Tire Size<\/td>\n<td>No<\/td>\n<\/tr>\n<tr>\n<td>Altitude\/\u0110\u1ed9 cao<\/td>\n<td>No<\/td>\n<td>Battery Indicator<\/td>\n<td>No<\/td>\n<\/tr>\n<tr>\n<td>Calorie Consumption\/ Calorie ti\u00eau th\u1ee5<\/td>\n<td>Yes<\/td>\n<td>FlexTight<\/td>\n<td>Compatible<\/td>\n<\/tr>\n<tr>\n<td>Carbon offset\/Carbon b\u00f9 \u0111\u1eafp<\/td>\n<td>No<\/td>\n<td>Mounting Position<\/td>\n<td>Stem\/Handlebar<\/td>\n<\/tr>\n<tr>\n<td>Lap<\/td>\n<td>No<\/td>\n<td>Rear Speed Sensor<\/td>\n<td>No<\/td>\n<\/tr>\n<tr>\n<td>Other\/Hi\u1ec3n th\u1ecb kh\u00e1c<\/td>\n<td>No<\/td>\n<td>Automatic 2nd Bike sensor recognition<\/td>\n<td>No<\/td>\n<\/tr>\n<tr>\n<td>File or Data View( Th\u00f4ng tin v\u00e0 d\u1eef li\u1ec7u)<\/td>\n<td>No<\/td>\n<td>Other<\/td>\n<td><\/td>\n<\/tr>\n<tr>\n<td>Wireless Sensor<\/td>\n<td>No<\/td>\n<td>Power<\/td>\n<td>No<\/td>\n<\/tr>\n<\/tbody>\n<\/table>\n<p>\u01afu \u0111i\u1ec3m:<\/p>\n<p>+ Thu\u1ed9c d\u00f2ng \u0111\u1ed3ng h\u1ed3 c\u00f3 d\u00e2y ph\u00e2n kh\u00fac gi\u00e1 r\u1ebb<\/p>\n<p>+ B\u1ea3o h\u00e0nh 2 n\u0103m 1 \u0111\u1ed5i 1<\/p>\n<p>+ Ch\u1ed1ng n\u01b0\u1edbc<\/p>\n<p>+ Th\u00f4ng s\u1ed1 k\u1ef9 thu\u1eadt \u0111\u1ed9 ch\u00ednh x\u00e1c cao, ch\u1eef s\u1ed1 hi\u1ec3n th\u1ecb r\u00f5 n\u00e9t<\/p>\n<p>Nh\u01b0\u1ee3c \u0111i\u1ec3m:<\/p>\n<p>+ C\u00f3 d\u00e2y t\u1eeb b\u1ed9 c\u1ea3m bi\u1ebfn l\u00ean m\u1eb7t \u0111\u1ed3ng h\u1ed3.<\/p>\n<p>&nbsp;<\/p>\n<p><strong>L\u01b0u \u00fd v\u1edbi c\u00e1c d\u00f2ng s\u1ea3n ph\u1ea9m \u0111\u1ed3ng h\u1ed3 t\u1ed1c \u0111\u1ed9 c\u00f3 d\u00e2y ( Velo 7, Velo 9, Enduro) &#8211; D\u00e2y c\u1ea3m bi\u1ebfn t\u1ed1c \u0111\u1ed9 kh\u00f4ng \u0111\u01b0\u1ee3c b\u1ea3o h\u00e0nh.<\/strong><\/p>\n<div><\/div>\n<p>&#8212;&#8212;&#8212;&#8212;&#8212;&#8212;&#8212;&#8212;&#8212;&#8212;&#8212;&#8212;&#8212;&#8212;&#8212;&#8212;&#8212;&#8212;&#8212;&#8212;&#8212;&#8212;&#8212;&#8212;&#8212;&#8212;&#8212;&#8212;&#8212;&#8212;&#8212;&#8212;&#8212;&#8212;&#8212;&#8212;&#8212;&#8212;<\/p>\n<p>CATEYE Co..,Ltd. ALL RIGHTS RESERVED<\/p>\n<p>CATEYE\u00a0l\u00e0 th\u01b0\u01a1ng hi\u1ec7u ph\u1ee5 ki\u1ec7n xe \u0111\u1ea1p th\u1ec3 thao s\u1ed1 1 Th\u1ebf gi\u1edbi \u0111\u1ebfn t\u1eeb Nh\u1eadt B\u1ea3n. Cateye chuy\u00ean cung c\u1ea5p d\u00f2ng ph\u1ee5 ki\u1ec7n: \u0111\u1ed3ng h\u1ed3 t\u1ed1c \u0111\u1ed9 th\u00f4ng minh, c\u1ea3m bi\u1ebfn chuy\u1ec3n \u0111\u1ed9ng, \u0111\u00e8n xe \u0111\u1ea1p, chu\u00f4ng &amp; g\u1ecdng b\u00ecnh n\u01b0\u1edbc\u2026<\/p>\n<p>&nbsp;<\/p>\n<p>V\u1edbi kinh nghi\u1ec7m kinh doanh, quy m\u00f4 l\u1edbn v\u00e0 uy t\u00edn tr\u00ean 5\u00a0n\u0103m \u0111\u01b0\u1ee3c kh\u1eb3ng \u0111\u1ecbnh tr\u00ean th\u1ecb tr\u01b0\u1eddng.\u00a0H\u1ec7 th\u1ed1ng X\u1ebe \u0110\u1ed8P\u00a0h\u00e2n h\u1ea1nh tr\u1edf th\u00e0nh nh\u00e0 ph\u00e2n ph\u1ed1i ch\u00ednh th\u1ee9c\u00a0v\u00e0 \u0111\u1ed9c quy\u1ec1n th\u01b0\u01a1ng hi\u1ec7u CATEYE\u00a0t\u1ea1i Vi\u1ec7t Nam.<\/p>\n<p>&nbsp;<\/p>\n<p>C\u00e1c s\u1ea3n ph\u1ea9m ph\u00e2n ph\u1ed1i bao g\u1ed3m: \u0111\u1ed3ng h\u1ed3 t\u1ed1c \u0111\u1ed9 th\u00f4ng minh, c\u1ea3m bi\u1ebfn chuy\u1ec3n \u0111\u1ed9ng, \u0111\u00e8n xe \u0111\u1ea1p, \u0111\u00e8n c\u1ea3nhnh b\u00e1o,\u00a0chu\u00f4ng &amp; g\u1ecdng b\u00ecnh n\u01b0\u1edbc\u2026 S\u1ea3n ph\u1ea9m \u0111\u01b0\u1ee3c b\u1ea3o h\u00e0nh \u0111\u1ed5i m\u1edbi d\u00e0i h\u1ea1n ( B\u1ea3o h\u00e0nh\u00a02 n\u0103m 1 \u0111\u1ed5i 1 v\u1edbi c\u00e1c thi\u1ebft b\u1ecb \u0111i\u1ec7n t\u1eed, \u0111\u1ed3ng h\u1ed3 t\u1ed1c \u0111\u1ed9, c\u1ea3m bi\u1ebfn gia t\u1ed1c, v\u00f2ng tua, c\u1ea3m bi\u1ebfn nh\u1ecbp tim\u2026).<\/p>\n<p>&nbsp;<\/p>\n<p>T\u1ea5t c\u1ea3 c\u00e1c s\u1ea3n ph\u1ea9m \u0111\u01b0\u1ee3c ph\u00e2n ph\u1ed1i s\u1ec9 v\u00e0 l\u1ebb, \u0111\u1ea3m b\u1ea3o ch\u00ednh h\u00e3ng Cateye Nh\u1eadt B\u1ea3n (\u0110\u1ea7y \u0111\u1ee7 h\u00f3a \u0111\u01a1n, ngu\u1ed3n g\u1ed1c, ti\u00eau chu\u1ea9n ch\u1ea5t l\u01b0\u1ee3ng\u2026)<\/p>\n<p>Tham kh\u1ea3o th\u00eam v\u1ec1 Cateye:\u00a0<a href=\"http:\/\/cateye.com\/\" target=\"_blank\" rel=\"noopener\">http:\/\/cateye.com<\/a><\/p>\n","protected":false},"excerpt":{"rendered":"<p>Velo 9 \u0111\u01b0\u1ee3c thi\u1ebft k\u1ebf m\u1edbi l\u00e0 d\u00f2ng m\u00e1y t\u00ednh 9 ch\u1ee9c n\u0103ng c\u01a1 b\u1ea3n c\u1ee7a CatEye. M\u00e0n h\u00ecnh l\u1edbn h\u01a1n, d\u1ec5 \u0111\u1ecdc h\u01a1n v\u00e0 vi\u1ec7c<span class=\"excerpt-hellip\"> [\u2026]<\/span><\/p>\n","protected":false},"featured_media":1584,"comment_status":"closed","ping_status":"closed","template":"","meta":[],"product_cat":[86],"product_tag":[],"class_list":["post-1583","product","type-product","status-publish","has-post-thumbnail","hentry","product_cat-dong-ho-do-toc-do"],"_links":{"self":[{"href":"https:\/\/xedop.com\/en\/wp-json\/wp\/v2\/product\/1583","targetHints":{"allow":["GET"]}}],"collection":[{"href":"https:\/\/xedop.com\/en\/wp-json\/wp\/v2\/product"}],"about":[{"href":"https:\/\/xedop.com\/en\/wp-json\/wp\/v2\/types\/product"}],"replies":[{"embeddable":true,"href":"https:\/\/xedop.com\/en\/wp-json\/wp\/v2\/comments?post=1583"}],"version-history":[{"count":2,"href":"https:\/\/xedop.com\/en\/wp-json\/wp\/v2\/product\/1583\/revisions"}],"predecessor-version":[{"id":11861,"href":"https:\/\/xedop.com\/en\/wp-json\/wp\/v2\/product\/1583\/revisions\/11861"}],"wp:featuredmedia":[{"embeddable":true,"href":"https:\/\/xedop.com\/en\/wp-json\/wp\/v2\/media\/1584"}],"wp:attachment":[{"href":"https:\/\/xedop.com\/en\/wp-json\/wp\/v2\/media?parent=1583"}],"wp:term":[{"taxonomy":"product_cat","embeddable":true,"href":"https:\/\/xedop.com\/en\/wp-json\/wp\/v2\/product_cat?post=1583"},{"taxonomy":"product_tag","embeddable":true,"href":"https:\/\/xedop.com\/en\/wp-json\/wp\/v2\/product_tag?post=1583"}],"curies":[{"name":"wp","href":"https:\/\/api.w.org\/{rel}","templated":true}]}}