{"id":1595,"date":"2026-03-05T16:16:40","date_gmt":"2026-03-05T09:16:40","guid":{"rendered":"https:\/\/xedop.com\/?post_type=product&#038;p=1595"},"modified":"2026-03-05T16:23:17","modified_gmt":"2026-03-05T09:23:17","slug":"ga-cai-dong-ho-cateye-of-100-out-front-bracket","status":"publish","type":"product","link":"https:\/\/xedop.com\/en\/san-pham\/ga-cai-dong-ho-cateye-of-100-out-front-bracket\/","title":{"rendered":"G\u00e1 c\u00e0i \u0111\u1ed3ng h\u1ed3 CatEye OF-100 Out Front Bracket"},"content":{"rendered":"<p>G\u00e1 c\u00e0i \u0111\u1ed3ng h\u1ed3 Cateye OF-100<\/p>\n<p>Cho ph\u00e9p b\u1ea1n t\u00f9y bi\u1ebfn\u00a0g\u1eafn m\u1ecdi thi\u1ebft b\u1ecb hi\u1ec3n th\u1ecb c\u1ee7a CatEye l\u00ean chi\u1ebfc g\u00e1 n\u00e0y.<\/p>\n<p>Thi\u1ebft k\u1ebf nh\u1ecf g\u1ecdn, ch\u1eafc ch\u1eafn v\u00e0 ph\u00f9 h\u1ee3p v\u1edbi m\u1ecdi\u00a0\u0111\u1ed3ng h\u1ed3 t\u1ed1c \u0111\u1ed9 c\u1ee7a CatEye.<\/p>\n<p>L\u01b0u \u00fd cho Ng\u01b0\u1eddi s\u1eed d\u1ee5ng ph\u1ee5 ki\u1ec7n xe \u0111\u1ea1p Cateye\u00a0v\u1ec1 g\u00e1 (b\u00e1t)\u00a0\u00a0\u0111\u1ed3ng h\u1ed3 Cat Eye OF-100:<\/p>\n<p>Tr\u00ean th\u1ecb tr\u01b0\u1eddng hi\u1ec7n c\u00f3 r\u1ea5t nhi\u1ec1u h\u00e0ng nh\u00e1i, h\u00e0ng\u00a0k\u00e9m ch\u1ea5t l\u01b0\u1ee3ng.<\/p>\n<p>\u0110\u1eb7c \u0111i\u1ec3m d\u1ec5 nh\u1eadn th\u1ea5y:<br \/>\n+ H\u00e0ng x\u1ecbn: c\u00f3 ch\u1eef CATEYE d\u1eadp ch\u00ecm, r\u1ea5t \u0111\u1eb9p v\u00e0 kh\u00f4n<br \/>\n+ H\u00e0ng nh\u00e1i: kh\u00f4ng c\u00f3 ch\u1eef d\u1eadp ch\u00ecm\u00a0&#8211; Gi\u00e1 r\u1ebb h\u01a1n ( c\u00f3 ch\u1ed7 b\u00e1n h\u01a1n 100k, ch\u1ed7 th\u00ec b\u00e1n h\u01a1n 200k)<\/p>\n<p><span class=\"text_exposed_show\">1 v\u00e0i nh\u01b0\u1ee3c \u0111i\u1ec3m c\u1ee7a h\u00e0ng nh\u00e1i:<br \/>\n&#8211; Ch\u1ea5t l\u01b0\u1ee3ng nh\u1ef1a k\u00e9m, d\u1ec5 g\u00e3y, d\u1ec5 l\u00e3o ho\u00e1 b\u1edfi th\u1eddi gian c\u0169ng nh\u01b0 th\u1eddi ti\u1ebft<br \/>\n&#8211; L\u1eaby g\u00e0 d\u1ec5 b\u1ecb s\u1ee9t, m\u00f2n khi th\u00e1o ra l\u1eafp v\u00e0o<br \/>\n&#8211; Khi l\u1eafp tr\u00ean xe, \u0111i v\u00e0o ch\u1ed7 x\u00f3c s\u1ebd b\u1ecb rung, s\u1ebd r\u1ea5t kh\u00f3 nh\u00ecn r\u00f5 m\u00e0n h\u00ecnh s\u1ed1<\/span><\/p>\n<p>&#8212;&#8212;&#8212;&#8212;&#8212;&#8212;&#8212;&#8212;&#8212;&#8212;&#8212;&#8212;&#8212;&#8212;&#8212;&#8212;&#8212;&#8212;&#8212;&#8212;&#8212;&#8212;&#8212;&#8212;&#8212;&#8212;&#8212;&#8212;&#8212;&#8212;&#8212;&#8212;&#8212;&#8212;&#8212;&#8212;&#8212;&#8212;<\/p>\n<p>CATEYE Co..,Ltd. ALL RIGHTS RESERVED<\/p>\n<p>CATEYE\u00a0l\u00e0 th\u01b0\u01a1ng hi\u1ec7u ph\u1ee5 ki\u1ec7n xe \u0111\u1ea1p th\u1ec3 thao s\u1ed1 1 Th\u1ebf gi\u1edbi \u0111\u1ebfn t\u1eeb Nh\u1eadt B\u1ea3n. Cateye chuy\u00ean cung c\u1ea5p d\u00f2ng ph\u1ee5 ki\u1ec7n: \u0111\u1ed3ng h\u1ed3 t\u1ed1c \u0111\u1ed9 th\u00f4ng minh, c\u1ea3m bi\u1ebfn chuy\u1ec3n \u0111\u1ed9ng, \u0111\u00e8n xe \u0111\u1ea1p, chu\u00f4ng &amp; g\u1ecdng b\u00ecnh n\u01b0\u1edbc\u2026<\/p>\n<p>V\u1edbi kinh nghi\u1ec7m kinh doanh, quy m\u00f4 l\u1edbn v\u00e0 uy t\u00edn tr\u00ean 5\u00a0n\u0103m \u0111\u01b0\u1ee3c kh\u1eb3ng \u0111\u1ecbnh tr\u00ean th\u1ecb tr\u01b0\u1eddng, H\u1ec7 th\u1ed1ng X\u1ebe \u0110\u1ed8P\u00a0h\u00e2n h\u1ea1nh tr\u1edf th\u00e0nh Nh\u00e0 Ph\u00e2n Ph\u1ed1i ch\u00ednh th\u1ef1c v\u00e0 \u0111\u1ed9c quy\u1ec1n Th\u01b0\u01a1ng hi\u1ec7u CATEYE\u00a0t\u1ea1i Vi\u1ec7t Nam.<\/p>\n<p>C\u00e1c s\u1ea3n ph\u1ea9m ph\u00e2n ph\u1ed1i bao g\u1ed3m: \u0111\u1ed3ng h\u1ed3 t\u1ed1c \u0111\u1ed9 th\u00f4ng minh, c\u1ea3m bi\u1ebfn chuy\u1ec3n \u0111\u1ed9ng, \u0111\u00e8n xe \u0111\u1ea1p, \u0111\u00e8n c\u00e0nh b\u00e1o,\u00a0chu\u00f4ng &amp; g\u1ecdng b\u00ecnh n\u01b0\u1edbc\u2026 S\u1ea3n ph\u1ea9m \u0111\u01b0\u1ee3c b\u1ea3o h\u00e0nh \u0111\u1ed5i m\u1edbi d\u00e0i h\u1ea1n (2 n\u0103m 1 \u0111\u1ed5i 1 v\u1edbi c\u00e1c thi\u1ebft b\u1ecb \u0111i\u1ec7n t\u1eed, \u0111\u1ed3ng h\u1ed3 t\u1ed1c \u0111\u1ed9, c\u1ea3m bi\u1ebfn gia t\u1ed1c, v\u00f2ng tua, c\u1ea3m bi\u1ebfn nh\u1ecbp tim\u2026)<\/p>\n<p>T\u1ea5t c\u1ea3 c\u00e1c s\u1ea3n ph\u1ea9m \u0111\u01b0\u1ee3c ph\u00e2n ph\u1ed1i s\u1ec9 v\u00e0 l\u1ebb, \u0111\u1ea3m b\u1ea3o ch\u00ednh h\u00e3ng Cateye Nh\u1eadt B\u1ea3n (\u0110\u1ea7y \u0111\u1ee7 h\u00f3a \u0111\u01a1n, ngu\u1ed3n g\u1ed1c, ti\u00eau chu\u1ea9n ch\u1ea5t l\u01b0\u1ee3ng\u2026)<\/p>\n<p>Tham kh\u1ea3o th\u00eam v\u1ec1 Cateye:\u00a0<a href=\"http:\/\/cateye.com\/\" data-cke-saved-href=\"http:\/\/cateye.com\/\" data-cke-saved- target=\"_blank\" rel=\"noopener\">http:\/\/cateye.com<\/a><\/p>\n","protected":false},"excerpt":{"rendered":"<p>G\u00e1 c\u00e0i \u0111\u1ed3ng h\u1ed3 Cateye OF-100 Cho ph\u00e9p b\u1ea1n t\u00f9y bi\u1ebfn\u00a0g\u1eafn m\u1ecdi thi\u1ebft b\u1ecb hi\u1ec3n th\u1ecb c\u1ee7a CatEye l\u00ean chi\u1ebfc g\u00e1 n\u00e0y. Thi\u1ebft k\u1ebf nh\u1ecf g\u1ecdn,<span class=\"excerpt-hellip\"> [\u2026]<\/span><\/p>\n","protected":false},"featured_media":1596,"comment_status":"closed","ping_status":"closed","template":"","meta":[],"product_cat":[86],"product_tag":[],"class_list":["post-1595","product","type-product","status-publish","has-post-thumbnail","hentry","product_cat-dong-ho-do-toc-do"],"_links":{"self":[{"href":"https:\/\/xedop.com\/en\/wp-json\/wp\/v2\/product\/1595","targetHints":{"allow":["GET"]}}],"collection":[{"href":"https:\/\/xedop.com\/en\/wp-json\/wp\/v2\/product"}],"about":[{"href":"https:\/\/xedop.com\/en\/wp-json\/wp\/v2\/types\/product"}],"replies":[{"embeddable":true,"href":"https:\/\/xedop.com\/en\/wp-json\/wp\/v2\/comments?post=1595"}],"version-history":[{"count":1,"href":"https:\/\/xedop.com\/en\/wp-json\/wp\/v2\/product\/1595\/revisions"}],"predecessor-version":[{"id":1598,"href":"https:\/\/xedop.com\/en\/wp-json\/wp\/v2\/product\/1595\/revisions\/1598"}],"wp:featuredmedia":[{"embeddable":true,"href":"https:\/\/xedop.com\/en\/wp-json\/wp\/v2\/media\/1596"}],"wp:attachment":[{"href":"https:\/\/xedop.com\/en\/wp-json\/wp\/v2\/media?parent=1595"}],"wp:term":[{"taxonomy":"product_cat","embeddable":true,"href":"https:\/\/xedop.com\/en\/wp-json\/wp\/v2\/product_cat?post=1595"},{"taxonomy":"product_tag","embeddable":true,"href":"https:\/\/xedop.com\/en\/wp-json\/wp\/v2\/product_tag?post=1595"}],"curies":[{"name":"wp","href":"https:\/\/api.w.org\/{rel}","templated":true}]}}