{"id":1623,"date":"2025-06-05T14:26:32","date_gmt":"2025-06-05T07:26:32","guid":{"rendered":"https:\/\/xedop.com\/?post_type=product&#038;p=1623"},"modified":"2026-04-04T21:06:19","modified_gmt":"2026-04-04T14:06:19","slug":"yen-xe-dap-selle-royal-respiro-sieu-em","status":"publish","type":"product","link":"https:\/\/xedop.com\/en\/san-pham\/yen-xe-dap-selle-royal-respiro-sieu-em\/","title":{"rendered":"Y\u00ean xe \u0111\u1ea1p Selle Royal Respiro si\u00eau \u00eam"},"content":{"rendered":"<p>Y\u00ean Selle Royal Respiro \u0111\u01b0\u1ee3c thi\u1ebft k\u1ebf h\u1ec7 th\u1ed1ng th\u00f4ng gi\u00f3 \u1edf mi\u1ec7ng ph\u00eda tr\u01b0\u1edbc, trang b\u1ecb m\u1ed9t l\u1ed7 h\u00fat gi\u00f3 3,1mm*2,7mm c\u00f3 k\u00edch th\u01b0\u1edbc t\u01b0\u01a1ng \u0111\u01b0\u01a1ng m\u1ed9t qu\u1ea3 b\u00f3ng b\u00e0n. Khi \u0111i xe, kh\u00f4ng kh\u00ed s\u1ebd \u0111i v\u00e0o qua l\u1ed7 th\u00f4ng h\u01a1i \u1edf mi\u1ec7ng ph\u00eda tr\u01b0\u1edbc v\u00e0 \u0111i qua khe tho\u00e1t kh\u00ed d\u1ea1ng l\u01b0\u1edbi b\u00ean trong \u0111\u1ec7m y\u00ean, t\u1eeb \u0111\u00f3 t\u1ea1o th\u00e0nh m\u1ed9t \u1ed1ng d\u1eabn kh\u00ed, gi\u1ea3m s\u1ef1 t\u00edch t\u1ee5 c\u1ee7a kh\u00f4ng kh\u00ed oi b\u1ee9c, \u1ea9m \u01b0\u1edbt.<\/p>\n<p>Y\u00ean c\u00f3 2 phi\u00ean b\u1ea3n<\/p>\n<p>&#8211;\u00a0\u00a0Athletic: t\u01b0 th\u1ebf ng\u1ed3i nghi\u00eang g\u00f3c 45\u00b0 ph\u00f9 h\u1ee3p v\u1edbi xe \u0111\u1ea1p \u0111ua<\/p>\n<p>&#8211;\u00a0Moderate: t\u01b0 th\u1ebf ng\u1ed3i nghi\u00eang g\u00f3c 60\u00b0 ph\u00f9 h\u1ee3p v\u1edbi xe \u0111\u1ea1p th\u00f4ng d\u1ee5ng, xe \u0111\u1ea1p \u0111\u01b0\u1eddng ph\u1ed1<\/p>\n","protected":false},"excerpt":{"rendered":"<p>Y\u00ean Selle Royal Respiro v\u1edbi c\u1ea5u tr\u00fac gel ba chi\u1ec1u, ROYALGEL c\u1ea3i thi\u1ec7n s\u1ef1 tho\u1ea3i m\u00e1i v\u00e0 c\u00f3 th\u1ec3 gi\u1ea3m 40% \u0111\u1ed9 s\u1ee5t \u00e1p so v\u1edbi v\u1eadt li\u1ec7u ti\u00eau chu\u1ea9n.<\/p>\n<p>C\u00e1c k\u00eanh th\u00f4ng gi\u00f3 ti\u1ec7n d\u1ee5ng c\u1ea3i thi\u1ec7n kh\u1ea3 n\u0103ng tho\u00e1ng khi \u0111\u1ed3ng th\u1eddi gi\u1ea3m \u00e1p l\u1ef1c l\u00ean c\u00e1c khu v\u1ef1c nh\u1ea1y c\u1ea3m.<\/p>\n<p>L\u1edbp v\u1ecf ngo\u00e0i m\u00e0u \u0111en \u0111\u01b0\u1ee3c thi\u1ebft k\u1ebf v\u1edbi c\u00e1c th\u00e0nh ph\u1ea7n \u0111\u1ed9c \u0111\u00e1o, ph\u1ea3n chi\u1ebfu \u00e1nh s\u00e1ng m\u1eb7t tr\u1eddi, c\u00f3 th\u1ec3 l\u00e0m gi\u1ea3m nhi\u1ec7t \u0111\u1ed9 c\u1ee7a tia n\u1eafng tr\u00ean b\u1ec1 m\u1eb7t y\u00ean.<\/p>\n<p>C\u00f4ng ngh\u1ec7 SELLE ROYAL cho ph\u00e9p y\u00ean xe \u0111\u01b0\u1ee3c b\u1ecbt k\u00edn v\u00e0 do \u0111\u00f3 kh\u00f4ng th\u1ea5m n\u01b0\u1edbc.<\/p>\n","protected":false},"featured_media":1624,"comment_status":"closed","ping_status":"closed","template":"","meta":[],"product_cat":[100],"product_tag":[],"class_list":["post-1623","product","type-product","status-publish","has-post-thumbnail","hentry","product_cat-yen"],"_links":{"self":[{"href":"https:\/\/xedop.com\/en\/wp-json\/wp\/v2\/product\/1623","targetHints":{"allow":["GET"]}}],"collection":[{"href":"https:\/\/xedop.com\/en\/wp-json\/wp\/v2\/product"}],"about":[{"href":"https:\/\/xedop.com\/en\/wp-json\/wp\/v2\/types\/product"}],"replies":[{"embeddable":true,"href":"https:\/\/xedop.com\/en\/wp-json\/wp\/v2\/comments?post=1623"}],"version-history":[{"count":2,"href":"https:\/\/xedop.com\/en\/wp-json\/wp\/v2\/product\/1623\/revisions"}],"predecessor-version":[{"id":12188,"href":"https:\/\/xedop.com\/en\/wp-json\/wp\/v2\/product\/1623\/revisions\/12188"}],"wp:featuredmedia":[{"embeddable":true,"href":"https:\/\/xedop.com\/en\/wp-json\/wp\/v2\/media\/1624"}],"wp:attachment":[{"href":"https:\/\/xedop.com\/en\/wp-json\/wp\/v2\/media?parent=1623"}],"wp:term":[{"taxonomy":"product_cat","embeddable":true,"href":"https:\/\/xedop.com\/en\/wp-json\/wp\/v2\/product_cat?post=1623"},{"taxonomy":"product_tag","embeddable":true,"href":"https:\/\/xedop.com\/en\/wp-json\/wp\/v2\/product_tag?post=1623"}],"curies":[{"name":"wp","href":"https:\/\/api.w.org\/{rel}","templated":true}]}}