{"id":1673,"date":"2025-06-05T14:41:40","date_gmt":"2025-06-05T07:41:40","guid":{"rendered":"https:\/\/xedop.com\/?post_type=product&#038;p=1673"},"modified":"2025-06-05T14:41:40","modified_gmt":"2025-06-05T07:41:40","slug":"giay-dap-xe-mtb-crankbrothers-mallet-lace","status":"publish","type":"product","link":"https:\/\/xedop.com\/en\/san-pham\/giay-dap-xe-mtb-crankbrothers-mallet-lace\/","title":{"rendered":"Gi\u00e0y \u0111\u1ea1p xe MTB Crankbrothers Mallet Lace"},"content":{"rendered":"<p>H\u1ed8P CAN \/ MATCH BOX<br \/>\nH\u1ed9p \u0111\u1ec7m d\u1ed1c gi\u00fap b\u1ea1n d\u1ec5 d\u00e0ng ra v\u00e0o b\u00e0n \u0111\u1ea1p tr\u01b0\u1edbc v\u00e0 sau c\u0169ng nh\u01b0 v\u1ec7 sinh b\u00f9n \u0111\u1ea5t. Kho\u1ea3ng l\u00f9i Race Zone\u00a0 cho ph\u00e9p r\u00e3nh tr\u01b0\u1ee3t \u0111\u01b0\u1ee3c \u0111\u1ecbnh v\u1ecb xa h\u01a1n v\u1ec1 ph\u00eda g\u00f3t ch\u00e2n \u0111\u1ec3 t\u0103ng kh\u1ea3 n\u0103ng ki\u1ec3m so\u00e1t v\u00e0 \u1ed5n \u0111\u1ecbnh khi h\u1ea1 xu\u1ed1ng.<\/p>\n<p>CAO SU &#8211; MATCH COMPOUND<br \/>\nH\u1ee3p ch\u1ea5t cao su ma s\u00e1t gi\u1eefa \u0111\u1ebf (MC1) cho ph\u00e9p b\u00e0n \u0111\u1ea1p v\u00e0o v\u00e0 ra d\u1ec5 d\u00e0ng v\u00e0 \u0111\u1ee7 c\u1ee9ng kh\u00f4ng b\u1ecb m\u00e0i m\u00f3n hay b\u1ecb x\u00e9. M\u00f4 h\u00ecnh gai h\u01b0\u1edbng t\u00e2m xung quanh h\u1ed9p cleat \u0111\u01b0\u1ee3c thi\u1ebft k\u1ebf \u0111\u1ec3 m\u1ed7i l\u1ea5n nh\u1ea3 kh\u1ecfi b\u00e0n \u0111\u1ea1p nh\u1eb9 nh\u00e0ng h\u01a1n.<\/p>\n<p>GAI GI\u00c0Y &#8211; MATCH OUTSOLE<br \/>\nC\u00e1c m\u1eabu gai \u0111\u01b0\u1ee3c thi\u1ebft k\u1ebf gi\u00fap b\u00e1m \u0111\u01b0\u1eddng t\u1ed1t. C\u00e1c gai ph\u1ea7n ng\u00f3n ch\u00e2n v\u00e0 g\u00f3t ch\u00e2n \u0111\u01b0\u1ee3c thi\u1ebft k\u1ebf g\u00f3c c\u1ea1nh v\u00e0 c\u00f3 kho\u1ea3ng c\u00e1ch \u0111\u1ecbnh h\u01b0\u1edbng cung c\u1ea5p l\u1ef1c k\u00e9o \u0111\u1ec3 \u0111i b\u1ed9 \u0111\u01b0\u1eddng d\u00e0i l\u00ean ho\u1eb7c xu\u1ed1ng \u0111\u1ecba h\u00ecnh d\u1ed1c. M\u0169i gi\u00e0y x\u1ebb ngang t\u1ea1o kh\u1ea3 n\u0103ng \u0111i l\u1ea1i tr\u00ean \u0111\u1ecba m\u1ea5p m\u00f4.<\/p>\n","protected":false},"excerpt":{"rendered":"<p>Gi\u00e0y xe \u0111\u1ea1p Crankbrothers Mallet t\u00edch h\u1ee3p can gi\u00e0y th\u00edch h\u1ee3p s\u1eed d\u1ee5ng tr\u00ean \u0111\u01b0\u1eddng \u0111ua hay \u0111\u01b0\u1eddng xe \u0111\u1ea1p chuy\u00ean d\u1ee5ng. H\u1ec7 th\u1ed1ng Match System ti\u00ean ti\u1ebfn t\u1ed1i \u01b0u v\u1edbi\u00a0b\u1ea5t k\u1ef3 h\u1ec7 th\u1ed1ng b\u00e0n \u0111\u1ea1p clip-in\u00a0MTB, d\u00f9 \u0111\u00f3 l\u00e0 Crankbrothers hay SPD. Gi\u00e0y \u0111i k\u00e8m v\u1edbi mi\u1ebfng \u0111\u1ec7m Match v\u00e0 can c\u00e1\u00a0Crankbrothers \u0111\u01b0\u1ee3c l\u1eafp s\u1eb5n gi\u00fap b\u1ea1n s\u1eb5n s\u00e0ng \u0111\u1ea1p xe\u00a0ngay khi mua v\u1ec1.<\/p>\n","protected":false},"featured_media":1682,"comment_status":"closed","ping_status":"closed","template":"","meta":[],"product_cat":[78],"product_tag":[],"class_list":["post-1673","product","type-product","status-publish","has-post-thumbnail","hentry","product_cat-giay"],"_links":{"self":[{"href":"https:\/\/xedop.com\/en\/wp-json\/wp\/v2\/product\/1673","targetHints":{"allow":["GET"]}}],"collection":[{"href":"https:\/\/xedop.com\/en\/wp-json\/wp\/v2\/product"}],"about":[{"href":"https:\/\/xedop.com\/en\/wp-json\/wp\/v2\/types\/product"}],"replies":[{"embeddable":true,"href":"https:\/\/xedop.com\/en\/wp-json\/wp\/v2\/comments?post=1673"}],"version-history":[{"count":1,"href":"https:\/\/xedop.com\/en\/wp-json\/wp\/v2\/product\/1673\/revisions"}],"predecessor-version":[{"id":1698,"href":"https:\/\/xedop.com\/en\/wp-json\/wp\/v2\/product\/1673\/revisions\/1698"}],"wp:featuredmedia":[{"embeddable":true,"href":"https:\/\/xedop.com\/en\/wp-json\/wp\/v2\/media\/1682"}],"wp:attachment":[{"href":"https:\/\/xedop.com\/en\/wp-json\/wp\/v2\/media?parent=1673"}],"wp:term":[{"taxonomy":"product_cat","embeddable":true,"href":"https:\/\/xedop.com\/en\/wp-json\/wp\/v2\/product_cat?post=1673"},{"taxonomy":"product_tag","embeddable":true,"href":"https:\/\/xedop.com\/en\/wp-json\/wp\/v2\/product_tag?post=1673"}],"curies":[{"name":"wp","href":"https:\/\/api.w.org\/{rel}","templated":true}]}}