{"id":1791,"date":"2025-06-06T09:14:31","date_gmt":"2025-06-06T02:14:31","guid":{"rendered":"https:\/\/xedop.com\/?post_type=product&#038;p=1791"},"modified":"2025-06-06T09:14:39","modified_gmt":"2025-06-06T02:14:39","slug":"den-chieu-phia-truoc-magicshine-evo-1700sd-do-sang-1700-lumen-pin-4000mah-ho-tro-shimano-di2","status":"publish","type":"product","link":"https:\/\/xedop.com\/en\/san-pham\/den-chieu-phia-truoc-magicshine-evo-1700sd-do-sang-1700-lumen-pin-4000mah-ho-tro-shimano-di2\/","title":{"rendered":"\u0110\u00e8n chi\u1ebfu ph\u00eda tr\u01b0\u1edbc MAGICSHINE EVO 1700SD \u0111\u1ed9 s\u00e1ng 1700 lumen pin 4000mAh h\u1ed7 tr\u1ee3 Shimano Di2"},"content":{"rendered":"<ul>\n<li>\u0110\u00e8n xe \u0111\u1ea1p treo d\u01b0\u1edbi\u00a0h\u1ed7 tr\u1ee3 Shimano Di2<\/li>\n<li>S\u00e1ng tr\u1eafng\u00a01700\u00a0Lumen\u00a0chi\u1ebfu xa 205m.<\/li>\n<li>Qu\u1ea7ng s\u00e1ng\u00a0cos pha\u00a0c\u00f3 c\u1eaft v\u1ea1ch ch\u1ed1ng ch\u00f3i<\/li>\n<li>Pin 4000mAh<\/li>\n<li>Th\u1eddi l\u01b0\u1ee3ng pin\n<ul>\n<li>Pha th\u1ea5p:\n<ul>\n<li>Low: 200 lumen; 11 gi\u1edd<\/li>\n<li>Med: 400 lumen; 5 gi\u1edd 30 ph\u00fat<\/li>\n<li>High: 800 lumen; 3 gi\u1edd<\/li>\n<\/ul>\n<\/li>\n<li>Pha cao:\n<ul>\n<li>Low: 400 lumen; 6 gi\u1edd<\/li>\n<li>Med: 800 lumen; 3 gi\u1edd<\/li>\n<li>High: 1700 lumen; 2 gi\u1edd<\/li>\n<\/ul>\n<\/li>\n<li>Ch\u1ebf \u0111\u1ed9 nh\u00e1y\n<ul>\n<li>Ban ng\u00e0y:\u00a05 gi\u1edd<\/li>\n<li>Ban \u0111\u00eam:\u00a03 gi\u1edd 30 ph\u00fat<\/li>\n<\/ul>\n<\/li>\n<\/ul>\n<\/li>\n<li>Tr\u1ecdng l\u01b0\u1ee3ng 151 gram<\/li>\n<li>K\u00edch th\u01b0\u1edbc\u00a042 x 46 x 53 mm<\/li>\n<li>C\u1ed5ng s\u1ea1c USB-C<\/li>\n<li>C\u00f4ng t\u1eafc remote kh\u00f4ng d\u00e2y<\/li>\n<li>H\u1ed7 tr\u1ee3 c\u00e0i \u0111\u1eb7t t\u1eeb app \u0111i\u1ec7n tho\u1ea1i<\/li>\n<li>Ch\u1ed1ng n\u01b0\u1edbc IPX6\u00a0ch\u1ed1ng va \u0111\u1eadp 1m<\/li>\n<li>B\u1ea3o h\u00e0nh: 2\u00a0n\u0103m \u0111\u00e8n,\u00a01 \u0111\u1ed5i 1 v\u1edbi l\u1ed7i NSX<\/li>\n<li>Xu\u1ea5t x\u1ee9 Trung Qu\u1ed1c<\/li>\n<\/ul>\n<p><img decoding=\"async\" src=\"https:\/\/xedop.com\/wp-content\/uploads\/2025\/06\/den-chieu-phia-truoc-magicshine-evo-1700sd-do-sang-1700-lumen-pin-4000mah-ho-tro-shimano-di2-1791.jpg\" alt=\"\" \/><img decoding=\"async\" src=\"https:\/\/xedop.com\/wp-content\/uploads\/2025\/06\/den-chieu-phia-truoc-magicshine-evo-1700sd-do-sang-1700-lumen-pin-4000mah-ho-tro-shimano-di2-1791-1.jpg\" alt=\"\" \/><img decoding=\"async\" src=\"https:\/\/xedop.com\/wp-content\/uploads\/2025\/06\/den-chieu-phia-truoc-magicshine-evo-1700sd-do-sang-1700-lumen-pin-4000mah-ho-tro-shimano-di2-1791-2.jpg\" alt=\"\" \/><img decoding=\"async\" src=\"https:\/\/xedop.com\/wp-content\/uploads\/2025\/06\/den-chieu-phia-truoc-magicshine-evo-1700sd-do-sang-1700-lumen-pin-4000mah-ho-tro-shimano-di2-1791-3.jpg\" alt=\"\" \/><img decoding=\"async\" src=\"https:\/\/xedop.com\/wp-content\/uploads\/2025\/06\/den-chieu-phia-truoc-magicshine-evo-1700sd-do-sang-1700-lumen-pin-4000mah-ho-tro-shimano-di2-1791-4.jpg\" alt=\"\" \/><img decoding=\"async\" src=\"https:\/\/xedop.com\/wp-content\/uploads\/2025\/06\/den-chieu-phia-truoc-magicshine-evo-1700sd-do-sang-1700-lumen-pin-4000mah-ho-tro-shimano-di2-1791-5.jpg\" alt=\"\" \/><img decoding=\"async\" src=\"https:\/\/xedop.com\/wp-content\/uploads\/2025\/06\/den-chieu-phia-truoc-magicshine-evo-1700sd-do-sang-1700-lumen-pin-4000mah-ho-tro-shimano-di2-1791-6.jpg\" alt=\"\" \/><img decoding=\"async\" src=\"https:\/\/xedop.com\/wp-content\/uploads\/2025\/06\/den-chieu-phia-truoc-magicshine-evo-1700sd-do-sang-1700-lumen-pin-4000mah-ho-tro-shimano-di2-1791-7.jpg\" alt=\"\" \/><img decoding=\"async\" src=\"https:\/\/xedop.com\/wp-content\/uploads\/2025\/06\/den-chieu-phia-truoc-magicshine-evo-1700sd-do-sang-1700-lumen-pin-4000mah-ho-tro-shimano-di2-1791-8.jpg\" alt=\"\" \/><img decoding=\"async\" src=\"https:\/\/xedop.com\/wp-content\/uploads\/2025\/06\/den-chieu-phia-truoc-magicshine-evo-1700sd-do-sang-1700-lumen-pin-4000mah-ho-tro-shimano-di2-1791-9.jpg\" alt=\"\" \/><img decoding=\"async\" src=\"https:\/\/xedop.com\/wp-content\/uploads\/2025\/06\/den-chieu-phia-truoc-magicshine-evo-1700sd-do-sang-1700-lumen-pin-4000mah-ho-tro-shimano-di2-1791-10.jpg\" alt=\"\" \/><img decoding=\"async\" src=\"https:\/\/xedop.com\/wp-content\/uploads\/2025\/06\/den-chieu-phia-truoc-magicshine-evo-1700sd-do-sang-1700-lumen-pin-4000mah-ho-tro-shimano-di2-1791-11.jpg\" alt=\"\" \/><\/p>\n","protected":false},"excerpt":{"rendered":"<p>\u0110\u00e8n xe \u0111\u1ea1p treo d\u01b0\u1edbi\u00a0h\u1ed7 tr\u1ee3 Shimano Di2 S\u00e1ng tr\u1eafng\u00a01700\u00a0Lumen\u00a0chi\u1ebfu xa 205m. Qu\u1ea7ng s\u00e1ng\u00a0cos pha\u00a0c\u00f3 c\u1eaft v\u1ea1ch ch\u1ed1ng ch\u00f3i Pin 4000mAh Th\u1eddi l\u01b0\u1ee3ng pin Pha th\u1ea5p:<span class=\"excerpt-hellip\"> [\u2026]<\/span><\/p>\n","protected":false},"featured_media":1792,"comment_status":"closed","ping_status":"closed","template":"","meta":[],"product_cat":[87],"product_tag":[],"class_list":["post-1791","product","type-product","status-publish","has-post-thumbnail","hentry","product_cat-den"],"_links":{"self":[{"href":"https:\/\/xedop.com\/en\/wp-json\/wp\/v2\/product\/1791","targetHints":{"allow":["GET"]}}],"collection":[{"href":"https:\/\/xedop.com\/en\/wp-json\/wp\/v2\/product"}],"about":[{"href":"https:\/\/xedop.com\/en\/wp-json\/wp\/v2\/types\/product"}],"replies":[{"embeddable":true,"href":"https:\/\/xedop.com\/en\/wp-json\/wp\/v2\/comments?post=1791"}],"version-history":[{"count":1,"href":"https:\/\/xedop.com\/en\/wp-json\/wp\/v2\/product\/1791\/revisions"}],"predecessor-version":[{"id":1818,"href":"https:\/\/xedop.com\/en\/wp-json\/wp\/v2\/product\/1791\/revisions\/1818"}],"wp:featuredmedia":[{"embeddable":true,"href":"https:\/\/xedop.com\/en\/wp-json\/wp\/v2\/media\/1792"}],"wp:attachment":[{"href":"https:\/\/xedop.com\/en\/wp-json\/wp\/v2\/media?parent=1791"}],"wp:term":[{"taxonomy":"product_cat","embeddable":true,"href":"https:\/\/xedop.com\/en\/wp-json\/wp\/v2\/product_cat?post=1791"},{"taxonomy":"product_tag","embeddable":true,"href":"https:\/\/xedop.com\/en\/wp-json\/wp\/v2\/product_tag?post=1791"}],"curies":[{"name":"wp","href":"https:\/\/api.w.org\/{rel}","templated":true}]}}