{"id":1893,"date":"2025-06-06T09:25:55","date_gmt":"2025-06-06T02:25:55","guid":{"rendered":"https:\/\/xedop.com\/?post_type=product&#038;p=1893"},"modified":"2025-06-12T08:56:34","modified_gmt":"2025-06-12T01:56:34","slug":"den-chieu-phia-truoc-cateye-head-lamp-hl-el1100rc-ampp-1100","status":"publish","type":"product","link":"https:\/\/xedop.com\/en\/san-pham\/den-chieu-phia-truoc-cateye-head-lamp-hl-el1100rc-ampp-1100\/","title":{"rendered":"\u0110\u00e8n chi\u1ebfu ph\u00eda tr\u01b0\u1edbc CATEYE Head Lamp HL-EL1100RC AMPP 1100"},"content":{"rendered":"<p>AMPP1100 s\u1eed d\u1ee5ng thi\u1ebft k\u1ebf hai \u0111\u00e8n LED v\u1edbi c\u00f4ng ngh\u1ec7 th\u1ea5u k\u00ednh OptiCube \u2122, tr\u1ea3i r\u1ed9ng v\u00e0 chi\u1ebfu \u0111\u1ec1u kh\u1eafp m\u1ecdi th\u1ee9 m\u00e0 \u0111\u1ecba h\u00ecnh n\u00e9m v\u00e0o b\u1ea1n.<\/p>\n<ul>\n<li>\u0110\u00e8n pha s\u1ea1c \u0111i\u1ec7n cao (1100 lm)<\/li>\n<li>Ch\u00f9m s\u00e1ng m\u1ea1nh m\u1ebd v\u1edbi c\u00f4ng ngh\u1ec7 \u1ed1ng k\u00ednh OptiCube \u2122<\/li>\n<li>Kh\u1ea3 n\u0103ng hi\u1ec3n th\u1ecb b\u00ean tuy\u1ec7t v\u1eddi<\/li>\n<li>Pin s\u1ea1c lithium-ion dung l\u01b0\u1ee3ng l\u1edbn<\/li>\n<li>M\u1ea1ch s\u1ea1c nhanh t\u00edch h\u1ee3p * S\u1ea1c \u0111\u1ea7y trong kho\u1ea3ng 3 gi\u1edd (t\u1ed1i thi\u1ec3u)<\/li>\n<li>Ch\u1ec9 b\u00e1o pin 3 c\u1ea5p (M\u00e0u xanh: Tr\u00ean 50% V\u00e0ng: 30-50% \u0110\u1ecf: D\u01b0\u1edbi 30%)<\/li>\n<li>C\u00f3 th\u1ec3 s\u1ea1c l\u1ea1i USB (bao g\u1ed3m c\u00e1p Micro-USB)<\/li>\n<li>Ch\u1ee9c n\u0103ng b\u1ed9 nh\u1edb ch\u1ebf \u0111\u1ed9<\/li>\n<li>N\u0103m ch\u1ebf \u0111\u1ed9 \u00e1nh s\u00e1ng (Cao \/ Trung b\u00ecnh \/ Th\u1ea5p \/ T\u0103ng t\u1ed1c ban ng\u00e0y \/ Nh\u1ea5p nh\u00e1y)<\/li>\n<li>B\u1eadt ch\u1ebf \u0111\u1ed9 Cao b\u1eb1ng c\u00e1ch nh\u1ea5p \u0111\u00fap v\u00e0o n\u00fat ngu\u1ed3n<\/li>\n<li>Gi\u00e1 \u0111\u1ee1 FlexTight \u2122<\/li>\n<li>G\u1eafn m\u0169 b\u1ea3o hi\u1ec3m v\u00e0 khung ng\u00e3 ba trung t\u00e2m (t\u00f9y ch\u1ecdn)<\/li>\n<\/ul>\n<p>&nbsp;<\/p>\n<p>Th\u00f4ng s\u1ed1 k\u1ef9 thu\u1eadt<\/p>\n<table border=\"1\" width=\"661\" cellspacing=\"0\" cellpadding=\"0\">\n<tbody>\n<tr>\n<td>K\u00edch th\u01b0\u1edbc chi\u1ec1u<\/td>\n<td>:<\/td>\n<td>48 x 105 x 34 mm<\/td>\n<\/tr>\n<tr>\n<td>C\u00e2n n\u1eb7ng<\/td>\n<td>:<\/td>\n<td>200 gram (\u0111\u00e8n v\u00e0 pin)<\/td>\n<\/tr>\n<tr>\n<td>Ngu\u1ed3n s\u00e1ng<\/td>\n<td>:<\/td>\n<td>LED tr\u1eafng c\u01b0\u1eddng \u0111\u1ed9 cao X2<\/td>\n<\/tr>\n<tr>\n<td>Th\u1eddi gian s\u1eed d\u1ee5ng<\/td>\n<td>:<\/td>\n<td>Ch\u1ebf \u0111\u1ed9 cao 1100 lumens phi\u00ean b\u1ea3n 1.5hrs<br \/>\nCh\u1ebf \u0111\u1ed9 trung b\u00ecnh 800 lumens C\u00e1ch 2 gi\u1edd<br \/>\nCh\u1ebf \u0111\u1ed9 th\u1ea5p 400 lumensine 4.5hrs<\/p>\n<p>Ch\u1ebf \u0111\u1ed9 HyperConstant ban ng\u00e0y 1100\/400 lumenside 6.5hrs<br \/>\nCh\u1ebf \u0111\u1ed9 nh\u1ea5p nh\u00e1y 200 lumensedom 50hrs<\/p>\n<p>&nbsp;<\/td>\n<\/tr>\n<tr>\n<td>\n<ul>\n<li><\/li>\n<\/ul>\n<\/td>\n<td>:<\/td>\n<td>Pin s\u1ea1c Li-ion (7.4V-2500mAh)<\/td>\n<\/tr>\n<tr>\n<td>Th\u1eddi gian n\u1ea1p l\u1ea1i<\/p>\n<p>&nbsp;<\/td>\n<td>:<\/td>\n<td>kho\u1ea3ng 3-5 gi\u1edd (s\u1ea1c USB2.0)<\/p>\n<p>&nbsp;<\/td>\n<\/tr>\n<tr>\n<td>S\u1ed1 l\u1ea7n n\u1ea1p \/ x\u1ea3<\/td>\n<td>:<\/td>\n<td>kho\u1ea3ng 300 l\u1ea7n cho \u0111\u1ebfn khi c\u00f4ng su\u1ea5t \u0111\u1ecbnh m\u1ee9c gi\u1ea3m xu\u1ed1ng 70%<\/td>\n<\/tr>\n<tr>\n<td>Kh\u00e1c<\/td>\n<td>:<\/td>\n<td>Ch\u1ec9 b\u00e1o pin ba m\u00e0u, Ch\u1ee9c n\u0103ng b\u1ed9 nh\u1edb ch\u1ebf \u0111\u1ed9 chi\u1ebfu s\u00e1ng, Gi\u00e1 \u0111\u1ee1 m\u0169 b\u1ea3o hi\u1ec3m \/ Gi\u00e1 \u0111\u1ee1 trung t\u00e2m (t\u00f9y ch\u1ecdn)<\/td>\n<\/tr>\n<\/tbody>\n<\/table>\n","protected":false},"excerpt":{"rendered":"<p>AMPP1100 s\u1eed d\u1ee5ng thi\u1ebft k\u1ebf hai \u0111\u00e8n LED v\u1edbi c\u00f4ng ngh\u1ec7 th\u1ea5u k\u00ednh OptiCube \u2122, tr\u1ea3i r\u1ed9ng v\u00e0 chi\u1ebfu \u0111\u1ec1u kh\u1eafp m\u1ecdi th\u1ee9 m\u00e0 \u0111\u1ecba h\u00ecnh<span class=\"excerpt-hellip\"> [\u2026]<\/span><\/p>\n","protected":false},"featured_media":1894,"comment_status":"closed","ping_status":"closed","template":"","meta":[],"product_cat":[87],"product_tag":[],"class_list":["post-1893","product","type-product","status-publish","has-post-thumbnail","hentry","product_cat-den"],"_links":{"self":[{"href":"https:\/\/xedop.com\/en\/wp-json\/wp\/v2\/product\/1893","targetHints":{"allow":["GET"]}}],"collection":[{"href":"https:\/\/xedop.com\/en\/wp-json\/wp\/v2\/product"}],"about":[{"href":"https:\/\/xedop.com\/en\/wp-json\/wp\/v2\/types\/product"}],"replies":[{"embeddable":true,"href":"https:\/\/xedop.com\/en\/wp-json\/wp\/v2\/comments?post=1893"}],"version-history":[{"count":1,"href":"https:\/\/xedop.com\/en\/wp-json\/wp\/v2\/product\/1893\/revisions"}],"predecessor-version":[{"id":1910,"href":"https:\/\/xedop.com\/en\/wp-json\/wp\/v2\/product\/1893\/revisions\/1910"}],"wp:featuredmedia":[{"embeddable":true,"href":"https:\/\/xedop.com\/en\/wp-json\/wp\/v2\/media\/1894"}],"wp:attachment":[{"href":"https:\/\/xedop.com\/en\/wp-json\/wp\/v2\/media?parent=1893"}],"wp:term":[{"taxonomy":"product_cat","embeddable":true,"href":"https:\/\/xedop.com\/en\/wp-json\/wp\/v2\/product_cat?post=1893"},{"taxonomy":"product_tag","embeddable":true,"href":"https:\/\/xedop.com\/en\/wp-json\/wp\/v2\/product_tag?post=1893"}],"curies":[{"name":"wp","href":"https:\/\/api.w.org\/{rel}","templated":true}]}}