{"id":2086,"date":"2025-08-28T10:30:25","date_gmt":"2025-08-28T03:30:25","guid":{"rendered":"https:\/\/xedop.com\/?post_type=product&#038;p=2086"},"modified":"2025-08-28T10:42:12","modified_gmt":"2025-08-28T03:42:12","slug":"den-chieu-phia-truoc-pha-sieu-sang-x2t6-cu-meo","status":"publish","type":"product","link":"https:\/\/xedop.com\/en\/san-pham\/den-chieu-phia-truoc-pha-sieu-sang-x2t6-cu-meo\/","title":{"rendered":"\u0110\u00e8n chi\u1ebfu ph\u00eda tr\u01b0\u1edbc, pha si\u00eau s\u00e1ng X2T6 C\u00fa M\u00e8o"},"content":{"rendered":"<p>L\u00e0 lo\u1ea1i \u0111\u00e8n Led si\u00eau s\u00e1ng c\u00f3 2 b\u00f3ng thi\u1ebft k\u1ebf ki\u1ec3u d\u00e1ng m\u1eaft C\u00fa M\u00e8o.<\/p>\n<p>&#8211; C\u00f4ng su\u1ea5t: 20W<\/p>\n<p>&#8211; C\u00f4ng su\u1ea5t ph\u00e1t\u00a0s\u00e1ng: 2000 Lm<\/p>\n<p>&#8211; \u0110i\u1ec7n\u00a0\u00e1p: 8,4V<\/p>\n<p>&#8211; Ti\u00eau chu\u1ea9n ch\u1ed1ng n\u01b0\u1edbc: IPX-5<\/p>\n<p>&#8211; Ph\u1ea1m vi chi\u1ebfu s\u00e1ng: 250m<\/p>\n<p>&#8211; Th\u1eddi gian s\u1eed d\u1ee5ng cho 1 l\u1ea7n s\u1ea1c: 2,5h (ch\u1ebf\u00a0\u0111\u1ed9 s\u00e1ng cao nh\u1ea5t)<\/p>\n<p>&#8211; Dung l\u01b0\u1ee3ng pin: 6400 mAh<\/p>\n<p>&#8211; Hi\u1ec3n th\u1ecb pin:\u00a0\u0111\u1ee7 pin &#8211;\u00a0\u0111\u00e8n xanh; pin y\u1ebfu &#8211;\u00a0\u0111\u00e8n\u00a0\u0111\u1ecf<\/p>\n<p>&#8211; Th\u00f4ng s\u1ed1 s\u1ea1c:\u00a0\u0111\u1ea7u v\u00e0o 220V;\u00a0\u0111\u1ea7u ra 8,4V<\/p>\n<p>&#8211; H\u1ea1t led: 2 h\u1ea1t T6<\/p>\n<p>&#8211;\u00a0C\u00f3 c\u00e1c ch\u1ee9c n\u0103ng: S\u00e1ng, m\u1edd, nh\u00e1y<\/p>\n<p>D\u1ec5 s\u1eed d\u1ee5ng, l\u1eafp \u0111\u1eb7t. C\u00f3 s\u1ea1c v\u00e0 pin \u0111\u1ec3 mua ri\u00eang\u00a0thay th\u1ebf n\u1ebfu c\u00e1c thi\u1ebft b\u1ecb ph\u1ee5 tr\u1ee3 b\u1ecb h\u1ecfng.<\/p>\n<p>Mua l\u1ebb:<\/p>\n<p>\u00a0&#8211; \u0110\u00e8n 150k<\/p>\n<p>\u00a0&#8211; Pin 8,4V : 100k<\/p>\n<p>\u00a0&#8211; S\u1ea1c: 50k<\/p>\n","protected":false},"excerpt":{"rendered":"<p>L\u00e0 lo\u1ea1i \u0111\u00e8n Led si\u00eau s\u00e1ng c\u00f3 2 b\u00f3ng thi\u1ebft k\u1ebf ki\u1ec3u d\u00e1ng m\u1eaft C\u00fa M\u00e8o. &#8211; C\u00f4ng su\u1ea5t: 20W &#8211; C\u00f4ng su\u1ea5t ph\u00e1t\u00a0s\u00e1ng: 2000 Lm<span class=\"excerpt-hellip\"> [\u2026]<\/span><\/p>\n","protected":false},"featured_media":2087,"comment_status":"closed","ping_status":"closed","template":"","meta":[],"product_cat":[87],"product_tag":[],"class_list":["post-2086","product","type-product","status-publish","has-post-thumbnail","hentry","product_cat-den"],"_links":{"self":[{"href":"https:\/\/xedop.com\/en\/wp-json\/wp\/v2\/product\/2086","targetHints":{"allow":["GET"]}}],"collection":[{"href":"https:\/\/xedop.com\/en\/wp-json\/wp\/v2\/product"}],"about":[{"href":"https:\/\/xedop.com\/en\/wp-json\/wp\/v2\/types\/product"}],"replies":[{"embeddable":true,"href":"https:\/\/xedop.com\/en\/wp-json\/wp\/v2\/comments?post=2086"}],"version-history":[{"count":1,"href":"https:\/\/xedop.com\/en\/wp-json\/wp\/v2\/product\/2086\/revisions"}],"predecessor-version":[{"id":2097,"href":"https:\/\/xedop.com\/en\/wp-json\/wp\/v2\/product\/2086\/revisions\/2097"}],"wp:featuredmedia":[{"embeddable":true,"href":"https:\/\/xedop.com\/en\/wp-json\/wp\/v2\/media\/2087"}],"wp:attachment":[{"href":"https:\/\/xedop.com\/en\/wp-json\/wp\/v2\/media?parent=2086"}],"wp:term":[{"taxonomy":"product_cat","embeddable":true,"href":"https:\/\/xedop.com\/en\/wp-json\/wp\/v2\/product_cat?post=2086"},{"taxonomy":"product_tag","embeddable":true,"href":"https:\/\/xedop.com\/en\/wp-json\/wp\/v2\/product_tag?post=2086"}],"curies":[{"name":"wp","href":"https:\/\/api.w.org\/{rel}","templated":true}]}}