{"id":2211,"date":"2025-06-07T06:54:03","date_gmt":"2025-06-06T23:54:03","guid":{"rendered":"https:\/\/xedop.com\/?post_type=product&#038;p=2211"},"modified":"2026-03-07T14:51:28","modified_gmt":"2026-03-07T07:51:28","slug":"tui-treo-khung-rockbros-030-60bk","status":"publish","type":"product","link":"https:\/\/xedop.com\/en\/san-pham\/tui-treo-khung-rockbros-030-60bk\/","title":{"rendered":"T\u00fai treo khung ROCKBROS 030-60BK"},"content":{"rendered":"<p>M\u00e0n h\u00ecnh c\u1ea3m \u1ee9ng nh\u1ea1y c\u1ea3m TPU<\/p>\n<p>Thi\u1ebft k\u1ebf h\u1ee3p l\u00fd, gi\u1ea3m nguy c\u01a1 va ch\u1ea1m \u1edf ch\u00e2n v\u00e0 gi\u00fap vi\u1ec7c \u0111i xe tho\u1ea3i m\u00e1i h\u01a1n<\/p>\n<p><span style=\"color: #212529; ; font-family: -apple-system, BlinkMacSystemFont, Segoe UI, Roboto, Helvetica Neue, Arial, Noto Sans, sans-serif, Apple Color Emoji, Segoe UI Emoji, Segoe UI Symbol, Noto Color Emoji;\">D\u1ea3i ph\u1ea3n quang \u1edf hai b\u00ean t\u00fai b\u1ea3o v\u1ec7 b\u1ea1n khi \u0111i xe ban \u0111\u00eam<\/span><\/p>\n<p><span style=\"color: #212529; ; font-family: -apple-system, BlinkMacSystemFont, Segoe UI, Roboto, Helvetica Neue, Arial, Noto Sans, sans-serif, Apple Color Emoji, Segoe UI Emoji, Segoe UI Symbol, Noto Color Emoji;\">Kh\u00f3a d\u00e1n Velcro \u1edf c\u1ea3 hai b\u00ean gi\u00fap cho \u0111\u1ed3 v\u00e0o v\u00e0 l\u1ea5y ra d\u1ec5 d\u00e0ng h\u01a1n<\/span><\/p>\n<p><span style=\"color: #212529; ; font-family: -apple-system, BlinkMacSystemFont, Segoe UI, Roboto, Helvetica Neue, Arial, Noto Sans, sans-serif, Apple Color Emoji, Segoe UI Emoji, Segoe UI Symbol, Noto Color Emoji;\">Thi\u1ebft k\u1ebf dung t\u00edch l\u1edbn, d\u1ec5 d\u00e0ng c\u1ea5t gi\u1eef \u0111\u1ed3 khi \u0111i du l\u1ecbch<\/span><\/p>\n<p><span style=\"color: #212529; ; font-family: -apple-system, BlinkMacSystemFont, Segoe UI, Roboto, Helvetica Neue, Arial, Noto Sans, sans-serif, Apple Color Emoji, Segoe UI Emoji, Segoe UI Symbol, Noto Color Emoji;\">L\u1edbp x\u1ed1p h\u1ea5p th\u1ee5 s\u1ed1c v\u00e0 \u0111\u1ec7m b\u1ea3o v\u1ec7 \u0111i\u1ec7n tho\u1ea1i di \u0111\u1ed9ng<\/span><\/p>\n<p><span style=\"color: #212529; ; font-family: -apple-system, BlinkMacSystemFont, Segoe UI, Roboto, Helvetica Neue, Arial, Noto Sans, sans-serif, Apple Color Emoji, Segoe UI Emoji, Segoe UI Symbol, Noto Color Emoji;\">Thi\u1ebft k\u1ebf l\u1ed7 tai nhe mang \u00e2m nh\u1ea1c \u0111\u1ebfn m\u1ecdi n\u01a1i<\/span><\/p>\n","protected":false},"excerpt":{"rendered":"<p>M\u00e0n h\u00ecnh c\u1ea3m \u1ee9ng nh\u1ea1y c\u1ea3m TPU Thi\u1ebft k\u1ebf h\u1ee3p l\u00fd, gi\u1ea3m nguy c\u01a1 va ch\u1ea1m \u1edf ch\u00e2n v\u00e0 gi\u00fap vi\u1ec7c \u0111i xe tho\u1ea3i m\u00e1i h\u01a1n<span class=\"excerpt-hellip\"> [\u2026]<\/span><\/p>\n","protected":false},"featured_media":2212,"comment_status":"closed","ping_status":"closed","template":"","meta":[],"product_cat":[89],"product_tag":[],"class_list":["post-2211","product","type-product","status-publish","has-post-thumbnail","hentry","product_cat-balo-tui"],"_links":{"self":[{"href":"https:\/\/xedop.com\/en\/wp-json\/wp\/v2\/product\/2211","targetHints":{"allow":["GET"]}}],"collection":[{"href":"https:\/\/xedop.com\/en\/wp-json\/wp\/v2\/product"}],"about":[{"href":"https:\/\/xedop.com\/en\/wp-json\/wp\/v2\/types\/product"}],"replies":[{"embeddable":true,"href":"https:\/\/xedop.com\/en\/wp-json\/wp\/v2\/comments?post=2211"}],"version-history":[{"count":1,"href":"https:\/\/xedop.com\/en\/wp-json\/wp\/v2\/product\/2211\/revisions"}],"predecessor-version":[{"id":2216,"href":"https:\/\/xedop.com\/en\/wp-json\/wp\/v2\/product\/2211\/revisions\/2216"}],"wp:featuredmedia":[{"embeddable":true,"href":"https:\/\/xedop.com\/en\/wp-json\/wp\/v2\/media\/2212"}],"wp:attachment":[{"href":"https:\/\/xedop.com\/en\/wp-json\/wp\/v2\/media?parent=2211"}],"wp:term":[{"taxonomy":"product_cat","embeddable":true,"href":"https:\/\/xedop.com\/en\/wp-json\/wp\/v2\/product_cat?post=2211"},{"taxonomy":"product_tag","embeddable":true,"href":"https:\/\/xedop.com\/en\/wp-json\/wp\/v2\/product_tag?post=2211"}],"curies":[{"name":"wp","href":"https:\/\/api.w.org\/{rel}","templated":true}]}}