{"id":2299,"date":"2025-06-07T07:11:04","date_gmt":"2025-06-07T00:11:04","guid":{"rendered":"https:\/\/xedop.com\/?post_type=product&#038;p=2299"},"modified":"2025-06-07T07:11:04","modified_gmt":"2025-06-07T00:11:04","slug":"balo-phuot-giant-g0011","status":"publish","type":"product","link":"https:\/\/xedop.com\/en\/san-pham\/balo-phuot-giant-g0011\/","title":{"rendered":"Balo ph\u01b0\u1ee3t Giant G0011"},"content":{"rendered":"<p>H\u00e0ng ch\u00ednh h\u00e3ng Giant<\/p>\n<p>C\u1ef1c b\u1ec1n<\/p>\n<p>Ch\u1ea5t li\u1ec7u TPU ph\u1ee7 k\u00edn ch\u1ed1ng th\u1ea5m<\/p>\n<p>Ph\u00eda sau \u0111\u1ec7m \u00eam b\u1ed5 r\u00e3nh gi\u00fap \u00eam \u00e1i tho\u00e1ng m\u00e1t cho ng\u01b0\u1eddi d\u00f9ng<\/p>\n<p>Dung t\u00edch: 25L<\/p>\n<p>K\u00edch th\u01b0\u1edbc: 50*28*20<\/p>\n<p>Tr\u1ecdng l\u01b0\u1ee3ng: 1,2kg<\/p>\n","protected":false},"excerpt":{"rendered":"<p>H\u00e0ng ch\u00ednh h\u00e3ng Giant C\u1ef1c b\u1ec1n Ch\u1ea5t li\u1ec7u TPU ph\u1ee7 k\u00edn ch\u1ed1ng th\u1ea5m Ph\u00eda sau \u0111\u1ec7m \u00eam b\u1ed5 r\u00e3nh gi\u00fap \u00eam \u00e1i tho\u00e1ng m\u00e1t cho ng\u01b0\u1eddi<span class=\"excerpt-hellip\"> [\u2026]<\/span><\/p>\n","protected":false},"featured_media":2300,"comment_status":"closed","ping_status":"closed","template":"","meta":[],"product_cat":[89],"product_tag":[],"class_list":["post-2299","product","type-product","status-publish","has-post-thumbnail","hentry","product_cat-balo-tui"],"_links":{"self":[{"href":"https:\/\/xedop.com\/en\/wp-json\/wp\/v2\/product\/2299","targetHints":{"allow":["GET"]}}],"collection":[{"href":"https:\/\/xedop.com\/en\/wp-json\/wp\/v2\/product"}],"about":[{"href":"https:\/\/xedop.com\/en\/wp-json\/wp\/v2\/types\/product"}],"replies":[{"embeddable":true,"href":"https:\/\/xedop.com\/en\/wp-json\/wp\/v2\/comments?post=2299"}],"version-history":[{"count":1,"href":"https:\/\/xedop.com\/en\/wp-json\/wp\/v2\/product\/2299\/revisions"}],"predecessor-version":[{"id":2314,"href":"https:\/\/xedop.com\/en\/wp-json\/wp\/v2\/product\/2299\/revisions\/2314"}],"wp:featuredmedia":[{"embeddable":true,"href":"https:\/\/xedop.com\/en\/wp-json\/wp\/v2\/media\/2300"}],"wp:attachment":[{"href":"https:\/\/xedop.com\/en\/wp-json\/wp\/v2\/media?parent=2299"}],"wp:term":[{"taxonomy":"product_cat","embeddable":true,"href":"https:\/\/xedop.com\/en\/wp-json\/wp\/v2\/product_cat?post=2299"},{"taxonomy":"product_tag","embeddable":true,"href":"https:\/\/xedop.com\/en\/wp-json\/wp\/v2\/product_tag?post=2299"}],"curies":[{"name":"wp","href":"https:\/\/api.w.org\/{rel}","templated":true}]}}