{"id":2345,"date":"2025-06-07T07:56:56","date_gmt":"2025-06-07T00:56:56","guid":{"rendered":"https:\/\/xedop.com\/?post_type=product&#038;p=2345"},"modified":"2025-06-07T07:56:56","modified_gmt":"2025-06-07T00:56:56","slug":"gong-binh-nuoc-xe-dap-giant-melody-plus","status":"publish","type":"product","link":"https:\/\/xedop.com\/en\/san-pham\/gong-binh-nuoc-xe-dap-giant-melody-plus\/","title":{"rendered":"G\u1ecdng b\u00ecnh n\u01b0\u1edbc xe \u0111\u1ea1p GIANT MELODY PLUS"},"content":{"rendered":"<ul>\n<li>Thi\u1ebft k\u1ebf \u0111a s\u1ea1c, ph\u1ed1i c\u00f9ng nhi\u1ec1u m\u00e0u xe kh\u00e1c nhau<\/li>\n<li>Ch\u1ea5t li\u1ec7u ph\u1ee9c h\u1ee3p, \u0111\u1ed9 c\u1ee9ng cao, tr\u1ecdng l\u01b0\u1ee3ng nh\u00e9<\/li>\n<li>B\u1ec1 m\u1eb7t x\u1eed l\u00fd t\u1ed1t, nh\u1eb5n b\u00f3ng<\/li>\n<li>\u0110\u00e1y gi\u00e1 b\u00ecnh n\u01b0\u1edbc thi\u1ebft k\u1ebf ph\u00f9 h\u1ee3p nhi\u1ec1u ki\u1ec3u b\u00ecnh n\u01b0\u1edbc kh\u00e1c nhau<\/li>\n<li>SKU: 495200103-08<\/li>\n<\/ul>\n","protected":false},"excerpt":{"rendered":"<p>Thi\u1ebft k\u1ebf \u0111a s\u1ea1c, ph\u1ed1i c\u00f9ng nhi\u1ec1u m\u00e0u xe kh\u00e1c nhau Ch\u1ea5t li\u1ec7u ph\u1ee9c h\u1ee3p, \u0111\u1ed9 c\u1ee9ng cao, tr\u1ecdng l\u01b0\u1ee3ng nh\u00e9 B\u1ec1 m\u1eb7t x\u1eed l\u00fd t\u1ed1t,<span class=\"excerpt-hellip\"> [\u2026]<\/span><\/p>\n","protected":false},"featured_media":2346,"comment_status":"closed","ping_status":"closed","template":"","meta":[],"product_cat":[90],"product_tag":[],"class_list":["post-2345","product","type-product","status-publish","has-post-thumbnail","hentry","product_cat-binh-nuoc-gong-binh-nuoc"],"_links":{"self":[{"href":"https:\/\/xedop.com\/en\/wp-json\/wp\/v2\/product\/2345","targetHints":{"allow":["GET"]}}],"collection":[{"href":"https:\/\/xedop.com\/en\/wp-json\/wp\/v2\/product"}],"about":[{"href":"https:\/\/xedop.com\/en\/wp-json\/wp\/v2\/types\/product"}],"replies":[{"embeddable":true,"href":"https:\/\/xedop.com\/en\/wp-json\/wp\/v2\/comments?post=2345"}],"version-history":[{"count":1,"href":"https:\/\/xedop.com\/en\/wp-json\/wp\/v2\/product\/2345\/revisions"}],"predecessor-version":[{"id":2356,"href":"https:\/\/xedop.com\/en\/wp-json\/wp\/v2\/product\/2345\/revisions\/2356"}],"wp:featuredmedia":[{"embeddable":true,"href":"https:\/\/xedop.com\/en\/wp-json\/wp\/v2\/media\/2346"}],"wp:attachment":[{"href":"https:\/\/xedop.com\/en\/wp-json\/wp\/v2\/media?parent=2345"}],"wp:term":[{"taxonomy":"product_cat","embeddable":true,"href":"https:\/\/xedop.com\/en\/wp-json\/wp\/v2\/product_cat?post=2345"},{"taxonomy":"product_tag","embeddable":true,"href":"https:\/\/xedop.com\/en\/wp-json\/wp\/v2\/product_tag?post=2345"}],"curies":[{"name":"wp","href":"https:\/\/api.w.org\/{rel}","templated":true}]}}