{"id":2555,"date":"2025-06-07T12:42:26","date_gmt":"2025-06-07T05:42:26","guid":{"rendered":"https:\/\/xedop.com\/?post_type=product&#038;p=2555"},"modified":"2025-06-07T12:42:26","modified_gmt":"2025-06-07T05:42:26","slug":"tay-nam-giant-mountain-king-eva","status":"publish","type":"product","link":"https:\/\/xedop.com\/en\/san-pham\/tay-nam-giant-mountain-king-eva\/","title":{"rendered":"Tay n\u1eafm GIANT MOUNTAIN KING EVA"},"content":{"rendered":"<p>\u2013 Ch\u1ea5t li\u1ec7u nh\u1ef1a PP c\u00f9ng b\u1ecdc x\u1ed1p\uff0cnh\u1eb9\uff0cthi\u1ebft k\u1ebf theo chu\u1ea9n tay ng\u01b0\u1eddi th\u1eadt.<br \/>\n\u2013 \u0110\u1ea7u kho\u00e1 G2, tr\u00e1nh b\u1ecb xoay, \u0111\u1ed9 an to\u00e0n cao.<br \/>\n\u2013 V\u00f2ng xo\u00e1y c\u00f3 logo GIANT.<\/p>\n","protected":false},"excerpt":{"rendered":"<p>\u2013 Ch\u1ea5t li\u1ec7u nh\u1ef1a PP c\u00f9ng b\u1ecdc x\u1ed1p\uff0cnh\u1eb9\uff0cthi\u1ebft k\u1ebf theo chu\u1ea9n tay ng\u01b0\u1eddi th\u1eadt. \u2013 \u0110\u1ea7u kho\u00e1 G2, tr\u00e1nh b\u1ecb xoay, \u0111\u1ed9 an to\u00e0n cao. \u2013<span class=\"excerpt-hellip\"> [\u2026]<\/span><\/p>\n","protected":false},"featured_media":2556,"comment_status":"closed","ping_status":"closed","template":"","meta":[],"product_cat":[92],"product_tag":[],"class_list":["post-2555","product","type-product","status-publish","has-post-thumbnail","hentry","product_cat-tay-nam-day-cuon"],"_links":{"self":[{"href":"https:\/\/xedop.com\/en\/wp-json\/wp\/v2\/product\/2555","targetHints":{"allow":["GET"]}}],"collection":[{"href":"https:\/\/xedop.com\/en\/wp-json\/wp\/v2\/product"}],"about":[{"href":"https:\/\/xedop.com\/en\/wp-json\/wp\/v2\/types\/product"}],"replies":[{"embeddable":true,"href":"https:\/\/xedop.com\/en\/wp-json\/wp\/v2\/comments?post=2555"}],"version-history":[{"count":1,"href":"https:\/\/xedop.com\/en\/wp-json\/wp\/v2\/product\/2555\/revisions"}],"predecessor-version":[{"id":2566,"href":"https:\/\/xedop.com\/en\/wp-json\/wp\/v2\/product\/2555\/revisions\/2566"}],"wp:featuredmedia":[{"embeddable":true,"href":"https:\/\/xedop.com\/en\/wp-json\/wp\/v2\/media\/2556"}],"wp:attachment":[{"href":"https:\/\/xedop.com\/en\/wp-json\/wp\/v2\/media?parent=2555"}],"wp:term":[{"taxonomy":"product_cat","embeddable":true,"href":"https:\/\/xedop.com\/en\/wp-json\/wp\/v2\/product_cat?post=2555"},{"taxonomy":"product_tag","embeddable":true,"href":"https:\/\/xedop.com\/en\/wp-json\/wp\/v2\/product_tag?post=2555"}],"curies":[{"name":"wp","href":"https:\/\/api.w.org\/{rel}","templated":true}]}}