{"id":2587,"date":"2025-06-07T12:50:20","date_gmt":"2025-06-07T05:50:20","guid":{"rendered":"https:\/\/xedop.com\/?post_type=product&#038;p=2587"},"modified":"2025-06-07T12:50:20","modified_gmt":"2025-06-07T05:50:20","slug":"boc-yen-giant-mong","status":"publish","type":"product","link":"https:\/\/xedop.com\/en\/san-pham\/boc-yen-giant-mong\/","title":{"rendered":"B\u1ecdc y\u00ean Giant m\u1ecfng"},"content":{"rendered":"<p>&#8211; V\u1ea3i s\u1ee3i k\u1ef9 thu\u1eadt Lycra, h\u00fat \u1ea9m v\u00e0 nhanh kh\u00f4, tho\u1ea3i m\u00e1i v\u00e0 tho\u00e1ng kh\u00ed<\/p>\n<p>&#8211; Ch\u1ea5t li\u1ec7u silicone m\u1ec1m c\u00f3 \u0111\u1ed9 \u0111\u00e0n h\u1ed3i cao, h\u1ea5p th\u1ee5 t\u00e1c \u0111\u1ed9ng, gi\u1ea3m rung, nh\u1ea3 v\u1edbi \u0111\u1ed9 b\u1eadt th\u1ea5p<\/p>\n<p>&#8211; Thi\u1ebft k\u1ebf Silicon d\u00e0y tho\u1ea3i m\u00e1i, \u0111\u1ec7m ng\u1ed3i \u00eam \u00e1i, tho\u1ea3i m\u00e1i h\u01a1n, gi\u1ea3m ma s\u00e1t<\/p>\n<p>&#8211; C\u00f3 kh\u1ea3 n\u0103ng ph\u1ee5c h\u1ed3i bi\u1ebfn d\u1ea1ng cao, ch\u1ed1ng l\u00e3o h\u00f3a v\u00e0 ch\u1ed1ng m\u00e0i m\u00f2n<\/p>\n<p>&#8211;\u00a0Thi\u1ebft k\u1ebf l\u00f5m \u1edf gi\u1eefa, tho\u00e1ng kh\u00ed v\u00e0 t\u1ea3n nhi\u1ec7t hi\u1ec7u qu\u1ea3<\/p>\n<p>&#8211; C\u00e1c h\u1ea1t ch\u1ed1ng tr\u01b0\u1ee3t \u1edf m\u1eb7t sau, t\u0103ng \u0111\u1ed9 ma s\u00e1t c\u1ee7a b\u1ec1 m\u1eb7t ti\u1ebfp x\u00fac \u0111\u1ec3 tr\u00e1nh b\u1ecdc b\u1ecb tr\u01b0\u1ee3t khi \u0111i xe<\/p>\n<p>&#8211; C\u00f3 th\u1ec3 gi\u1eb7t \u0111\u01b0\u1ee3c, ph\u00f9 h\u1ee3p v\u1edbi ph\u1ea7n l\u1edbn lo\u1ea1i y\u00ean<\/p>\n","protected":false},"excerpt":{"rendered":"<p>&#8211; V\u1ea3i s\u1ee3i k\u1ef9 thu\u1eadt Lycra, h\u00fat \u1ea9m v\u00e0 nhanh kh\u00f4, tho\u1ea3i m\u00e1i v\u00e0 tho\u00e1ng kh\u00ed &#8211; Ch\u1ea5t li\u1ec7u silicone m\u1ec1m c\u00f3 \u0111\u1ed9 \u0111\u00e0n h\u1ed3i cao,<span class=\"excerpt-hellip\"> [\u2026]<\/span><\/p>\n","protected":false},"featured_media":2588,"comment_status":"closed","ping_status":"closed","template":"","meta":[],"product_cat":[93],"product_tag":[],"class_list":["post-2587","product","type-product","status-publish","has-post-thumbnail","hentry","product_cat-chuong-boc-yen-khoa-phu-kien-khac"],"_links":{"self":[{"href":"https:\/\/xedop.com\/en\/wp-json\/wp\/v2\/product\/2587","targetHints":{"allow":["GET"]}}],"collection":[{"href":"https:\/\/xedop.com\/en\/wp-json\/wp\/v2\/product"}],"about":[{"href":"https:\/\/xedop.com\/en\/wp-json\/wp\/v2\/types\/product"}],"replies":[{"embeddable":true,"href":"https:\/\/xedop.com\/en\/wp-json\/wp\/v2\/comments?post=2587"}],"version-history":[{"count":2,"href":"https:\/\/xedop.com\/en\/wp-json\/wp\/v2\/product\/2587\/revisions"}],"predecessor-version":[{"id":2591,"href":"https:\/\/xedop.com\/en\/wp-json\/wp\/v2\/product\/2587\/revisions\/2591"}],"wp:featuredmedia":[{"embeddable":true,"href":"https:\/\/xedop.com\/en\/wp-json\/wp\/v2\/media\/2588"}],"wp:attachment":[{"href":"https:\/\/xedop.com\/en\/wp-json\/wp\/v2\/media?parent=2587"}],"wp:term":[{"taxonomy":"product_cat","embeddable":true,"href":"https:\/\/xedop.com\/en\/wp-json\/wp\/v2\/product_cat?post=2587"},{"taxonomy":"product_tag","embeddable":true,"href":"https:\/\/xedop.com\/en\/wp-json\/wp\/v2\/product_tag?post=2587"}],"curies":[{"name":"wp","href":"https:\/\/api.w.org\/{rel}","templated":true}]}}