{"id":2614,"date":"2025-06-07T12:59:45","date_gmt":"2025-06-07T05:59:45","guid":{"rendered":"https:\/\/xedop.com\/?post_type=product&#038;p=2614"},"modified":"2026-04-21T20:39:45","modified_gmt":"2026-04-21T13:39:45","slug":"khoa-xe-dap-giant-ex","status":"publish","type":"product","link":"https:\/\/xedop.com\/en\/san-pham\/khoa-xe-dap-giant-ex\/","title":{"rendered":"Kh\u00f3a xe \u0111\u1ea1p Giant EX (kh\u00f3a ch\u00eca, c\u00f3 \u0111\u00e8n nh\u00e1y)"},"content":{"rendered":"<p>Kh\u00f3a d\u00e2y d\u00f9ng cho xe \u0111\u1ea1p<\/p>\n<p>H\u00e3ng s\u1ea3n xu\u1ea5t: Giant<\/p>\n<p>Lo\u1ea1i kh\u00f3a: d\u00f9ng ch\u00eca m\u1edf<\/p>\n<p>\u0110\u1eb7c bi\u1ec7t: c\u00f3 t\u00edch h\u1ee3p \u0111\u00e8n led c\u1ea3nh b\u00e1o<\/p>\n<p>\u0110\u01b0\u1eddng k\u00ednh d\u00e2y:\u00a0\u00d88\u00a0mm<\/p>\n<p>\u0110\u1ed9 d\u00e0i d\u00e2y kh\u00f3a: 150 cm<\/p>\n","protected":false},"excerpt":{"rendered":"<p>Kh\u00f3a d\u00e2y d\u00f9ng cho xe \u0111\u1ea1p H\u00e3ng s\u1ea3n xu\u1ea5t: Giant Lo\u1ea1i kh\u00f3a: d\u00f9ng ch\u00eca m\u1edf \u0110\u1eb7c bi\u1ec7t: c\u00f3 t\u00edch h\u1ee3p \u0111\u00e8n led c\u1ea3nh b\u00e1o \u0110\u01b0\u1eddng k\u00ednh<span class=\"excerpt-hellip\"> [\u2026]<\/span><\/p>\n","protected":false},"featured_media":2615,"comment_status":"closed","ping_status":"closed","template":"","meta":[],"product_cat":[93],"product_tag":[],"class_list":["post-2614","product","type-product","status-publish","has-post-thumbnail","hentry","product_cat-chuong-boc-yen-khoa-phu-kien-khac"],"_links":{"self":[{"href":"https:\/\/xedop.com\/en\/wp-json\/wp\/v2\/product\/2614","targetHints":{"allow":["GET"]}}],"collection":[{"href":"https:\/\/xedop.com\/en\/wp-json\/wp\/v2\/product"}],"about":[{"href":"https:\/\/xedop.com\/en\/wp-json\/wp\/v2\/types\/product"}],"replies":[{"embeddable":true,"href":"https:\/\/xedop.com\/en\/wp-json\/wp\/v2\/comments?post=2614"}],"version-history":[{"count":2,"href":"https:\/\/xedop.com\/en\/wp-json\/wp\/v2\/product\/2614\/revisions"}],"predecessor-version":[{"id":12470,"href":"https:\/\/xedop.com\/en\/wp-json\/wp\/v2\/product\/2614\/revisions\/12470"}],"wp:featuredmedia":[{"embeddable":true,"href":"https:\/\/xedop.com\/en\/wp-json\/wp\/v2\/media\/2615"}],"wp:attachment":[{"href":"https:\/\/xedop.com\/en\/wp-json\/wp\/v2\/media?parent=2614"}],"wp:term":[{"taxonomy":"product_cat","embeddable":true,"href":"https:\/\/xedop.com\/en\/wp-json\/wp\/v2\/product_cat?post=2614"},{"taxonomy":"product_tag","embeddable":true,"href":"https:\/\/xedop.com\/en\/wp-json\/wp\/v2\/product_tag?post=2614"}],"curies":[{"name":"wp","href":"https:\/\/api.w.org\/{rel}","templated":true}]}}