{"id":2840,"date":"2025-06-07T14:03:03","date_gmt":"2025-06-07T07:03:03","guid":{"rendered":"https:\/\/xedop.com\/?post_type=product&#038;p=2840"},"modified":"2025-07-11T16:26:38","modified_gmt":"2025-07-11T09:26:38","slug":"tacx-neo-motion-plates-dia-tao-chuyen-dong-truot-cho-tacx-neo","status":"publish","type":"product","link":"https:\/\/xedop.com\/en\/san-pham\/tacx-neo-motion-plates-dia-tao-chuyen-dong-truot-cho-tacx-neo\/","title":{"rendered":"Tacx, NEO Motion Plates (\u0111\u0129a t\u1ea1o chuy\u1ec3n \u0111\u1ed9ng tr\u01b0\u1ee3t cho Tacx NEO)"},"content":{"rendered":"<div><img decoding=\"async\" class=\"app__feature__card__image\" src=\"https:\/\/xedop.com\/wp-content\/uploads\/2025\/06\/tacx-neo-motion-plates-dia-tao-chuyen-dong-truot-cho-tacx-neo-2840.jpg\" alt=\"\" \/><\/p>\n<p>Chuy\u1ec3n \u0111\u1ed9ng \u0111a h\u01b0\u1edbng m\u00f4 ph\u1ecfng c\u1ea3m gi\u00e1c c\u1ee7a m\u1ed9t chuy\u1ebfn \u0111\u1ea1p xe th\u1ef1c t\u1ebf.<\/p>\n<\/div>\n<div><img decoding=\"async\" class=\"app__feature__card__image\" src=\"https:\/\/xedop.com\/wp-content\/uploads\/2025\/06\/tacx-neo-motion-plates-dia-tao-chuyen-dong-truot-cho-tacx-neo-2840-1.jpg\" alt=\"\" \/><\/p>\n<p>D\u1ec5 d\u00e0ng l\u1eafp \u0111\u1eb7t, \u0111\u1ed3ng b\u1ed9 ngay l\u1eadp t\u1ee9c.<\/p>\n<\/div>\n<div><img decoding=\"async\" class=\"app__feature__card__image\" src=\"https:\/\/xedop.com\/wp-content\/uploads\/2025\/06\/tacx-neo-motion-plates-dia-tao-chuyen-dong-truot-cho-tacx-neo-2840-2.jpg\" alt=\"\" \/><\/p>\n<p>Ch\u1ecdn t\u01b0 th\u1ebf l\u00e1i xe t\u1ef1 nhi\u00ean h\u01a1n \u0111\u1ec3 b\u1ea1n t\u1eadp trung v\u00e0 t\u1eadp luy\u1ec7n hi\u1ec7u qu\u1ea3 h\u01a1n.<\/p>\n<\/div>\n<div><img decoding=\"async\" class=\"app__feature__card__image\" src=\"https:\/\/xedop.com\/wp-content\/uploads\/2025\/06\/tacx-neo-motion-plates-dia-tao-chuyen-dong-truot-cho-tacx-neo-2840-3.jpg\" alt=\"\" \/><\/p>\n<p>T\u1ef1 tin \u0111\u1ea1p xe tr\u00ean c\u00e1c t\u1ea5m l\u00f3t chuy\u1ec3n \u0111\u1ed9ng an to\u00e0n v\u00e0 c\u00e2n b\u1eb1ng.<\/p>\n<\/div>\n<div><img decoding=\"async\" class=\"app__feature__card__image\" src=\"https:\/\/xedop.com\/wp-content\/uploads\/2025\/06\/tacx-neo-motion-plates-dia-tao-chuyen-dong-truot-cho-tacx-neo-2840-4.jpg\" alt=\"Lorem ipsum dolor sit amet\" \/><\/p>\n<p>T\u01b0\u01a1ng th\u00edch tuy\u1ec7t \u0111\u1ed1i, kh\u00f4ng g\u00e2y ti\u1ebfng \u1ed3n.<\/p>\n<\/p>\n<h3>CHUY\u1ec2N \u0110\u1ed8NG \u0110A H\u01af\u1edaNG<\/h3>\n<p>\u0110\u1ec3 b\u1ed5 tr\u1ee3 cho chuy\u1ec3n \u0111\u1ed9ng t\u1eeb tr\u00e1i sang ph\u1ea3i c\u1ee7a m\u00e1y t\u1eadp NEO, c\u00e1c t\u1ea5m l\u00f3t chuy\u1ec3n \u0111\u1ed9ng n\u00e0y cho ph\u00e9p b\u1ea1n th\u1ef1c hi\u1ec7n c\u00e1c chuy\u1ec3n \u0111\u1ed9ng \u0111a h\u01b0\u1edbng m\u1ed9t c\u00e1ch th\u1ef1c t\u1ebf h\u01a1n, mang l\u1ea1i c\u1ea3m gi\u00e1c nh\u01b0 \u0111ang \u0111\u1ea1p xe ngo\u00e0i tr\u1eddi. Ch\u1ecdn t\u01b0 th\u1ebf l\u00e1i xe t\u1ef1 nhi\u00ean h\u01a1n v\u00e0 n\u00e2ng cao hi\u1ec7u qu\u1ea3 t\u1eadp luy\u1ec7n.<\/p>\n<\/p>\n<h3>D\u1ec4 D\u00c0NG L\u1eaeP \u0110\u1eb6T<\/h3>\n<p>Ch\u1ec9 c\u1ea7n g\u1eafn ch\u00fang v\u00e0o v\u00e0 b\u1ea1n \u0111\u00e3 s\u1eb5n s\u00e0ng cho chuy\u1ebfn \u0111i. C\u00e1c t\u1ea5m chuy\u1ec3n \u0111\u1ed9ng g\u1eafn t\u1eeb t\u00ednh ch\u1eafc ch\u1eafn v\u00e0o m\u1eb7t d\u01b0\u1edbi c\u1ee7a m\u00e1y t\u1eadp t\u01b0\u01a1ng th\u00edch c\u1ee7a b\u1ea1n.<\/p>\n<\/p>\n<h3>T\u0102NG C\u01af\u1edcNG TR\u00ccNH HU\u1ea4N LUY\u1ec6N VI\u00caN NEO C\u1ee6A B\u1ea0N<\/h3>\n<p>Trong khi c\u00e1c t\u1ea5m chuy\u1ec3n \u0111\u1ed9ng gi\u00fap t\u0103ng tr\u1ea3i nghi\u1ec7m th\u1ef1c t\u1ebf, ch\u00fang c\u0169ng duy tr\u00ec k\u00edch th\u01b0\u1edbc nh\u1ecf g\u1ecdn v\u00e0 g\u1ea7n nh\u01b0 kh\u00f4ng c\u00f3 ti\u1ebfng \u1ed3n trong khi b\u1ea1n t\u1eadp luy\u1ec7n.<\/p>\n<p>&nbsp;<\/p>\n<\/div>\n<ul>\n<li>K\u00edch th\u01b0\u1edbc: 582 mm x 122 mm x 102 mm (22.9&#8243; x 4.8&#8243; x 4.0&#8243;)<\/li>\n<li>\u0110\u00e3 th\u00eam chi\u1ec1u cao cho hu\u1ea5n luy\u1ec7n vi\u00ean: 25 mm (1&#8243;)<\/li>\n<li>Ph\u1ea1m vi c\u1ee7a chuy\u1ec3n \u0111\u1ed9ng: 50 mm (2&#8243;)<\/li>\n<li>Tr\u1ecdng l\u01b0\u1ee3ng: 1.55 kg (3.41 lbs)<\/li>\n<li>Thi\u1ebft b\u1ecb t\u01b0\u01a1ng th\u00edch: Neo, Neo 2, Neo 2T<\/li>\n<li>Kh\u1ea3 n\u0103ng t\u01b0\u01a1ng th\u00edch v\u1edbi l\u1ed1p xe h\u1ed7 tr\u1ee3 b\u00e1nh tr\u01b0\u1edbc: L\u00ean \u0111\u1ebfn 28 mm<\/li>\n<\/ul>\n","protected":false},"excerpt":{"rendered":"<p>C\u00e1c t\u1ea5m l\u00f3t chuy\u1ec3n \u0111\u1ed9ng d\u1ec5 d\u00e0ng l\u1eafp \u0111\u1eb7t n\u00e0y mang l\u1ea1i chuy\u1ec3n \u0111\u1ed9ng \u0111a h\u01b0\u1edbng cho m\u00e1y \u0111\u1ea1p xe th\u00f4ng minh NEO, NEO 2 ho\u1eb7c NEO 2T, mang \u0111\u1ebfn cho b\u1ea1n tr\u1ea3i nghi\u1ec7m \u0111\u1ea1p s\u1ed1ng \u0111\u1ed9ng nh\u1ea5t.<\/p>\n","protected":false},"featured_media":2841,"comment_status":"closed","ping_status":"closed","template":"","meta":[],"product_cat":[88,111],"product_tag":[],"class_list":["post-2840","product","type-product","status-publish","has-post-thumbnail","hentry","product_cat-garmin","product_cat-rulo-dap-xe"],"_links":{"self":[{"href":"https:\/\/xedop.com\/en\/wp-json\/wp\/v2\/product\/2840","targetHints":{"allow":["GET"]}}],"collection":[{"href":"https:\/\/xedop.com\/en\/wp-json\/wp\/v2\/product"}],"about":[{"href":"https:\/\/xedop.com\/en\/wp-json\/wp\/v2\/types\/product"}],"replies":[{"embeddable":true,"href":"https:\/\/xedop.com\/en\/wp-json\/wp\/v2\/comments?post=2840"}],"version-history":[{"count":1,"href":"https:\/\/xedop.com\/en\/wp-json\/wp\/v2\/product\/2840\/revisions"}],"predecessor-version":[{"id":2859,"href":"https:\/\/xedop.com\/en\/wp-json\/wp\/v2\/product\/2840\/revisions\/2859"}],"wp:featuredmedia":[{"embeddable":true,"href":"https:\/\/xedop.com\/en\/wp-json\/wp\/v2\/media\/2841"}],"wp:attachment":[{"href":"https:\/\/xedop.com\/en\/wp-json\/wp\/v2\/media?parent=2840"}],"wp:term":[{"taxonomy":"product_cat","embeddable":true,"href":"https:\/\/xedop.com\/en\/wp-json\/wp\/v2\/product_cat?post=2840"},{"taxonomy":"product_tag","embeddable":true,"href":"https:\/\/xedop.com\/en\/wp-json\/wp\/v2\/product_tag?post=2840"}],"curies":[{"name":"wp","href":"https:\/\/api.w.org\/{rel}","templated":true}]}}