{"id":2860,"date":"2025-06-07T14:05:27","date_gmt":"2025-06-07T07:05:27","guid":{"rendered":"https:\/\/xedop.com\/?post_type=product&#038;p=2860"},"modified":"2025-07-11T16:05:42","modified_gmt":"2025-07-11T09:05:42","slug":"tacx-flux-2-smart-trainer","status":"publish","type":"product","link":"https:\/\/xedop.com\/en\/san-pham\/tacx-flux-2-smart-trainer\/","title":{"rendered":"Tacx FLUX 2 Smart Trainer"},"content":{"rendered":"<div><img decoding=\"async\" class=\"app__feature__card__image\" src=\"https:\/\/xedop.com\/wp-content\/uploads\/2025\/06\/tacx-flux-2-smart-trainer-2860.jpg\" alt=\"\" \/><\/p>\n<p>\u0110\u1ea1p xe ch\u0103m ch\u1ec9. Thi\u1ebft b\u1ecb n\u00e0y c\u00f3 th\u1ec3 x\u1eed l\u00fd nh\u1eefng c\u00fa n\u01b0\u1edbc r\u00fat l\u00ean t\u1edbi 2,000 watt.<\/p>\n<\/div>\n<div><img decoding=\"async\" class=\"app__feature__card__image\" src=\"https:\/\/xedop.com\/wp-content\/uploads\/2025\/06\/tacx-flux-2-smart-trainer-2860-1.jpg\" alt=\"\" \/><\/p>\n<p>Ho\u1ea1t \u0111\u1ed9ng c\u01b0\u1eddng \u0111\u1ed9 cao v\u1edbi \u0111\u1ed9 \u0111\u1ed1c l\u00ean t\u1edbi 16%, th\u1eed th\u00e1ch ng\u0103n c\u1ea3n nh\u1eefng c\u00fa n\u01b0\u1edbc r\u00fat c\u1ee7a b\u1ea1n<\/p>\n<\/div>\n<div><img decoding=\"async\" class=\"app__feature__card__image\" src=\"https:\/\/xedop.com\/wp-content\/uploads\/2025\/06\/tacx-flux-2-smart-trainer-2860-2.jpg\" alt=\"\" \/><\/p>\n<p>\u0110o l\u01b0\u1eddng ch\u00ednh x\u00e1c l\u1ef1c \u0111\u1ea1p v\u1edbi sai s\u1ed1 d\u01b0\u1edbi 2.5%<\/p>\n<\/div>\n<div><img decoding=\"async\" class=\"app__feature__card__image\" src=\"https:\/\/xedop.com\/wp-content\/uploads\/2025\/06\/tacx-flux-2-smart-trainer-2860-3.jpg\" alt=\"\" \/><\/p>\n<p>Duy tr\u00ec \u0111am m\u00ea v\u1edbi c\u00e1c \u1ee9ng d\u1ee5ng \u01b0a th\u00edch, bao g\u1ed3m Zwift v\u00e0 Tacx.<\/p>\n<\/div>\n<div><img decoding=\"async\" class=\"app__feature__card__image\" src=\"https:\/\/xedop.com\/wp-content\/uploads\/2025\/06\/tacx-flux-2-smart-trainer-2860-4.jpg\" alt=\"\" \/><\/p>\n<p>Cu\u1ed1i c\u00f9ng c\u0169ng \u0111\u00e3 c\u00f3 m\u1ed9t thi\u1ebft b\u1ecb kh\u00f4ng g\u00e2y ti\u1ebfng \u1ed3n cho ng\u00f4i nh\u00e0 c\u1ee7a b\u1ea1n<\/p>\n<\/p>\n<\/p>\n<h3>CH\u00cdNH X\u00c1C V\u00c0 \u0110\u00c1NG TIN C\u1eacY<\/h3>\n<p>Thi\u1ebft b\u1ecb n\u00e0y \u0111\u01b0\u1ee3c thi\u1ebft k\u1ebf l\u1ea1i \u0111\u1ec3 theo d\u00f5i hi\u1ec7u su\u1ea5t v\u00e0 ti\u1ebfn \u0111\u1ed9 c\u1ee7a b\u1ea1n b\u1eb1ng c\u00e1c ch\u1ec9 s\u1ed1 nh\u1ea5t qu\u00e1n, \u0111\u00e1ng tin c\u1eady. Trong \u0111\u00f3 bao g\u1ed3m l\u1ef1c \u0111\u1ea1p, t\u1ed1c \u0111\u1ed9 v\u00e0 gu\u1ed3ng ch\u00e2n \u0111\u01b0\u1ee3c \u0111o ch\u00ednh x\u00e1c v\u1edbi sai s\u1ed1 d\u01b0\u1edbi 2.5%.<\/p>\n<\/p>\n<h3>S\u1eb4N S\u00c0NG T\u0102NG T\u1ed0C<\/h3>\n<p>V\u1edbi thi\u1ebft k\u1ebf c\u00e2n b\u1eb1ng v\u00e0 ch\u00e2n \u0111\u1ebf l\u1edbn, thi\u1ebft b\u1ecb FLUX 2 Smart \u0111\u1ea3m b\u1ea3o \u0111\u1ed9 \u1ed5n \u0111\u1ecbnh t\u1ed1i \u0111a, ngay c\u1ea3 trong nh\u1eefng c\u00fa t\u0103ng t\u1ed1c b\u00f9ng n\u1ed5, l\u00ean \u0111\u1ebfn 2,000 watt.<\/p>\n<\/p>\n<h3>L\u00caN D\u1ed0C CAO H\u01a0N<\/h3>\n<p>T\u1eadn d\u1ee5ng t\u1ed1i \u0111a c\u00e1c b\u00e0i t\u1eadp c\u01b0\u1eddng \u0111\u1ed9 cao c\u1ee7a b\u1ea1n b\u1eb1ng c\u00e1ch luy\u1ec7n t\u1eadp v\u1edbi \u0111\u1ed9 nghi\u00eang m\u00f4 ph\u1ecfng th\u1ef1c t\u1ebf c\u00f3 \u0111\u1ed9 d\u1ed1c l\u00ean t\u1edbi 16%.<\/p>\n<\/p>\n<h3>\u0110\u1ea0P XE CH\u00c2N TH\u1ef0C H\u01a0N<\/h3>\n<p>V\u1edbi b\u00e1nh \u0111\u00e0 n\u1eb7ng 16.8 lbs (7.6 kg) s\u1ebd \u0111\u1ea3m b\u1ea3o c\u00f3 \u0111\u1ed9 ph\u1ea3n h\u1ed3i t\u1ed1t v\u00e0 c\u1ea3m gi\u00e1c l\u00e1i xe ch\u00e2n th\u1ef1c.<\/p>\n<\/p>\n<h3>NH\u1eb8 NH\u00c0NG V\u00c0 \u00caM \u00c1I<\/h3>\n<p>Thi\u1ebft b\u1ecb luy\u1ec7n t\u1eadp trong nh\u00e0 direct-drive n\u00e0y \u0111\u01b0\u1ee3c thi\u1ebft k\u1ebf \u0111\u1ec3 gi\u1ea3m \u0111\u1ed9 rung v\u00e0 ti\u1ebfng \u1ed3n xu\u1ed1ng th\u1ea5p nh\u1ea5t. \u0110\u00e2y l\u00e0 m\u1ed9t trong nh\u1eefng thi\u1ebft b\u1ecb luy\u1ec7n t\u1eadp c\u00f3 b\u00e1nh \u0111\u00e0 \u00eam \u00e1i nh\u1ea5t hi\u1ec7n nay<\/p>\n<\/p>\n<h3>C\u1ea2I THI\u1ec6N \u0110\u1ed8 T\u01af\u01a0NG TH\u00cdCH<\/h3>\n<p>Thi\u1ebft b\u1ecb th\u00f4ng minh FLUX S \u0111i k\u00e8m v\u1edbi b\u1ed9 n\u1ed1i tr\u1ee5c tr\u00ean gi\u00fap c\u1ea3i thi\u1ec7n \u0111\u00e1ng k\u1ec3 kh\u1ea3 n\u0103ng t\u01b0\u01a1ng th\u00edch tr\u1ee5c. Thi\u1ebft b\u1ecb t\u01b0\u01a1ng th\u00edch v\u1edbi c\u00e1c tr\u1ee5c 142 x 12 mm v\u00e0 148 x 12 mm.<\/p>\n<\/p>\n<h3>\u0110\u1ed8 T\u01af\u01a0NG TH\u00cdCH CAO<\/h3>\n<p>FLUX 2 Smart k\u1ebft n\u1ed1i th\u00f4ng qua c\u00f4ng ngh\u1ec7 BLUETOOTH\u00ae Smart v\u00e0 giao th\u1ee9c ANT+\u00ae FE-C, n\u00ean c\u00f3 th\u1ec3 t\u01b0\u01a1ng th\u00edch v\u1edbi nhi\u1ec1u \u1ee9ng d\u1ee5ng t\u1eadp luy\u1ec7n ph\u1ed5 bi\u1ebfn nh\u01b0 TrainerRoad v\u00e0 Zwift.<\/p>\n<\/p>\n<h3>C\u00d3 TH\u1ec2 HO\u1ea0T \u0110\u1ed8NG \u0110\u1ed8C L\u1eacP<\/h3>\n<p>B\u1ea1n c\u0169ng c\u00f3 th\u1ec3 ch\u1ecdn s\u1eed d\u1ee5ng m\u00e1y t\u1eadp \u1edf ch\u1ebf \u0111\u1ed9 \u0111\u1ed9c l\u1eadp. Khi kh\u00f4ng \u0111\u01b0\u1ee3c k\u1ebft n\u1ed1i, thi\u1ebft b\u1ecb s\u1ebd m\u00f4 ph\u1ecfng m\u1ed9t con \u0111\u01b0\u1eddng b\u1eb1ng ph\u1eb3ng; b\u1ea1n \u0111i xe c\u00e0ng nhanh, l\u1ef1c c\u1ea3n c\u00e0ng l\u1edbn.<\/p>\n<\/p>\n<h3>T\u01af\u01a0NG TH\u00cdCH THI\u1ebeT B\u1eca<\/h3>\n<p>K\u1ebft n\u1ed1i FLUX 2 Smart \u0111\u1ed3ng th\u1eddi v\u1edbi nhi\u1ec1u thi\u1ebft b\u1ecb, v\u00ec v\u1eady b\u1ea1n c\u00f3 th\u1ec3 s\u1eed d\u1ee5ng ph\u1ea7n m\u1ec1m Tacx v\u00e0 c\u00f9ng m\u1ed9t l\u00fac theo d\u00f5i hi\u1ec7u su\u1ea5t c\u1ee7a m\u00ecnh tr\u00ean m\u00e1y t\u00ednh h\u1ed7 tr\u1ee3 \u0111\u1ea1p xe Garmin.<\/p>\n<\/p>\n<h3>PH\u1ea6N M\u1ec0M T\u1eacP LUY\u1ec6N TACX<\/h3>\n<p>T\u1eadn h\u01b0\u1edfng th\u1eddi gian tr\u00ean y\u00ean xe v\u1edbi m\u1ed9t th\u01b0 vi\u1ec7n ch\u1ee9a h\u01a1n 100 video ch\u1ea5t l\u01b0\u1ee3ng cao, th\u1ef1c t\u1ebf, gi\u00fap b\u1ea1n tr\u1ea3i nghi\u1ec7m nh\u1eefng ng\u1ecdn \u0111\u1ed3i d\u1ed1c c\u1ee7a d\u00e3y Alps ho\u1eb7c nh\u1eefng con \u0111\u01b0\u1eddng \u0111\u00e1 cu\u1ed9i \u1edf Milan.<\/p>\n<\/p>\n<h3>K\u1ebe HO\u1ea0CH T\u1eacP LUY\u1ec6N TACX<\/h3>\n<p>T\u1eadn d\u1ee5ng c\u00e1c k\u1ebf ho\u1ea1ch luy\u1ec7n t\u1eadp \u0111\u01b0\u1ee3c x\u00e2y d\u1ef1ng, thi\u1ebft k\u1ebf ph\u00f9 h\u1ee3p m\u1ee9c \u0111\u1ed9 t\u1eadp luy\u1ec7n th\u1ec3 ch\u1ea5t c\u1ee7a b\u1ea1n, t\u1eeb \u0111\u00f3 chinh ph\u1ee5c c\u00e1c m\u1ee5c ti\u00eau. Thi \u0111ua v\u1edbi c\u00e1c \u0111\u1ed1i th\u1ee7 tr\u1ef1c ti\u1ebfp, t\u1ea3i l\u00ean d\u1eef li\u1ec7u GPS, \u0111\u1ea1p xe v\u1edbi b\u1ea3n \u0111\u1ed3 3-D v\u00e0 h\u01a1n th\u1ebf n\u1eefa.<\/p>\n<\/div>\n<p>&nbsp;<\/p>\n<table>\n<tbody>\n<tr class=\"title\">\n<td colspan=\"2\">\n<h3>Th\u00f4ng tin chung<\/h3>\n<\/td>\n<\/tr>\n<tr>\n<th scope=\"row\">K\u00edch th\u01b0\u1edbc v\u1eadt l\u00fd<\/th>\n<td>26.4&#8243; x 25.3&#8243; (670 x 642 mm)<\/td>\n<\/tr>\n<tr>\n<th scope=\"row\">Chi\u1ec1u cao<\/th>\n<td>18.1&#8243; (460 mm)<\/td>\n<\/tr>\n<tr>\n<th scope=\"row\">TRO\u0323NG L\u01af\u01a0\u0323NG<\/th>\n<td>52 lbs (23.6 kg)<\/td>\n<\/tr>\n<\/tbody>\n<\/table>\n<table>\n<tbody>\n<tr class=\"title\">\n<td colspan=\"2\">\n<h3>Kh\u1ea3 n\u0103ng k\u1ebft n\u1ed1i<\/h3>\n<\/td>\n<\/tr>\n<tr>\n<th scope=\"row\">K\u1ebeT N\u1ed0I KH\u00d4NG D\u00c2Y<\/th>\n<td>K\u1ebft n\u1ed1i ANT+, BLUETOOTH<\/td>\n<\/tr>\n<tr>\n<th scope=\"row\">\u0110I\u1ec0U KHI\u1ec2N<\/th>\n<td>\u0110i\u1ec7n tho\u1ea1i th\u00f4ng minh, m\u00e1y t\u00ednh b\u1ea3ng, m\u00e1y t\u00ednh h\u1ed7 tr\u1ee3 \u0111\u1ea1p xe ANT+, ho\u1ea1t \u0111\u1ed9ng \u0111\u1ed9c l\u1eadp, m\u00e1y t\u00ednh v\u1edbi k\u1ebft n\u1ed1i qua \u0103ng ten ANT+<\/td>\n<\/tr>\n<tr>\n<th scope=\"row\">HI\u1ec2N TH\u1eca<\/th>\n<td>\u0110i\u1ec7n tho\u1ea1i th\u00f4ng minh, m\u00e1y t\u00ednh b\u1ea3ng, m\u00e1y t\u00ednh h\u1ed7 tr\u1ee3 \u0111\u1ea1p xe, m\u00e1y t\u00ednh v\u1edbi k\u1ebft n\u1ed1i qua \u0103ng ten ANT+<\/td>\n<\/tr>\n<tr>\n<th scope=\"row\">HI\u1ec2N TH\u1eca K\u1ebeT N\u1ed0I (ANT+\/BLUETHOOTH)<\/th>\n<td>2 LEDs<\/td>\n<\/tr>\n<\/tbody>\n<\/table>\n<table>\n<tbody>\n<tr class=\"title\">\n<td colspan=\"2\">\n<h3>C\u00e1c t\u00ednh n\u0103ng t\u1eadp luy\u1ec7n trong nh\u00e0<\/h3>\n<\/td>\n<\/tr>\n<tr>\n<th scope=\"row\">NAM CH\u00c2M<\/th>\n<td>8 nam ch\u00e2m ferrite v\u0129nh c\u1eedu v\u00e0 8 nam ch\u00e2m \u0111i\u1ec7n<\/td>\n<\/tr>\n<tr>\n<th scope=\"row\">Y\u00eau c\u1ea7u v\u1ec1 \u0111i\u1ec7n<\/th>\n<td>110-240 V<\/td>\n<\/tr>\n<tr>\n<th scope=\"row\">H\u1ed9p b\u0103ng t\u1eeb ph\u00f9 h\u1ee3p<\/th>\n<td>Shimano v\u00e0 SRAM: 8-11 speed.Th\u00e2n l\u00edp Campagnolo, SRAM XD v\u00e0 XD-R (\u0111\u01b0\u1ee3c b\u00e1n ri\u00eang). Kh\u00f4ng ph\u00f9 h\u1ee3p v\u1edbi h\u1ec7 th\u1ed1ng SCS chuy\u00ean d\u1ee5ng.<\/td>\n<\/tr>\n<tr>\n<th scope=\"row\">C\u00e1c tr\u1ee5c ph\u00f9 h\u1ee3p<\/th>\n<td>Chi\u1ec1u r\u1ed9ng c\u1ee7a phu\u1ed9c sau: Race 130 mm, MTB 135 mm, 142 mm v\u00e0 148 mm. C\u00f3 s\u1eb5n b\u1ed9 b\u1ed9 chuy\u1ec3n \u0111\u1ed5i v\u1edbi \u0111\u1ed9 d\u00e0i 135 x 10 mm.<\/td>\n<\/tr>\n<tr>\n<th scope=\"row\">L\u1ef0C \u0110\u1ea0P T\u1ed0I \u0110A<\/th>\n<td>2000 W<\/td>\n<\/tr>\n<tr>\n<th scope=\"row\">\u0110\u1ed8 D\u1ed0C T\u1ed0I \u0110A<\/th>\n<td>16%<\/td>\n<\/tr>\n<tr>\n<th scope=\"row\">M\u00f4 men xo\u1eafn t\u1ed1i \u0111a<\/th>\n<td>41 Nm<\/td>\n<\/tr>\n<tr>\n<th scope=\"row\">L\u1ef1c phanh t\u1ed1i \u0111a<\/th>\n<td>120 N<\/td>\n<\/tr>\n<tr>\n<th scope=\"row\">B\u00e1nh \u0111\u00e0<\/th>\n<td>16.8 lbs (7.6 kg)<\/td>\n<\/tr>\n<tr>\n<th scope=\"row\">Qu\u00e1n t\u00ednh kh\u1ed1i l\u01b0\u1ee3ng<\/th>\n<td>68.8 lbs (31.2 kg)<\/td>\n<\/tr>\n<tr>\n<th scope=\"row\">Hi\u1ec7u ch\u1ec9nh<\/th>\n<td>Quay xu\u1ed1ng<\/td>\n<\/tr>\n<tr>\n<th scope=\"row\">\u0110\u1ea7u ra<\/th>\n<td>T\u1ed1c \u0111\u1ed9, gu\u1ed3ng ch\u00e2n, c\u00f4ng su\u1ea5t<\/td>\n<\/tr>\n<tr>\n<th scope=\"row\">SAI S\u1ed0<\/th>\n<td>&lt;2.5%<\/td>\n<\/tr>\n<tr>\n<th scope=\"row\">\u0110O L\u01af\u1edcNG T\u1ed0C \u0110\u1ed8<\/th>\n<td class=\"yes\"><\/td>\n<\/tr>\n<tr>\n<th scope=\"row\">\u0110O L\u01af\u1edcNG GU\u1ed2NG CH\u00c2N<\/th>\n<td class=\"yes\"><\/td>\n<\/tr>\n<tr>\n<th scope=\"row\">\u0110O L\u01af\u1edcNG L\u1ef0C \u0110\u1ea0P<\/th>\n<td class=\"yes\"><\/td>\n<\/tr>\n<\/tbody>\n<\/table>\n<table>\n<tbody>\n<tr class=\"title\">\n<td colspan=\"2\">\n<h3>B\u1ed5 sung<\/h3>\n<\/td>\n<\/tr>\n<tr>\n<th scope=\"row\">B\u1ed5 sung<\/th>\n<td>Xu\u1ea5t x\u1ee9 th\u01b0\u01a1ng hi\u1ec7u : Th\u1ee5y S\u1ef9<br \/>\nXu\u1ea5t x\u1ee9 : H\u00e0 Lan<\/td>\n<\/tr>\n<\/tbody>\n<\/table>\n","protected":false},"excerpt":{"rendered":"<p>L\u1edbn h\u01a1n v\u00e0 m\u1ea1nh h\u01a1n cho chuy\u1ebfn \u0111i t\u1ed1t h\u01a1n<\/p>\n<p>C\u1ea3m gi\u00e1c l\u00e1i xe \u0111\u01b0\u1ee3c c\u1ea3i thi\u1ec7n v\u00e0 c\u00e1c ch\u1ec9 s\u1ed1 l\u1ef1c \u0111\u1ea1p ch\u00ednh x\u00e1c h\u01a1n, thi\u1ebft b\u1ecb \u0111\u1ea1p xe th\u00f4ng minh n\u00e0y c\u00f3 m\u1ecdi th\u1ee9 b\u1ea1n c\u1ea7n cho m\u1ed9t bu\u1ed5i t\u1eadp luy\u1ec7n trong nh\u00e0 \u0111\u1ea7y th\u00fa v\u1ecb v\u00e0 hi\u1ec7u qu\u1ea3.<\/p>\n","protected":false},"featured_media":2861,"comment_status":"closed","ping_status":"closed","template":"","meta":[],"product_cat":[88,111],"product_tag":[],"class_list":["post-2860","product","type-product","status-publish","has-post-thumbnail","hentry","product_cat-garmin","product_cat-rulo-dap-xe"],"_links":{"self":[{"href":"https:\/\/xedop.com\/en\/wp-json\/wp\/v2\/product\/2860","targetHints":{"allow":["GET"]}}],"collection":[{"href":"https:\/\/xedop.com\/en\/wp-json\/wp\/v2\/product"}],"about":[{"href":"https:\/\/xedop.com\/en\/wp-json\/wp\/v2\/types\/product"}],"replies":[{"embeddable":true,"href":"https:\/\/xedop.com\/en\/wp-json\/wp\/v2\/comments?post=2860"}],"version-history":[{"count":1,"href":"https:\/\/xedop.com\/en\/wp-json\/wp\/v2\/product\/2860\/revisions"}],"predecessor-version":[{"id":2877,"href":"https:\/\/xedop.com\/en\/wp-json\/wp\/v2\/product\/2860\/revisions\/2877"}],"wp:featuredmedia":[{"embeddable":true,"href":"https:\/\/xedop.com\/en\/wp-json\/wp\/v2\/media\/2861"}],"wp:attachment":[{"href":"https:\/\/xedop.com\/en\/wp-json\/wp\/v2\/media?parent=2860"}],"wp:term":[{"taxonomy":"product_cat","embeddable":true,"href":"https:\/\/xedop.com\/en\/wp-json\/wp\/v2\/product_cat?post=2860"},{"taxonomy":"product_tag","embeddable":true,"href":"https:\/\/xedop.com\/en\/wp-json\/wp\/v2\/product_tag?post=2860"}],"curies":[{"name":"wp","href":"https:\/\/api.w.org\/{rel}","templated":true}]}}