{"id":2878,"date":"2025-06-07T14:08:14","date_gmt":"2025-06-07T07:08:14","guid":{"rendered":"https:\/\/xedop.com\/?post_type=product&#038;p=2878"},"modified":"2025-07-11T16:05:02","modified_gmt":"2025-07-11T09:05:02","slug":"tacx-neo-2t-smart-trainer","status":"publish","type":"product","link":"https:\/\/xedop.com\/en\/san-pham\/tacx-neo-2t-smart-trainer\/","title":{"rendered":"Tacx NEO 2T Smart Trainer"},"content":{"rendered":"<div>\n<div>\n<div>\n<div>\n<div>\n<div><img decoding=\"async\" class=\"app__feature__card__image\" src=\"https:\/\/xedop.com\/wp-content\/uploads\/2025\/06\/tacx-neo-2t-smart-trainer-2878.jpg\" alt=\"\" \/><\/p>\n<p>C\u1ea3i thi\u1ec7n \u0111\u1ed9 t\u0129nh gi\u00fap \u0111\u1ea1p \u00eam h\u01a1n. H\u00e3y th\u1ea3 l\u1ecfng v\u00e0 ti\u1ebfn v\u1ec1 ph\u00eda tr\u01b0\u1edbc.<\/p>\n<\/div>\n<div><img decoding=\"async\" class=\"app__feature__card__image\" src=\"https:\/\/xedop.com\/wp-content\/uploads\/2025\/06\/tacx-neo-2t-smart-trainer-2878-1.jpg\" alt=\"\" \/><\/p>\n<p>H\u1ed7 tr\u1ee3 \u0111o l\u01b0\u1eddng nhi\u1ec1u ch\u1ec9 s\u1ed1 v\u1edbi \u0111\u1ed9 ch\u00ednh x\u00e1c g\u1ea7n nh\u01b0 tuy\u1ec7t \u0111\u1ed1i, sai s\u1ed1 d\u01b0\u1edbi 1%<\/p>\n<\/div>\n<div><img decoding=\"async\" class=\"app__feature__card__image\" src=\"https:\/\/xedop.com\/wp-content\/uploads\/2025\/06\/tacx-neo-2t-smart-trainer-2878-2.jpg\" alt=\"\" \/><\/p>\n<p>B\u1ea1n c\u00f3 c\u1ea3m nh\u1eadn \u0111\u01b0\u1ee3c s\u1ef1 c\u00e2n b\u1eb1ng? H\u00e3y xem d\u1eef li\u1ec7u c\u00e2n b\u1eb1ng l\u1ef1c ch\u00e2n tr\u00e1i\/ph\u1ea3i tr\u00ean \u1ee9ng d\u1ee5ng ho\u1eb7c tr\u00ean m\u00e1y t\u00ednh h\u1ed7 tr\u1ee3 \u0111\u1ea1p xe Edge<\/p>\n<\/div>\n<div><img decoding=\"async\" class=\"app__feature__card__image\" src=\"https:\/\/xedop.com\/wp-content\/uploads\/2025\/06\/tacx-neo-2t-smart-trainer-2878-3.jpg\" alt=\"\" \/><\/p>\n<p>Tr\u1ea3i nghi\u1ec7m c\u1ea3m gi\u00e1c \u0111\u1ea1p xe trong nh\u00e0 gi\u1ed1ng nh\u01b0 \u0111ang \u0111\u1ea1p xe ngo\u00e0i tr\u1eddi.<\/p>\n<\/div>\n<div><img decoding=\"async\" class=\"app__feature__card__image\" src=\"https:\/\/xedop.com\/wp-content\/uploads\/2025\/06\/tacx-neo-2t-smart-trainer-2878-4.jpg\" alt=\"\" \/><\/p>\n<p>C\u1ea3m gi\u00e1c ch\u00e2n th\u1ef1c t\u1eebng cung \u0111\u01b0\u1eddng ngay t\u1ea1i \u0111\u00e2y<\/p>\n<\/p>\n<h3>HO\u1ea0T \u0110\u1ed8NG \u00caM \u00c1I<\/h3>\n<p>&nbsp;<\/p>\n<p>Nam ch\u00e2m \u0111\u01b0\u1ee3c thi\u1ebft k\u1ebf l\u1ea1i \u0111\u1ec3 c\u1ea3i thi\u1ec7n \u0111\u00e1ng k\u1ec3 \u0111\u1ed9 t\u0129nh l\u1eb7ng c\u1ee7a NEO 2T Smart. Vi\u1ec7c gi\u1ea3m d\u1ecbch chuy\u1ec3n v\u00e0 rung \u0111\u1ed9ng c\u1ee7a kh\u00f4ng kh\u00ed b\u00ean trong t\u1ea1o ra m\u1ed9t thi\u1ebft b\u1ecb t\u1eadp luy\u1ec7n \u00eam \u00e1i.<\/p>\n<\/p>\n<h3>\u0110\u1ea0P XE THO\u1ea2I M\u00c1I H\u01a0N<\/h3>\n<p>&nbsp;<\/p>\n<p>NEO 2T Smart ph\u1ea3n \u1ee9ng t\u1ee9c th\u00ec v\u1edbi s\u1ef1 thay \u0111\u1ed5i t\u1ed1c \u0111\u1ed9 ho\u1eb7c \u0111\u1ed9 nghi\u00eang v\u00e0 cho ph\u00e9p chuy\u1ec3n \u0111\u1ed9ng sang tr\u00e1i v\u00e0 ph\u1ea3i khi \u0111\u1ea1p xe, theo s\u1ef1 di chuy\u1ec3n t\u1ef1 nhi\u00ean c\u1ee7a c\u01a1 th\u1ec3 b\u1ea1n.<\/p>\n<\/p>\n<h3>QU\u00c1N T\u00cdNH \u0110\u1ed8NG<\/h3>\n<p>\u0110\u1ec3 m\u00f4 ph\u1ecfng m\u1ed9t chuy\u1ebfn \u0111i ngo\u00e0i tr\u1eddi, qu\u00e1n t\u00ednh \u0111\u1ed9ng \u0111i\u1ec1u khi\u1ec3n qu\u00e1n t\u00ednh kh\u1ed1i l\u01b0\u1ee3ng v\u00e0 b\u00f9 cho tr\u1ecdng l\u01b0\u1ee3ng, t\u1ed1c \u0111\u1ed9 v\u00e0 g\u00f3c nghi\u00eang l\u00e0m cho chuy\u1ebfn \u0111i c\u1ee7a b\u1ea1n ch\u00e2n th\u1ef1c nh\u1ea5t c\u00f3 th\u1ec3.<\/p>\n<\/p>\n<h3>C\u1ea2M NH\u1eacN \u0110\u01af\u1edcNG \u0110I<\/h3>\n<p>T\u00ednh n\u0103ng n\u00e0y ho\u1ea1t \u0111\u1ed9ng v\u1edbi ph\u1ea7n m\u1ec1m Tacx ho\u1eb7c \u1ee9ng d\u1ee5ng Zwift gi\u00fap cho thi\u1ebft b\u1ecb rung l\u1eafc v\u00e0 m\u00f4 ph\u1ecfng c\u1ea3m gi\u00e1c l\u00e1i tr\u00ean c\u00e1c b\u1ec1 m\u1eb7t \u0111\u01b0\u1eddng kh\u00e1c nhau, ch\u1eb3ng h\u1ea1n nh\u01b0 \u0111\u00e1 cu\u1ed9i v\u00e0 s\u1ecfi.<\/p>\n<\/p>\n<h3>\u0110\u1eaeM CH\u00ccM HO\u00c0N TO\u00c0N<\/h3>\n<p>V\u00e0 khi \u0111\u01b0\u1ee3c k\u1ebft n\u1ed1i v\u1edbi ngu\u1ed3n \u0111i\u1ec7n b\u00ean ngo\u00e0i, t\u00ednh n\u0103ng m\u00f4 ph\u1ecfng xu\u1ed1ng d\u1ed1c m\u00f4 ph\u1ecfng ch\u00ednh x\u00e1c vi\u1ec7c \u0111\u1ea1p xe xu\u1ed1ng d\u1ed1c<\/p>\n<\/p>\n<h3>THI\u1ebeT K\u1ebe M\u1ea0NH M\u1ebc<\/h3>\n<p>Thi\u1ebft b\u1ecb \u0111\u1ea1p xe trong nh\u00e0 NEO 2T Smart c\u00f3 \u0111\u1ed9ng c\u01a1 v\u1edbi thi\u1ebft k\u1ebf m\u1edbi gi\u00fap cung c\u1ea5p nhi\u1ec1u l\u1ef1c \u0111\u1ea1p h\u01a1n \u1edf t\u1ed1c \u0111\u1ed9 th\u1ea5p, c\u1ea3i thi\u1ec7n \u0111\u00e1ng k\u1ec3 c\u1ea3m gi\u00e1c l\u00e1i xe khi l\u00ean d\u1ed1c ho\u1eb7c t\u0103ng t\u1ed1c.<\/p>\n<\/p>\n<h3>S\u1eb4N S\u00c0NG T\u0102NG T\u1ed0C<\/h3>\n<p>32 Nam ch\u00e2m neodymium t\u00edch h\u1ee3p gi\u00fap t\u1ea1o l\u1ef1c phanh v\u00e0 l\u1ef1c \u0111\u1ea1p cao NEO 2T Smart \u0111\u1ea3m b\u1ea3o \u0111\u1ed9 \u1ed5n \u0111\u1ecbnh t\u1ed1i \u0111a, ngay c\u1ea3 trong nh\u1eefng pha t\u0103ng t\u1ed1c b\u00f9ng n\u1ed5, l\u00ean \u0111\u1ebfn 2.200 watt.<\/p>\n<\/p>\n<h3>L\u00caN D\u1ed0C CAO H\u01a0N<\/h3>\n<p>T\u1eadn d\u1ee5ng t\u1ed1i \u0111a c\u00e1c b\u00e0i t\u1eadp c\u01b0\u1eddng \u0111\u1ed9 cao c\u1ee7a b\u1ea1n b\u1eb1ng c\u00e1ch luy\u1ec7n t\u1eadp v\u1edbi \u0111\u1ed9 nghi\u00eang m\u00f4 ph\u1ecfng th\u1ef1c t\u1ebf c\u00f3 \u0111\u1ed9 d\u1ed1c l\u00ean t\u1edbi 25%.<\/p>\n<div>\n<h3>CH\u00cdNH X\u00c1C V\u00c0 \u0110\u00c1NG TIN C\u1eacY<\/h3>\n<p>Theo d\u00f5i hi\u1ec7u su\u1ea5t v\u00e0 ti\u1ebfn \u0111\u1ed9 c\u1ee7a b\u1ea1n b\u1eb1ng c\u00e1c ph\u00e9p \u0111o nh\u1ea5t qu\u00e1n, \u0111\u00e1ng tin c\u1eady &#8211; kh\u00f4ng c\u1ea7n hi\u1ec7u chu\u1ea9n. Trong \u0111\u00f3 bao g\u1ed3m l\u1ef1c \u0111\u1ea1p, t\u1ed1c \u0111\u1ed9 v\u00e0 nh\u1ecbp \u0111\u1ea1p, \u0111\u01b0\u1ee3c \u0111o ch\u00ednh x\u00e1c, sai s\u1ed1 d\u01b0\u1edbi 1%.<\/p>\n<div>\n<h3>\u0110\u1ed8 T\u01af\u01a0NG TH\u00cdCH CAO<\/h3>\n<p>NEO 2T Smart k\u1ebft n\u1ed1i th\u00f4ng qua c\u00f4ng ngh\u1ec7 BLUETOOTH\u00ae Smart v\u00e0 giao th\u1ee9c ANT+\u00ae FE-C, n\u00ean c\u00f3 th\u1ec3 t\u01b0\u01a1ng th\u00edch v\u1edbi nhi\u1ec1u \u1ee9ng d\u1ee5ng t\u1eadp luy\u1ec7n ph\u1ed5 bi\u1ebfn nh\u01b0 TrainerRoad v\u00e0 Zwift.<\/p>\n<\/p>\n<h3>C\u00d3 TH\u1ec2 HO\u1ea0T \u0110\u1ed8NG \u0110\u1ed8C L\u1eacP<\/h3>\n<p>B\u1ea1n c\u0169ng c\u00f3 th\u1ec3 ch\u1ecdn s\u1eed d\u1ee5ng thi\u1ebft b\u1ecb luy\u1ec7n t\u1eadp \u1edf ch\u1ebf \u0111\u1ed9 \u0111\u1ed9c l\u1eadp. Khi kh\u00f4ng \u0111\u01b0\u1ee3c k\u1ebft n\u1ed1i, n\u00f3 s\u1ebd m\u00f4 ph\u1ecfng m\u1ed9t con \u0111\u01b0\u1eddng b\u1eb1ng ph\u1eb3ng; b\u1ea1n \u0111i xe c\u00e0ng nhanh, l\u1ef1c c\u1ea3n c\u00e0ng l\u1edbn.<\/p>\n<\/p>\n<h3>T\u01af\u01a0NG TH\u00cdCH THI\u1ebeT B\u1eca<\/h3>\n<p>K\u1ebft n\u1ed1i NEO 2T Smart \u0111\u1ed3ng th\u1eddi v\u1edbi nhi\u1ec1u thi\u1ebft b\u1ecb, v\u00ec v\u1eady b\u1ea1n c\u00f3 th\u1ec3 s\u1eed d\u1ee5ng ph\u1ea7n m\u1ec1m Tacx v\u00e0 c\u00f9ng m\u1ed9t l\u00fac theo d\u00f5i hi\u1ec7u su\u1ea5t c\u1ee7a m\u00ecnh tr\u00ean m\u00e1y t\u00ednh h\u1ed7 tr\u1ee3 \u0111\u1ea1p xe Garmin.<\/p>\n<\/p>\n<h3>PH\u1ea6N M\u1ec0M T\u1eacP LUY\u1ec6N TACX<\/h3>\n<p>T\u1eadn h\u01b0\u1edfng th\u1eddi gian tr\u00ean y\u00ean xe v\u1edbi m\u1ed9t th\u01b0 vi\u1ec7n ch\u1ee9a h\u01a1n 100 video ch\u1ea5t l\u01b0\u1ee3ng cao, th\u1ef1c t\u1ebf, gi\u00fap b\u1ea1n tr\u1ea3i nghi\u1ec7m nh\u1eefng ng\u1ecdn \u0111\u1ed3i d\u1ed1c c\u1ee7a d\u00e3y Alps ho\u1eb7c nh\u1eefng con \u0111\u01b0\u1eddng \u0111\u00e1 cu\u1ed9i \u1edf Milan.<\/p>\n<\/p>\n<h3>K\u1ebe HO\u1ea0CH T\u1eacP LUY\u1ec6N TACX<\/h3>\n<p>T\u1eadn d\u1ee5ng c\u00e1c k\u1ebf ho\u1ea1ch luy\u1ec7n t\u1eadp \u0111\u01b0\u1ee3c x\u00e2y d\u1ef1ng, thi\u1ebft k\u1ebf ph\u00f9 h\u1ee3p m\u1ee9c \u0111\u1ed9 t\u1eadp luy\u1ec7n th\u1ec3 ch\u1ea5t c\u1ee7a b\u1ea1n, t\u1eeb \u0111\u00f3 chinh ph\u1ee5c c\u00e1c m\u1ee5c ti\u00eau. Thi \u0111ua v\u1edbi c\u00e1c \u0111\u1ed1i th\u1ee7 tr\u1ef1c ti\u1ebfp, t\u1ea3i l\u00ean d\u1eef li\u1ec7u GPS, \u0111\u1ea1p xe v\u1edbi b\u1ea3n \u0111\u1ed3 3-D v\u00e0 h\u01a1n th\u1ebf n\u1eefa.<\/p>\n<\/div>\n<\/div>\n<\/div>\n<\/div>\n<\/div>\n<\/div>\n<table>\n<tbody>\n<tr class=\"title\">\n<td colspan=\"2\">\n<h3>Th\u00f4ng tin chung<\/h3>\n<\/td>\n<\/tr>\n<tr>\n<th scope=\"row\">K\u00edch th\u01b0\u1edbc v\u1eadt l\u00fd<\/th>\n<td>22.6&#8243; x 29.5&#8243; (575 x 750 mm)<\/td>\n<\/tr>\n<tr>\n<th scope=\"row\">Chi\u1ec1u cao<\/th>\n<td>21.7&#8243; (55 cm)<\/td>\n<\/tr>\n<tr>\n<th scope=\"row\">TRO\u0323NG L\u01af\u01a0\u0323NG<\/th>\n<td>47.4 lbs (21.5 kg)<\/td>\n<\/tr>\n<\/tbody>\n<\/table>\n<table>\n<tbody>\n<tr class=\"title\">\n<td colspan=\"2\">\n<h3>Kh\u1ea3 n\u0103ng k\u1ebft n\u1ed1i<\/h3>\n<\/td>\n<\/tr>\n<tr>\n<th scope=\"row\">K\u1ebeT N\u1ed0I KH\u00d4NG D\u00c2Y<\/th>\n<td>K\u1ebft n\u1ed1i ANT+, BLUETOOTH<\/td>\n<\/tr>\n<tr>\n<th scope=\"row\">\u0110I\u1ec0U KHI\u1ec2N<\/th>\n<td>\u0110i\u1ec7n tho\u1ea1i th\u00f4ng minh, m\u00e1y t\u00ednh b\u1ea3ng, m\u00e1y t\u00ednh h\u1ed7 tr\u1ee3 \u0111\u1ea1p xe ANT+, ho\u1ea1t \u0111\u1ed9ng \u0111\u1ed9c l\u1eadp, m\u00e1y t\u00ednh v\u1edbi k\u1ebft n\u1ed1i qua \u0103ng ten ANT+<\/td>\n<\/tr>\n<tr>\n<th scope=\"row\">HI\u1ec2N TH\u1eca<\/th>\n<td>\u0110i\u1ec7n tho\u1ea1i th\u00f4ng minh, m\u00e1y t\u00ednh b\u1ea3ng, m\u00e1y t\u00ednh h\u1ed7 tr\u1ee3 \u0111\u1ea1p xe, m\u00e1y t\u00ednh v\u1edbi k\u1ebft n\u1ed1i qua \u0103ng ten ANT+<\/td>\n<\/tr>\n<tr>\n<th scope=\"row\">HI\u1ec2N TH\u1eca K\u1ebeT N\u1ed0I (ANT+\/BLUETHOOTH)<\/th>\n<td>2 LEDs<\/td>\n<\/tr>\n<tr>\n<th scope=\"row\">HI\u1ec2N TH\u1eca NGU\u1ed2N<\/th>\n<td>Multicolor LED, \u0111i\u1ec3m s\u00e1ng d\u01b0\u1edbi s\u00e0n<\/td>\n<\/tr>\n<\/tbody>\n<\/table>\n<table>\n<tbody>\n<tr class=\"title\">\n<td colspan=\"2\">\n<h3>C\u00e1c t\u00ednh n\u0103ng t\u1eadp luy\u1ec7n trong nh\u00e0<\/h3>\n<\/td>\n<\/tr>\n<tr>\n<th scope=\"row\">NAM CH\u00c2M<\/th>\n<td>32 neodymium magnets<\/td>\n<\/tr>\n<tr>\n<th scope=\"row\">Y\u00eau c\u1ea7u v\u1ec1 \u0111i\u1ec7n<\/th>\n<td>110-240 Volts<\/td>\n<\/tr>\n<tr>\n<th scope=\"row\">H\u1ed9p b\u0103ng t\u1eeb ph\u00f9 h\u1ee3p<\/th>\n<td>Shimano\/SRAM 9 to 11 speed compatible<\/p>\n<p>Campagnolo (compatible, requires special cassette body)<\/p>\n<p>SRAM 12 speed\/XDR (compatible, requires special cassette body)<\/p>\n<p>Shimano 12-speed Hyperglide+<\/p>\n<p>Shimano Micro Spline<\/td>\n<\/tr>\n<tr>\n<th scope=\"row\">C\u00e1c tr\u1ee5c ph\u00f9 h\u1ee3p<\/th>\n<td>\u0110\u1ed9 r\u1ed9ng phu\u1ed9c sau: Race 130 mm, MTB 135 mm<br \/>\n142 mm and 148 mm. C\u00f3 s\u1eb5n b\u1ed9 n\u1ed1i cho 135 x 10 mm<\/td>\n<\/tr>\n<tr>\n<th scope=\"row\">T\u1ec9 l\u1ec7 b\u00e1nh r\u0103ng<\/th>\n<td>\n<ul>\n<li>T\u01b0\u01a1ng th\u00edch Shimano\/SRAM 9 t\u1edbi 11 speed<\/li>\n<li>Campagnolo (t\u01b0\u01a1ng th\u00edch, y\u00eau c\u1ea7u b\u1ed9 th\u00e2n l\u00edp)<\/li>\n<li>SRAM 12 speed\/XDR (t\u01b0\u01a1ng th\u00edch, y\u00eau c\u1ea7u b\u1ed9 th\u00e2n l\u00edp)<\/li>\n<li>Shimano 12 speed Microspline (ch\u01b0a t\u01b0\u01a1ng th\u00edch, y\u00eau c\u1ea7u b\u1ed9 th\u00e2n l\u00edp)<\/li>\n<\/ul>\n<\/td>\n<\/tr>\n<tr>\n<th scope=\"row\">L\u1ef0C \u0110\u1ea0P T\u1ed0I \u0110A<\/th>\n<td>2200 Watt<\/td>\n<\/tr>\n<tr>\n<th scope=\"row\">\u0110\u1ed8 D\u1ed0C T\u1ed0I \u0110A<\/th>\n<td>25%<\/td>\n<\/tr>\n<tr>\n<th scope=\"row\">M\u00d4 PH\u1eceNG XU\u1ed0NG D\u1ed0C<\/th>\n<td class=\"yes\"><\/td>\n<\/tr>\n<tr>\n<th scope=\"row\">M\u00f4 men xo\u1eafn t\u1ed1i \u0111a<\/th>\n<td>88 Nm<\/td>\n<\/tr>\n<tr>\n<th scope=\"row\">L\u1ef1c phanh t\u1ed1i \u0111a<\/th>\n<td>260 N<\/td>\n<\/tr>\n<tr>\n<th scope=\"row\">B\u00e1nh \u0111\u00e0<\/th>\n<td>B\u00e1nh \u0111\u00e0 \u1ea3o<\/td>\n<\/tr>\n<tr>\n<th scope=\"row\">Qu\u00e1n t\u00ednh kh\u1ed1i l\u01b0\u1ee3ng<\/th>\n<td>Bi\u1ebfn \u0111\u1ed5i l\u00ean t\u1edbi 275.6 Ibs (125 kg)<\/td>\n<\/tr>\n<tr>\n<th scope=\"row\">Hi\u1ec7u ch\u1ec9nh<\/th>\n<td>Kh\u00f4ng c\u1ea7n hi\u1ec7u ch\u1ec9nh<\/td>\n<\/tr>\n<tr>\n<th scope=\"row\">\u0110\u1ea7u ra<\/th>\n<td>T\u1ed1c \u0111\u1ed9, Gu\u1ed3ng ch\u00e2n, L\u1ef1c \u0111\u1ea1p<\/td>\n<\/tr>\n<tr>\n<th scope=\"row\">SAI S\u1ed0<\/th>\n<td>&lt;1%<\/td>\n<\/tr>\n<tr>\n<th scope=\"row\">\u0110O L\u01af\u1edcNG T\u1ed0C \u0110\u1ed8<\/th>\n<td class=\"yes\"><\/td>\n<\/tr>\n<tr>\n<th scope=\"row\">\u0110O L\u01af\u1edcNG GU\u1ed2NG CH\u00c2N<\/th>\n<td class=\"yes\"><\/td>\n<\/tr>\n<tr>\n<th scope=\"row\">\u0110O L\u01af\u1edcNG L\u1ef0C \u0110\u1ea0P<\/th>\n<td class=\"yes\"><\/td>\n<\/tr>\n<tr>\n<th scope=\"row\">HO\u1ea0T \u0110\u1ed8NG KH\u00d4NG C\u1ea6N K\u1ebeT N\u1ed0I CH\u00cdNH<\/th>\n<td class=\"yes\"><\/td>\n<\/tr>\n<\/tbody>\n<\/table>\n<table>\n<tbody>\n<tr class=\"title\">\n<td colspan=\"2\">\n<h3>B\u1ed5 sung<\/h3>\n<\/td>\n<\/tr>\n<tr>\n<th scope=\"row\">B\u1ed5 sung<\/th>\n<td>Xu\u1ea5t x\u1ee9 th\u01b0\u01a1ng hi\u1ec7u : Th\u1ee5y S\u1ef9<br \/>\nXu\u1ea5t x\u1ee9 : H\u00e0 Lan<\/td>\n<\/tr>\n<\/tbody>\n<\/table>\n<\/div>\n<\/div>\n","protected":false},"excerpt":{"rendered":"<p>\u0110\u1ec9nh cao t\u1eadp luy\u1ec7n trong nh\u00e0 v\u00e0 n\u00e2ng c\u1ea5p h\u01a1n.<\/p>\n<p>V\u1edbi thi\u1ebft k\u1ebf c\u1ea3i ti\u1ebfn v\u00e0 c\u00e1c b\u1ed9 ph\u1eadn \u0111\u01b0\u1ee3c t\u00e2n trang, NEO 2T Smart \u0111em \u0111\u1ebfn m\u1ed9t tr\u1ea3i nghi\u1ec7m tuy\u1ec7t v\u1eddi, \u0111o t\u1ed5ng l\u1ef1c \u0111\u1ea1p xe, c\u00e2n b\u1eb1ng tr\u00e1i\/ph\u1ea3i v\u00e0 h\u01a1n th\u1ebf n\u1eefa.<\/p>\n","protected":false},"featured_media":2879,"comment_status":"closed","ping_status":"closed","template":"","meta":[],"product_cat":[88,111],"product_tag":[],"class_list":["post-2878","product","type-product","status-publish","has-post-thumbnail","hentry","product_cat-garmin","product_cat-rulo-dap-xe"],"_links":{"self":[{"href":"https:\/\/xedop.com\/en\/wp-json\/wp\/v2\/product\/2878","targetHints":{"allow":["GET"]}}],"collection":[{"href":"https:\/\/xedop.com\/en\/wp-json\/wp\/v2\/product"}],"about":[{"href":"https:\/\/xedop.com\/en\/wp-json\/wp\/v2\/types\/product"}],"replies":[{"embeddable":true,"href":"https:\/\/xedop.com\/en\/wp-json\/wp\/v2\/comments?post=2878"}],"version-history":[{"count":1,"href":"https:\/\/xedop.com\/en\/wp-json\/wp\/v2\/product\/2878\/revisions"}],"predecessor-version":[{"id":2897,"href":"https:\/\/xedop.com\/en\/wp-json\/wp\/v2\/product\/2878\/revisions\/2897"}],"wp:featuredmedia":[{"embeddable":true,"href":"https:\/\/xedop.com\/en\/wp-json\/wp\/v2\/media\/2879"}],"wp:attachment":[{"href":"https:\/\/xedop.com\/en\/wp-json\/wp\/v2\/media?parent=2878"}],"wp:term":[{"taxonomy":"product_cat","embeddable":true,"href":"https:\/\/xedop.com\/en\/wp-json\/wp\/v2\/product_cat?post=2878"},{"taxonomy":"product_tag","embeddable":true,"href":"https:\/\/xedop.com\/en\/wp-json\/wp\/v2\/product_tag?post=2878"}],"curies":[{"name":"wp","href":"https:\/\/api.w.org\/{rel}","templated":true}]}}