{"id":2898,"date":"2025-06-07T14:10:57","date_gmt":"2025-06-07T07:10:57","guid":{"rendered":"https:\/\/xedop.com\/?post_type=product&#038;p=2898"},"modified":"2025-07-11T16:08:03","modified_gmt":"2025-07-11T09:08:03","slug":"tacx-neo-3m-smart-trainer","status":"publish","type":"product","link":"https:\/\/xedop.com\/en\/san-pham\/tacx-neo-3m-smart-trainer\/","title":{"rendered":"Tacx NEO 3M Smart Trainer"},"content":{"rendered":"<div><img decoding=\"async\" class=\"app__feature__card__image\" src=\"https:\/\/xedop.com\/wp-content\/uploads\/2025\/06\/tacx-neo-3m-smart-trainer-2898.jpg\" alt=\"\" \/><\/p>\n<p>B\u1eacT V\u00c0 T\u1eaeT T\u1ea4M CHUY\u1ec2N \u0110\u1ed8NG T\u00cdCH H\u1ee2P<\/p>\n<\/div>\n<div><img decoding=\"async\" class=\"app__feature__card__image\" src=\"https:\/\/xedop.com\/wp-content\/uploads\/2025\/06\/tacx-neo-3m-smart-trainer-2898-1.jpg\" alt=\"\" \/><\/p>\n<p>C\u1ea2M GI\u00c1C CH\u00c2N TH\u1ef0C KHI \u0110\u1ea0P TR\u00caN C\u00c1C B\u1ec0 M\u1eb6T NH\u01af S\u1eceI V\u00c0 \u0110\u00c1 D\u0102M<sup>1<\/sup><\/p>\n<\/div>\n<div><img decoding=\"async\" class=\"app__feature__card__image\" src=\"https:\/\/xedop.com\/wp-content\/uploads\/2025\/06\/tacx-neo-3m-smart-trainer-2898-2.jpg\" alt=\"\" \/><\/p>\n<p>LUY\u1ec6N T\u1eacP TR\u00caN \u0110\u01af\u1edcNG D\u1ed0C M\u00d4 PH\u1eceNG \u0110\u1ed8 D\u1ed0C L\u00caN \u0110\u1ebeN 25%<\/p>\n<\/div>\n<div><img decoding=\"async\" class=\"app__feature__card__image\" src=\"https:\/\/xedop.com\/wp-content\/uploads\/2025\/06\/tacx-neo-3m-smart-trainer-2898-3.jpg\" alt=\"\" \/><\/p>\n<p>L\u1ef0C V\u00c0 GU\u1ed2NG CH\u00c2N \u0110\u01af\u1ee2C \u0110O L\u01af\u1edcNG CH\u00cdNH X\u00c1C \u0110\u1ebeN SAI S\u1ed0 1%<\/p>\n<\/div>\n<div><img decoding=\"async\" class=\"app__feature__card__image\" src=\"https:\/\/xedop.com\/wp-content\/uploads\/2025\/06\/tacx-neo-3m-smart-trainer-2898-4.jpg\" alt=\"\" \/><\/p>\n<p>S\u1eb4N S\u00c0NG V\u1edaI \u1ed4- L\u00cdP 11 T\u1ed0C \u0110\u1ed8 \u0110\u01af\u1ee2C C\u00c0I \u0110\u1eb6T S\u1eb4N<\/p>\n<\/div>\n<div><img decoding=\"async\" class=\"app__feature__card__image\" src=\"https:\/\/xedop.com\/wp-content\/uploads\/2025\/06\/tacx-neo-3m-smart-trainer-2898-5.jpg\" alt=\"\" \/><\/p>\n<p>X\u1eec L\u00dd \u0110\u1ea0P N\u01af\u1edaC R\u00daT B\u00d9NG N\u1ed4 L\u00caN \u0110\u1ebeN 2200 WATT<\/p>\n<\/p>\n<h3>CHUY\u1ec2N \u0110\u1ed8NG \u0110A H\u01af\u1edaNG<\/h3>\n<p>C\u00e1c t\u1ea5m chuy\u1ec3n \u0111\u1ed9ng l\u1eafp s\u1eb5n t\u00edch h\u1ee3p m\u1edbi mang \u0111\u1ebfn cho b\u1ea1n c\u1ea3m gi\u00e1c l\u00e1i tho\u1ea3i m\u00e1i v\u00e0 th\u1ef1c t\u1ebf, ngo\u00e0i ra b\u1ea1n c\u00f3 th\u1ec3 b\u1eadt t\u1eaft theo \u00fd mu\u1ed1n<\/p>\n<\/p>\n<h3>T\u1eacP LUY\u1ec6N \u0110A \u0110\u1ecaA H\u00ccNH<\/h3>\n<p>Thi\u1ebft b\u1ecb \u0111\u1ea1p xe th\u00f4ng minh NEO 3M \u0111\u01b0\u1ee3c x\u00e2y d\u1ef1ng v\u1edbi b\u00e1nh \u0111\u00e0 \u1ea3o Tacx \u0111\u01b0\u1ee3c c\u1ea3i ti\u1ebfn, m\u00f4 ph\u1ecfng c\u1ea3m gi\u00e1c l\u00e1i xe tr\u00ean c\u00e1c lo\u1ea1i \u0111\u01b0\u1eddng kh\u00e1c nhau, ch\u1eb3ng h\u1ea1n nh\u01b0 \u0111\u00e1 cu\u1ed9i v\u00e0 s\u1ecfi, v\u00ec v\u1eady b\u1ea1n c\u00f3 th\u1ec3 luy\u1ec7n t\u1eadp tr\u00ean nhi\u1ec1u lo\u1ea1i m\u1eb7t \u0111\u01b0\u1eddng<sup>1<\/sup>.<\/p>\n<\/p>\n<h3>TI\u0301CH H\u01a0\u0323P \u1ee8NG D\u1ee4NG LI\u00ca\u0300N MA\u0323CH<\/h3>\n<p>K\u1ebft n\u1ed1i v\u1edbi c\u00e1c \u1ee9ng d\u1ee5ng luy\u1ec7n t\u1eadp ph\u1ed5 bi\u1ebfn nh\u01b0 Tacx Training, TrainerRoad v\u00e0 Zwift, sau \u0111\u00f3 t\u1ef1 \u0111\u1ed9ng t\u1ea3i d\u1eef li\u1ec7u chuy\u1ebfn \u0111i c\u1ee7a b\u1ea1n l\u00ean \u1ee9ng d\u1ee5ng thi\u1ebft b\u1ecb th\u00f4ng minh\u00a0Garmin Connect app.<\/p>\n<\/p>\n<h3>\u0110\u1ed8 D\u1ed0C M\u00d4 PH\u1eceNG<\/h3>\n<p>Chu\u1ea9n b\u1ecb s\u1eb5n s\u00e0ng cho \u0111\u00f4i ch\u00e2n c\u1ee7a b\u1ea1n \u0111\u1ec3 chinh ph\u1ee5c nh\u1eefng \u0111o\u1ea1n \u0111\u01b0\u1eddng leo d\u1ed1c kh\u00f3 nh\u1eb1n nh\u1ea5t b\u1eb1ng c\u00e1ch t\u1eadp luy\u1ec7n tr\u00ean nh\u1eefng \u0111\u01b0\u1eddng d\u1ed1c \u0111\u01b0\u1ee3c m\u00f4 ph\u1ecfng th\u1ef1c t\u1ebf v\u1edbi \u0111\u1ed9 d\u1ed1c l\u00ean \u0111\u1ebfn 25% v\u00e0 tr\u1ea3i nghi\u1ec7m m\u00f4 ph\u1ecfng xu\u1ed1ng d\u1ed1c.<\/p>\n<\/p>\n<h3>C\u1ea2I TI\u1ebeN \u0110\u1ed8 CH\u00cdNH X\u00c1C L\u1ef0C<\/h3>\n<p>Theo d\u00f5i hi\u1ec7u su\u1ea5t v\u00e0 s\u1ef1 ti\u1ebfn b\u1ed9 c\u1ee7a b\u1ea1n b\u1eb1ng c\u00e1c ch\u1ec9 s\u1ed1 \u0111o l\u01b0\u1eddng nh\u1ea5t qu\u00e1n, \u0111\u00e1ng tin c\u1eady, bao g\u1ed3m c\u00f4ng su\u1ea5t, t\u1ed1c \u0111\u1ed9 v\u00e0 gu\u1ed3ng \u0111\u1ea1p, v\u1edbi \u0111\u1ed9 ch\u00ednh x\u00e1c t\u1ef7 l\u1ec7 1% \u0111\u1ec3 c\u00f3 ph\u1ea1m vi c\u00f4ng su\u1ea5t \u0111\u1ea7u ra r\u1ed9ng h\u01a1n.<\/p>\n<\/p>\n<h3>S\u1eb4N S\u00c0NG \u0110\u1ea0P N\u01af\u1edaC R\u00daT<\/h3>\n<p>C\u00f3 \u0111\u01b0\u1ee3c \u0111\u1ed9 \u1ed5n \u0111\u1ecbnh t\u1ed1i \u0111a, ngay c\u1ea3 khi \u0111\u1ea1p n\u01b0\u1edbc r\u00fat b\u00f9ng n\u1ed5, l\u00ean t\u1edbi 2200 watt. V\u1edbi 32 nam ch\u00e2m neodymium t\u00edch h\u1ee3p, thi\u1ebft b\u1ecb luy\u1ec7n t\u1eadp n\u00e0y cho ph\u00e9p t\u1ea1o ra l\u1ef1c phanh cao v\u00e0 m\u1ee9c c\u00f4ng su\u1ea5t cao.<\/p>\n<\/p>\n<div>\n<div>\n<h2>TH\u1ec2 HI\u1ec6N<\/h2>\n<\/div>\n<div>\n<hr class=\"app__line-divider__horizontalRule app__line-divider__horizontalRule--center\" data-v-2b6f8b64=\"\" \/>\n<\/div>\n<div>\n<div><img decoding=\"async\" class=\"app__feature__card__image\" src=\"https:\/\/xedop.com\/wp-content\/uploads\/2025\/06\/tacx-neo-3m-smart-trainer-2898-6.jpg\" alt=\"\" \/><\/p>\n<h3>C\u1ef0C K\u00cc \u00caM \u00c1I<\/h3>\n<p>\u0110\u1ed9ng c\u01a1 t\u1eeb t\u00ednh Tacx NEO gi\u1ea3m thi\u1ec3u \u0111\u1ed9 rung, mang \u0111\u1ebfn cho ng\u01b0\u1eddi t\u1eadp m\u1ed9t m\u00e1y t\u1eadp c\u1ef1c k\u1ef3 y\u00ean t\u0129nh.<\/p>\n<\/div>\n<div><img decoding=\"async\" class=\"app__feature__card__image\" src=\"https:\/\/xedop.com\/wp-content\/uploads\/2025\/06\/tacx-neo-3m-smart-trainer-2898-7.jpg\" alt=\"\" \/><\/p>\n<h3>\u0110\u1ea0P XE THO\u1ea2I M\u00c1I H\u01a0N<\/h3>\n<p>Chuy\u1ec3n \u0111\u1ed9ng \u0111a chi\u1ec1u t\u00edch h\u1ee3p cho ph\u00e9p b\u1ea1n \u0111\u1ea1p xe \u1edf t\u01b0 th\u1ebf t\u1ef1 nhi\u00ean h\u01a1n, gi\u00fap b\u1ea1n t\u1eadp luy\u1ec7n hi\u1ec7u qu\u1ea3.<\/p>\n<\/div>\n<div><img decoding=\"async\" class=\"app__feature__card__image\" src=\"https:\/\/xedop.com\/wp-content\/uploads\/2025\/06\/tacx-neo-3m-smart-trainer-2898-8.jpg\" alt=\"\" \/><\/p>\n<h3>QU\u00c1N T\u00cdNH \u0110\u1ed8NG<\/h3>\n<p>T\u00ednh n\u0103ng n\u00e0y b\u00f9 cho tr\u1ecdng l\u01b0\u1ee3ng, t\u1ed1c \u0111\u1ed9 v\u00e0 g\u00f3c nghi\u00eang l\u00e0m cho chuy\u1ebfn \u0111i c\u1ee7a b\u1ea1n ch\u00e2n th\u1ef1c h\u01a1n.<\/p>\n<\/div>\n<div><img decoding=\"async\" class=\"app__feature__card__image\" src=\"https:\/\/xedop.com\/wp-content\/uploads\/2025\/06\/tacx-neo-3m-smart-trainer-2898-9.jpg\" alt=\"\" \/><\/p>\n<h3>C\u1ea2M BI\u1ebeN LED<\/h3>\n<p>Th\u00f4ng qua nhi\u1ec1u d\u1ea3i m\u00e0u, ch\u1ec9 b\u00e1o LED t\u00edch h\u1ee3p cho bi\u1ebft c\u01b0\u1eddng \u0111\u1ed9 n\u1ed7 l\u1ef1c c\u1ee7a b\u1ea1n.<\/p>\n<\/div>\n<div><img decoding=\"async\" class=\"app__feature__card__image\" src=\"https:\/\/xedop.com\/wp-content\/uploads\/2025\/06\/tacx-neo-3m-smart-trainer-2898-10.jpg\" alt=\"\" \/><\/p>\n<h3>KH\u1ea2 N\u0102NG HO\u1ea0T \u0110\u1ed8NG \u0110\u1ed8C L\u1eacP<\/h3>\n<p>Khi kh\u00f4ng \u0111\u01b0\u1ee3c k\u1ebft n\u1ed1i v\u1edbi n\u1ec1n t\u1ea3ng, Tacx NEO 3M m\u00f4 ph\u1ecfng \u0111\u01b0\u1eddng b\u1eb1ng ph\u1eb3ng; s\u1ee9c c\u1ea3n t\u0103ng l\u00ean khi b\u1ea1n \u0111\u1ea1p xe nhanh h\u01a1n. B\u1ea1n th\u1eadm ch\u00ed c\u00f3 th\u1ec3 \u0111\u1ea1p xe v\u00e0 t\u1eadp luy\u1ec7n m\u00e0 kh\u00f4ng c\u1ea7n d\u00e2y.<\/p>\n<\/div>\n<\/div>\n<div>\n<div><img decoding=\"async\" class=\"app__feature__card__image\" src=\"https:\/\/xedop.com\/wp-content\/uploads\/2025\/06\/tacx-neo-3m-smart-trainer-2898-11.jpg\" alt=\"\" \/><\/p>\n<h3>HI\u1ec6U CH\u1ec8NH T\u1ef0 \u0110\u1ed8NG<\/h3>\n<p>Kh\u00f4ng c\u1ea7n hi\u1ec7u chu\u1ea9n v\u00ec m\u00e1y \u0111\u1ea1p xe th\u00f4ng minh NEO 3M \u0111\u00e3 s\u1eb5n s\u00e0ng ho\u1ea1t \u0111\u1ed9ng m\u1ed7i khi xe \u0111\u1ea1p c\u1ee7a b\u1ea1n \u0111\u01b0\u1ee3c l\u1eafp \u0111\u1eb7t.<\/p>\n<\/div>\n<div><img decoding=\"async\" class=\"app__feature__card__image\" src=\"https:\/\/xedop.com\/wp-content\/uploads\/2025\/06\/tacx-neo-3m-smart-trainer-2898-12.jpg\" alt=\"\" \/><\/p>\n<h3>CH\u1ebe \u0110\u1ed8 ERG<\/h3>\n<p>Ch\u1ebf \u0111\u1ed9 ERG cho ph\u00e9p b\u1ea1n theo d\u00f5i qu\u00e1 tr\u00ecnh luy\u1ec7n t\u1eadp c\u1ee7a m\u00ecnh v\u1edbi c\u00e1c m\u1ee5c ti\u00eau n\u0103ng su\u1ea5t \u0111\u01b0\u1ee3c \u0111i\u1ec1u ch\u1ec9nh t\u1ef1 \u0111\u1ed9ng trong qu\u00e1 tr\u00ecnh t\u1eadp luy\u1ec7n.<\/p>\n<\/div>\n<div><\/div>\n<div><\/div>\n<div><\/div>\n<\/div>\n<\/div>\n<div>\n<div>\n<h2>K\u1ebeT N\u1ed0I<\/h2>\n<\/div>\n<div>\n<hr class=\"app__line-divider__horizontalRule app__line-divider__horizontalRule--center\" data-v-2b6f8b64=\"\" \/>\n<\/div>\n<div>\n<div><img decoding=\"async\" class=\"app__feature__card__image\" src=\"https:\/\/xedop.com\/wp-content\/uploads\/2025\/06\/tacx-neo-3m-smart-trainer-2898-13.jpg\" alt=\"\" \/><\/p>\n<h3>\u1ee8NG D\u1ee4NG LUY\u1ec6N T\u1eacP TACX<\/h3>\n<p><a href=\"https:\/\/www.garmin.com\/vi-VN\/p\/696770\/pn\/010-TTRNG-AP\" target=\"_blank\" rel=\"noopener\">Truy c\u1eadp c\u00e1c<\/a>\u00a0video luy\u1ec7n t\u1eadp, b\u00e0i t\u1eadp luy\u1ec7n v\u00e0 chuy\u1ebfn \u0111i ch\u1ea5t l\u01b0\u1ee3ng cao v\u1edbi c\u00e1c nh\u00f3m chuy\u00ean nghi\u1ec7p c\u1ee7a WorldTour.<\/p>\n<\/div>\n<div><img decoding=\"async\" class=\"app__feature__card__image\" src=\"https:\/\/xedop.com\/wp-content\/uploads\/2025\/06\/tacx-neo-3m-smart-trainer-2898-14.jpg\" alt=\"\" \/><\/p>\n<h3>\u0110\u1ea0P XE NH\u00d3M<\/h3>\n<p>K\u1ebft n\u1ed1i, hu\u1ea5n luy\u1ec7n v\u00e0 \u0111\u1ea1p xe c\u00f9ng b\u1ea1n b\u00e8 t\u1eeb kh\u1eafp n\u01a1i tr\u00ean th\u1ebf gi\u1edbi v\u1edbi T\u00ednh n\u0103ng GroupRide trong \u1ee9ng d\u1ee5ng Tacx Training.<\/p>\n<\/div>\n<div><img decoding=\"async\" class=\"app__feature__card__image\" src=\"https:\/\/xedop.com\/wp-content\/uploads\/2025\/06\/tacx-neo-3m-smart-trainer-2898-15.jpg\" alt=\"\" \/><\/p>\n<h3>T\u1eacP LUY\u1ec6N THEO GI\u00c1O \u00c1N<\/h3>\n<p>C\u00e1c b\u00e0i t\u1eadp theo k\u1ebf ho\u1ea1ch luy\u1ec7n t\u1eadp \u0111\u01b0\u1ee3c t\u1ea1o t\u1eeb Garmin Connect hi\u1ec7n \u0111\u00e3 c\u00f3 trong \u1ee9ng d\u1ee5ng Tacx Training.<\/p>\n<\/div>\n<div><img decoding=\"async\" class=\"app__feature__card__image\" src=\"https:\/\/xedop.com\/wp-content\/uploads\/2025\/06\/tacx-neo-3m-smart-trainer-2898-16.jpg\" alt=\"\" \/><\/p>\n<h3>B\u1ed8 CHUY\u1ec2N \u0110\u1ed4I M\u1ea0NG TH\u00d4NG MINH TACX<\/h3>\n<p>Ph\u1ee5 ki\u1ec7n b\u1ed5 sung n\u00e0y (\u0111\u01b0\u1ee3c b\u00e1n ri\u00eang) cho ph\u00e9p b\u1ea1n th\u00eam k\u1ebft n\u1ed1i m\u1ea1nh h\u01a1n cho c\u00e1c cu\u1ed9c \u0111ua \u1ea3o th\u00f4ng qua c\u00f4ng ngh\u1ec7 Ethernet ho\u1eb7c Wi-Fi\u00ae.<\/p>\n<\/div>\n<div><img decoding=\"async\" class=\"app__feature__card__image\" src=\"https:\/\/xedop.com\/wp-content\/uploads\/2025\/06\/tacx-neo-3m-smart-trainer-2898-17.jpg\" alt=\"\" \/><\/p>\n<h3>\u0110\u1ed8 T\u01af\u01a0NG TH\u00cdCH CAO<\/h3>\n<p>S\u1eed d\u1ee5ng c\u00f4ng ngh\u1ec7 BLUETOOTH\u00ae th\u00f4ng minh v\u00e0 c\u1ea5u h\u00ecnh thi\u1ebft b\u1ecb ANT+\u00ae FE-C \u0111\u1ec3 k\u1ebft n\u1ed1i v\u1edbi c\u00e1c \u1ee9ng d\u1ee5ng t\u1eadp luy\u1ec7n v\u00e0 thi\u1ebft b\u1ecb Garmin.<\/p>\n<\/div>\n<\/div>\n<div>\n<div><img decoding=\"async\" class=\"app__feature__card__image\" src=\"https:\/\/xedop.com\/wp-content\/uploads\/2025\/06\/tacx-neo-3m-smart-trainer-2898-18.jpg\" alt=\"\" \/><\/p>\n<h3>\u1ee8NG D\u1ee4NG GARMIN CONNECT<\/h3>\n<p>\u1ee8ng d\u1ee5ng n\u00e0y l\u00e0 n\u01a1i ch\u1ee9a d\u1eef li\u1ec7u hi\u1ec7u su\u1ea5t, theo d\u00f5i s\u1ef1 c\u1ea3i thi\u1ec7n c\u1ee7a b\u1ea1n v\u00e0 huy hi\u1ec7u khi \u0111\u1ea1t \u0111\u01b0\u1ee3c c\u00e1c c\u1ed9t m\u1ed1c luy\u1ec7n t\u1eadp.<\/p>\n<\/div>\n<\/div>\n<\/div>\n<\/div>\n<table>\n<tbody>\n<tr class=\"title\">\n<td colspan=\"2\">\n<h3>Th\u00f4ng tin chung<\/h3>\n<\/td>\n<\/tr>\n<tr>\n<th scope=\"row\">K\u00edch th\u01b0\u1edbc v\u1eadt l\u00fd<\/th>\n<td>24.8&#8243; x 31.5&#8243; (630 x 800 mm)<\/td>\n<\/tr>\n<tr>\n<th scope=\"row\">Chi\u1ec1u cao<\/th>\n<td>23.4&#8243; (595 mm)<\/td>\n<\/tr>\n<tr>\n<th scope=\"row\">K\u00edch th\u01b0\u1edbc khi g\u1ea5p l\u1ea1i<\/th>\n<td>27.4&#8243; x 14.0&#8243; (695 x 355 mm)<\/td>\n<\/tr>\n<tr>\n<th scope=\"row\">TRO\u0323NG L\u01af\u01a0\u0323NG<\/th>\n<td>23.6 kg<\/td>\n<\/tr>\n<\/tbody>\n<\/table>\n<table>\n<tbody>\n<tr class=\"title\">\n<td colspan=\"2\">\n<h3>Kh\u1ea3 n\u0103ng k\u1ebft n\u1ed1i<\/h3>\n<\/td>\n<\/tr>\n<tr>\n<th scope=\"row\">K\u1ebeT N\u1ed0I KH\u00d4NG D\u00c2Y<\/th>\n<td>K\u1ebft n\u1ed1i ANT +, c\u00f4ng ngh\u1ec7 kh\u00f4ng d\u00e2y BLUETOOTH<\/td>\n<\/tr>\n<tr>\n<th scope=\"row\">Tacx smart network adapter compatibility<\/th>\n<td>c\u00f3 (cung c\u1ea5p t\u00f9y ch\u1ecdn k\u1ebft n\u1ed1i Wi-Fi\u00ae v\u00e0 Ethernet)<\/td>\n<\/tr>\n<tr>\n<th scope=\"row\">\u0110I\u1ec0U KHI\u1ec2N<\/th>\n<td>\u0110i\u1ec7n tho\u1ea1i th\u00f4ng minh, m\u00e1y t\u00ednh b\u1ea3ng, \u0111\u1ed3ng h\u1ed3 xe \u0111\u1ea1p ANT+, \u0111\u1ed9c l\u1eadp, k\u1ebft n\u1ed1i m\u00e1y t\u00ednh qua \u0103ng ten ANT+.&lt;<\/td>\n<\/tr>\n<tr>\n<th scope=\"row\">HI\u1ec2N TH\u1eca<\/th>\n<td>\u0110i\u1ec7n tho\u1ea1i th\u00f4ng minh, m\u00e1y t\u00ednh b\u1ea3ng, thi\u1ebft b\u1ecb \u0111i\u1ec1u h\u01b0\u1edbng \u0111\u1ea1p xe, \u0111\u1ed3ng h\u1ed3 th\u00f4ng minh t\u01b0\u01a1ng th\u00edch, thi\u1ebft b\u1ecb v\u1edbi \u0103ng ten ANT+<\/td>\n<\/tr>\n<tr>\n<th scope=\"row\">HI\u1ec2N TH\u1eca K\u1ebeT N\u1ed0I (ANT+\/BLUETHOOTH)<\/th>\n<td>LED nhi\u1ec1u m\u00e0u s\u1eafc<\/td>\n<\/tr>\n<tr>\n<th scope=\"row\">HI\u1ec2N TH\u1eca NGU\u1ed2N<\/th>\n<td>LED nhi\u1ec1u m\u00e0u s\u1eafc, \u0111\u1eb7t tr\u00ean s\u00e0n<\/td>\n<\/tr>\n<\/tbody>\n<\/table>\n<table>\n<tbody>\n<tr class=\"title\">\n<td colspan=\"2\">\n<h3>C\u00e1c t\u00ednh n\u0103ng t\u1eadp luy\u1ec7n trong nh\u00e0<\/h3>\n<\/td>\n<\/tr>\n<tr>\n<th scope=\"row\">NAM CH\u00c2M<\/th>\n<td>32 nam ch\u00e2m neodymium<\/td>\n<\/tr>\n<tr>\n<th scope=\"row\">Y\u00eau c\u1ea7u v\u1ec1 \u0111i\u1ec7n<\/th>\n<td>100-240 VAC 50\/60Hz (v\u1edbi b\u1ed9 \u0111i\u1ec1u h\u1ee3p m\u1ea1ng t\u00edch h\u1ee3p)<\/td>\n<\/tr>\n<tr>\n<th scope=\"row\">H\u1ed9p b\u0103ng t\u1eeb ph\u00f9 h\u1ee3p<\/th>\n<td>Shimano \/ SRAM: t\u1ed1c \u0111\u1ed9 9-11 (t\u01b0\u01a1ng th\u00edch, bao g\u1ed3m \u1ed5-l\u00edp 11 t\u1ed1c \u0111\u1ed9)<br \/>\nShimano Hyperglide+ 12 t\u1ed1c \u0111\u1ed9<br \/>\nCampagnolo\/ SRAM 12 t\u1ed1c \u0111\u1ed9<br \/>\nXDR (t\u01b0\u01a1ng th\u00edch, y\u00eau c\u1ea7u th\u00e2n \u1ed5-l\u00edp \u0111\u1eb7c bi\u1ec7t)<\/td>\n<\/tr>\n<tr>\n<th scope=\"row\">C\u00e1c tr\u1ee5c ph\u00f9 h\u1ee3p<\/th>\n<td>Tr\u1ee5c nh\u1ea3 nhanh Direct Drive (130 mm\/135 mm X 5 mm) d\u00e0nh cho xe \u0111\u1ea1p c\u00f3 tr\u1ee5c nh\u1ea3 nhanh<br \/>\nN\u1eafp \u0111\u1ea7u tr\u1ee5c qua (142 mm\/148 mm X 12 mm) d\u00e0nh cho xe \u0111\u1ea1p c\u00f3 tr\u1ee5c qua<br \/>\n\u0110\u1ed1i v\u1edbi c\u00e1c k\u00edch th\u01b0\u1edbc xe \u0111\u1ea1p n\u1eb1m ngo\u00e0i ti\u00eau chu\u1ea9n ng\u00e0nh, Garmin cung c\u1ea5p b\u1ed9 chuy\u1ec3n \u0111\u1ed5i n\u00e0y nh\u01b0 m\u1ed9t ph\u1ee5 ki\u1ec7n b\u1ed5 sung: B\u1ed9 chuy\u1ec3n \u0111\u1ed5i tr\u1ee5c qua 135 mm [10 x 135 B\u00ean kh\u00f4ng d\u1eabn \u0111\u1ed9ng (NDS), 12 x 135 NDS v\u00e0 10 x 135 B\u00ean d\u1eabn \u0111\u1ed9ng ( DS)].<\/td>\n<\/tr>\n<tr>\n<th scope=\"row\">L\u1ef0C \u0110\u1ea0P T\u1ed0I \u0110A<\/th>\n<td>2200 Watt<\/td>\n<\/tr>\n<tr>\n<th scope=\"row\">\u0110\u1ed8 D\u1ed0C T\u1ed0I \u0110A<\/th>\n<td>25%<\/td>\n<\/tr>\n<tr>\n<th scope=\"row\">M\u00d4 PH\u1eceNG XU\u1ed0NG D\u1ed0C<\/th>\n<td class=\"yes\"><\/td>\n<\/tr>\n<tr>\n<th scope=\"row\">M\u00f4 men xo\u1eafn t\u1ed1i \u0111a<\/th>\n<td>88 Nm<\/td>\n<\/tr>\n<tr>\n<th scope=\"row\">L\u1ef1c phanh t\u1ed1i \u0111a<\/th>\n<td>260 N<\/td>\n<\/tr>\n<tr>\n<th scope=\"row\">B\u00e1nh \u0111\u00e0<\/th>\n<td>\u1ea2o<\/td>\n<\/tr>\n<tr>\n<th scope=\"row\">Qu\u00e1n t\u00ednh kh\u1ed1i l\u01b0\u1ee3ng<\/th>\n<td>Kho\u1ea3ng 125 kg<\/td>\n<\/tr>\n<tr>\n<th scope=\"row\">Hi\u1ec7u ch\u1ec9nh<\/th>\n<td>Kh\u00f4ng c\u1ea7n hi\u1ec7u chu\u1ea9n<\/td>\n<\/tr>\n<tr>\n<th scope=\"row\">\u0110\u1ea7u ra<\/th>\n<td>T\u1ed1c \u0111\u1ed9, gu\u1ed3ng ch\u00e2n, c\u00f4ng su\u1ea5t<\/td>\n<\/tr>\n<tr>\n<th scope=\"row\">SAI S\u1ed0<\/th>\n<td>&lt;1%<\/td>\n<\/tr>\n<tr>\n<th scope=\"row\">\u0110O L\u01af\u1edcNG T\u1ed0C \u0110\u1ed8<\/th>\n<td class=\"yes\"><\/td>\n<\/tr>\n<tr>\n<th scope=\"row\">\u0110O L\u01af\u1edcNG GU\u1ed2NG CH\u00c2N<\/th>\n<td class=\"yes\"><\/td>\n<\/tr>\n<tr>\n<th scope=\"row\">\u0110O L\u01af\u1edcNG L\u1ef0C \u0110\u1ea0P<\/th>\n<td class=\"yes\"><\/td>\n<\/tr>\n<tr>\n<th scope=\"row\">T\u00cdCH H\u1ee2P T\u1ea4M CHUY\u1ec2N \u0110\u1ed8NG<\/th>\n<td class=\"yes\"><\/td>\n<\/tr>\n<tr>\n<th scope=\"row\">HO\u1ea0T \u0110\u1ed8NG KH\u00d4NG C\u1ea6N K\u1ebeT N\u1ed0I CH\u00cdNH<\/th>\n<\/tr>\n<\/tbody>\n<\/table>\n","protected":false},"excerpt":{"rendered":"<p>Tacx NEO 3M l\u00e0 thi\u1ebft b\u1ecb \u0111\u1ea1p xe th\u00f4ng minh truy\u1ec1n \u0111\u1ed9ng tr\u1ef1c ti\u1ebfp, m\u1ea1nh m\u1ebd v\u1edbi chuy\u1ec3n \u0111\u1ed9ng \u0111a h\u01b0\u1edbng t\u00edch h\u1ee3p v\u00e0 \u0111\u1ed9ng c\u01a1 t\u1eeb t\u00ednh NEO hi\u1ec7n \u0111\u1ea1i \u0111em l\u1ea1i tr\u1ea3i nghi\u1ec7m \u0111\u1ea1p xe trong nh\u00e0 ch\u00e2n th\u1ef1c nh\u1ea5t.<\/p>\n","protected":false},"featured_media":2905,"comment_status":"closed","ping_status":"closed","template":"","meta":[],"product_cat":[88,111],"product_tag":[],"class_list":["post-2898","product","type-product","status-publish","has-post-thumbnail","hentry","product_cat-garmin","product_cat-rulo-dap-xe"],"_links":{"self":[{"href":"https:\/\/xedop.com\/en\/wp-json\/wp\/v2\/product\/2898","targetHints":{"allow":["GET"]}}],"collection":[{"href":"https:\/\/xedop.com\/en\/wp-json\/wp\/v2\/product"}],"about":[{"href":"https:\/\/xedop.com\/en\/wp-json\/wp\/v2\/types\/product"}],"replies":[{"embeddable":true,"href":"https:\/\/xedop.com\/en\/wp-json\/wp\/v2\/comments?post=2898"}],"version-history":[{"count":1,"href":"https:\/\/xedop.com\/en\/wp-json\/wp\/v2\/product\/2898\/revisions"}],"predecessor-version":[{"id":2945,"href":"https:\/\/xedop.com\/en\/wp-json\/wp\/v2\/product\/2898\/revisions\/2945"}],"wp:featuredmedia":[{"embeddable":true,"href":"https:\/\/xedop.com\/en\/wp-json\/wp\/v2\/media\/2905"}],"wp:attachment":[{"href":"https:\/\/xedop.com\/en\/wp-json\/wp\/v2\/media?parent=2898"}],"wp:term":[{"taxonomy":"product_cat","embeddable":true,"href":"https:\/\/xedop.com\/en\/wp-json\/wp\/v2\/product_cat?post=2898"},{"taxonomy":"product_tag","embeddable":true,"href":"https:\/\/xedop.com\/en\/wp-json\/wp\/v2\/product_tag?post=2898"}],"curies":[{"name":"wp","href":"https:\/\/api.w.org\/{rel}","templated":true}]}}