{"id":2946,"date":"2025-06-07T14:12:19","date_gmt":"2025-06-07T07:12:19","guid":{"rendered":"https:\/\/xedop.com\/?post_type=product&#038;p=2946"},"modified":"2025-07-11T16:34:13","modified_gmt":"2025-07-11T09:34:13","slug":"phu-kien-bike-speed-sensor-2-cam-bien-toc-do","status":"publish","type":"product","link":"https:\/\/xedop.com\/en\/san-pham\/phu-kien-bike-speed-sensor-2-cam-bien-toc-do\/","title":{"rendered":"Ph\u1ee5 ki\u1ec7n, Bike Speed Sensor 2 C\u1ea3m bi\u1ebfn t\u1ed1c \u0111\u1ed9"},"content":{"rendered":"<p>Theo d\u00f5i t\u1ed1c \u0111\u1ed9 c\u1ee7a b\u1ea1n khi \u0111\u1ea1p xe v\u1edbi c\u1ea3m bi\u1ebfn kh\u00f4ng d\u00e2y d\u1ec5 c\u00e0i \u0111\u1eb7t n\u00e0y. Kh\u00f4ng c\u1ea7n nam ch\u00e2m ho\u1eb7c c\u00e1c b\u1ed9 ph\u1eadn ti\u1ebfp x\u00fac kh\u00e1c, c\u1ea3m bi\u1ebfn n\u00e0y d\u1ec5 d\u00e0ng l\u1eafp \u0111\u1eb7t, b\u1ea3o tr\u00ec v\u00e0 chuy\u1ec3n \u0111\u1ed5i gi\u1eefa c\u00e1c xe \u0111\u1ea1p. C\u1ea3m bi\u1ebfn t\u1ed1c \u0111\u1ed9 2 g\u1eafn v\u00e0o ch\u00ednh gi\u1eefa c\u1ee7a m\u1ed9t trong hai b\u00e1nh xe. B\u1ea1n c\u00f3 th\u1ec3 thi\u1ebft l\u1eadp k\u00edch th\u01b0\u1edbc b\u00e1nh xe trong c\u1ed9ng \u0111\u1ed3ng tr\u1ef1c tuy\u1ebfn Garmin Connect c\u1ee7a ch\u00fang t\u00f4i ho\u1eb7c t\u1ef1 hi\u1ec7u ch\u1ec9nh b\u1eb1ng \u0111\u1ed3ng h\u1ed3 \u0111o t\u1ed1c Edge ho\u1eb7c thi\u1ebft b\u1ecb Garmin t\u01b0\u01a1ng th\u00edch. Sau khi thi\u1ebft l\u1eadp, b\u1ea1n s\u1ebd lu\u00f4n c\u00f3 \u0111\u01b0\u1ee3c t\u1ed1c \u0111\u1ed9 v\u00e0 kho\u1ea3ng c\u00e1ch ch\u00ednh x\u00e1c &#8211; ngay c\u1ea3 khi kh\u00f4ng c\u00f3 thi\u1ebft b\u1ecb \u0111\u1ea7u. K\u1ebft n\u1ed1i ANT+\u00ae v\u00e0 c\u00f4ng ngh\u1ec7 BLUETOOTH\u00ae Low Energy cho ph\u00e9p b\u1ea1n \u0111\u1ed3ng b\u1ed9 h\u00f3a v\u1edbi Garmin Connect v\u00e0 c\u00e1c \u1ee9ng d\u1ee5ng t\u1eadp luy\u1ec7n kh\u00e1c, thi\u1ebft b\u1ecb t\u01b0\u01a1ng th\u00edch v\u00e0 thi\u1ebft b\u1ecb th\u1ec3 d\u1ee5c \u0111\u1ec3 c\u00f3 d\u1eef li\u1ec7u t\u1ed1t h\u01a1n khi \u0111\u1ea1p xe trong nh\u00e0 v\u00e0 ngo\u00e0i tr\u1eddi.<\/p>\n","protected":false},"excerpt":{"rendered":"<p>Theo d\u00f5i t\u1ed1c \u0111\u1ed9 c\u1ee7a b\u1ea1n khi \u0111\u1ea1p xe v\u1edbi c\u1ea3m bi\u1ebfn kh\u00f4ng d\u00e2y d\u1ec5 c\u00e0i \u0111\u1eb7t n\u00e0y. Kh\u00f4ng c\u1ea7n nam ch\u00e2m ho\u1eb7c c\u00e1c b\u1ed9 ph\u1eadn<span class=\"excerpt-hellip\"> [\u2026]<\/span><\/p>\n","protected":false},"featured_media":2947,"comment_status":"closed","ping_status":"closed","template":"","meta":[],"product_cat":[88],"product_tag":[],"class_list":["post-2946","product","type-product","status-publish","has-post-thumbnail","hentry","product_cat-garmin"],"_links":{"self":[{"href":"https:\/\/xedop.com\/en\/wp-json\/wp\/v2\/product\/2946","targetHints":{"allow":["GET"]}}],"collection":[{"href":"https:\/\/xedop.com\/en\/wp-json\/wp\/v2\/product"}],"about":[{"href":"https:\/\/xedop.com\/en\/wp-json\/wp\/v2\/types\/product"}],"replies":[{"embeddable":true,"href":"https:\/\/xedop.com\/en\/wp-json\/wp\/v2\/comments?post=2946"}],"version-history":[{"count":1,"href":"https:\/\/xedop.com\/en\/wp-json\/wp\/v2\/product\/2946\/revisions"}],"predecessor-version":[{"id":2949,"href":"https:\/\/xedop.com\/en\/wp-json\/wp\/v2\/product\/2946\/revisions\/2949"}],"wp:featuredmedia":[{"embeddable":true,"href":"https:\/\/xedop.com\/en\/wp-json\/wp\/v2\/media\/2947"}],"wp:attachment":[{"href":"https:\/\/xedop.com\/en\/wp-json\/wp\/v2\/media?parent=2946"}],"wp:term":[{"taxonomy":"product_cat","embeddable":true,"href":"https:\/\/xedop.com\/en\/wp-json\/wp\/v2\/product_cat?post=2946"},{"taxonomy":"product_tag","embeddable":true,"href":"https:\/\/xedop.com\/en\/wp-json\/wp\/v2\/product_tag?post=2946"}],"curies":[{"name":"wp","href":"https:\/\/api.w.org\/{rel}","templated":true}]}}