{"id":2958,"date":"2025-06-07T14:16:49","date_gmt":"2025-06-07T07:16:49","guid":{"rendered":"https:\/\/xedop.com\/?post_type=product&#038;p=2958"},"modified":"2025-06-07T14:16:50","modified_gmt":"2025-06-07T07:16:50","slug":"rally-rk200-pedal-power-meter-ban-dap-do-luc-hai-ben-can-look-keo","status":"publish","type":"product","link":"https:\/\/xedop.com\/en\/san-pham\/rally-rk200-pedal-power-meter-ban-dap-do-luc-hai-ben-can-look-keo\/","title":{"rendered":"Rally RK200 pedal power meter B\u00e0n \u0111\u1ea1p \u0111o l\u1ef1c hai b\u00ean Can Look Keo"},"content":{"rendered":"<div><img decoding=\"async\" class=\"app__feature__card__image\" src=\"https:\/\/xedop.com\/wp-content\/uploads\/2025\/06\/rally-rk200-pedal-power-meter-ban-dap-do-luc-hai-ben-can-look-keo-2958.jpg\" alt=\"\" \/><\/p>\n<p>B\u1ea1n c\u00f3 th\u1ec3 d\u1ec5 d\u00e0ng l\u1eafp \u0111\u1eb7t Rally nh\u01b0 b\u1ea5t k\u1ef3 b\u00e0n lo\u1ea1i \u0111\u1ea1p n\u00e0o kh\u00e1c v\u00e0 d\u1ec5 d\u00e0ng chuy\u1ec3n \u0111\u1ed5i t\u1eeb xe \u0111\u1ea1p n\u00e0y sang xe \u0111\u1ea1p kh\u00e1c.<\/p>\n<\/div>\n<div><img decoding=\"async\" class=\"app__feature__card__image\" src=\"https:\/\/xedop.com\/wp-content\/uploads\/2025\/06\/rally-rk200-pedal-power-meter-ban-dap-do-luc-hai-ben-can-look-keo-2958-1.jpg\" alt=\"\" \/><\/p>\n<p>H\u00e3y ti\u0300m hi\u00ea\u0309u ro\u0303 hi\u1ec7u su\u1ea5t c\u1ee7a b\u1ea1n b\u1eb1ng c\u00e1ch \u0111o s\u1ee9c m\u1ea1nh, gu\u00f4\u0300ng ch\u00e2n v\u00e0 h\u01a1n th\u1ebf n\u1eefa.<\/p>\n<\/div>\n<div><img decoding=\"async\" class=\"app__feature__card__image\" src=\"https:\/\/xedop.com\/wp-content\/uploads\/2025\/06\/rally-rk200-pedal-power-meter-ban-dap-do-luc-hai-ben-can-look-keo-2958-2.jpg\" alt=\"\" \/><\/p>\n<p>D\u1ec5 d\u00e0ng l\u1eafp \u0111\u1eb7t.<\/p>\n<\/div>\n<div><img decoding=\"async\" class=\"app__feature__card__image\" src=\"https:\/\/xedop.com\/wp-content\/uploads\/2025\/06\/rally-rk200-pedal-power-meter-ban-dap-do-luc-hai-ben-can-look-keo-2958-3.jpg\" alt=\"\" \/><\/p>\n<p>V\u1edbi kh\u1ea3 n\u0103ng t\u01b0\u01a1ng th\u00edch v\u1edbi thi\u1ebft b\u1ecb Edge, b\u1ea1n c\u00f3 th\u1ec3 li\u00ean t\u1ee5c c\u1eadp nh\u1eadt c\u00e1c th\u00f4ng s\u1ed1 ch\u00ednh x\u00e1c trong khi \u0111ang \u0111\u1ea1p xe v\u00e0 xem l\u1ea1i d\u1eef li\u1ec7u d\u1ec5 d\u00e0ng qua Garmin Connect sau \u0111\u00f3.<\/p>\n<\/div>\n<div><img decoding=\"async\" class=\"app__feature__card__image\" src=\"https:\/\/xedop.com\/wp-content\/uploads\/2025\/06\/rally-rk200-pedal-power-meter-ban-dap-do-luc-hai-ben-can-look-keo-2958-4.jpg\" alt=\"\" \/><\/p>\n<p>\u0110\u1ed3ng b\u1ed9 h\u00f3a d\u1eef li\u1ec7u v\u1edbi c\u00e1c \u1ee9ng d\u1ee5ng y\u00eau th\u00edch c\u1ee7a b\u1ea1n \u0111\u1ec3 ph\u00e2n t\u00edch v\u00e0 chia s\u1ebb d\u1eef li\u1ec7u nhi\u1ec1u h\u01a1n.<\/p>\n<\/div>\n<div><img decoding=\"async\" class=\"app__feature__card__image\" src=\"https:\/\/xedop.com\/wp-content\/uploads\/2025\/06\/rally-rk200-pedal-power-meter-ban-dap-do-luc-hai-ben-can-look-keo-2958-5.jpg\" alt=\"\" \/><\/p>\n<p>S\u1eb5n s\u00e0ng \u0111\u1ec3 bi\u1ebft th\u00eam? D\u1ec5 d\u00e0ng n\u00e2ng c\u1ea5p l\u00ean h\u1ec7 th\u1ed1ng c\u1ea3m bi\u1ebfn k\u00e9p b\u1ea5t c\u1ee9 l\u00fac n\u00e0o.<\/p>\n<\/p>\n<h3 class=\"app__feature__card__title light left\">THI\u1ebeT K\u1ebe V\u01af\u1ee2T TR\u1ed8I<\/h3>\n<p>T\u1ed1i \u01b0u h\u00f3a thi\u1ebft k\u1ebf v\u1edbi c\u00e1c c\u1ea3m bi\u1ebfn \u0111\u01b0\u1ee3c \u0111\u1eb7t b\u00ean trong, b\u00e0n \u0111\u1ea1p ti\u00ean ti\u1ebfn n\u00e0y c\u00f3 th\u1ec3 d\u1ec5 d\u00e0ng \u0111\u01b0\u1ee3c l\u1eafp \u0111\u1eb7t nh\u01b0 b\u1ea5t k\u00ec lo\u1ea1i b\u00e0n \u0111\u1ea1p th\u00f4ng th\u01b0\u1eddng n\u00e0o kh\u00e1c. Thay \u0111\u1ed5i \u0111\u01a1n gi\u1ea3n gi\u1eefa c\u00e1c xe \u0111\u1ea1p<\/p>\n<h3 class=\"app__feature__card__title light left\">\u0110\u00d4\u0323NG N\u0102NG \u0110A\u0323P XE N\u00c2NG CAO<\/h3>\n<p>Ngo\u00e0i \u0111o l\u01b0\u1eddng s\u1ee9c m\u1ea1nh v\u00e0 gu\u00f4\u0300ng ch\u00e2n, Rally RK200 cung c\u1ea5p nh\u1eefng ch\u1ec9 s\u1ed1 \u0111\u1ea1p th\u1eadt s\u1ef1 t\u1ed1i \u01b0u. C\u00e1c s\u1ed1 li\u1ec7u n\u00e0y gi\u00fap b\u1ea1n \u0111i\u1ec1u ch\u1ec9nh ch\u1ebf \u0111\u1ed9 luy\u00ea\u0323n t\u00e2\u0323p t\u1eadp trung c\u00e1c \u0111i\u1ec3m y\u1ebfu v\u00e0 \u0111i\u1ec3m m\u1ea1nh c\u1ee5 th\u1ec3 c\u1ee7a b\u1ea1n \u0111\u1ec3 gi\u00fap b\u1ea1n c\u1ea3i thi\u1ec7n.<\/p>\n<h3 class=\"app__feature__card__title light left\">C\u00c2N B\u0102\u0300NG BA\u0300N \u0110A\u0323P TRA\u0301I\/PHA\u0309I<\/h3>\n<p>\u0110o l\u01b0\u0323c t\u1eeb ch\u00e2n tr\u00e1i c\u1ee7a b\u1ea1n so v\u1edbi l\u01b0\u0323c t\u1eeb ch\u00e2n ph\u1ea3i c\u1ee7a b\u1ea1n \u0111\u1ec3 c\u00f3 c\u00e1i nh\u00ecn c\u1ee5 th\u1ec3 h\u01a1n v\u1ec1 s\u1ee9c m\u1ea1nh \u0111\u1ed1i x\u1ee9ng c\u1ee7a b\u1ea1n.<\/p>\n<h3 class=\"app__feature__card__title light left\">PHA C\u00d4NG SU\u00c2\u0301T<\/h3>\n<p>X\u00e1c \u0111\u1ecbnh v\u1ecb tr\u00ed t\u1ea1o ra l\u1ef1c tr\u00ean ch\u00e2n trong su\u1ed1t h\u00e0nh tr\u00ecnh \u0111\u1ea1p.<\/p>\n<h3 class=\"app__feature__card__title light left\">L\u01af\u0323C TRUNG T\u00c2M BA\u0300N \u0110A\u0323P<\/h3>\n<p>\u0110\u1ea3m b\u1ea3o v\u1ecb tr\u00ed can gia\u0300y th\u00edch h\u1ee3p b\u1eb1ng c\u00e1ch theo d\u00f5i vi\u0323 tri\u0301 t\u00e1c d\u1ee5ng l\u01b0\u0323c tr\u00ean b\u00e0n \u0111\u1ea1p.<\/p>\n<h3 class=\"app__feature__card__title light left\">T\u01af\u01a0NG THI\u0301CH V\u01a0\u0301I CAN GIA\u0300Y<\/h3>\n<p>B\u00e0n \u0111\u1ea1p Rally RS t\u01b0\u01a1ng th\u00edch v\u1edbi can gi\u00e0y LOOK KEO c\u1ee7a b\u1ea1n<\/p>\n<h3 class=\"app__feature__card__title light left\">TH\u1edcI L\u01af\u1ee2NG PIN<\/h3>\n<p>Lu\u00f4n s\u1eb5n s\u00e0ng cho c\u00e1c chuy\u1ebfn \u0111i d\u00e0i v\u00e0 bu\u1ed5i t\u1eadp luy\u1ec7n c\u01b0\u1eddng \u0111\u1ed9 cao v\u1edbi th\u1eddi l\u01b0\u1ee3ng pin l\u00ean \u0111\u1ebfn 120 gi\u1edd<\/p>\n<h3 class=\"app__feature__card__title light left\">K\u1ebeT N\u1ed0I TH\u1ed0NG NH\u1ea4T V\u1edaI H\u1ec6 SINH TH\u00c1I<\/h3>\n<p>Th\u1ed1ng k\u00ea th\u00f4ng tin t\u1eadp luy\u1ec7n t\u1ed1i \u0111a v\u1edbi Rally RK200 v\u00e0 c\u00f4ng c\u1ee5 Edge t\u01b0\u01a1ng th\u00edch ho\u00e0n to\u00e0n c\u00f9ng \u1ee9ng d\u1ee5ng\u00a0Garmin Connect. \u0110\u01a1n gia\u0309n trong vi\u1ec7c t\u1ea3i d\u1eef li\u1ec7u l\u00ean v\u00e0 c\u1eadp nh\u1eadt ph\u1ea7n m\u1ec1m.<\/p>\n<h3 class=\"app__feature__card__title light left\">\u0110\u00d4\u0300NG B\u00d4\u0323 HO\u0301A V\u01a0\u0301I CA\u0301C \u01af\u0301NG DU\u0323NG KHA\u0301C<\/h3>\n<p>T\u00edch h\u1ee3p ph\u00e2n t\u00edch sau chuy\u1ebfn \u0111\u1ea1p xe, chia s\u1ebb d\u1eef li\u1ec7u, l\u1eadp b\u1ea3n \u0111\u1ed3, l\u1eadp k\u1ebf ho\u1ea1ch tuy\u1ebfn \u0111\u01b0\u1eddng v\u00e0 nhi\u1ec1u h\u01a1n n\u1eefa v\u1edbi c\u00e1c \u1ee9ng d\u1ee5ng y\u00eau th\u00edch c\u1ee7a b\u1ea1n, bao g\u1ed3m Strava, TrainingPeaks v\u00e0 Zwift.<\/p>\n<\/div>\n<h3>Rally Family<\/h3>\n<ul>\n<li><span>Lo\u1ea1i pin: LR44\/SR44 (x4) ho\u1eb7c CR1\/3N (x2)<\/span><\/li>\n<li><span>Tu\u1ed5i th\u1ecd pin: l\u00ean \u0111\u1ebfn 120 gi\u1edd<\/span><\/li>\n<li><span>Tr\u1ecdng l\u01b0\u1ee3ng ng\u01b0\u1eddi l\u00e1i t\u1ed1i \u0111a: 105 kg<\/span><\/li>\n<li><span>\u0110\u1ed9 ch\u00ednh x\u00e1c: +\/- 1%<\/span><\/li>\n<li><span>Hi\u1ec7u chu\u1ea9n hi\u1ec7n tr\u01b0\u1eddng<\/span><\/li>\n<li><span>\u0110\u1ed9 c\u0103ng nh\u1ea3 c\u00f3 th\u1ec3 \u0111i\u1ec1u ch\u1ec9nh<\/span><\/li>\n<li><span>V\u1ecb tr\u00ed \u0111o: tr\u1ee5c ch\u00ednh<\/span><\/li>\n<li><span>Giao ti\u1ebfp: ANT+\u00ae v\u00e0 BLUETOOTH\u00ae<\/span><\/li>\n<\/ul>\n<h3>Rally RK 200<\/h3>\n<ul>\n<li><span>Tr\u1ecdng l\u01b0\u1ee3ng: 326 g<\/span><\/li>\n<li>Kh\u1ea3 n\u0103ng ch\u1ed1ng n\u01b0\u1edbc<span>\u00a0: IPX7<\/span><\/li>\n<li><span>Lo\u1ea1i \u0111inh: KEO<\/span><\/li>\n<li><span>H\u1ec7 s\u1ed1 Q: 53 mm (55 mm v\u1edbi v\u00f2ng \u0111\u1ec7m 2 mm \u0111\u01b0\u1ee3c cung c\u1ea5p)<\/span><\/li>\n<li><span>Chi\u1ec1u cao ch\u1ed3ng: 12,2 mm<\/span><\/li>\n<li><span>Xu\u1ea5t x\u1ee9 th\u01b0\u01a1ng hi\u1ec7u : Th\u1ee5y S\u1ef9<\/span><br \/>\n<span>Xu\u1ea5t x\u1ee9 : \u0110\u00e0i Loan<\/span><\/li>\n<\/ul>\n","protected":false},"excerpt":{"rendered":"<p>S\u1ef1 l\u1ef1a ch\u1ecdn m\u1ea1nh m\u1ebd c\u1ee7a b\u1ea1n ch\u00ednh l\u00e0 Rally RK100 &#8211; \u0111\u1ed3ng h\u1ed3 \u0111o c\u00f4ng su\u1ea5t c\u1ea3m bi\u1ebfn k\u00e9p mang \u0111\u1ebfn \u0111\u1ed9ng l\u1ef1c \u0111\u1ea1p xe n\u00e2ng cao v\u00e0 cung c\u1ea5p c\u00e1c ph\u00e9p \u0111o \u0111\u00e1ng tin c\u1eady gi\u00fap b\u1ea1n theo d\u00f5i qu\u00e1 tr\u00ecnh t\u1eadp luy\u1ec7n hi\u1ec7u qu\u1ea3 h\u01a1n, \u0111\u1ed3ng th\u1eddi c\u1ea3i thi\u1ec7n l\u1ef1c \u0111\u1ea1p theo th\u1eddi gian.<\/p>\n","protected":false},"featured_media":2967,"comment_status":"closed","ping_status":"closed","template":"","meta":[],"product_cat":[88],"product_tag":[],"class_list":["post-2958","product","type-product","status-publish","has-post-thumbnail","hentry","product_cat-garmin"],"_links":{"self":[{"href":"https:\/\/xedop.com\/en\/wp-json\/wp\/v2\/product\/2958","targetHints":{"allow":["GET"]}}],"collection":[{"href":"https:\/\/xedop.com\/en\/wp-json\/wp\/v2\/product"}],"about":[{"href":"https:\/\/xedop.com\/en\/wp-json\/wp\/v2\/types\/product"}],"replies":[{"embeddable":true,"href":"https:\/\/xedop.com\/en\/wp-json\/wp\/v2\/comments?post=2958"}],"version-history":[{"count":1,"href":"https:\/\/xedop.com\/en\/wp-json\/wp\/v2\/product\/2958\/revisions"}],"predecessor-version":[{"id":2981,"href":"https:\/\/xedop.com\/en\/wp-json\/wp\/v2\/product\/2958\/revisions\/2981"}],"wp:featuredmedia":[{"embeddable":true,"href":"https:\/\/xedop.com\/en\/wp-json\/wp\/v2\/media\/2967"}],"wp:attachment":[{"href":"https:\/\/xedop.com\/en\/wp-json\/wp\/v2\/media?parent=2958"}],"wp:term":[{"taxonomy":"product_cat","embeddable":true,"href":"https:\/\/xedop.com\/en\/wp-json\/wp\/v2\/product_cat?post=2958"},{"taxonomy":"product_tag","embeddable":true,"href":"https:\/\/xedop.com\/en\/wp-json\/wp\/v2\/product_tag?post=2958"}],"curies":[{"name":"wp","href":"https:\/\/api.w.org\/{rel}","templated":true}]}}