{"id":3030,"date":"2025-06-07T14:24:00","date_gmt":"2025-06-07T07:24:00","guid":{"rendered":"https:\/\/xedop.com\/?post_type=product&#038;p=3030"},"modified":"2025-07-11T16:02:39","modified_gmt":"2025-07-11T09:02:39","slug":"hrm-fit-dai-do-nhip-tim-danh-cho-nu-co-ngam-gan-vao-sport-bra","status":"publish","type":"product","link":"https:\/\/xedop.com\/en\/san-pham\/hrm-fit-dai-do-nhip-tim-danh-cho-nu-co-ngam-gan-vao-sport-bra\/","title":{"rendered":"HRM-Fit (\u0111ai \u0111o nh\u1ecbp tim d\u00e0nh cho n\u1eef, c\u00f3 ng\u00e0m g\u1eafn v\u00e0o sport bra)"},"content":{"rendered":"<div><img decoding=\"async\" class=\"app__feature__card__image\" src=\"https:\/\/xedop.com\/wp-content\/uploads\/2025\/06\/hrm-fit-dai-do-nhip-tim-danh-cho-nu-co-ngam-gan-vao-sport-bra-3030.jpg\" alt=\"\" \/><\/p>\n<p>K\u1eb8P TR\u1ef0C TI\u1ebeP V\u00c0O \u00c1O BRA TH\u1ec2 THAO LO\u1ea0I H\u1ed6 TR\u1ee2 V\u1eeaA-D\u00c0Y<\/p>\n<\/div>\n<div><img decoding=\"async\" class=\"app__feature__card__image\" src=\"https:\/\/xedop.com\/wp-content\/uploads\/2025\/06\/hrm-fit-dai-do-nhip-tim-danh-cho-nu-co-ngam-gan-vao-sport-bra-3030-1.jpg\" alt=\"\" \/><\/p>\n<p>TH\u1edcI L\u01af\u1ee2NG PIN \u0110\u1ebeN 1 N\u0102M<\/p>\n<\/div>\n<div><img decoding=\"async\" class=\"app__feature__card__image\" src=\"https:\/\/xedop.com\/wp-content\/uploads\/2025\/06\/hrm-fit-dai-do-nhip-tim-danh-cho-nu-co-ngam-gan-vao-sport-bra-3030-2.jpg\" alt=\"\" \/><\/p>\n<p>HI\u1ec2N TH\u1eca D\u1eee LI\u1ec6U NH\u1ecaP TIM NGAY L\u1eacP T\u1ee8C T\u1edaI C\u00c1C THI\u1ebeT B\u1eca V\u00c0 \u1ee8NG D\u1ee4NG T\u01af\u01a0NG TH\u00cdCH<\/p>\n<\/div>\n<div><img decoding=\"async\" class=\"app__feature__card__image\" src=\"https:\/\/xedop.com\/wp-content\/uploads\/2025\/06\/hrm-fit-dai-do-nhip-tim-danh-cho-nu-co-ngam-gan-vao-sport-bra-3030-3.jpg\" alt=\"\" \/><\/p>\n<p>\u0110A N\u0102NG PH\u00d9 H\u1ee2P CHO NHI\u1ec0U M\u00d4N TH\u1ec2 THAO<\/p>\n<\/div>\n<div><img decoding=\"async\" class=\"app__feature__card__image\" src=\"https:\/\/xedop.com\/wp-content\/uploads\/2025\/06\/hrm-fit-dai-do-nhip-tim-danh-cho-nu-co-ngam-gan-vao-sport-bra-3030-4.jpg\" alt=\"\" \/><\/p>\n<p>THEO D\u00d5I \u0110\u1ec2 C\u1ea2I THI\u1ec6N \u0110\u1ed8NG T\u00c1C CH\u1ea0Y V\u1edaI \u0110\u1ed2NG H\u1ed2 GARMIN T\u01af\u01a0NG TH\u00cdCH<\/p>\n<\/div>\n<div><img decoding=\"async\" class=\"app__feature__card__image\" src=\"https:\/\/xedop.com\/wp-content\/uploads\/2025\/06\/hrm-fit-dai-do-nhip-tim-danh-cho-nu-co-ngam-gan-vao-sport-bra-3030-5.jpg\" alt=\"\" \/><\/p>\n<p>CUNG C\u1ea4P S\u1ed0 LI\u1ec6U V\u1ec0 S\u1ed0 B\u01af\u1edaC, CALO, S\u1ed0 PH\u00daT T\u1eacP C\u01af\u1edcNG \u0110\u1ed8 CAO V\u00c0 H\u01a0N TH\u1ebe N\u1eeeA.<\/p>\n<\/p>\n<h3>D\u00c0NH RI\u00caNG CHO PH\u00c1I N\u1eee<\/h3>\n<p>Thi\u1ebft k\u1ebf k\u1eb9p d\u1ec5 d\u00e0ng v\u00e0 tho\u1ea3i m\u00e1i g\u1eafn v\u00e0o \u00e1o bra th\u1ec3 thao ng\u1eafn v\u00e0 d\u00e0i. V\u00ec v\u1eady, b\u1ea1n c\u1ee9 tho\u1ea3i m\u00e1i di chuy\u1ec3n v\u00e0 \u0111\u1ed1t m\u1ee1 \u2014 HRM-Fit lu\u00f4n b\u00ean b\u1ea1n tr\u00ean m\u1ecdi n\u1ebbo \u0111\u01b0\u1eddng.<\/p>\n<\/p>\n<h3>K\u00ca\u0301T N\u00d4\u0301I<\/h3>\n<p>C\u1ea3m bi\u1ebfn theo d\u00f5i nh\u1ecbp tim HRM-Fit truy\u1ec1n d\u1eef li\u1ec7u hi\u1ec7u su\u1ea5t v\u00e0 nh\u1ecbp tim theo th\u1eddi gian th\u1ef1c ch\u00ednh x\u00e1c \u0111\u1ebfn \u0111\u1ed3ng h\u1ed3 th\u00f4ng minh Garmin t\u01b0\u01a1ng th\u00edch v\u00e0 thi\u1ebft b\u1ecb \u0111i\u1ec1u h\u01b0\u1edbng \u0111\u1ea1p xe Edge, thi\u1ebft b\u1ecb th\u1ec3 d\u1ee5c t\u01b0\u01a1ng th\u00edch, \u1ee9ng d\u1ee5ng Tacx Training v\u00e0 c\u00e1c \u1ee9ng d\u1ee5ng kh\u00e1c.<\/p>\n<\/p>\n<h3>TR\u1ea0NG TH\u00c1I CH\u1ea0Y B\u1ed8<\/h3>\n<p>Khi \u0111\u01b0\u1ee3c k\u1ebft n\u1ed1i v\u1edbi \u0111\u1ed3ng h\u1ed3 th\u00f4ng minh Garmin t\u01b0\u01a1ng th\u00edch c\u1ee7a b\u1ea1n\u00b9, HRM-Fit s\u1ebd ghi l\u1ea1i tr\u1ea1ng th\u00e1i ch\u1ea1y b\u1ed9, nh\u01b0 dao \u0111\u1ed9ng d\u1ecdc, m\u1ee9c \u0111\u1ed9 th\u0103ng b\u1eb1ng trong th\u1eddi gian ti\u1ebfp \u0111\u1ea5t, chi\u1ec1u d\u00e0i s\u1ea3i ch\u00e2n, t\u1ec9 l\u1ec7 d\u1ecdc v\u00e0 nhi\u1ec1u h\u01a1n n\u1eefa &#8211; \u0111\u1ec3 gi\u00fap b\u1ea1n c\u1ea3i thi\u1ec7n h\u00ecnh th\u00e1i ch\u1ea1y b\u1ed9.<\/p>\n<\/p>\n<h3>TH\u00cdCH H\u1ee2P NHI\u1ec0U M\u00d4N TH\u1ec2 THAO<\/h3>\n<p>V\u1eadn \u0111\u1ed9ng theo c\u00e1ch b\u1ea1n mu\u1ed1n. Thi\u1ebft b\u1ecb cung c\u1ea5p d\u1eef li\u1ec7u nh\u1ecbp tim ch\u00ednh x\u00e1c cho nhi\u1ec1u ho\u1ea1t \u0111\u1ed9ng kh\u00e1c nhau, bao g\u1ed3m ch\u1ea1y, \u0111\u1ea1p xe trong nh\u00e0 v\u00e0 ngo\u00e0i tr\u1eddi, r\u00e8n luy\u1ec7n s\u1ee9c b\u1ec1n, HIIT, c\u00e1c lo\u1ea1i h\u00ecnh luy\u1ec7n t\u1eadp th\u1ec3 ch\u1ea5t v\u00e0 nhi\u1ec1u ho\u1ea1t \u0111\u1ed9ng kh\u00e1c.<\/p>\n<\/p>\n<h3>CHA\u0323Y TRONG NHA\u0300<\/h3>\n<p>\u0110\u1ed1i v\u1edbi c\u00e1c bu\u1ed5i t\u1eadp trong nh\u00e0 ho\u1eb7c tr\u00ean m\u00e1y ch\u1ea1y b\u1ed9, c\u1ea3m bi\u1ebfn theo d\u00f5i nh\u1ecbp tim n\u00e0y truy\u1ec1n d\u1eef li\u1ec7u t\u1ed1c \u0111\u1ed9 v\u00e0 kho\u1ea3ng c\u00e1ch \u0111\u1ebfn \u0111\u1ed3ng h\u1ed3 th\u00f4ng minh Garmin t\u01b0\u01a1ng th\u00edch c\u1ee7a b\u1ea1n\u00b9, do \u0111\u00f3 b\u1ea1n c\u00f3 th\u1ec3 nh\u1eadn \u0111\u01b0\u1ee3c d\u1eef li\u1ec7u m\u00ecnh c\u1ea7n b\u1ea5t k\u1ec3 b\u1ea1n t\u1eadp luy\u1ec7n \u1edf \u0111\u00e2u.<\/p>\n<\/p>\n<h3>L\u01afU TR\u1eee V\u00c0 G\u1eecI D\u1eee LI\u1ec6U C\u1ee6A B\u1ea0N<\/h3>\n<p>Trong c\u00e1c b\u00e0i t\u1eadp nh\u01b0 r\u00e8n luy\u1ec7n s\u1ee9c b\u1ec1n v\u00e0 HIIT, b\u1ea1n c\u00f3 th\u1ec3 b\u1eaft \u0111\u1ea7u v\u00e0 d\u1eebng m\u1ed9t ho\u1ea1t \u0111\u1ed9ng tr\u00ean \u0111\u1ed3ng h\u1ed3 th\u00f4ng minh Garmin t\u01b0\u01a1ng th\u00edch c\u1ee7a m\u00ecnh\u00b9. Ngay c\u1ea3 khi b\u1ea1n th\u00e1o \u0111\u1ed3ng h\u1ed3 v\u00e0 \u0111\u1ec3 ngo\u00e0i ph\u1ea1m vi, HRM-Fit s\u1ebd l\u01b0u tr\u1eef d\u1eef li\u1ec7u sau \u0111\u00f3 g\u1eedi d\u1eef li\u1ec7u \u0111\u1ebfn \u0111\u1ed3ng h\u1ed3 khi b\u1ea1n ho\u1ea1t \u0111\u1ed9ng \u0111\u01b0\u1ee3c l\u01b0u.<\/p>\n<\/p>\n<h3>THEO D\u00d5I HO\u1ea0T \u0110\u1ed8NG<\/h3>\n<p>N\u1ebfu b\u1ea1n kh\u00f4ng \u0111eo \u0111\u1ed3ng h\u1ed3, c\u1ea3m bi\u1ebfn nh\u1ecbp tim s\u1ebd ghi l\u1ea1i d\u1eef li\u1ec7u c\u00e1c b\u01b0\u1edbc, l\u01b0\u1ee3ng calories \u0111\u00e3 \u0111\u1ed1t ch\u00e1y, s\u1ed1 ph\u00fat t\u1eadp luy\u1ec7n v\u00e0 nh\u1ecbp tim. Thi\u1ebft b\u1ecb th\u1eadm ch\u00ed c\u00f2n c\u1eadp nh\u1eadt t\u1ea5t c\u1ea3 c\u00e1c thi\u1ebft b\u1ecb Garmin c\u1ee7a b\u1ea1n th\u00f4ng qua \u1ee9ng d\u1ee5ng \u0111i\u1ec7n tho\u1ea1i th\u00f4ng minh Garmin Connect.<\/p>\n<\/p>\n<h3>TH\u1edcI L\u01af\u1ee2NG PIN<\/h3>\n<p>\u0110\u1eebng lo l\u1eafng b\u1ea1n s\u1ebd b\u1ecb ng\u1eaft qu\u00e3ng t\u1eadp luy\u1ec7n. HRM-Fit c\u00f3 pin l\u00ean \u0111\u1ebfn 1 n\u0103m.<\/p>\n<\/div>\n<table>\n<tbody>\n<tr class=\"title\">\n<td colspan=\"2\">\n<h3>Th\u00f4ng tin chung<\/h3>\n<\/td>\n<\/tr>\n<tr>\n<th scope=\"row\">K\u00cdCH TH\u1ee8C M\u00d4-\u0110UN<\/th>\n<td>2.2&#8243; W x 1.2&#8243; H x 0.6&#8243;D (55.5 x 31.0 x 14.2 mm)<\/td>\n<\/tr>\n<tr>\n<th scope=\"row\">PH\u1ea0M VI K\u00cdCH TH\u01af\u1edaC<\/th>\n<td>kh\u00f4ng \u00e1p d\u1ee5ng (k\u1eb9p v\u00e0o \u00e1o bra th\u1ec3 thao)<\/td>\n<\/tr>\n<tr>\n<th scope=\"row\">TRO\u0323NG L\u01af\u01a0\u0323NG<\/th>\n<td>1.9 oz (53 g)<\/td>\n<\/tr>\n<tr>\n<th scope=\"row\">CH\u1ec8 S\u1ed0 CH\u1ed0NG N\u01af\u1edaC<\/th>\n<td>3 ATM<\/td>\n<\/tr>\n<tr>\n<th scope=\"row\">Lo\u1ea1i pin<\/th>\n<td>CR2032<\/td>\n<\/tr>\n<tr>\n<th scope=\"row\">TH\u1edcI L\u01af\u1ee2NG PIN<\/th>\n<td>12 th\u00e1ng<\/td>\n<\/tr>\n<tr>\n<th scope=\"row\">LO\u1ea0I C\u1ed4NG PIN<\/th>\n<td>pin n\u00fat \u00e1o<\/td>\n<\/tr>\n<tr>\n<th scope=\"row\">\u0110\u01af\u1ee2C THI\u1ebeT K\u1ebe \u0110\u1ec2 G\u1eaeN TR\u1ef0C TI\u1ebeP V\u00c0O \u00c1O BRA TH\u1ec2 THAO<\/th>\n<td>c\u00f3 (ph\u00f9 h\u1ee3p v\u1edbi \u00e1o bra th\u1ebf thao ng\u1eafn v\u00e0 d\u00e0i)<\/td>\n<\/tr>\n<\/tbody>\n<\/table>\n<table>\n<tbody>\n<tr class=\"title\">\n<td colspan=\"2\">\n<h3>HRM Connectivity<\/h3>\n<\/td>\n<\/tr>\n<tr>\n<th scope=\"row\">K\u1ebeT N\u1ed0I V\u1edaI \u1ee8NG D\u1ee4NG GARMIN CONNECT<\/th>\n<td class=\"yes\"><\/td>\n<\/tr>\n<tr>\n<th scope=\"row\">Transmits data over ANT<\/th>\n<td class=\"yes\"><\/td>\n<\/tr>\n<tr>\n<th scope=\"row\">Transmits data over BLE<\/th>\n<td class=\"yes\"><\/td>\n<\/tr>\n<tr>\n<th scope=\"row\">S\u1ed0 L\u01af\u1ee2NG K\u1ebeT N\u1ed0I \u0110\u1ed2NG TH\u1edcI \u0110\u01af\u1ee2C H\u1ed6 TR\u1ee2<\/th>\n<td>ANT: Kh\u00f4ng gi\u1edbi h\u1ea1n\uff1bBLUETOOTH n\u0103ng l\u01b0\u1ee3ng th\u1ea5p: 3<\/td>\n<\/tr>\n<\/tbody>\n<\/table>\n<table>\n<tbody>\n<tr class=\"title\">\n<td colspan=\"2\">\n<h3>T\u00ednh N\u0103ng Ch\u1ea1y B\u1ed9<\/h3>\n<\/td>\n<\/tr>\n<tr>\n<th scope=\"row\">T\u1ed0C \u0110\u1ed8 V\u00c0 KHO\u1ea2NG C\u00c1CH CH\u1ea0Y<\/th>\n<td class=\"yes\"><\/td>\n<\/tr>\n<\/tbody>\n<\/table>\n<table>\n<tbody>\n<tr class=\"title\">\n<td colspan=\"2\">\n<h3>Fitness Features<\/h3>\n<\/td>\n<\/tr>\n<tr>\n<th scope=\"row\">Heart rate and HRV (Heart Rate Variability)<\/th>\n<td class=\"yes\"><\/td>\n<\/tr>\n<tr>\n<th scope=\"row\">HRM Running Dynamics (with compatible smartwatch)<\/th>\n<td class=\"yes\"><\/td>\n<\/tr>\n<tr>\n<th scope=\"row\">L\u01afU TR\u1eee V\u00c0 CHUY\u1ec2N TI\u1ebeP D\u1eee LI\u1ec6U NH\u1ecaP TIM TRONG KHI B\u01a0I L\u1ed8I HO\u1eb6C TH\u1ef0C HI\u1ec6N C\u00c1C HO\u1ea0T \u0110\u1ed8NG \u0110\u1ed8C L\u1eacP<\/th>\n<td>c\u00f3 (ch\u1ec9 d\u00e0nh cho tr\u01b0\u1eddng h\u1ee3p s\u1eed d\u1ee5ng \u0111\u1ed9c l\u1eadp)<\/td>\n<\/tr>\n<tr>\n<th scope=\"row\">XC Ski Power (with compatible smartwatch)<\/th>\n<td>yes_comp_smartwatch<\/td>\n<\/tr>\n<tr>\n<th scope=\"row\">THEO D\u00d5I HO\u1ea0T \u0110\u1ed8NG \u0110\u1ed8C L\u1eacP (S\u1ed0 B\u01af\u1edaC, NH\u1ecaP TIM C\u1ea2 NG\u00c0Y, L\u01af\u1ee2NG CALO V\u00c0 C\u01af\u1edcNG \u0110\u1ed8 HO\u1ea0T \u0110\u1ed8NG) B\u1eb0NG PHYSIO TRUEUP<\/th>\n<td>yes (Garmin smartwatch required)<\/td>\n<\/tr>\n<\/tbody>\n<\/table>\n","protected":false},"excerpt":{"rendered":"<p>\u0110\u01b0\u1ee3c thi\u1ebft k\u1ebf d\u00e0nh ri\u00eang cho ph\u1ee5 n\u1eef, HRM-Fit l\u00e0 thi\u1ebft b\u1ecb theo d\u00f5i nh\u1ecbp tim m\u00e0 b\u1ea1n c\u1ea7n \u0111\u1ec3 n\u1eafm b\u1eaft c\u00e1c s\u1ed1 li\u1ec7u quan tr\u1ecdng \u2014 t\u1ea5t c\u1ea3 trong m\u1ed9t c\u00f9ng thi\u1ebft k\u1ebf k\u1eb9p tho\u1ea3i m\u00e1i.<\/p>\n","protected":false},"featured_media":3041,"comment_status":"closed","ping_status":"closed","template":"","meta":[],"product_cat":[88],"product_tag":[],"class_list":["post-3030","product","type-product","status-publish","has-post-thumbnail","hentry","product_cat-garmin"],"_links":{"self":[{"href":"https:\/\/xedop.com\/en\/wp-json\/wp\/v2\/product\/3030","targetHints":{"allow":["GET"]}}],"collection":[{"href":"https:\/\/xedop.com\/en\/wp-json\/wp\/v2\/product"}],"about":[{"href":"https:\/\/xedop.com\/en\/wp-json\/wp\/v2\/types\/product"}],"replies":[{"embeddable":true,"href":"https:\/\/xedop.com\/en\/wp-json\/wp\/v2\/comments?post=3030"}],"version-history":[{"count":1,"href":"https:\/\/xedop.com\/en\/wp-json\/wp\/v2\/product\/3030\/revisions"}],"predecessor-version":[{"id":3055,"href":"https:\/\/xedop.com\/en\/wp-json\/wp\/v2\/product\/3030\/revisions\/3055"}],"wp:featuredmedia":[{"embeddable":true,"href":"https:\/\/xedop.com\/en\/wp-json\/wp\/v2\/media\/3041"}],"wp:attachment":[{"href":"https:\/\/xedop.com\/en\/wp-json\/wp\/v2\/media?parent=3030"}],"wp:term":[{"taxonomy":"product_cat","embeddable":true,"href":"https:\/\/xedop.com\/en\/wp-json\/wp\/v2\/product_cat?post=3030"},{"taxonomy":"product_tag","embeddable":true,"href":"https:\/\/xedop.com\/en\/wp-json\/wp\/v2\/product_tag?post=3030"}],"curies":[{"name":"wp","href":"https:\/\/api.w.org\/{rel}","templated":true}]}}