{"id":3060,"date":"2025-06-07T14:29:02","date_gmt":"2025-06-07T07:29:02","guid":{"rendered":"https:\/\/xedop.com\/?post_type=product&#038;p=3060"},"modified":"2025-07-11T16:04:24","modified_gmt":"2025-07-11T09:04:24","slug":"hrm-pro-plus-dai-do-nhip-tim-3-mon-boi-dap-xe-chay-bo","status":"publish","type":"product","link":"https:\/\/xedop.com\/en\/san-pham\/hrm-pro-plus-dai-do-nhip-tim-3-mon-boi-dap-xe-chay-bo\/","title":{"rendered":"HRM-Pro Plus (\u0111ai \u0111o nh\u1ecbp tim 3 m\u00f4n: b\u01a1i \u2013 \u0111\u1ea1p xe \u2013 ch\u1ea1y b\u1ed9)"},"content":{"rendered":"<div><img decoding=\"async\" class=\"app__feature__card__image\" src=\"https:\/\/xedop.com\/wp-content\/uploads\/2025\/06\/hrm-pro-plus-dai-do-nhip-tim-3-mon-boi-dap-xe-chay-bo-3060.jpg\" alt=\"\" \/><\/p>\n<p>HRM-Pro Plus s\u1ebd \u0111\u1ed3ng b\u1ed9 d\u1eef li\u1ec7u nh\u1ecbp tim theo th\u1eddi gian th\u1ef1c \u0111\u1ebfn c\u00e1c thi\u1ebft b\u1ecb, d\u1ee5ng c\u1ee5 v\u00e0 \u1ee9ng d\u1ee5ng t\u01b0\u01a1ng th\u00edch.<\/p>\n<\/div>\n<div><img decoding=\"async\" class=\"app__feature__card__image\" src=\"https:\/\/xedop.com\/wp-content\/uploads\/2025\/06\/hrm-pro-plus-dai-do-nhip-tim-3-mon-boi-dap-xe-chay-bo-3060-1.jpg\" alt=\"\" \/><\/p>\n<p>D\u1ec5 d\u00e0ng thay pin m\u00e0 kh\u00f4ng c\u1ea7n \u0111\u1ebfn d\u1ee5ng c\u1ee5 h\u1ed7 tr\u1ee3. H\u01a1n th\u1ebf n\u1eefa, thi\u1ebft b\u1ecb c\u00f2n c\u00f3 th\u1eddi l\u01b0\u1ee3ng pin l\u00ean \u0111\u1ebfn 1 n\u0103m \u0111\u1ec3 b\u1ea1n tho\u1ea3i m\u00e1i tr\u1ea3i nghi\u1ec7m.<\/p>\n<\/div>\n<div><img decoding=\"async\" class=\"app__feature__card__image\" src=\"https:\/\/xedop.com\/wp-content\/uploads\/2025\/06\/hrm-pro-plus-dai-do-nhip-tim-3-mon-boi-dap-xe-chay-bo-3060-2.jpg\" alt=\"\" \/><\/p>\n<p>K\u1ebft n\u1ed1i v\u1edbi \u0111\u1ed3ng h\u1ed3 th\u00f4ng minh Garmin t\u01b0\u01a1ng th\u00edch c\u1ee7a b\u1ea1n v\u00e0 nh\u1eadn d\u1eef li\u1ec7u pace v\u00e0 kho\u1ea3ng c\u00e1ch cho m\u1ed7i l\u1ea7n ch\u1ea1y b\u1ed9 trong nh\u00e0 c\u1ee7a b\u1ea1n.<\/p>\n<\/div>\n<div><img decoding=\"async\" class=\"app__feature__card__image\" src=\"https:\/\/xedop.com\/wp-content\/uploads\/2025\/06\/hrm-pro-plus-dai-do-nhip-tim-3-mon-boi-dap-xe-chay-bo-3060-3.jpg\" alt=\"\" \/><\/p>\n<p>Kh\u00f4ng ch\u1ec9 l\u00e0 m\u1ed9t thi\u1ebft b\u1ecb c\u1ea3m bi\u1ebfn nh\u1ecbp tim. \u0110\u1ed9ng l\u1ef1c h\u1ecdc ch\u1ea1y b\u1ed9 c\u0169ng gi\u00fap b\u1ea1n c\u1ea3i thi\u1ec7n form ch\u1ea1y c\u1ee7a m\u00ecnh (y\u00eau c\u1ea7u \u0111\u1ed3ng h\u1ed3 th\u00f4ng minh Garmin t\u01b0\u01a1ng th\u00edch).<\/p>\n<\/div>\n<div><img decoding=\"async\" class=\"app__feature__card__image\" src=\"https:\/\/xedop.com\/wp-content\/uploads\/2025\/06\/hrm-pro-plus-dai-do-nhip-tim-3-mon-boi-dap-xe-chay-bo-3060-4.jpg\" alt=\"\" \/><\/p>\n<p>B\u1ea1n \u0111ang kh\u00f4ng \u0111eo \u0111\u1ed3ng h\u1ed3? HRM-Pro Plus s\u1ebd ghi l\u1ea1i c\u00e1c b\u01b0\u1edbc, l\u01b0\u1ee3ng calo \u0111\u00e3 \u0111\u1ed1t ch\u00e1y, s\u1ed1 ph\u00fat ho\u1ea1t \u0111\u1ed9ng c\u01b0\u1eddng \u0111\u1ed9 cao v\u00e0 nhi\u1ec1u d\u1eef li\u1ec7u kh\u00e1c.<\/p>\n<\/p>\n<h3>D\u1ec4 D\u00c0NG K\u1ebeT N\u1ed0I<\/h3>\n<p>D\u00e2y \u0111eo theo d\u00f5i nh\u1ecbp tim t\u00e2n ti\u1ebfn cung c\u1ea5p d\u1eef li\u1ec7u nh\u1ecbp tim v\u00e0 s\u1ef1 thay \u0111\u1ed5i nh\u1ecbp tim theo th\u1eddi gian th\u1ef1c ch\u00ednh x\u00e1c th\u00f4ng qua c\u00f4ng ngh\u1ec7 ANT+\u00ae v\u00e0 c\u00f4ng ngh\u1ec7 BLUETOOTH\u00ae Low Energy \u0111\u1ebfn c\u00e1c thi\u1ebft b\u1ecb Garmin, thi\u1ebft b\u1ecb t\u1eadp luy\u1ec7n t\u01b0\u01a1ng th\u00edch, \u1ee9ng d\u1ee5ng Tacx Training v\u00e0 c\u00e1c \u1ee9ng d\u1ee5ng kh\u00e1c.<\/p>\n<\/p>\n<h3>\u0110\u1ed8NG L\u1ef0C H\u1eccC CH\u1ea0Y B\u1ed8<\/h3>\n<p>HRM-Pro Plus cung c\u1ea5p d\u1eef li\u1ec7u v\u1ec1 \u0111\u1ed9ng l\u1ef1c h\u1ecdc ch\u1ea1y b\u1ed9 \u2014 bao g\u1ed3m dao \u0111\u1ed9ng d\u1ecdc, th\u1eddi gian ti\u1ebfp \u0111\u1ea5t, \u0111\u1ed9 d\u00e0i s\u1ea3i ch\u00e2n v\u00e0 nhi\u1ec1u d\u1eef li\u1ec7u kh\u00e1c \u2014 gi\u00fap b\u1ea1n c\u1ea3i thi\u1ec7n form ch\u1ea1y c\u1ee7a m\u00ecnh v\u00e0 k\u00edch ho\u1ea1t t\u00ednh n\u0103ng ch\u1ea1y b\u1ed9 tr\u00ean \u0111\u1ed3ng h\u1ed3 Garmin t\u01b0\u01a1ng th\u00edch c\u1ee7a b\u1ea1n.<\/p>\n<\/p>\n<h3>T\u1eacP LUY\u1ec6N T\u1ea0I NH\u00c0<\/h3>\n<p>\u0110\u1ed1i v\u1edbi c\u00e1c b\u00e0i t\u1eadp trong nh\u00e0 ho\u1eb7c tr\u00ean m\u00e1y ch\u1ea1y b\u1ed9, thi\u1ebft b\u1ecb c\u1eadp nh\u1eadt d\u1eef li\u1ec7u v\u1ec1 pace v\u00e0 kho\u1ea3ng c\u00e1ch qua\u00a0\u0111\u1ed3ng h\u1ed3 th\u00f4ng minh Garmin t\u01b0\u01a1ng th\u00edch c\u1ee7a b\u1ea1n\u00a0v\u1edbi c\u00f4ng ngh\u1ec7 BLUETOOTH Low Energy, \u0111\u1ec3 b\u1ea1n c\u00f3 th\u00eat theo d\u00f5i m\u1ecdi d\u1eef li\u1ec7u c\u1ea7n thi\u1ebft d\u00f9 t\u1eadp luy\u1ec7n \u1edf b\u1ea5t c\u1ee9 \u0111\u00e2u.<\/p>\n<\/p>\n<h3>L\u01afU TR\u1eee V\u00c0 G\u1eecI D\u1eee LI\u1ec6U C\u1ee6A B\u1ea0N<\/h3>\n<p>Ngay c\u1ea3 khi b\u1ea1n \u1edf ngo\u00e0i ph\u1ea1m vi theo d\u00f5i c\u1ee7a \u0111\u1ed3ng h\u1ed3, HRM-Pro Plus s\u1ebd l\u01b0u tr\u1eef d\u1eef li\u1ec7u trong qu\u00e1 tr\u00ecnh b\u01a1i v\u00e0 c\u00e1c ho\u1ea1t \u0111\u1ed9ng kh\u00e1c, sau \u0111\u00f3 g\u1eedi d\u1eef li\u1ec7u \u0111\u00f3 \u0111\u1ebfn\u00a0\u0111\u1ed3ng h\u1ed3 th\u00f4ng minh Garmin t\u01b0\u01a1ng th\u00edch c\u1ee7a b\u1ea1n\u00a0khi b\u1ea1n k\u1ebft th\u00fac ho\u1ea1t \u0111\u1ed9ng.<\/p>\n<\/p>\n<h3>THEO D\u00d5I HO\u1ea0T \u0110\u1ed8NG<\/h3>\n<p>Trong qu\u00e1 tr\u00ecnh luy\u1ec7n t\u1eadp ho\u1eb7c ch\u01a1i game, c\u1ea3m bi\u1ebfn theo d\u00f5i nh\u1ecbp tim s\u1ebd l\u01b0u tr\u1eef l\u01b0\u1ee3ng calo \u0111\u00e3 \u0111\u1ed1t ch\u00e1y, s\u1ed1 ph\u00fat ho\u1ea1t \u0111\u1ed9ng c\u01b0\u1eddng \u0111\u1ed9 cao v\u00e0 nh\u1ecbp tim c\u1ea3 ng\u00e0y c\u1ee7a b\u1ea1n. Thi\u1ebft b\u1ecb th\u1eadm ch\u00ed c\u00f2n c\u00f3 th\u1ec3 c\u1eadp nh\u1eadt t\u1ea5t c\u1ea3 d\u1eef li\u1ec7u n\u00e0y tr\u00ean c\u00e1c thi\u1ebft b\u1ecb Garmin th\u00f4ng qua \u1ee9ng d\u1ee5ng Garmin Connect v\u00e0 t\u00ednh n\u0103ng TrueUp.<\/p>\n<\/p>\n<h3>THO\u1ea2I M\u00c1I KHI \u0110EO<\/h3>\n<p>Thi\u1ebft b\u1ecb HRM-Pro Plus theo d\u00f5i nh\u1ecbp tim g\u1ecdn nh\u1eb9, v\u00e0 m\u1ec1m m\u1ea1i gi\u00fap b\u1ea1n lu\u00f4n tho\u1ea3i m\u00e1i khi t\u1eadp luy\u1ec7n &amp; thi \u0111\u1ea5u<\/p>\n<\/p>\n<h3>TH\u1edcI L\u01af\u1ee2NG PIN<\/h3>\n<p>D\u1ec5 d\u00e0ng thay pin m\u00e0 kh\u00f4ng c\u1ea7n \u0111\u1ebfn d\u1ee5ng c\u1ee5 h\u1ed7 tr\u1ee3. H\u01a1n th\u1ebf n\u1eefa, thi\u1ebft b\u1ecb c\u00f2n c\u00f3 th\u1eddi l\u01b0\u1ee3ng pin l\u00ean \u0111\u1ebfn 1 n\u0103m \u0111\u1ec3 b\u1ea1n tho\u1ea3i m\u00e1i tr\u1ea3i nghi\u1ec7m.<\/p>\n<\/div>\n<section class=\"v2_bnc_inside_page\">\n<div>\n<div>\n<div>\n<div>\n<div>\n<div>\n<table>\n<tbody>\n<tr class=\"title\">\n<td colspan=\"2\">\n<h3>Th\u00f4ng tin chung<\/h3>\n<\/td>\n<\/tr>\n<tr>\n<th scope=\"row\">K\u00cdCH TH\u1ee8C M\u00d4-\u0110UN<\/th>\n<td>2.1&#8243; W x 1.2&#8243; H x 0.3&#8243; D (53.7 x 29.6 x 8.6 mm)<\/td>\n<\/tr>\n<tr>\n<th scope=\"row\">PH\u1ea0M VI K\u00cdCH TH\u01af\u1edaC<\/th>\n<td>Strap length: 25&#8243;\u201336.5&#8243; (63.5\u201393cm)<br \/>\nFits chest size: 26.5&#8243;\u201342&#8243; (67.5\u2013106 cm). With optional strap extender: 23.5&#8243;\u201356&#8243; (67.5\u2013142 cm)<\/td>\n<\/tr>\n<tr>\n<th scope=\"row\">TRO\u0323NG L\u01af\u01a0\u0323NG<\/th>\n<td>1.8 oz (52 g)<\/td>\n<\/tr>\n<tr>\n<th scope=\"row\">CH\u1ec8 S\u1ed0 CH\u1ed0NG N\u01af\u1edaC<\/th>\n<td>5 ATM<\/td>\n<\/tr>\n<tr>\n<th scope=\"row\">Lo\u1ea1i pin<\/th>\n<td>CR2032<\/td>\n<\/tr>\n<tr>\n<th scope=\"row\">TH\u1edcI L\u01af\u1ee2NG PIN<\/th>\n<td>Up to 12 months (tri training 1 hour per day)<\/td>\n<\/tr>\n<tr>\n<th scope=\"row\">LO\u1ea0I C\u1ed4NG PIN<\/th>\n<td>tool-free<\/td>\n<\/tr>\n<\/tbody>\n<\/table>\n<table>\n<tbody>\n<tr class=\"title\">\n<td colspan=\"2\">\n<h3>HRM Connectivity<\/h3>\n<\/td>\n<\/tr>\n<tr>\n<th scope=\"row\">K\u1ebeT N\u1ed0I V\u1edaI \u1ee8NG D\u1ee4NG GARMIN CONNECT<\/th>\n<td class=\"yes\"><\/td>\n<\/tr>\n<tr>\n<th scope=\"row\">Transmits data over ANT<\/th>\n<td class=\"yes\"><\/td>\n<\/tr>\n<tr>\n<th scope=\"row\">Transmits data over BLE<\/th>\n<td class=\"yes\"><\/td>\n<\/tr>\n<tr>\n<th scope=\"row\">S\u1ed0 L\u01af\u1ee2NG K\u1ebeT N\u1ed0I \u0110\u1ed2NG TH\u1edcI \u0110\u01af\u1ee2C H\u1ed6 TR\u1ee2<\/th>\n<td>ANT: Kh\u00f4ng gi\u1edbi h\u1ea1n\uff1bBLUETOOTH n\u0103ng l\u01b0\u1ee3ng th\u1ea5p: 3<\/td>\n<\/tr>\n<\/tbody>\n<\/table>\n<table>\n<tbody>\n<tr class=\"title\">\n<td colspan=\"2\">\n<h3>T\u00ednh N\u0103ng Ch\u1ea1y B\u1ed9<\/h3>\n<\/td>\n<\/tr>\n<tr>\n<th scope=\"row\">T\u1ed0C \u0110\u1ed8 V\u00c0 KHO\u1ea2NG C\u00c1CH CH\u1ea0Y<\/th>\n<td class=\"yes\"><\/td>\n<\/tr>\n<\/tbody>\n<\/table>\n<table>\n<tbody>\n<tr class=\"title\">\n<td colspan=\"2\">\n<h3>Fitness Features<\/h3>\n<\/td>\n<\/tr>\n<tr>\n<th scope=\"row\">Heart rate and HRV (Heart Rate Variability)<\/th>\n<td class=\"yes\"><\/td>\n<\/tr>\n<tr>\n<th scope=\"row\">HRM Running Dynamics (with compatible smartwatch)<\/th>\n<td class=\"yes\"><\/td>\n<\/tr>\n<tr>\n<th scope=\"row\">L\u01afU TR\u1eee V\u00c0 CHUY\u1ec2N TI\u1ebeP D\u1eee LI\u1ec6U NH\u1ecaP TIM TRONG KHI B\u01a0I L\u1ed8I HO\u1eb6C TH\u1ef0C HI\u1ec6N C\u00c1C HO\u1ea0T \u0110\u1ed8NG \u0110\u1ed8C L\u1eacP<\/th>\n<td>yes (swimming or stand-alone use cases)<\/td>\n<\/tr>\n<tr>\n<th scope=\"row\">Swim interval heart rate stats (with compatible smartwatch)<\/th>\n<td class=\"yes\"><\/td>\n<\/tr>\n<tr>\n<th scope=\"row\">XC Ski Power (with compatible smartwatch)<\/th>\n<td class=\"yes\"><\/td>\n<\/tr>\n<tr>\n<th scope=\"row\">THEO D\u00d5I HO\u1ea0T \u0110\u1ed8NG \u0110\u1ed8C L\u1eacP (S\u1ed0 B\u01af\u1edaC, NH\u1ecaP TIM C\u1ea2 NG\u00c0Y, L\u01af\u1ee2NG CALO V\u00c0 C\u01af\u1edcNG \u0110\u1ed8 HO\u1ea0T \u0110\u1ed8NG) B\u1eb0NG PHYSIO TRUEUP<\/th>\n<td>yes (Garmin smartwatch required)<\/td>\n<\/tr>\n<\/tbody>\n<\/table>\n<\/div>\n<div>\n<h3>Th\u00f4ng s\u1ed1 k\u1ef9 thu\u1eadt<\/h3>\n<ul>\n<li>K\u00edch th\u01b0\u1edbc thi\u1ebft b\u1ecb (R\u1ed9ng x Cao x S\u00e2u): 60,0-142,0 x 3,0 x 1,2 cm<\/li>\n<li>Tro\u0323ng L\u01b0\u01a1\u0323ng: 52 g<\/li>\n<li>K\u00edch th\u1ee9c m\u00f4-\u0111un: 29.6\u00a0x 53.7\u00a0x 8.6 mm<\/li>\n<li>\u0110i\u1ec1u ch\u1ec9nh k\u00edch th\u01b0\u1edbc: G\u1ea5p hai l\u1ea7n<\/li>\n<li>Ph\u1ea1m vi k\u00edch th\u1ee9c: 23.5\u201d-42,0\u201d (60,0-106,0 cm); 23,5\u201d-56,0\u201d (60,0-142,0 cm)\u00a0v\u1edbi t\u00f9y ch\u1ecdn n\u1edbi r\u1ed9ng d\u00e2y \u0111eo<\/li>\n<li>Lo\u1ea1i pin: Pin CR2032<\/li>\n<li>N\u1eafp pin: M\u1edf kh\u00f4ng c\u1ea7n d\u1ee5ng c\u1ee5<\/li>\n<li>Th\u1eddi l\u01b0\u1ee3ng pin: 12 th\u00e1ng (Luy\u1ec7n t\u1eadp 1 gi\u1edd m\u1ed7i ng\u00e0y)<\/li>\n<li>Ch\u1ec9 s\u1ed1 ch\u1ed1ng n\u01b0\u1edbc: 5 ATM<\/li>\n<li>Nhi\u1ec7t \u0111\u1ed9 ho\u1ea1t \u0111\u1ed9ng\uff1a0\u00b0C ~ 40\u00b0C<\/li>\n<li>T\u1ea7n s\u1ed1\/giao th\u1ee9c v\u00f4 tuy\u1ebfn: Giao th\u1ee9c li\u00ean l\u1ea1c kh\u00f4ng d\u00e2y ANT 2,4 GHz; C\u00f4ng ngh\u1ec7 kh\u00f4ng d\u00e2y BLUETOOTH\u00ae 5.0<\/li>\n<li>S\u1ed1 l\u01b0\u1ee3ng k\u1ebft n\u1ed1i BLE \u0111\u1ed3ng th\u1eddi \u0111\u01b0\u1ee3c h\u1ed7 tr\u1ee3: 3<\/li>\n<li>S\u1ed1 l\u01b0\u1ee3ng k\u1ebft n\u1ed1i ANT \u0111\u1ed3ng th\u1eddi \u0111\u01b0\u1ee3c h\u1ed7 tr\u1ee3: Kh\u00f4ng gi\u1edbi h\u1ea1n<\/li>\n<li>Ph\u1ea1m vi : 3 m<\/li>\n<li>Kh\u1ea3 n\u0103ng t\u01b0\u01a1ng th\u00edch h\u1ec7 th\u1ed1ng: ANT+, BLUETOOTH<\/li>\n<\/ul>\n<h3>B\u00f4\u0309 sung<\/h3>\n<ul>\n<li>Nh\u1ecbp tim ANT+\u00ae: c\u00f3<\/li>\n<li>Nh\u1ecbp tim BLE: c\u00f3<\/li>\n<li>H\u1ed7 tr\u1ee3 thay \u0111\u1ed5i nh\u1ecbp tim v\u00e0 c\u00e1c t\u00ednh n\u0103ng c\u1ea3m bi\u1ebfn nh\u1ecbp tim n\u00e2ng cao: c\u00f3<\/li>\n<li>\u0110\u00f4\u0323ng l\u01b0\u0323c ho\u0323c cha\u0323y b\u00f4\u0323 ANT+: Co\u0301<\/li>\n<li>Theo d\u00f5i ho\u1ea1t \u0111\u1ed9ng \u0111\u1ed9c l\u1eadp (s\u1ed1 b\u01b0\u1edbc, nh\u1ecbp tim c\u1ea3 ng\u00e0y, l\u01b0\u1ee3ng calo v\u00e0 c\u01b0\u1eddng \u0111\u1ed9 ho\u1ea1t \u0111\u1ed9ng)<\/li>\n<li>H\u1ed7 tr\u1ee3 TrueUp<\/li>\n<li>L\u01b0u tr\u1eef v\u00e0 chuy\u1ec3n ti\u1ebfp nh\u1ecbp tim: c\u00f3<\/li>\n<li>Th\u1ed1ng k\u00ea nh\u1ecbp tim trong kho\u1ea3ng th\u1eddi gian b\u01a1i: c\u00f3<\/li>\n<li>Nh\u1ecbp \u0111\u1ed9 v\u00e0 kho\u1ea3ng c\u00e1ch ch\u1ea1y: c\u00f3<\/li>\n<\/ul>\n<\/div>\n<\/div>\n<\/div>\n<\/div>\n<\/div>\n<\/div>\n<hr \/>\n<\/section>\n<footer class=\"v2_bnc_footer\">\n<div>\n<div>\n<div>\n<div>\n<hgroup class=\"v2_bnc_footer_title\">\n<h4>Theo D\u00f5i<\/h4>\n<\/hgroup>\n<\/div>\n<\/div>\n<\/div>\n<\/div>\n<\/footer>\n","protected":false},"excerpt":{"rendered":"<p>Cho d\u00f9 b\u1ea1n \u0111ang luy\u1ec7n t\u1eadp trong nh\u00e0 hay ngo\u00e0i tr\u1eddi, d\u00e2y \u0111eo \u0111o nh\u1ecbp tim HRM-Pro Plus cung c\u1ea5p d\u1eef li\u1ec7u ch\u00ednh x\u00e1c \u0111\u1ec3 b\u1ea1n chinh ph\u1ee5c m\u1ecdi m\u1ee5c ti\u00eau.<\/p>\n","protected":false},"featured_media":3061,"comment_status":"closed","ping_status":"closed","template":"","meta":[],"product_cat":[88],"product_tag":[],"class_list":["post-3060","product","type-product","status-publish","has-post-thumbnail","hentry","product_cat-garmin"],"_links":{"self":[{"href":"https:\/\/xedop.com\/en\/wp-json\/wp\/v2\/product\/3060","targetHints":{"allow":["GET"]}}],"collection":[{"href":"https:\/\/xedop.com\/en\/wp-json\/wp\/v2\/product"}],"about":[{"href":"https:\/\/xedop.com\/en\/wp-json\/wp\/v2\/types\/product"}],"replies":[{"embeddable":true,"href":"https:\/\/xedop.com\/en\/wp-json\/wp\/v2\/comments?post=3060"}],"version-history":[{"count":1,"href":"https:\/\/xedop.com\/en\/wp-json\/wp\/v2\/product\/3060\/revisions"}],"predecessor-version":[{"id":3073,"href":"https:\/\/xedop.com\/en\/wp-json\/wp\/v2\/product\/3060\/revisions\/3073"}],"wp:featuredmedia":[{"embeddable":true,"href":"https:\/\/xedop.com\/en\/wp-json\/wp\/v2\/media\/3061"}],"wp:attachment":[{"href":"https:\/\/xedop.com\/en\/wp-json\/wp\/v2\/media?parent=3060"}],"wp:term":[{"taxonomy":"product_cat","embeddable":true,"href":"https:\/\/xedop.com\/en\/wp-json\/wp\/v2\/product_cat?post=3060"},{"taxonomy":"product_tag","embeddable":true,"href":"https:\/\/xedop.com\/en\/wp-json\/wp\/v2\/product_tag?post=3060"}],"curies":[{"name":"wp","href":"https:\/\/api.w.org\/{rel}","templated":true}]}}