{"id":3078,"date":"2025-06-07T14:33:26","date_gmt":"2025-06-07T07:33:26","guid":{"rendered":"https:\/\/xedop.com\/?post_type=product&#038;p=3078"},"modified":"2025-07-11T16:03:20","modified_gmt":"2025-07-11T09:03:20","slug":"quickfit-quarterturn-bike-mount-gia-gan-dong-ho-deo-tay-len-xe-dap","status":"publish","type":"product","link":"https:\/\/xedop.com\/en\/san-pham\/quickfit-quarterturn-bike-mount-gia-gan-dong-ho-deo-tay-len-xe-dap\/","title":{"rendered":"QuickFit Quarterturn Bike Mount Gi\u00e1 g\u1eafn \u0111\u1ed3ng h\u1ed3 \u0111eo tay l\u00ean xe \u0111\u1ea1p"},"content":{"rendered":"<p>Thi\u1ebft b\u1ecb t\u01b0\u01a1ng th\u00edch<\/p>\n<div>\n<div>\n<div>\n<h4>Enduro<\/h4>\n<\/div>\n<\/div>\n<\/div>\n<div>\n<div>\n<div><img decoding=\"async\" src=\"https:\/\/xedop.com\/wp-content\/uploads\/2025\/06\/quickfit-quarterturn-bike-mount-gia-gan-dong-ho-deo-tay-len-xe-dap-3078.jpg\" alt=\"Enduro 2\" width=\"130\" height=\"130\" \/><\/p>\n<h4>Enduro 2<\/h4>\n<\/div>\n<\/div>\n<\/div>\n<div>\n<div>\n<div><img decoding=\"async\" src=\"https:\/\/xedop.com\/wp-content\/uploads\/2025\/06\/quickfit-quarterturn-bike-mount-gia-gan-dong-ho-deo-tay-len-xe-dap-3078-1.jpg\" alt=\"epix (Gen 2) \u2013 Sapphire Edition | 47 mm\" width=\"130\" height=\"130\" \/><\/p>\n<h4>epix (Gen 2) \u2013 Sapphire Edition | 47 mm<\/h4>\n<\/div>\n<\/div>\n<\/div>\n<div>\n<div>\n<div><img decoding=\"async\" src=\"https:\/\/xedop.com\/wp-content\/uploads\/2025\/06\/quickfit-quarterturn-bike-mount-gia-gan-dong-ho-deo-tay-len-xe-dap-3078-2.jpg\" alt=\"epix (Gen 2) \u2013 Standard Edition | 47 mm \" width=\"130\" height=\"130\" \/><\/p>\n<h4>epix (Gen 2) \u2013 Standard Edition | 47 mm<\/h4>\n<\/div>\n<\/div>\n<\/div>\n<div>\n<div>\n<div><img loading=\"lazy\" decoding=\"async\" src=\"https:\/\/xedop.com\/wp-content\/uploads\/2025\/06\/quickfit-quarterturn-bike-mount-gia-gan-dong-ho-deo-tay-len-xe-dap-3078-3.jpg\" alt=\"epix Pro (Gen 2) \u2013 Sapphire Edition | 42 mm\" width=\"130\" height=\"130\" \/><\/p>\n<h4>epix Pro (Gen 2) \u2013 Sapphire Edition | 42 mm<\/h4>\n<\/div>\n<\/div>\n<\/div>\n<div>\n<div>\n<div><img loading=\"lazy\" decoding=\"async\" src=\"https:\/\/xedop.com\/wp-content\/uploads\/2025\/06\/quickfit-quarterturn-bike-mount-gia-gan-dong-ho-deo-tay-len-xe-dap-3078-4.jpg\" alt=\"epix Pro (Gen 2) \u2013 Sapphire Edition | 47 mm \" width=\"130\" height=\"130\" \/><\/p>\n<h4>epix Pro (Gen 2) \u2013 Sapphire Edition | 47 mm<\/h4>\n<\/div>\n<\/div>\n<\/div>\n<div>\n<div>\n<div><img loading=\"lazy\" decoding=\"async\" src=\"https:\/\/xedop.com\/wp-content\/uploads\/2025\/06\/quickfit-quarterturn-bike-mount-gia-gan-dong-ho-deo-tay-len-xe-dap-3078-5.jpg\" alt=\"epix Pro (Gen 2) \u2013 Sapphire Edition | 51 mm\" width=\"130\" height=\"130\" \/><\/p>\n<h4>epix Pro (Gen 2) \u2013 Sapphire Edition | 51 mm<\/h4>\n<\/div>\n<\/div>\n<\/div>\n<div>\n<div>\n<div><img loading=\"lazy\" decoding=\"async\" src=\"https:\/\/xedop.com\/wp-content\/uploads\/2025\/06\/quickfit-quarterturn-bike-mount-gia-gan-dong-ho-deo-tay-len-xe-dap-3078-6.jpg\" alt=\"f\u0113nix 6 - Pro and Sapphire Editions\" width=\"130\" height=\"130\" \/><\/p>\n<h4>f\u0113nix 6 &#8211; Pro and Sapphire Editions<\/h4>\n<\/div>\n<\/div>\n<\/div>\n<div>\n<div>\n<div><img loading=\"lazy\" decoding=\"async\" src=\"https:\/\/xedop.com\/wp-content\/uploads\/2025\/06\/quickfit-quarterturn-bike-mount-gia-gan-dong-ho-deo-tay-len-xe-dap-3078-7.jpg\" alt=\"f\u0113nix 7\" width=\"130\" height=\"130\" \/><\/p>\n<h4>f\u0113nix 7<\/h4>\n<\/div>\n<\/div>\n<\/div>\n<div>\n<div>\n<div><img loading=\"lazy\" decoding=\"async\" src=\"https:\/\/xedop.com\/wp-content\/uploads\/2025\/06\/quickfit-quarterturn-bike-mount-gia-gan-dong-ho-deo-tay-len-xe-dap-3078-8.jpg\" alt=\"f\u0113nix 7 Pro \u2013 Sapphire Solar Edition\" width=\"130\" height=\"130\" \/><\/p>\n<h4>f\u0113nix 7 Pro \u2013 Sapphire Solar Edition<\/h4>\n<\/div>\n<\/div>\n<\/div>\n<div>\n<div>\n<div><img loading=\"lazy\" decoding=\"async\" src=\"https:\/\/xedop.com\/wp-content\/uploads\/2025\/06\/quickfit-quarterturn-bike-mount-gia-gan-dong-ho-deo-tay-len-xe-dap-3078-9.jpg\" alt=\"f\u0113nix 7 Sapphire Solar\" width=\"130\" height=\"130\" \/><\/p>\n<h4>f\u0113nix 7 Sapphire Solar<\/h4>\n<\/div>\n<\/div>\n<\/div>\n<div>\n<div>\n<div><img loading=\"lazy\" decoding=\"async\" src=\"https:\/\/xedop.com\/wp-content\/uploads\/2025\/06\/quickfit-quarterturn-bike-mount-gia-gan-dong-ho-deo-tay-len-xe-dap-3078-10.jpg\" alt=\"f\u0113nix 7S\" width=\"130\" height=\"130\" \/><\/p>\n<h4>f\u0113nix 7S<\/h4>\n<\/div>\n<\/div>\n<\/div>\n<div>\n<div>\n<div><img loading=\"lazy\" decoding=\"async\" src=\"https:\/\/xedop.com\/wp-content\/uploads\/2025\/06\/quickfit-quarterturn-bike-mount-gia-gan-dong-ho-deo-tay-len-xe-dap-3078-11.jpg\" alt=\"f\u0113nix 7S Pro \u2013 Sapphire Solar Edition\" width=\"130\" height=\"130\" \/><\/p>\n<h4>f\u0113nix 7S Pro \u2013 Sapphire Solar Edition<\/h4>\n<\/div>\n<\/div>\n<\/div>\n<div>\n<div>\n<div><img loading=\"lazy\" decoding=\"async\" src=\"https:\/\/xedop.com\/wp-content\/uploads\/2025\/06\/quickfit-quarterturn-bike-mount-gia-gan-dong-ho-deo-tay-len-xe-dap-3078-12.jpg\" alt=\"f\u0113nix 7S Sapphire Solar\" width=\"130\" height=\"130\" \/><\/p>\n<h4>f\u0113nix 7S Sapphire Solar<\/h4>\n<\/div>\n<\/div>\n<\/div>\n<div>\n<div>\n<div><img loading=\"lazy\" decoding=\"async\" src=\"https:\/\/xedop.com\/wp-content\/uploads\/2025\/06\/quickfit-quarterturn-bike-mount-gia-gan-dong-ho-deo-tay-len-xe-dap-3078-13.jpg\" alt=\"f\u0113nix 7X Pro \u2013 Sapphire Solar Edition\" width=\"130\" height=\"130\" \/><\/p>\n<h4>f\u0113nix 7X Pro \u2013 Sapphire Solar Edition<\/h4>\n<\/div>\n<\/div>\n<\/div>\n<div>\n<div>\n<div><img loading=\"lazy\" decoding=\"async\" src=\"https:\/\/xedop.com\/wp-content\/uploads\/2025\/06\/quickfit-quarterturn-bike-mount-gia-gan-dong-ho-deo-tay-len-xe-dap-3078-14.jpg\" alt=\"f\u0113nix 7X Sapphire Solar\" width=\"130\" height=\"130\" \/><\/p>\n<h4>f\u0113nix 7X Sapphire Solar<\/h4>\n<\/div>\n<\/div>\n<\/div>\n<div>\n<div>\n<div><img loading=\"lazy\" decoding=\"async\" src=\"https:\/\/xedop.com\/wp-content\/uploads\/2025\/06\/quickfit-quarterturn-bike-mount-gia-gan-dong-ho-deo-tay-len-xe-dap-3078-15.jpg\" alt=\"f\u0113nix 8 \u2013 43 mm, AMOLED \" width=\"130\" height=\"130\" \/><\/p>\n<h4>f\u0113nix 8 \u2013 43 mm, AMOLED<\/h4>\n<\/div>\n<\/div>\n<\/div>\n<div>\n<div>\n<div><img loading=\"lazy\" decoding=\"async\" src=\"https:\/\/xedop.com\/wp-content\/uploads\/2025\/06\/quickfit-quarterturn-bike-mount-gia-gan-dong-ho-deo-tay-len-xe-dap-3078-16.jpg\" alt=\"f\u0113nix 8 \u2013 47 mm, AMOLED \" width=\"130\" height=\"130\" \/><\/p>\n<h4>f\u0113nix 8 \u2013 47 mm, AMOLED<\/h4>\n<\/div>\n<\/div>\n<\/div>\n<div>\n<div>\n<div><img loading=\"lazy\" decoding=\"async\" src=\"https:\/\/xedop.com\/wp-content\/uploads\/2025\/06\/quickfit-quarterturn-bike-mount-gia-gan-dong-ho-deo-tay-len-xe-dap-3078-17.jpg\" alt=\"f\u0113nix 8 \u2013 47 mm, Solar \" width=\"130\" height=\"130\" \/><\/p>\n<h4>f\u0113nix 8 \u2013 47 mm, Solar<\/h4>\n<\/div>\n<\/div>\n<\/div>\n<div>\n<div>\n<div><img loading=\"lazy\" decoding=\"async\" src=\"https:\/\/xedop.com\/wp-content\/uploads\/2025\/06\/quickfit-quarterturn-bike-mount-gia-gan-dong-ho-deo-tay-len-xe-dap-3078-18.jpg\" alt=\"f\u0113nix 8 \u2013 51 mm, AMOLED \" width=\"130\" height=\"130\" \/><\/p>\n<h4>f\u0113nix 8 \u2013 51 mm, AMOLED<\/h4>\n<\/div>\n<\/div>\n<\/div>\n<div>\n<div>\n<div><img loading=\"lazy\" decoding=\"async\" src=\"https:\/\/xedop.com\/wp-content\/uploads\/2025\/06\/quickfit-quarterturn-bike-mount-gia-gan-dong-ho-deo-tay-len-xe-dap-3078-19.jpg\" alt=\"f\u0113nix 8 \u2013 51 mm, Solar \" width=\"130\" height=\"130\" \/><\/p>\n<h4>f\u0113nix 8 \u2013 51 mm, Solar<\/h4>\n<\/div>\n<\/div>\n<\/div>\n<div>\n<div>\n<div><img loading=\"lazy\" decoding=\"async\" src=\"https:\/\/xedop.com\/wp-content\/uploads\/2025\/06\/quickfit-quarterturn-bike-mount-gia-gan-dong-ho-deo-tay-len-xe-dap-3078-20.jpg\" alt=\"f\u0113nix E \u2013 47 mm, AMOLED \" width=\"130\" height=\"130\" \/><\/p>\n<h4>f\u0113nix E \u2013 47 mm, AMOLED<\/h4>\n<\/div>\n<\/div>\n<\/div>\n<div>\n<div>\n<div><img loading=\"lazy\" decoding=\"async\" src=\"https:\/\/xedop.com\/wp-content\/uploads\/2025\/06\/quickfit-quarterturn-bike-mount-gia-gan-dong-ho-deo-tay-len-xe-dap-3078-21.jpg\" alt=\"MARQ Adventurer\" width=\"130\" height=\"130\" \/><\/p>\n<h4>MARQ Adventurer<\/h4>\n<\/div>\n<\/div>\n<\/div>\n<div>\n<div>\n<div><img loading=\"lazy\" decoding=\"async\" src=\"https:\/\/xedop.com\/wp-content\/uploads\/2025\/06\/quickfit-quarterturn-bike-mount-gia-gan-dong-ho-deo-tay-len-xe-dap-3078-22.jpg\" alt=\"MARQ Athlete\" width=\"130\" height=\"130\" \/><\/p>\n<h4>MARQ Athlete<\/h4>\n<\/div>\n<\/div>\n<\/div>\n<div>\n<div>\n<div><img loading=\"lazy\" decoding=\"async\" src=\"https:\/\/xedop.com\/wp-content\/uploads\/2025\/06\/quickfit-quarterturn-bike-mount-gia-gan-dong-ho-deo-tay-len-xe-dap-3078-23.jpg\" alt=\"MARQ Aviator\" width=\"130\" height=\"130\" \/><\/p>\n<h4>MARQ Aviator<\/h4>\n<\/div>\n<\/div>\n<\/div>\n<div>\n<div>\n<div><img loading=\"lazy\" decoding=\"async\" src=\"https:\/\/xedop.com\/wp-content\/uploads\/2025\/06\/quickfit-quarterturn-bike-mount-gia-gan-dong-ho-deo-tay-len-xe-dap-3078-24.jpg\" alt=\"MARQ Captain\" width=\"130\" height=\"130\" \/><\/p>\n<h4>MARQ Captain<\/h4>\n<\/div>\n<\/div>\n<\/div>\n<div>\n<div>\n<div><img loading=\"lazy\" decoding=\"async\" src=\"https:\/\/xedop.com\/wp-content\/uploads\/2025\/06\/quickfit-quarterturn-bike-mount-gia-gan-dong-ho-deo-tay-len-xe-dap-3078-25.jpg\" alt=\"MARQ Golfer\" width=\"130\" height=\"130\" \/><\/p>\n<h4>MARQ Golfer<\/h4>\n<\/div>\n<\/div>\n<\/div>\n<div>\n<div>\n<div><img loading=\"lazy\" decoding=\"async\" src=\"https:\/\/xedop.com\/wp-content\/uploads\/2025\/06\/quickfit-quarterturn-bike-mount-gia-gan-dong-ho-deo-tay-len-xe-dap-3078-26.jpg\" alt=\"MARQ Adventurer (Gen 2)\" width=\"130\" height=\"130\" \/><\/p>\n<h4>MARQ Adventurer (Gen 2)<\/h4>\n<\/div>\n<\/div>\n<\/div>\n<div>\n<div>\n<div><img loading=\"lazy\" decoding=\"async\" src=\"https:\/\/xedop.com\/wp-content\/uploads\/2025\/06\/quickfit-quarterturn-bike-mount-gia-gan-dong-ho-deo-tay-len-xe-dap-3078-27.jpg\" alt=\"MARQ Athlete (Gen 2)\" width=\"130\" height=\"130\" \/><\/p>\n<h4>MARQ Athlete (Gen 2)<\/h4>\n<\/div>\n<\/div>\n<\/div>\n<div>\n<div>\n<div><img loading=\"lazy\" decoding=\"async\" src=\"https:\/\/xedop.com\/wp-content\/uploads\/2025\/06\/quickfit-quarterturn-bike-mount-gia-gan-dong-ho-deo-tay-len-xe-dap-3078-28.jpg\" alt=\"MARQ Athlete (Gen 2) - Carbon Edition\" width=\"130\" height=\"130\" \/><\/p>\n<h4>MARQ Athlete (Gen 2) &#8211; Carbon Edition<\/h4>\n<\/div>\n<\/div>\n<\/div>\n<div>\n<div>\n<div><img loading=\"lazy\" decoding=\"async\" src=\"https:\/\/xedop.com\/wp-content\/uploads\/2025\/06\/quickfit-quarterturn-bike-mount-gia-gan-dong-ho-deo-tay-len-xe-dap-3078-29.jpg\" alt=\"MARQ Aviator (Gen 2)\" width=\"130\" height=\"130\" \/><\/p>\n<h4>MARQ Aviator (Gen 2)<\/h4>\n<\/div>\n<\/div>\n<\/div>\n<div>\n<div>\n<div><img loading=\"lazy\" decoding=\"async\" src=\"https:\/\/xedop.com\/wp-content\/uploads\/2025\/06\/quickfit-quarterturn-bike-mount-gia-gan-dong-ho-deo-tay-len-xe-dap-3078-30.jpg\" alt=\"MARQ Captain (Gen 2)\" width=\"130\" height=\"130\" \/><\/p>\n<h4>MARQ Captain (Gen 2)<\/h4>\n<\/div>\n<\/div>\n<\/div>\n<div>\n<div>\n<div><img loading=\"lazy\" decoding=\"async\" src=\"https:\/\/xedop.com\/wp-content\/uploads\/2025\/06\/quickfit-quarterturn-bike-mount-gia-gan-dong-ho-deo-tay-len-xe-dap-3078-31.jpg\" alt=\"MARQ Golfer (Gen 2)\" width=\"130\" height=\"130\" \/><\/p>\n<h4>MARQ Golfer (Gen 2)<\/h4>\n<\/div>\n<\/div>\n<\/div>\n<div>\n<div>\n<div><img loading=\"lazy\" decoding=\"async\" src=\"https:\/\/xedop.com\/wp-content\/uploads\/2025\/06\/quickfit-quarterturn-bike-mount-gia-gan-dong-ho-deo-tay-len-xe-dap-3078-32.jpg\" alt=\"MARQ Golfer (Gen 2) - Carbon Edition\" width=\"130\" height=\"130\" \/><\/p>\n<h4>MARQ Golfer (Gen 2) &#8211; Carbon Edition<\/h4>\n<\/div>\n<\/div>\n<\/div>\n<div>\n<div>\n<div><img loading=\"lazy\" decoding=\"async\" src=\"https:\/\/xedop.com\/wp-content\/uploads\/2025\/06\/quickfit-quarterturn-bike-mount-gia-gan-dong-ho-deo-tay-len-xe-dap-3078-33.jpg\" alt=\"quatix 7 \u2013 Sapphire Edition\" width=\"130\" height=\"130\" \/><\/p>\n<h4>quatix 7 \u2013 Sapphire Edition<\/h4>\n<\/div>\n<\/div>\n<\/div>\n<div>\n<div>\n<div><img loading=\"lazy\" decoding=\"async\" src=\"https:\/\/xedop.com\/wp-content\/uploads\/2025\/06\/quickfit-quarterturn-bike-mount-gia-gan-dong-ho-deo-tay-len-xe-dap-3078-34.jpg\" alt=\"quatix 7 \u2013 Standard Edition\" width=\"130\" height=\"130\" \/><\/p>\n<h4>quatix 7 \u2013 Standard Edition<\/h4>\n<\/div>\n<\/div>\n<\/div>\n<div>\n<div>\n<div><img loading=\"lazy\" decoding=\"async\" src=\"https:\/\/xedop.com\/wp-content\/uploads\/2025\/06\/quickfit-quarterturn-bike-mount-gia-gan-dong-ho-deo-tay-len-xe-dap-3078-35.jpg\" alt=\"quatix 7 Pro\" width=\"130\" height=\"130\" \/><\/p>\n<h4>quatix 7 Pro<\/h4>\n<\/div>\n<\/div>\n<\/div>\n<div>\n<div>\n<div><img loading=\"lazy\" decoding=\"async\" src=\"https:\/\/xedop.com\/wp-content\/uploads\/2025\/06\/quickfit-quarterturn-bike-mount-gia-gan-dong-ho-deo-tay-len-xe-dap-3078-36.jpg\" alt=\"tactix 7 \u2013 AMOLED Edition\" width=\"130\" height=\"130\" \/><\/p>\n<h4>tactix 7 \u2013 AMOLED Edition<\/h4>\n<\/div>\n<\/div>\n<\/div>\n<div>\n<div>\n<div><img loading=\"lazy\" decoding=\"async\" src=\"https:\/\/xedop.com\/wp-content\/uploads\/2025\/06\/quickfit-quarterturn-bike-mount-gia-gan-dong-ho-deo-tay-len-xe-dap-3078-37.jpg\" alt=\"tactix 7 \u2013 Phi\u00ean B\u1ea3n Pro\" width=\"130\" height=\"130\" \/><\/p>\n<h4>tactix 7 \u2013 Phi\u00ean B\u1ea3n Pro<\/h4>\n<\/div>\n<\/div>\n<\/div>\n<div>\n<div>\n<div><img loading=\"lazy\" decoding=\"async\" src=\"https:\/\/xedop.com\/wp-content\/uploads\/2025\/06\/quickfit-quarterturn-bike-mount-gia-gan-dong-ho-deo-tay-len-xe-dap-3078-38.jpg\" alt=\"tactix Delta - Solar Edition\" width=\"130\" height=\"130\" \/><\/p>\n<h4>tactix Delta &#8211; Solar Edition<\/h4>\n<\/div>\n<\/div>\n<\/div>\n","protected":false},"excerpt":{"rendered":"<p>Chuy\u1ec3n thi\u1ebft b\u1ecb t\u1eadp luy\u1ec7n \u0111a b\u1ed9 m\u00f4n t\u01b0\u01a1ng th\u00edch c\u1ee7a b\u1ea1n t\u1eeb c\u1ed5 tay sang xe \u0111\u1ea1p ch\u1ec9 trong v\u00e0i gi\u00e2y. B\u1ed9 d\u1ee5ng c\u1ee5 t\u01b0\u01a1ng th\u00edch v\u1edbi m\u1ed9t s\u1ed1 thi\u1ebft b\u1ecb nh\u1ea5t \u0111\u1ecbnh; xem tab thi\u1ebft b\u1ecb.<\/p>\n","protected":false},"featured_media":3083,"comment_status":"closed","ping_status":"closed","template":"","meta":[],"product_cat":[88],"product_tag":[],"class_list":["post-3078","product","type-product","status-publish","has-post-thumbnail","hentry","product_cat-garmin"],"_links":{"self":[{"href":"https:\/\/xedop.com\/en\/wp-json\/wp\/v2\/product\/3078","targetHints":{"allow":["GET"]}}],"collection":[{"href":"https:\/\/xedop.com\/en\/wp-json\/wp\/v2\/product"}],"about":[{"href":"https:\/\/xedop.com\/en\/wp-json\/wp\/v2\/types\/product"}],"replies":[{"embeddable":true,"href":"https:\/\/xedop.com\/en\/wp-json\/wp\/v2\/comments?post=3078"}],"version-history":[{"count":1,"href":"https:\/\/xedop.com\/en\/wp-json\/wp\/v2\/product\/3078\/revisions"}],"predecessor-version":[{"id":3163,"href":"https:\/\/xedop.com\/en\/wp-json\/wp\/v2\/product\/3078\/revisions\/3163"}],"wp:featuredmedia":[{"embeddable":true,"href":"https:\/\/xedop.com\/en\/wp-json\/wp\/v2\/media\/3083"}],"wp:attachment":[{"href":"https:\/\/xedop.com\/en\/wp-json\/wp\/v2\/media?parent=3078"}],"wp:term":[{"taxonomy":"product_cat","embeddable":true,"href":"https:\/\/xedop.com\/en\/wp-json\/wp\/v2\/product_cat?post=3078"},{"taxonomy":"product_tag","embeddable":true,"href":"https:\/\/xedop.com\/en\/wp-json\/wp\/v2\/product_tag?post=3078"}],"curies":[{"name":"wp","href":"https:\/\/api.w.org\/{rel}","templated":true}]}}