{"id":3370,"date":"2025-06-07T14:49:00","date_gmt":"2025-06-07T07:49:00","guid":{"rendered":"https:\/\/xedop.com\/?post_type=product&#038;p=3370"},"modified":"2025-07-11T15:59:43","modified_gmt":"2025-07-11T08:59:43","slug":"edge-540-device-only","status":"publish","type":"product","link":"https:\/\/xedop.com\/en\/san-pham\/edge-540-device-only\/","title":{"rendered":"Edge 540 (Device Only)"},"content":{"rendered":"<div><img decoding=\"async\" class=\"app__feature__card__image\" src=\"https:\/\/xedop.com\/wp-content\/uploads\/2025\/06\/edge-540-device-only-3370.jpg\" alt=\"\" \/><\/p>\n<p>Th\u1eddi l\u01b0\u1ee3ng pin l\u00ean \u0111\u1ebfn 42 gi\u1edd \u1edf ch\u1ebf \u0111\u1ed9 ti\u1ebft ki\u1ec7m pin ch\u1ec9 v\u1edbi m\u1ed9t l\u1ea7n s\u1ea1c.<\/p>\n<\/div>\n<div><img decoding=\"async\" class=\"app__feature__card__image\" src=\"https:\/\/xedop.com\/wp-content\/uploads\/2025\/06\/edge-540-device-only-3370-1.jpg\" alt=\"\" \/><\/p>\n<p>T\u1eadn h\u01b0\u1edfng s\u1ef1 ch\u00ednh x\u00e1c \u0111\u1eb3ng c\u1ea5p v\u1edbi c\u00f4ng ngh\u1ec7 GNSS \u0111a b\u0103ng t\u1ea7n.<\/p>\n<\/div>\n<div><img decoding=\"async\" class=\"app__feature__card__image\" src=\"https:\/\/xedop.com\/wp-content\/uploads\/2025\/06\/edge-540-device-only-3370-2.jpg\" alt=\"\" \/><\/p>\n<p>Ghi nh\u1eadn ch\u1ec9 s\u1ed1 s\u1ee9c b\u1ec1n<sup>1<\/sup>\u00a0khi \u0111\u1ea1p xe \u0111\u1ec3 bi\u1ebft b\u1ea1n c\u00f3 th\u1ec3 chinh ph\u1ee5c \u0111\u01b0\u1eddng \u0111ua trong bao l\u00e2u n\u1eefa.<\/p>\n<\/div>\n<div><img decoding=\"async\" class=\"app__feature__card__image\" src=\"https:\/\/xedop.com\/wp-content\/uploads\/2025\/06\/edge-540-device-only-3370-3.jpg\" alt=\"\" \/><\/p>\n<p>\u0110\u1ea9y m\u1ea1nh hi\u1ec7u su\u1ea5t c\u1ee7a b\u1ea1n v\u1edbi c\u00e1c b\u00e0i luy\u1ec7n t\u1eadp \u0111\u01b0\u1ee3c \u0111\u1ec1 xu\u1ea5t h\u1eb1ng ng\u00e0y<sup>1<\/sup>.<\/p>\n<\/div>\n<div><img decoding=\"async\" class=\"app__feature__card__image\" src=\"https:\/\/xedop.com\/wp-content\/uploads\/2025\/06\/edge-540-device-only-3370-4.jpg\" alt=\"\" \/><\/p>\n<p>Bi\u1ebft \u0111\u01b0\u1eddng \u0111\u1ebfn t\u1eebng ng\u00e3 r\u1ebd nh\u1edd t\u00ednh n\u0103ng \u0111i\u1ec1u h\u01b0\u1edbng v\u00e0 b\u1ea3n \u0111\u1ed3 chuy\u00ean d\u1ee5ng cho lo\u1ea1i h\u00ecnh \u0111\u1ea1p xe.<\/p>\n<\/div>\n<div><img decoding=\"async\" class=\"app__feature__card__image\" src=\"https:\/\/xedop.com\/wp-content\/uploads\/2025\/06\/edge-540-device-only-3370-5.jpg\" alt=\"\" \/><\/p>\n<p>Nhanh ch\u00f3ng c\u00e0i \u0111\u1eb7t thi\u1ebft b\u1ecb m\u1edbi b\u1eb1ng c\u00e1ch chuy\u1ec3n c\u00e1c d\u1eef li\u1ec7u v\u00e0 c\u1ea5u h\u00ecnh \u0111\u1ea1p xe c\u00f3 s\u1eb5n.<\/p>\n<\/p>\n<div>\n<div><img decoding=\"async\" class=\"app__feature__card__image\" src=\"https:\/\/xedop.com\/wp-content\/uploads\/2025\/06\/edge-540-device-only-3370-6.jpg\" alt=\"\" \/><\/p>\n<h3>TH\u1edcI L\u01af\u1ee2NG PIN V\u01af\u1ee2T TR\u1ed8I<\/h3>\n<p>M\u00e1y t\u00ednh \u0111\u1ea1p xe Edge 540 c\u00f3 th\u1eddi l\u01b0\u1ee3ng pin l\u00ean \u0111\u1ebfn 26 gi\u1edd \u1edf ch\u1ebf \u0111\u1ed9 t\u0103ng c\u01b0\u1eddng v\u00e0 42 gi\u1edd \u1edf ch\u1ebf \u0111\u1ed9 ti\u1ebft ki\u1ec7m pin<\/p>\n<\/div>\n<div><img decoding=\"async\" class=\"app__feature__card__image\" src=\"https:\/\/xedop.com\/wp-content\/uploads\/2025\/06\/edge-540-device-only-3370-7.jpg\" alt=\"\" \/><\/p>\n<h3>HU\u1ea4N LUY\u1ec6N THEO M\u1ee4C TI\u00caU<\/h3>\n<p>Xem c\u00e1c b\u00e0i t\u1eadp \u0111\u01b0\u1ee3c \u0111\u1ec1 xu\u1ea5t h\u00e0ng ng\u00e0y v\u00e0 c\u00e1c khuy\u1ebfn ngh\u1ecb luy\u1ec7n t\u1eadp tr\u00ean m\u00e0n h\u00ecnh; nh\u1eadn \u0111\u01b0\u1ee3c gi\u00e1o \u00e1n t\u1eadp luy\u1ec7n c\u00e1 nh\u00e2n h\u00f3a d\u1ef1a tr\u00ean c\u00e1c s\u1ef1 ki\u1ec7n theo t\u1ea3i luy\u1ec7n t\u1eadp v\u00e0 ph\u1ee5c h\u1ed3i<sup>1<\/sup>\u00a0hi\u1ec7n t\u1ea1i c\u1ee7a b\u1ea1n.<\/p>\n<\/div>\n<div><img decoding=\"async\" class=\"app__feature__card__image\" src=\"https:\/\/xedop.com\/wp-content\/uploads\/2025\/06\/edge-540-device-only-3370-8.jpg\" alt=\"\" \/><\/p>\n<h3>GNSS \u0110A B\u0102NG T\u1ea6N<\/h3>\n<p>\u0110\u1ecbnh h\u01b0\u1edbng v\u1edbi c\u00f4ng ngh\u1ec7 GNSS \u0111a b\u0103ng t\u1ea7n cung c\u1ea5p \u0111\u1ed9 ch\u00ednh x\u00e1c \u0111\u1ecbnh v\u1ecb n\u00e2ng cao<\/p>\n<\/div>\n<\/div>\n<div>\n<div><img decoding=\"async\" class=\"app__feature__card__image\" src=\"https:\/\/xedop.com\/wp-content\/uploads\/2025\/06\/edge-540-device-only-3370-9.jpg\" alt=\"\" \/><\/p>\n<h3>C\u1ed0 V\u1ea4N \u0110\u01af\u1edcNG D\u1ed0C CLIMBPRO<\/h3>\n<p>Xem nh\u1eefng \u0111\u01b0\u1eddng d\u1ed1c l\u00ean v\u00e0 xu\u1ed1ng c\u00f2n l\u1ea1i trong ch\u1eb7ng khi leo n\u00fai \u0111\u1ec3 b\u1ea1n c\u00f3 th\u1ec3 t\u00ednh to\u00e1n s\u1ee9c l\u1ef1c c\u1ee7a m\u00ecnh v\u1edbi ClimbPro, nay \u0111\u00e3 c\u00f3 s\u1eb5n tr\u00ean m\u1ed7i \u0111\u01b0\u1eddng \u0111ua kh\u00f4ng theo kh\u00f3a.<\/p>\n<\/div>\n<div><img decoding=\"async\" class=\"app__feature__card__image\" src=\"https:\/\/xedop.com\/wp-content\/uploads\/2025\/06\/edge-540-device-only-3370-10.jpg\" alt=\"\" \/><\/p>\n<h3>KH\u1ea2 N\u0102NG \u0110\u1ea0P XE V\u00c0 \u0110\u1eb6C \u0110I\u1ec2M TUY\u1ebeN \u0110\u01af\u1edcNG<\/h3>\n<p>So s\u00e1nh kh\u1ea3 n\u0103ng \u0111\u1ea1p xe c\u1ee7a b\u1ea1n v\u1edbi y\u00eau c\u1ea7u th\u1ec3 l\u1ef1c c\u1ee7a m\u1ed9t tuy\u1ebfn \u0111\u01b0\u1eddng c\u1ee5 th\u1ec3 v\u00e0 t\u1eadp trung luy\u1ec7n t\u1eadp \u0111\u00fang khu v\u1ef1c, khi gh\u00e9p n\u1ed1i v\u1edbi thi\u1ebft b\u1ecb \u0111o c\u00f4ng su\u1ea5t v\u00e0 thi\u1ebft b\u1ecb gi\u00e1m s\u00e1t nh\u1ecbp tim t\u01b0\u01a1ng th\u00edch.<\/p>\n<\/div>\n<div><img decoding=\"async\" class=\"app__feature__card__image\" src=\"https:\/\/xedop.com\/wp-content\/uploads\/2025\/06\/edge-540-device-only-3370-11.jpg\" alt=\"\" \/><\/p>\n<h3>CH\u1ec8 D\u1eaaN L\u1ef0C \u0110\u1ea0P<\/h3>\n<p>Qu\u1ea3n l\u00fd n\u1ed7 l\u1ef1c c\u1ee7a b\u1ea1n v\u1edbi t\u00ednh n\u0103ng h\u01b0\u1edbng d\u1eabn l\u1ef1c, \u0111\u1ec1 xu\u1ea5t c\u00e1c m\u1ee5c ti\u00eau v\u1ec1 l\u1ef1c trong su\u1ed1t ti\u1ebfn tr\u00ecnh, khi \u0111\u01b0\u1ee3c k\u1ebft n\u1ed1i v\u1edbi thi\u1ebft b\u1ecb \u0111o c\u00f4ng su\u1ea5t t\u01b0\u01a1ng th\u00edch.<\/p>\n<\/div>\n<\/div>\n<\/div>\n<h1>CHINH PH\u1ee4C M\u1eccI B\u00c0I T\u1eacP LUY\u1ec6N<\/h1>\n<div>\n<div>\n<h2>CHU\u1ea8N B\u1eca<\/h2>\n<\/div>\n<div>\n<hr class=\"app__line-divider__horizontalRule app__line-divider__horizontalRule--center\" data-v-2b6f8b64=\"\" \/>\n<\/div>\n<div>\n<div><img decoding=\"async\" class=\"app__feature__card__image\" src=\"https:\/\/xedop.com\/wp-content\/uploads\/2025\/06\/edge-540-device-only-3370-12.jpg\" alt=\"\" \/><\/p>\n<h3>TRA\u0323NG THA\u0301I LUY\u00ca\u0323N T\u00c2\u0323P<\/h3>\n<p>\u0110\u00e1nh gi\u00e1 c\u00e1c ch\u1ec9 s\u1ed1 hi\u1ec7u su\u1ea5t c\u1ee7a b\u1ea1n \u0111\u1ec3 cho th\u1ea5y \u0111\u01b0\u1ee3c li\u1ec7u b\u1ea1n c\u00f3 \u0111ang luy\u1ec7n t\u1eadp hi\u1ec7u qu\u1ea3<sup>1<\/sup>.<\/p>\n<\/div>\n<div><img decoding=\"async\" class=\"app__feature__card__image\" src=\"https:\/\/xedop.com\/wp-content\/uploads\/2025\/06\/edge-540-device-only-3370-13.jpg\" alt=\"\" \/><\/p>\n<h3>KH\u1ea2 N\u0102NG TH\u00cdCH NGHI NHI\u1ec6T \u0110\u1ed8 V\u00c0 \u0110\u1ed8 CAO<\/h3>\n<p>Xem c\u00e1ch c\u01a1 th\u1ec3 b\u1ea1n ch\u1ed1ng ch\u1ecbu v\u1edbi kh\u1ea3 n\u0103ng th\u00edch nghi nhi\u1ec7t \u0111\u1ed9 v\u00e0 \u0111\u1ed9 cao<sup>1<\/sup>.<\/p>\n<\/div>\n<div><img decoding=\"async\" class=\"app__feature__card__image\" src=\"https:\/\/xedop.com\/wp-content\/uploads\/2025\/06\/edge-540-device-only-3370-14.jpg\" alt=\"\" \/><\/p>\n<h3>T\u00cdNH N\u0102NG GROUPTRACK<\/h3>\n<p>Theo d\u00f5i v\u1ecb tr\u00ed c\u00e1c th\u00e0nh vi\u00ean trong nh\u00f3m v\u1edbi GroupTrack &#8211; v\u00e0 theo d\u00f5i l\u00ean t\u1edbi 50 v\u1eadn \u0111\u1ed9ng vi\u00ean c\u00f9ng m\u1ed9t l\u00fac<sup>2<\/sup><\/p>\n<\/div>\n<div><img decoding=\"async\" class=\"app__feature__card__image\" src=\"https:\/\/xedop.com\/wp-content\/uploads\/2025\/06\/edge-540-device-only-3370-15.jpg\" alt=\"\" \/><\/p>\n<h3>L\u1ed8 TR\u00ccNH \u0110\u1ea0P C\u1ee4 TH\u1ec2<\/h3>\n<p>T\u00ecm tuy\u1ebfn \u0111\u01b0\u1eddng ph\u00f9 h\u1ee3p v\u1edbi \u0111\u01b0\u1eddng \u0111ua c\u1ee7a b\u1ea1n, khi b\u1ea1n tr\u00ean \u0111\u1ecba h\u00ecnh \u0111\u1ed3i n\u00fai, \u0111\u01b0\u1eddng \u0111\u00e1 s\u1ecfi hay \u0111\u01b0\u1eddng nh\u1ef1a.<\/p>\n<\/div>\n<div><img decoding=\"async\" class=\"app__feature__card__image\" src=\"https:\/\/xedop.com\/wp-content\/uploads\/2025\/06\/edge-540-device-only-3370-16.jpg\" alt=\"\" \/><\/p>\n<h3>TUY\u00ca\u0301N \u0110\u01af\u01a0\u0300NG PH\u1ed4 BI\u1ebeN C\u1ee6A TRENDLINE<\/h3>\n<p>Thi\u1ebft b\u1ecb Edge c\u1ee7a b\u1ea1n s\u1ebd t\u00ecm tuy\u1ebfn \u0111\u01b0\u1eddng t\u1ed1t nh\u1ea5t &#8211; l\u1ef1a ch\u1ecdn t\u1eeb nh\u1eefng \u0111\u01b0\u1eddng (ho\u1eb7c \u0111\u01b0\u1eddng m\u00f2n) \u0111\u01b0\u1ee3c \u0111i nhi\u1ec1u nh\u1ea5t.<\/p>\n<\/div>\n<div><\/div>\n<\/div>\n<div>\n<div><img decoding=\"async\" class=\"app__feature__card__image\" src=\"https:\/\/xedop.com\/wp-content\/uploads\/2025\/06\/edge-540-device-only-3370-17.jpg\" alt=\"\" \/><\/p>\n<h3>M\u1ee4C TI\u00caU S\u1ef0 KI\u1ec6N<\/h3>\n<p>H\u00e3y l\u1ef1a ch\u1ecdn kho\u1ea3ng c\u00e1ch \u0111ua v\u00e0 m\u1ee5c ti\u00eau v\u1ec1 th\u1eddi gian, sau \u0111\u00f3 nh\u1eadn nh\u1eefng b\u00e0i t\u1eadp \u0111\u01b0\u1ee3c \u0111\u1ec1 xu\u1ea5t h\u00e0ng ng\u00e0y.<\/p>\n<\/div>\n<div><img decoding=\"async\" class=\"app__feature__card__image\" src=\"https:\/\/xedop.com\/wp-content\/uploads\/2025\/06\/edge-540-device-only-3370-18.jpg\" alt=\"\" \/><\/p>\n<h3>BA\u0309N \u0110\u00d4\u0300 \u0110A\u0323P XE GARMIN<\/h3>\n<p>\u0110\u1ea1p xe v\u1edbi c\u00e1c\u00a0b\u1ea3n \u0111\u1ed3 \u0111\u01b0\u1ee3c t\u1ea3i s\u1eb5n\u00a0bao g\u1ed3m d\u1eef li\u1ec7u \u0111\u01b0\u1eddng m\u00f2n tr\u00ean to\u00e0n th\u1ebf gi\u1edbi t\u1eeb Trailfork.<\/p>\n<\/div>\n<div><\/div>\n<div><\/div>\n<div><\/div>\n<div><\/div>\n<\/div>\n<\/div>\n<div>\n<div>\n<h2>T\u1eacP LUY\u1ec6N V\u00c0 TH\u1ec2 HI\u1ec6N<\/h2>\n<\/div>\n<div>\n<hr class=\"app__line-divider__horizontalRule app__line-divider__horizontalRule--center\" data-v-2b6f8b64=\"\" \/>\n<\/div>\n<div>\n<div><img decoding=\"async\" class=\"app__feature__card__image\" src=\"https:\/\/xedop.com\/wp-content\/uploads\/2025\/06\/edge-540-device-only-3370-19.jpg\" alt=\"\" \/><\/p>\n<h3>\u0110\u1ed8NG L\u1ef0C H\u1eccC \u0110\u1ea0P XE<\/h3>\n<p>S\u1ed1 li\u1ec7u \u0111\u1ea1p xe ti\u00ean ti\u1ebfn s\u1ebd \u0111em l\u1ea1i c\u00e1c th\u00f4ng tin chuy\u00ean s\u00e2u v\u1ec1 hi\u1ec7u su\u1ea5t \u1edf c\u00e1c \u0111i\u1ec1u ki\u1ec7n kh\u00e1c nhau<sup>1<\/sup>.<\/p>\n<\/div>\n<div><img decoding=\"async\" class=\"app__feature__card__image\" src=\"https:\/\/xedop.com\/wp-content\/uploads\/2025\/06\/edge-540-device-only-3370-20.jpg\" alt=\"\" \/><\/p>\n<h3>TR\u1ea0NG TH\u00c1I \u0110\u1ea0P XE \u0110\u1ecaA H\u00ccNH<\/h3>\n<p>Theo d\u00f5i c\u00e1c s\u1ed1 li\u1ec7u \u0111\u1ea1p xe leo n\u00fai nh\u01b0 s\u1ed1 l\u1ea7n s\u1ed1c, qua\u0303ng \u0111\u01b0\u01a1\u0300ng s\u1ed1c v\u00e0 th\u1eddi gian tr\u00ean kh\u00f4ng.<\/p>\n<\/div>\n<div><img decoding=\"async\" class=\"app__feature__card__image\" src=\"https:\/\/xedop.com\/wp-content\/uploads\/2025\/06\/edge-540-device-only-3370-21.jpg\" alt=\"\" \/><\/p>\n<h3>S\u1ed0 LI\u1ec6U GRIT<sup>\u00ae<\/sup>V\u00c0 FLOW<sup>\u2122<\/sup><\/h3>\n<p>T\u00ednh n\u0103ng Grit hi\u1ec3n th\u1ecb \u0111\u1ed9 kh\u00f3 c\u1ee7a \u0111\u01b0\u1eddng m\u00f2n. T\u00ednh n\u0103ng Flow \u0111\u00e1nh gi\u00e1 \u0111\u1ed9 thu\u1eadn l\u1ee3i khi b\u1ea1n \u0111\u1ea1p xe tr\u00ean \u0111\u01b0\u1eddng m\u00f2n.<\/p>\n<\/div>\n<div><img decoding=\"async\" class=\"app__feature__card__image\" src=\"https:\/\/xedop.com\/wp-content\/uploads\/2025\/06\/edge-540-device-only-3370-22.jpg\" alt=\"\" \/><\/p>\n<h3>\u0110I\u00ca\u0300U H\u01af\u01a0\u0301NG T\u01af\u0300NG NGA\u0303 RE\u0303<\/h3>\n<p>Lu\u00f4n \u0111i \u0111\u00fang h\u01b0\u1edbng v\u1edbi ch\u1ec9 d\u1eabn v\u00e0 c\u1ea3nh b\u00e1o t\u1eebng ng\u00e3 r\u1ebd.<\/p>\n<\/div>\n<div><img decoding=\"async\" class=\"app__feature__card__image\" src=\"https:\/\/xedop.com\/wp-content\/uploads\/2025\/06\/edge-540-device-only-3370-23.jpg\" alt=\"\" \/><\/p>\n<h3>QUAY V\u1ec0 \u0110I\u1ec2M XU\u1ea4T PH\u00c1T<\/h3>\n<p>Quay l\u1ea1i \u0111\u00fang \u0111\u01b0\u1eddng &#8211; ho\u1eb7c b\u1eaft \u0111\u1ea7u l\u1ea1i &#8211; n\u1ebfu b\u1ea1n l\u1ea1c ho\u1eb7c mu\u1ed1n quay v\u1ec1 s\u1edbm h\u01a1n.<\/p>\n<\/div>\n<div><\/div>\n<\/div>\n<div>\n<div><img decoding=\"async\" class=\"app__feature__card__image\" src=\"https:\/\/xedop.com\/wp-content\/uploads\/2025\/06\/edge-540-device-only-3370-24.jpg\" alt=\"\" \/><\/p>\n<h3>NH\u1eaeC NH\u1ede B\u1ed4 SUNG N\u01af\u1edaC V\u00c0 DINH D\u01af\u1ee0NG<\/h3>\n<p>Lu\u00f4n \u0111\u01b0\u1ee3c ti\u1ebfp n\u0103ng l\u01b0\u1ee3ng khi \u0111\u1ea1p xe nh\u1edd c\u00e1c th\u00f4ng b\u00e1o \u0111\u1ebfn gi\u1edd \u0103n u\u1ed1ng.<\/p>\n<\/div>\n<div><img decoding=\"async\" class=\"app__feature__card__image\" src=\"https:\/\/xedop.com\/wp-content\/uploads\/2025\/06\/edge-540-device-only-3370-2.jpg\" alt=\"\" \/><\/p>\n<h3>TH\u00d4NG TIN CHI TI\u1ebeT V\u1ec0 S\u1ee8C B\u1ec0N<\/h3>\n<p>Khi \u0111\u1ea1p xe, b\u1ea1n c\u00f3 th\u1ec3 t\u00ecm hi\u1ec3u th\u00eam v\u1ec1 s\u1ee9c b\u1ec1n<sup>1<\/sup>\u00a0\u0111\u1ec3 ban c\u00f3 th\u1ec3 theo d\u00f5i kh\u1ea3 n\u0103ng ti\u1ebfp t\u1ee5c h\u00e0nh tr\u00ecnh c\u1ee7a m\u00ecnh.<\/p>\n<\/div>\n<div><\/div>\n<div><\/div>\n<div><\/div>\n<div><\/div>\n<\/div>\n<\/div>\n<div>\n<div>\n<h2>\u0110\u1ea0P XE AN TO\u00c0N &amp; Y\u00caN T\u00c2M H\u01a0N<\/h2>\n<\/div>\n<div>\n<hr class=\"app__line-divider__horizontalRule app__line-divider__horizontalRule--center\" data-v-2b6f8b64=\"\" \/>\n<\/div>\n<div>\n<div><img decoding=\"async\" class=\"app__feature__card__image\" src=\"https:\/\/xedop.com\/wp-content\/uploads\/2025\/06\/edge-540-device-only-3370-26.jpg\" alt=\"\" \/><\/p>\n<h3>T\u01af\u01a0NG TH\u00cdCH V\u1edaI C\u00c1C THI\u1ebeT B\u1eca VARIA<\/h3>\n<p>H\u00e3y k\u1ebft n\u1ed1i thi\u1ebft b\u1ecb Edge c\u1ee7a b\u1ea1n v\u1edbi\u00a0ra-\u0111a chi\u1ebfu h\u1eadu Varia v\u00e0 \u0111\u00e8n th\u00f4ng minh\u00a0\u0111\u1ec3 th\u1ea5y v\u00e0 \u0111\u01b0\u1ee3c th\u1ea5y.<\/p>\n<\/div>\n<div><img decoding=\"async\" class=\"app__feature__card__image\" src=\"https:\/\/xedop.com\/wp-content\/uploads\/2025\/06\/edge-540-device-only-3370-27.jpg\" alt=\"\" \/><\/p>\n<h3>PHA\u0301T HI\u00ca\u0323N S\u01af\u0323 C\u00d4\u0301<\/h3>\n<p>T\u00ednh n\u0103ng n\u00e0y g\u1eedi tin nh\u1eafn v\u1ec1 v\u1ecb tr\u00ed<sup>2<\/sup>\u00a0c\u1ee7a b\u1ea1n \u0111\u1ebfn\u00a0c\u00e1c li\u00ean h\u1ec7 kh\u1ea9n c\u1ea5p\u00a0n\u1ebfu ph\u00e1t hi\u1ec7n s\u1ef1 c\u1ed1 trong ho\u1eb7c ngo\u00e0i \u0111\u01b0\u1eddng \u0111ua.<\/p>\n<\/div>\n<div><img decoding=\"async\" class=\"app__feature__card__image\" src=\"https:\/\/xedop.com\/wp-content\/uploads\/2025\/06\/edge-540-device-only-3370-28.jpg\" alt=\"\" \/><\/p>\n<h3>T\u00cdNH N\u0102NG THEO D\u00d5I TR\u1ef0C TI\u1ebeP<\/h3>\n<p>Nh\u1eefng ng\u01b0\u1eddi th\u00e2n y\u00eau c\u00f3 th\u1ec3 theo d\u00f5i v\u1ecb tr\u00ed c\u1ee7a b\u1ea1n, khi \u0111\u01b0\u1ee3c k\u1ebft n\u1ed1i v\u1edbi \u0111i\u1ec7n tho\u1ea1i th\u00f4ng minh t\u01b0\u01a1ng th\u00edch<\/p>\n<\/div>\n<div><img decoding=\"async\" class=\"app__feature__card__image\" src=\"https:\/\/xedop.com\/wp-content\/uploads\/2025\/06\/edge-540-device-only-3370-29.jpg\" alt=\"\" \/><\/p>\n<h3>C\u1ea2NH B\u00c1O XE \u0110A\u0323P<\/h3>\n<p>B\u00e1o \u0111\u1ed9ng b\u1ea3o v\u1ec7 PIN s\u1ebd g\u1eedi c\u1ea3nh b\u00e1o \u0111\u1ebfn \u0111i\u1ec7n tho\u1ea1i th\u00f4ng minh t\u01b0\u01a1ng th\u00edch c\u1ee7a b\u1ea1n n\u1ebfu xe \u0111\u1ea1p c\u1ee7a b\u1ea1n b\u1ecb di d\u1eddi.<\/p>\n<\/div>\n<div><img decoding=\"async\" class=\"app__feature__card__image\" src=\"https:\/\/xedop.com\/wp-content\/uploads\/2025\/06\/edge-540-device-only-3370-30.jpg\" alt=\"\" \/><\/p>\n<h3>T\u01af\u01a0NG THI\u0301CH V\u01a0\u0301I INREACH<sup>\u00ae<\/sup><\/h3>\n<p>Gi\u1eef li\u00ean l\u1ea1c v\u01a1\u0301i b\u1ea5t c\u1ee9 n\u01a1i n\u00e0o b\u1ea1n \u0111i b\u1eb1ng c\u00e1ch k\u1ebft n\u1ed1i Edge v\u1edbi thi\u1ebft b\u1ecb inReach<sup>3<\/sup>.<\/p>\n<\/div>\n<div><\/div>\n<\/div>\n<\/div>\n<div>\n<div>\n<h2>K\u00ca\u0301T N\u00d4\u0301I<\/h2>\n<\/div>\n<div>\n<hr class=\"app__line-divider__horizontalRule app__line-divider__horizontalRule--center\" data-v-2b6f8b64=\"\" \/>\n<\/div>\n<div>\n<div><img decoding=\"async\" class=\"app__feature__card__image\" src=\"https:\/\/xedop.com\/wp-content\/uploads\/2025\/06\/edge-540-device-only-3370-31.jpg\" alt=\"\" \/><\/p>\n<h3>TH\u00d4NG B\u00c1O TH\u00d4NG MINH<\/h3>\n<p>Nh\u1eadn tin nh\u0103\u0301n v\u0103n b\u1ea3n v\u00e0 c\u1ea3nh b\u00e1o ngay tr\u00ean thi\u1ebft b\u1ecb h\u1ed7 tr\u1ee3 \u0111\u1ea1p xe Edge c\u1ee7a b\u1ea1n khi \u0111\u01b0\u1ee3c k\u1ebft n\u1ed1i v\u1edbi m\u1ed9t \u0111i\u1ec7n tho\u1ea1i th\u00f4ng minh t\u01b0\u01a1ng th\u00edch.<\/p>\n<\/div>\n<div><img decoding=\"async\" class=\"app__feature__card__image\" src=\"https:\/\/xedop.com\/wp-content\/uploads\/2025\/06\/edge-540-device-only-3370-32.jpg\" alt=\"\" \/><\/p>\n<h3>M\u00c1Y LUY\u1ec6N T\u1eacP TH\u00d4NG MINH T\u01af\u01a0NG TH\u00cdCH<\/h3>\n<p>Thi\u1ebft b\u1ecb Edge n\u00e0y c\u00f3 th\u1ec3 gh\u00e9p n\u1ed1i v\u1edbi\u00a0m\u00e1y t\u1eadp luy\u1ec7n trong nh\u00e0\u00a0\u0111\u1ec3 theo d\u00f5i c\u00e1c \u0111\u01b0\u1eddng \u0111ua t\u1ea1i nh\u00e0 c\u1ee7a b\u1ea1n.<\/p>\n<\/div>\n<div><img decoding=\"async\" class=\"app__feature__card__image\" src=\"https:\/\/xedop.com\/wp-content\/uploads\/2025\/06\/edge-540-device-only-3370-33.jpg\" alt=\"\" \/><\/p>\n<h3>T\u01af\u01a0NG TH\u00cdCH V\u1edaI EBIKE<\/h3>\n<p>H\u00e3y k\u1ebft n\u1ed1i v\u1edbi xe \u0111\u1ea1p \u0111i\u1ec7n t\u01b0\u01a1ng th\u00edch v\u1edbi c\u00f4ng ngh\u1ec7 ANT+<sup>\u00ae<\/sup>\u00a0ho\u1eb7c SHIMANO STEPS.<\/p>\n<\/div>\n<div><img decoding=\"async\" class=\"app__feature__card__image\" src=\"https:\/\/xedop.com\/wp-content\/uploads\/2025\/06\/edge-540-device-only-3370-34.jpg\" alt=\"\" \/><\/p>\n<h3>C\u1eecA H\u00c0NG CONNECT IQ<\/h3>\n<p>T\u1ea3i xu\u1ed1ng c\u00e1c tr\u01b0\u1eddng d\u1eef li\u1ec7u t\u00f9y ch\u1ec9nh, th\u00eam c\u00e1c \u1ee9ng d\u1ee5ng v\u00e0 c\u00f4ng c\u1ee5 t\u1eeb \u1ee9ng d\u1ee5ng th\u00f4ng minh Connect IQ Store.<\/p>\n<\/div>\n<div><img decoding=\"async\" class=\"app__feature__card__image\" src=\"https:\/\/xedop.com\/wp-content\/uploads\/2025\/06\/edge-540-device-only-3370-35.jpg\" alt=\"\" \/><\/p>\n<h3>TIN NH\u1eaeN NH\u00d3M<\/h3>\n<p>H\u00e3y nh\u1eafn tin cho \u0111\u1ed3ng \u0111\u1ed9i n\u1ebfu b\u1ea1n b\u1ecb t\u00e1ch ri\u00eang, khi \u0111\u01b0\u1ee3c k\u1ebft n\u1ed1i v\u1edbi \u0111i\u1ec7n tho\u1ea1i th\u00f4ng minh t\u01b0\u01a1ng th\u00edch.<\/p>\n<\/div>\n<\/div>\n<\/div>\n","protected":false},"excerpt":{"rendered":"<p>C\u1ea3i thi\u1ec7n th\u00e0nh t\u00edch \u0111\u1ea1p m\u1ed7i ng\u00e0y v\u1edbi Edge 540, m\u00e1y t\u00ednh \u0111\u1ea1p v\u1edbi n\u00fat b\u1ea5m \u0111i\u1ec1u khi\u1ec3n v\u00e0 gi\u00e1o \u00e1n hu\u1ea5n luy\u1ec7n theo m\u1ee5c ti\u00eau c\u1ee7a b\u1ea1n. \u0110\u00e2y ch\u00ednh l\u00e0 ng\u01b0\u1eddi b\u1ea1n \u0111\u1ed3ng h\u00e0nh \u0111\u1eafc l\u1ef1c gi\u00fap b\u1ea1n chu\u1ea9n b\u1ecb cho race s\u1eafp t\u1edbi.<\/p>\n","protected":false},"featured_media":3379,"comment_status":"closed","ping_status":"closed","template":"","meta":[],"product_cat":[88],"product_tag":[],"class_list":["post-3370","product","type-product","status-publish","has-post-thumbnail","hentry","product_cat-garmin"],"_links":{"self":[{"href":"https:\/\/xedop.com\/en\/wp-json\/wp\/v2\/product\/3370","targetHints":{"allow":["GET"]}}],"collection":[{"href":"https:\/\/xedop.com\/en\/wp-json\/wp\/v2\/product"}],"about":[{"href":"https:\/\/xedop.com\/en\/wp-json\/wp\/v2\/types\/product"}],"replies":[{"embeddable":true,"href":"https:\/\/xedop.com\/en\/wp-json\/wp\/v2\/comments?post=3370"}],"version-history":[{"count":1,"href":"https:\/\/xedop.com\/en\/wp-json\/wp\/v2\/product\/3370\/revisions"}],"predecessor-version":[{"id":3453,"href":"https:\/\/xedop.com\/en\/wp-json\/wp\/v2\/product\/3370\/revisions\/3453"}],"wp:featuredmedia":[{"embeddable":true,"href":"https:\/\/xedop.com\/en\/wp-json\/wp\/v2\/media\/3379"}],"wp:attachment":[{"href":"https:\/\/xedop.com\/en\/wp-json\/wp\/v2\/media?parent=3370"}],"wp:term":[{"taxonomy":"product_cat","embeddable":true,"href":"https:\/\/xedop.com\/en\/wp-json\/wp\/v2\/product_cat?post=3370"},{"taxonomy":"product_tag","embeddable":true,"href":"https:\/\/xedop.com\/en\/wp-json\/wp\/v2\/product_tag?post=3370"}],"curies":[{"name":"wp","href":"https:\/\/api.w.org\/{rel}","templated":true}]}}