{"id":4009,"date":"2025-06-07T15:35:49","date_gmt":"2025-06-07T08:35:49","guid":{"rendered":"https:\/\/xedop.com\/?post_type=product&#038;p=4009"},"modified":"2025-06-07T15:35:49","modified_gmt":"2025-06-07T08:35:49","slug":"rulo-dap-xe-trong-nha-saris-mag-trainer","status":"publish","type":"product","link":"https:\/\/xedop.com\/en\/san-pham\/rulo-dap-xe-trong-nha-saris-mag-trainer\/","title":{"rendered":"Rulo \u0111\u1ea1p xe trong nh\u00e0 SARIS Mag Trainer"},"content":{"rendered":"<p><strong><em>\u0110\u01a1n gi\u1ea3n ng\u1ecdt ng\u00e0o\u00a0<\/em><\/strong><\/p>\n<p>Kh\u00f4ng l\u1ec9nh k\u1ec9nh. Kh\u00f4ng d\u00e2y nh\u1ee3. Kh\u00f4ng b\u1ef1c d\u1ecdc khi l\u1eafp r\u00e1p. N\u1ebfu b\u1ea1n \u0111ang t\u00ecm ki\u1ebfm m\u1ed9t thi\u1ebft b\u1ecb \u0111\u1ea1p xe trong nh\u00e0 \u0111\u01a1n gi\u1ea3n ti\u1ec7n l\u1ee3i &#8211; b\u1ea1n \u0111\u00e3 t\u00ecm th\u1ea5y n\u00f3. Cho d\u00f9 b\u1ea1n \u0111ang luy\u1ec7n t\u1eadp cho m\u1ed9t chuy\u1ebfn \u0111i hay \u0111ang n\u1ed7 l\u1ef1c \u0111\u1ec3 v\u01b0\u1ee3t qua \u0111i\u1ec3m FitBit c\u1ee7a b\u1ea1n b\u00e8, th\u00ec thi\u1ebft b\u1ecb \u0111\u1ea1p xe trong nh\u00e0 Saris Mag c\u00f3 th\u1ec3 gi\u00fap b\u1ea1n bi\u1ebfn \u0111i\u1ec1u \u0111\u00f3 th\u00e0nh hi\u1ec7n th\u1ef1c. \u0110\u01a1n gi\u1ea3n ch\u1ec9 c\u1ea7n k\u1ebft n\u1ed1i thi\u1ebft b\u1ecb v\u1edbi b\u00e1nh sau c\u1ee7a xe \u0111\u1ea1p, l\u00ean y\u00ean v\u00e0 t\u1eadn h\u01b0\u1edfng. Th\u00eam v\u00e0o \u0111\u00f3, Mag \u0111i k\u00e8m v\u1edbi (5) n\u0103m m\u1ee9c kh\u00e1ng l\u1ef1c c\u00f3 th\u1ec3 \u0111i\u1ec1u ch\u1ec9nh theo \u00fd th\u00edch c\u1ee7a m\u00ecnh v\u00e0 t\u1eadn h\u01b0\u1edfng.<\/p>\n<p>Mu\u1ed1n t\u1eadp luy\u1ec7n v\u1edbi Zwift ho\u1eb7c Rouvy? Mag c\u0169ng c\u00f3 th\u1ec3 l\u00e0m \u0111\u01b0\u1ee3c \u0111i\u1ec1u \u0111\u00f3. T\u1ea5t c\u1ea3 nh\u1eefng g\u00ec b\u1ea1n c\u1ea7n l\u00e0 m\u1ed9t c\u1ea3m bi\u1ebfn t\u1ed1c \u0111\u1ed9.<\/p>\n<p><strong><em>T\u00ednh n\u0103ng s\u1ea3n ph\u1ea9m<\/em><\/strong><\/p>\n<ul>\n<li>B\u1ed9 ph\u1eadn kh\u00e1ng t\u1eeb mang l\u1ea1i m\u1ed9t chuy\u1ebfn \u0111i \u00eam \u00e1i v\u00e0 kh\u00f4ng ma s\u00e1t.<\/li>\n<li>L\u1ef1c c\u1ea3n tuy\u1ebfn t\u00ednh gi\u00fap t\u0103ng c\u01b0\u1eddng \u0111\u1ed9 t\u1eadp luy\u1ec7n \u0111\u1ec3 ph\u00f9 h\u1ee3p v\u1edbi t\u1eebng h\u00e0nh tr\u00ecnh b\u00e0n \u0111\u1ea1p v\u00e0 \u0111i\u1ec1u ch\u1ec9nh c\u1ee7a b\u1ed9 truy\u1ec1n \u0111\u1ed9ng<\/li>\n<li>C\u00f3 (5) n\u0103m m\u1ee9c kh\u00e1ng l\u1ef1c c\u00f3 th\u1ec3 \u0111i\u1ec1u ch\u1ec9nh.<\/li>\n<li>T\u01b0\u01a1ng th\u00edch v\u1edbi Zwift v\u00e0 c\u00e1c \u1ee9ng d\u1ee5ng \u0111\u00e0o t\u1ea1o trong nh\u00e0 kh\u00e1c.<\/li>\n<\/ul>\n<p><strong><em>Th\u00f4ng s\u1ed1 k\u1ef9 thu\u1eadt\u00a0<\/em><\/strong><\/p>\n<ul>\n<li>\u0110\u1ed9 \u1ed3n: 69 decibel \u1edf 20 d\u1eb7m ( 32,18 km) \/ gi\u1edd<\/li>\n<li>\u0110\u01a1n v\u1ecb kh\u00e1ng: T\u1eeb t\u00ednh, cung c\u1ea5p chuy\u1ebfn \u0111i \u00eam \u00e1i kh\u00f4ng ma s\u00e1t<\/li>\n<li>\u0110\u01b0\u1eddng cong kh\u00e1ng c\u1ef1: Tuy\u1ebfn t\u00ednh, c\u01b0\u1eddng \u0111\u1ed9 t\u0103ng l\u00ean d\u1ecdc theo \u0111\u01b0\u1eddng \u0111\u1ecbnh v\u1ecb v\u1edbi nh\u1eefng thay \u0111\u1ed5i trong c\u00e1ch \u0111\u1ea1p v\u00e0 sang s\u1ed1 c\u1ee7a xe \u0111\u1ea1p<\/li>\n<li>Tr\u1ecdng l\u01b0\u1ee3ng t\u1ed1i \u0111a (ng\u01b0\u1eddi l\u00e1i v\u00e0 xe \u0111\u1ea1p): 300 lbs ~ 135 kg<\/li>\n<\/ul>\n<p><strong><em>T\u01b0\u01a1ng th\u00edch v\u1edbi xe \u0111\u1ea1p:<\/em><\/strong><\/p>\n<ul>\n<li>Bao g\u1ed3m 1 kho\u00e1 m\u1edf nhanh cho xe \u0111\u1ecba h\u00ecnh v\u00e0 xe \u0111\u01b0\u1eddng tr\u01b0\u1eddng th\u00f4ng th\u01b0\u1eddng<\/li>\n<li>B\u1ed9 chuy\u1ec3n \u0111\u1ed5i Thru Axle : \u0110\u01b0\u1ee3c b\u00e1n ri\u00eang cho xe \u0111\u1ea1p 142x12mm v\u00e0 148x12mm<\/li>\n<\/ul>\n<p>Cho 3 kho\u1ea3ng c\u00e1ch drop out :\u00a0120mm|130mm\u00a0|135mm<\/p>\n<ul>\n<li>Con l\u0103n \u0111\u01a1n v\u1ecb l\u1ef1c c\u1ea3n 2 &#8220;t\u01b0\u01a1ng th\u00edch v\u1edbi c\u00e1c b\u00e1nh xe v\u00e0 chi\u1ec1u r\u1ed9ng l\u1ed1p sau:<\/li>\n<\/ul>\n<p>B\u00e1nh \u00a0650b<\/p>\n<p>B\u00e1nh 700c<\/p>\n<p>B\u00e1nh 27,5 &#8221; l\u00ean \u0111\u1ebfn 2,0&#8243; b\u1ec1 r\u1ed9ng<\/p>\n<p>B\u00e1nh \u00a029 &#8221; n\u00ean \u0111\u1ebfn 1,5&#8243; v\u1edbi kh\u00f4ng gai<\/p>\n<ul>\n<li>Mag kh\u00f4ng t\u01b0\u01a1ng th\u00edch v\u1edbi c\u00e1c \u0111\u01b0\u1eddng k\u00ednh b\u00e1nh xe v\u00e0 chi\u1ec1u r\u1ed9ng l\u1ed1p sau:<\/li>\n<\/ul>\n<p>B\u00e1nh 650c<\/p>\n<p>B\u00e1nh \u00a029 &#8220;v\u1edbi gai l\u1ed1p v\u00e0 \/ ho\u1eb7c r\u1ed9ng h\u01a1n 1,5&#8221;<\/p>\n<p>B\u00e1nh \u00a026 &#8220;<\/p>\n","protected":false},"excerpt":{"rendered":"<p>\u0110\u01a1n gi\u1ea3n ng\u1ecdt ng\u00e0o\u00a0 Kh\u00f4ng l\u1ec9nh k\u1ec9nh. Kh\u00f4ng d\u00e2y nh\u1ee3. Kh\u00f4ng b\u1ef1c d\u1ecdc khi l\u1eafp r\u00e1p. N\u1ebfu b\u1ea1n \u0111ang t\u00ecm ki\u1ebfm m\u1ed9t thi\u1ebft b\u1ecb \u0111\u1ea1p xe<span class=\"excerpt-hellip\"> [\u2026]<\/span><\/p>\n","protected":false},"featured_media":4010,"comment_status":"closed","ping_status":"closed","template":"","meta":[],"product_cat":[111],"product_tag":[],"class_list":["post-4009","product","type-product","status-publish","has-post-thumbnail","hentry","product_cat-rulo-dap-xe"],"_links":{"self":[{"href":"https:\/\/xedop.com\/en\/wp-json\/wp\/v2\/product\/4009","targetHints":{"allow":["GET"]}}],"collection":[{"href":"https:\/\/xedop.com\/en\/wp-json\/wp\/v2\/product"}],"about":[{"href":"https:\/\/xedop.com\/en\/wp-json\/wp\/v2\/types\/product"}],"replies":[{"embeddable":true,"href":"https:\/\/xedop.com\/en\/wp-json\/wp\/v2\/comments?post=4009"}],"version-history":[{"count":1,"href":"https:\/\/xedop.com\/en\/wp-json\/wp\/v2\/product\/4009\/revisions"}],"predecessor-version":[{"id":4016,"href":"https:\/\/xedop.com\/en\/wp-json\/wp\/v2\/product\/4009\/revisions\/4016"}],"wp:featuredmedia":[{"embeddable":true,"href":"https:\/\/xedop.com\/en\/wp-json\/wp\/v2\/media\/4010"}],"wp:attachment":[{"href":"https:\/\/xedop.com\/en\/wp-json\/wp\/v2\/media?parent=4009"}],"wp:term":[{"taxonomy":"product_cat","embeddable":true,"href":"https:\/\/xedop.com\/en\/wp-json\/wp\/v2\/product_cat?post=4009"},{"taxonomy":"product_tag","embeddable":true,"href":"https:\/\/xedop.com\/en\/wp-json\/wp\/v2\/product_tag?post=4009"}],"curies":[{"name":"wp","href":"https:\/\/api.w.org\/{rel}","templated":true}]}}