{"id":4017,"date":"2025-06-07T15:39:39","date_gmt":"2025-06-07T08:39:39","guid":{"rendered":"https:\/\/xedop.com\/?post_type=product&#038;p=4017"},"modified":"2025-06-07T15:39:39","modified_gmt":"2025-06-07T08:39:39","slug":"rulo-dap-xe-trong-nha-saris-fluid-2","status":"publish","type":"product","link":"https:\/\/xedop.com\/en\/san-pham\/rulo-dap-xe-trong-nha-saris-fluid-2\/","title":{"rendered":"Rulo \u0111\u1ea1p xe trong nh\u00e0 SARIS Fluid 2"},"content":{"rendered":"<p><strong><em>Thi\u1ebft b\u1ecb \u0111\u1ea1p xe trong nh\u00e0 b\u00e1n ch\u1ea1y nh\u1ea5t t\u1ea1i M\u1ef9. X\u1ee9ng \u0111\u00e1ng cho m\u1ed7i bu\u1ed5i t\u1eadp\u00a0<\/em><\/strong><\/p>\n<p>Kh\u1ecfe h\u01a1n. Nhanh h\u01a1n. Nhi\u1ec1u th\u1eddi gian h\u01a1n. D\u00f9 m\u1ee5c ti\u00eau c\u1ee7a b\u1ea1n l\u00e0 g\u00ec, Fluid 2 s\u1ebd gi\u00fap b\u1ea1n t\u1eadn d\u1ee5ng t\u1ed1i \u0111a m\u1ed7i chuy\u1ebfn t\u1eadp luy\u1ec7n trong nh\u00e0. B\u00e1nh \u0111\u00e0 l\u1edbn, \u0111\u01b0\u1ee3c c\u00e2n b\u1eb1ng ch\u00ednh x\u00e1c (v\u1edbi thi\u1ebft k\u1ebf qu\u1ea1t \u0111\u00e3 \u0111\u01b0\u1ee3c c\u1ea5p b\u1eb1ng s\u00e1ng ch\u1ebf) cho ph\u00e9p b\u1ea1n d\u1ec5 d\u00e0ng t\u00f9y ch\u1ec9nh ch\u1ec9 b\u1eb1ng c\u00e1ch g\u1ea1c tay \u0111\u1ec1 nh\u01b0 khi b\u1ea1n \u0111ang \u1edf b\u00ean ngo\u00e0i. Thi\u1ebft k\u1ebf c\u1ee7a thi\u1ebft b\u1ecb c\u0169ng gi\u00fap gi\u1eef cho Fluid\u00b2 c\u1ee7a b\u1ea1n ho\u1ea1t \u0111\u1ed9ng t\u1ed1t h\u01a1n &#8211; b\u1ec1n h\u01a1n. V\u00e0 nh\u1edd v\u00e0o quy tr\u00ecnh s\u1ea3n xu\u1ea5t \u0111\u01b0\u1ee3c x\u00e2y d\u1ef1ng t\u1eeb tr\u01b0\u1edbc \u0111\u1ebfn nay c\u1ee7a Saris , Fluid\u00b2 c\u00f3 th\u1ec3 gi\u00fap b\u1ea1n chinh ph\u1ee5c li\u00ean t\u1ee5c c\u00e1c m\u1ee5c ti\u00eau.<\/p>\n<p>Mu\u1ed1n t\u1eadp luy\u1ec7n v\u1edbi Zwift ho\u1eb7c Rouvy? Mag c\u0169ng c\u00f3 th\u1ec3 l\u00e0m \u0111\u01b0\u1ee3c \u0111i\u1ec1u \u0111\u00f3. T\u1ea5t c\u1ea3 nh\u1eefng g\u00ec b\u1ea1n c\u1ea7n l\u00e0 m\u1ed9t c\u1ea3m bi\u1ebfn t\u1ed1c \u0111\u1ed9.<\/p>\n<p><strong><em>T\u00ednh n\u0103ng s\u1ea3n ph\u1ea9m\u00a0<\/em><\/strong><\/p>\n<ul>\n<li>B\u1ed9 kh\u00e1ng l\u1ef1c b\u1eb1ng ch\u1ea5t l\u1ecfng cung c\u1ea5p bu\u1ed5i t\u1eadp\u00a0y\u00ean t\u0129nh v\u00e0 nh\u1ea5t qu\u00e1n.<\/li>\n<li>M\u1ee9c kh\u00e1ng l\u1ef1c t\u0103ng d\u1ea7n mang l\u1ea1i ph\u1ea1m vi kh\u00e1ng l\u1ef1c\u00a0r\u1ed9ng nh\u1ea5t v\u00e0 c\u1ea3m gi\u00e1c gi\u1ed1ng nh\u01b0 tr\u00ean \u0111\u01b0\u1eddng.<\/li>\n<li>Thi\u1ebft b\u1ecb \u0111\u1ea1p xe trong nh\u00e0 b\u00e1n ch\u1ea1y nh\u1ea5t t\u1ea1i M\u1ef9.<\/li>\n<li>T\u01b0\u01a1ng th\u00edch v\u1edbi Zwift v\u00e0 c\u00e1c \u1ee9ng d\u1ee5ng \u0111\u1ea1p xe trong nh\u00e0 kh\u00e1c.<\/li>\n<\/ul>\n<p><strong><em>Th\u00f4ng s\u1ed1 k\u1ef9 thu\u1eadt\u00a0<\/em><\/strong><\/p>\n<ul>\n<li>\u0110\u1ed9 \u1ed3n: 69 decibel \u1edf 20 d\u1eb7m ( 32,18)\u00a0\u00a0\/ gi\u1edd<\/li>\n<li>B\u1ed9 kh\u00e1ng l\u1ef1c : Ch\u1ea5t l\u1ecfng, t\u1ea1o ra m\u1ed9t chuy\u1ebfn \u0111i y\u00ean t\u0129nh v\u00e0 nh\u1ea5t qu\u00e1n<\/li>\n<li>\u0110\u01b0\u1eddng kh\u00e1ng l\u1ef1c: T\u0103ng d\u1ea7n, cung c\u1ea5p ph\u1ea1m vi kh\u00e1ng l\u1ef1c\u00a0r\u1ed9ng nh\u1ea5t v\u00e0 c\u1ea3m gi\u00e1c gi\u1ed1ng nh\u01b0 \u0111\u01b0\u1eddng<\/li>\n<li>Tr\u1ecdng l\u01b0\u1ee3ng t\u1ed1i \u0111a (ng\u01b0\u1eddi l\u00e1i v\u00e0 xe \u0111\u1ea1p): 300 lbs ~ 135 kg<\/li>\n<\/ul>\n<p><strong><em>T\u01b0\u01a1ng th\u00edch v\u1edbi xe \u0111\u1ea1p:\u00a0<\/em><\/strong><\/p>\n<ul>\n<li>Bao g\u1ed3m 1 kho\u00e1 m\u1edf nhanh cho xe \u0111\u1ecba h\u00ecnh v\u00e0 xe \u0111\u01b0\u1eddng tr\u01b0\u1eddng\u00a0th\u00f4ng th\u01b0\u1eddng<\/li>\n<li>B\u1ed9 chuy\u1ec3n \u0111\u1ed5i Thru Axle :\u00a0\u0110\u01b0\u1ee3c b\u00e1n ri\u00eang cho xe \u0111\u1ea1p 142x12mm v\u00e0 148x12mm<\/li>\n<\/ul>\n<p>Cho 3 kho\u1ea3ng c\u00e1ch drop out :<\/p>\n<p>120mm\u00a0 \u00a0|\u00a0 \u00a0 130mm\u00a0 \u00a0 |\u00a0 \u00a0 \u00a0 135mm<\/p>\n<ul>\n<li>Con l\u0103n \u0111\u01a1n v\u1ecb l\u1ef1c c\u1ea3n 2 &#8220;t\u01b0\u01a1ng th\u00edch v\u1edbi c\u00e1c b\u00e1nh xe v\u00e0 chi\u1ec1u r\u1ed9ng l\u1ed1p sau:<\/li>\n<\/ul>\n<p>B\u00e1nh\u00a0\u00a0650b<\/p>\n<p>B\u00e1nh 700c<\/p>\n<p>B\u00e1nh 27,5 &#8221; l\u00ean \u0111\u1ebfn 2,0&#8243;\u00a0b\u1ec1 r\u1ed9ng<\/p>\n<p>B\u00e1nh\u00a0\u00a029 &#8221; n\u00ean \u0111\u1ebfn 1,5&#8243; v\u1edbi kh\u00f4ng\u00a0gai<\/p>\n<ul>\n<li>Mag kh\u00f4ng t\u01b0\u01a1ng th\u00edch v\u1edbi c\u00e1c \u0111\u01b0\u1eddng k\u00ednh b\u00e1nh xe v\u00e0 chi\u1ec1u r\u1ed9ng l\u1ed1p sau:<\/li>\n<\/ul>\n<p>B\u00e1nh\u00a0650c<\/p>\n<p>B\u00e1nh\u00a0 29 &#8220;v\u1edbi gai l\u1ed1p v\u00e0 \/ ho\u1eb7c r\u1ed9ng h\u01a1n 1,5&#8221;<\/p>\n<p>B\u00e1nh\u00a0 26 &#8220;<\/p>\n","protected":false},"excerpt":{"rendered":"<p>Thi\u1ebft b\u1ecb \u0111\u1ea1p xe trong nh\u00e0 b\u00e1n ch\u1ea1y nh\u1ea5t t\u1ea1i M\u1ef9. X\u1ee9ng \u0111\u00e1ng cho m\u1ed7i bu\u1ed5i t\u1eadp\u00a0 Kh\u1ecfe h\u01a1n. Nhanh h\u01a1n. Nhi\u1ec1u th\u1eddi gian h\u01a1n. D\u00f9<span class=\"excerpt-hellip\"> [\u2026]<\/span><\/p>\n","protected":false},"featured_media":4020,"comment_status":"closed","ping_status":"closed","template":"","meta":[],"product_cat":[111],"product_tag":[],"class_list":["post-4017","product","type-product","status-publish","has-post-thumbnail","hentry","product_cat-rulo-dap-xe"],"_links":{"self":[{"href":"https:\/\/xedop.com\/en\/wp-json\/wp\/v2\/product\/4017","targetHints":{"allow":["GET"]}}],"collection":[{"href":"https:\/\/xedop.com\/en\/wp-json\/wp\/v2\/product"}],"about":[{"href":"https:\/\/xedop.com\/en\/wp-json\/wp\/v2\/types\/product"}],"replies":[{"embeddable":true,"href":"https:\/\/xedop.com\/en\/wp-json\/wp\/v2\/comments?post=4017"}],"version-history":[{"count":1,"href":"https:\/\/xedop.com\/en\/wp-json\/wp\/v2\/product\/4017\/revisions"}],"predecessor-version":[{"id":4024,"href":"https:\/\/xedop.com\/en\/wp-json\/wp\/v2\/product\/4017\/revisions\/4024"}],"wp:featuredmedia":[{"embeddable":true,"href":"https:\/\/xedop.com\/en\/wp-json\/wp\/v2\/media\/4020"}],"wp:attachment":[{"href":"https:\/\/xedop.com\/en\/wp-json\/wp\/v2\/media?parent=4017"}],"wp:term":[{"taxonomy":"product_cat","embeddable":true,"href":"https:\/\/xedop.com\/en\/wp-json\/wp\/v2\/product_cat?post=4017"},{"taxonomy":"product_tag","embeddable":true,"href":"https:\/\/xedop.com\/en\/wp-json\/wp\/v2\/product_tag?post=4017"}],"curies":[{"name":"wp","href":"https:\/\/api.w.org\/{rel}","templated":true}]}}