{"id":4025,"date":"2025-06-07T15:42:06","date_gmt":"2025-06-07T08:42:06","guid":{"rendered":"https:\/\/xedop.com\/?post_type=product&#038;p=4025"},"modified":"2025-06-07T15:42:06","modified_gmt":"2025-06-07T08:42:06","slug":"rulo-dap-xe-trong-nha-wahoo-kickr-move-smart-trainer","status":"publish","type":"product","link":"https:\/\/xedop.com\/en\/san-pham\/rulo-dap-xe-trong-nha-wahoo-kickr-move-smart-trainer\/","title":{"rendered":"Rulo \u0111\u1ea1p xe trong nh\u00e0 WAHOO KICKR MOVE Smart Trainer"},"content":{"rendered":"<p>Wahoo KICKR MOVE mang \u0111\u1ebfn m\u1ed9t tr\u1ea3i nghi\u1ec7m \u0111\u1ea1p xe ho\u00e0n to\u00e0n m\u1edbi. V\u1edbi chuy\u1ec3n \u0111\u1ed9ng tr\u1ee5c k\u00e9p t\u00edch h\u1ee3p v\u00e0 c\u00f4ng ngh\u1ec7 b\u00e1nh \u0111\u00e0 KICKR huy\u1ec1n tho\u1ea1i, KICKR MOVE cho ph\u00e9p b\u1ea1n di chuy\u1ec3n t\u1ef1 do trong c\u00e1c chuy\u1ebfn \u0111i trong nh\u00e0 v\u00e0 t\u1eadp luy\u1ec7n. K\u1ebft qu\u1ea3 l\u00e0 tr\u1ea3i nghi\u1ec7m \u0111\u1ea1p xe tho\u1ea3i m\u00e1i v\u00e0 ch\u00e2n th\u1ef1c h\u01a1n bao gi\u1edd h\u1ebft. KICKR MOVE c\u0169ng c\u00f3 c\u00f4ng t\u1eafc kh\u00f3a \u0111\u1ec3 v\u00f4 hi\u1ec7u h\u00f3a chuy\u1ec3n \u0111\u1ed9ng. V\u1edbi l\u1ef1c c\u1ea3n h\u01a1n 2.200 watt v\u00e0 \u0111\u1ed9 ch\u00ednh x\u00e1c +\/- 1%, KICKR MOVE s\u1ebd g\u00e2y \u1ea5n t\u01b0\u1ee3ng v\u1edbi ngay c\u1ea3 nh\u1eefng ng\u01b0\u1eddi \u0111i xe \u0111\u1ea1p kh\u1ecfe nh\u1ea5t th\u1ebf gi\u1edbi.<\/p>\n<p><strong><em>\u0110i\u1ec3m n\u1ed5i b\u1eadt c\u1ee7a Wahoo KICKR MOVE<\/em><\/strong><\/p>\n<p>Chuy\u1ec3n \u0111\u1ed9ng hai tr\u1ee5c cho tr\u1ea3i nghi\u1ec7m l\u00e1i xe ch\u00e2n th\u1ef1c<\/p>\n<p>Chuy\u1ec3n \u0111\u1ed9ng v\u1ec1 ph\u00eda tr\u01b0\u1edbc, ph\u00eda sau v\u00e0 sang ngang<\/p>\n<p>ERG D\u1ec5 D\u00e0ng Ramp<\/p>\n<p>Ho\u1ea1t \u0111\u1ed9ng g\u1ea7n nh\u01b0 im l\u1eb7ng<\/p>\n<p>T\u1ef1 \u0111\u1ed9ng hi\u1ec7u chu\u1ea9n v\u00e0 c\u1eadp nh\u1eadt ch\u01b0\u01a1ng tr\u00ecnh c\u01a1 s\u1edf<\/p>\n<p><strong><em>T\u00ednh n\u0103ng c\u1ee7a Wahoo KICKR MOVE<\/em><\/strong><\/p>\n<p>S\u1ef1 tho\u1ea3i m\u00e1i t\u1ed1i \u0111a: KICKR MOVE mang \u0111\u1ebfn s\u1ef1 tho\u1ea3i m\u00e1i t\u1ed1i \u0111a cho nh\u1eefng chuy\u1ebfn \u0111\u1ea1p xe trong nh\u00e0 c\u1ee7a b\u1ea1n. Chuy\u1ec3n \u0111\u1ed9ng \u0111\u01b0\u1ee3c k\u00edch ho\u1ea1t b\u1edfi chuy\u1ec3n \u0111\u1ed9ng ti\u1ebfn-l\u00f9i gi\u00fap gi\u1ea3m m\u1ec7t m\u1ecfi v\u00e0 c\u1ea3i thi\u1ec7n hi\u1ec7u qu\u1ea3 t\u1ed5ng th\u1ec3, do \u0111\u00f3 b\u1ea1n c\u00f3 th\u1ec3 t\u1eadp luy\u1ec7n l\u00e2u h\u01a1n v\u00e0 ch\u0103m ch\u1ec9 h\u01a1n bao gi\u1edd h\u1ebft.<\/p>\n<p>B\u00e0n ch\u00e2n KICKR MOVE: B\u00e0n ch\u00e2n \u0111\u1ec7m c\u00f3 th\u1ec3 \u0111i\u1ec1u ch\u1ec9nh ph\u1ea3n \u1ee9ng v\u1edbi chuy\u1ec3n \u0111\u1ed9ng c\u1ee7a ng\u01b0\u1eddi l\u00e1i \u0111\u1ec3 m\u00f4 ph\u1ecfng chuy\u1ec3n \u0111\u1ed9ng sang hai b\u00ean tr\u00ean \u0111\u01b0\u1eddng.<\/p>\n<p>Ho\u1ea1t \u0111\u1ed9ng g\u1ea7n nh\u01b0 im l\u1eb7ng: Thi\u1ebft k\u1ebf c\u1ee7a KICKR MOVE mang \u0111\u1ebfn tr\u1ea3i nghi\u1ec7m l\u00e1i xe c\u1ef1c k\u1ef3 y\u00ean t\u0129nh.<\/p>\n<p>B\u00e1nh \u0111\u00e0 \u0111\u01b0\u1ee3c t\u1ed1i \u01b0u h\u00f3a: B\u00e1nh \u0111\u00e0 7,3 kg c\u1ee7a KICKR \u0111\u01b0\u1ee3c thi\u1ebft k\u1ebf \u0111\u1eb7c bi\u1ec7t \u0111\u1ec3 cung c\u1ea5p cho ng\u01b0\u1eddi \u0111\u1ea1p l\u1ef1c qu\u00e1n t\u00ednh ch\u00ednh x\u00e1c h\u01a1n m\u00e0 h\u1ecd c\u1ea7n \u0111\u1ec3 t\u1ea1o ra tr\u1ea3i nghi\u1ec7m \u0111\u1ea1p xe gi\u1ed1ng nh\u01b0 ngo\u00e0i tr\u1eddi khi luy\u1ec7n t\u1eadp trong nh\u00e0.<\/p>\n<p>\u0110\u1ed9 ch\u00ednh x\u00e1c c\u00f4ng su\u1ea5t +\/- 1% : \u0111\u1ed9 ch\u00ednh x\u00e1c c\u00f4ng su\u1ea5t \u0111\u01b0\u1ee3c c\u1ea3i thi\u1ec7n \u0111\u1ec3 cung c\u1ea5p ph\u00e9p \u0111o c\u00f4ng su\u1ea5t ch\u00ednh x\u00e1c v\u00e0 t\u1ea1o ra c\u00f4ng su\u1ea5t l\u00ean t\u1edbi 2200W.<\/p>\n<p>\u0110\u1ed9 d\u1ed1c m\u00f4 ph\u1ecfng: +20%\/ -10%.<\/p>\n<p>T\u1ef1 \u0111\u1ed9ng hi\u1ec7u chu\u1ea9n: KICKR MOVE t\u1ef1 \u0111\u1ed9ng hi\u1ec7u chu\u1ea9n trong khi di chuy\u1ec3n.<\/p>\n<p>C\u1ed5ng k\u1ebft n\u1ed1i tr\u1ef1c ti\u1ebfp: KICKR MOVE c\u00f3 c\u1ed5ng k\u1ebft n\u1ed1i tr\u1ef1c ti\u1ebfp v\u00e0 c\u00f3 th\u1ec3 t\u00edch h\u1ee3p v\u00e0o m\u1ea1ng gia \u0111\u00ecnh b\u1eb1ng b\u1ed9 \u0111i\u1ec1u h\u1ee3p t\u00f9y ch\u1ecdn.<\/p>\n<p>\u0110\u00e8n b\u00e1o LED : x\u00e1c nh\u1eadn tr\u1ef1c quan r\u1eb1ng KICKR \u0111\u00e3 \u0111\u01b0\u1ee3c c\u1ea5p ngu\u1ed3n, k\u1ebft n\u1ed1i v\u00e0 truy\u1ec1n qua Bluetooth v\u00e0\/ho\u1eb7c ANT+.<\/p>\n<p>K\u1ebft n\u1ed1i WiFi, ANT+, ANT+ FE-C v\u00e0 Bluetooth : WiFi cho ph\u00e9p b\u1ea1n k\u1ebft n\u1ed1i v\u1edbi m\u1ea1ng gia \u0111\u00ecnh d\u1ec5 d\u00e0ng h\u01a1n. Kh\u1ea3 n\u0103ng ANT+ v\u00e0 Bluetooth cho ph\u00e9p b\u1ea1n k\u1ebft n\u1ed1i v\u1edbi \u0111i\u1ec7n tho\u1ea1i th\u00f4ng minh v\u00e0 thi\u1ebft b\u1ecb GPS c\u00f9ng l\u00fac v\u00e0 ri\u00eang bi\u1ec7t. \u0110\u1ea7u n\u1ed1i ANT+ FE-C cho ph\u00e9p b\u1ea1n \u0111i\u1ec1u khi\u1ec3n KICKR t\u1eeb b\u1ea5t k\u1ef3 thi\u1ebft b\u1ecb ho\u1eb7c \u1ee9ng d\u1ee5ng n\u00e0o h\u1ed7 tr\u1ee3 FE-C.<\/p>\n<p>\u0110\u1ed9 b\u1ec1n chuy\u00ean nghi\u1ec7p : k\u1ebft c\u1ea5u th\u00e9p ch\u1eafc ch\u1eafn \u0111\u1ea3m b\u1ea3o KICKR lu\u00f4n c\u1ed1 \u0111\u1ecbnh v\u00e0 ho\u1ea1t \u0111\u1ed9ng t\u1ed1t trong nhi\u1ec1u n\u0103m s\u1eed d\u1ee5ng li\u00ean t\u1ee5c.<\/p>\n<p>Ki\u1ec3m so\u00e1t \u0111i\u1ec7n tr\u1edf: khi k\u1ebft n\u1ed1i v\u1edbi thi\u1ebft b\u1ecb, \u0111i\u1ec7n tr\u1edf s\u1ebd t\u1ef1 \u0111\u1ed9ng \u0111\u01b0\u1ee3c \u0111i\u1ec1u ch\u1ec9nh th\u00f4ng qua \u1ee9ng d\u1ee5ng ho\u1eb7c ph\u1ea7n m\u1ec1m y\u00eau th\u00edch c\u1ee7a b\u1ea1n.<\/p>\n<p>ERG Easy Ramp: Ch\u1ebf \u0111\u1ed9 ERG Easy Ramp gi\u00fap b\u1ea1n ch\u1eadm r\u00e3i \u0111\u1ea1t \u0111\u01b0\u1ee3c c\u00f4ng su\u1ea5t m\u1ee5c ti\u00eau trong nh\u1eefng kho\u1ea3ng th\u1eddi gian b\u1ecb gi\u00e1n \u0111o\u1ea1n, r\u1ea5t h\u1eefu \u00edch v\u00ec kh\u00f4ng ph\u1ea3i c\u1ea1nh tranh v\u1edbi s\u1ee9c c\u1ea3n cao ngay l\u1eadp t\u1ee9c.<\/p>\n<p>C\u1ea3m gi\u00e1c \u0111\u1ea1p xe ch\u00e2n th\u1ef1c: b\u00e1nh \u0111\u00e0 KICKR MOVE l\u00e0 c\u00f4ng ngh\u1ec7 ti\u00ean ti\u1ebfn v\u00e0 \u0111\u00e3 \u0111\u01b0\u1ee3c ch\u1ee9ng minh, m\u00f4 ph\u1ecfng s\u1ee9c m\u1ea1nh v\u00e0 qu\u00e1n t\u00ednh c\u1ee7a vi\u1ec7c \u0111\u1ea1p xe ngo\u00e0i tr\u1eddi. N\u00f3 mang l\u1ea1i tr\u1ea3i nghi\u1ec7m \u0111\u1ea1p xe ch\u00e2n th\u1ef1c nh\u1ea5t, \u0111\u1eb7c bi\u1ec7t l\u00e0 khi s\u1eed d\u1ee5ng n\u1ec1n t\u1ea3ng xe \u0111\u1ea1p\/luy\u1ec7n t\u1eadp \u1ea3o nh\u01b0 Zwift v\u00e0 Trainer Road.<\/p>\n<p>\u0110o t\u1ed1c \u0111\u1ed9, kho\u1ea3ng c\u00e1ch, c\u00f4ng su\u1ea5t v\u00e0 nh\u1ecbp \u0111\u1ea1p xe: thu th\u1eadp t\u1ea5t c\u1ea3 c\u00e1c s\u1ed1 li\u1ec7u quan tr\u1ecdng v\u1ec1 qu\u00e1 tr\u00ecnh \u0111\u1ea1p xe trong nh\u00e0 c\u1ee7a b\u1ea1n.<\/p>\n<p>Kh\u1ea3 n\u0103ng t\u01b0\u01a1ng th\u00edch v\u1edbi c\u00e1c \u1ee9ng d\u1ee5ng c\u1ee7a b\u00ean th\u1ee9 ba: ho\u1ea1t \u0111\u1ed9ng v\u1edbi c\u00e1c \u1ee9ng d\u1ee5ng luy\u1ec7n t\u1eadp ph\u1ed5 bi\u1ebfn nh\u01b0 Zwift v\u00e0 TrainerRoad.<\/p>\n<p>T\u01b0\u01a1ng th\u00edch v\u1edbi KICKR Climb &#8211; M\u00e1y m\u00f4 ph\u1ecfng leo n\u00fai trong nh\u00e0.<\/p>\n<p>T\u01b0\u01a1ng th\u00edch v\u1edbi KICKR Headwind &#8211; Qu\u1ea1t th\u00f4ng minh<\/p>\n<p>H\u1ed7 tr\u1ee3 cho \u0111\u1ed3ng h\u1ed3 \u0111o c\u00f4ng su\u1ea5t c\u1ee7a b\u00ean th\u1ee9 ba<\/p>\n<p><strong><em>D\u1eef li\u1ec7u k\u1ef9 thu\u1eadt c\u1ee7a Wahoo KICKR MOVE<\/em><\/strong><\/p>\n<p>K\u00edch th\u01b0\u1edbc b\u00e1nh sau: \u0110\u01b0\u1eddng tr\u01b0\u1eddng: 700c | MTB: 650b, 29&#8243;<\/p>\n<p>C\u00e1c lo\u1ea1i tr\u1ee5c t\u01b0\u01a1ng th\u00edch: 130\/135 th\u00e1o l\u1eafp nhanh v\u00e0 tr\u1ee5c xuy\u00ean 12&#215;142, 12&#215;148 (bao g\u1ed3m b\u1ed9 chuy\u1ec3n \u0111\u1ed5i v\u00e0 mi\u1ebfng \u0111\u1ec7m)<\/p>\n<p>B\u0103ng cassette \u0111i k\u00e8m: t\u01b0\u01a1ng th\u00edch v\u1edbi Campagnolo\/SRAM\/Shimano 11 t\u1ed1c \u0111\u1ed9 (11-28)<\/p>\n<p>C\u1ea7n mua\/l\u1eafp \u0111\u1eb7t b\u0103ng cassette: SRAM\/Shimano 8\/9\/10\/12 t\u1ed1c \u0111\u1ed9<\/p>\n<p>M\u00f4 ph\u1ecfng t\u1ed1i \u0111a: 20%<\/p>\n<p>Lo\u1ea1i \u0111i\u1ec7n tr\u1edf: \u0110i\u1ec7n t\u1eeb<\/p>\n<p>C\u1eadp nh\u1eadt ph\u1ea7n m\u1ec1m kh\u00f4ng d\u00e2y<\/p>\n<p>K\u1ebft n\u1ed1i: Bluetooth, WiFi, ANT+, giao th\u1ee9c FE-C (\u0110i\u1ec1u khi\u1ec3n thi\u1ebft b\u1ecb t\u1eadp th\u1ec3 d\u1ee5c)<\/p>\n<p>Thi\u1ebft b\u1ecb t\u01b0\u01a1ng th\u00edch: Android, Windows, Apple, PC (Mac v\u00e0 Windows)<\/p>\n<p>Tr\u1ecdng l\u01b0\u1ee3ng ng\u01b0\u1eddi d\u00f9ng t\u1ed1i \u0111a: 113,5 kg<\/p>\n<p>Y\u00eau c\u1ea7u v\u1ec1 ngu\u1ed3n \u0111i\u1ec7n: 100-240 V~1.5A 50-60 Hz<\/p>\n<p>C\u00f4ng su\u1ea5t \u0111\u1ea7u ra t\u1ed1i \u0111a: 2200 W<\/p>\n","protected":false},"excerpt":{"rendered":"<p>Wahoo KICKR MOVE mang \u0111\u1ebfn m\u1ed9t tr\u1ea3i nghi\u1ec7m \u0111\u1ea1p xe ho\u00e0n to\u00e0n m\u1edbi. V\u1edbi chuy\u1ec3n \u0111\u1ed9ng tr\u1ee5c k\u00e9p t\u00edch h\u1ee3p v\u00e0 c\u00f4ng ngh\u1ec7 b\u00e1nh \u0111\u00e0 KICKR<span class=\"excerpt-hellip\"> [\u2026]<\/span><\/p>\n","protected":false},"featured_media":4028,"comment_status":"closed","ping_status":"closed","template":"","meta":[],"product_cat":[111],"product_tag":[],"class_list":["post-4025","product","type-product","status-publish","has-post-thumbnail","hentry","product_cat-rulo-dap-xe"],"_links":{"self":[{"href":"https:\/\/xedop.com\/en\/wp-json\/wp\/v2\/product\/4025","targetHints":{"allow":["GET"]}}],"collection":[{"href":"https:\/\/xedop.com\/en\/wp-json\/wp\/v2\/product"}],"about":[{"href":"https:\/\/xedop.com\/en\/wp-json\/wp\/v2\/types\/product"}],"replies":[{"embeddable":true,"href":"https:\/\/xedop.com\/en\/wp-json\/wp\/v2\/comments?post=4025"}],"version-history":[{"count":1,"href":"https:\/\/xedop.com\/en\/wp-json\/wp\/v2\/product\/4025\/revisions"}],"predecessor-version":[{"id":4040,"href":"https:\/\/xedop.com\/en\/wp-json\/wp\/v2\/product\/4025\/revisions\/4040"}],"wp:featuredmedia":[{"embeddable":true,"href":"https:\/\/xedop.com\/en\/wp-json\/wp\/v2\/media\/4028"}],"wp:attachment":[{"href":"https:\/\/xedop.com\/en\/wp-json\/wp\/v2\/media?parent=4025"}],"wp:term":[{"taxonomy":"product_cat","embeddable":true,"href":"https:\/\/xedop.com\/en\/wp-json\/wp\/v2\/product_cat?post=4025"},{"taxonomy":"product_tag","embeddable":true,"href":"https:\/\/xedop.com\/en\/wp-json\/wp\/v2\/product_tag?post=4025"}],"curies":[{"name":"wp","href":"https:\/\/api.w.org\/{rel}","templated":true}]}}