{"id":4296,"date":"2025-06-08T10:39:25","date_gmt":"2025-06-08T03:39:25","guid":{"rendered":"https:\/\/xedop.com\/?post_type=product&#038;p=4296"},"modified":"2026-04-02T18:36:14","modified_gmt":"2026-04-02T11:36:14","slug":"bom-mini-floor-pump-giyo-gm-71","status":"publish","type":"product","link":"https:\/\/xedop.com\/en\/san-pham\/bom-mini-floor-pump-giyo-gm-71\/","title":{"rendered":"B\u01a1m Mini Floor Pumps Giyo GM-71"},"content":{"rendered":"<p>B\u01a1m s\u00e0n mini GM-71<\/p>\n<p>Tay c\u1ea7m ch\u1eef T hai t\u00f4ng m\u00e0u<br \/>\n\u1ed0ng b\u01a1m \u0111a n\u0103ng c\u00f3 th\u1ec3 xoay \u0111\u1ec3 d\u1ec5 s\u1eed d\u1ee5ng h\u01a1n<br \/>\nHo\u1ea1t \u0111\u1ed9ng nh\u01b0 m\u1ed9t b\u01a1m s\u00e0n mini<br \/>\nS\u1eed d\u1ee5ng \u0111\u01b0\u1ee3c c\u1ea3 van Presta v\u00e0 Schrader<br \/>\n\u0110\u1ed3ng h\u1ed3 \u0111o \u00e1p su\u1ea5t ch\u00ednh x\u00e1c<br \/>\nChi\u1ec1u d\u00e0i 11 inch<br \/>\n\u00c1p l\u1ef1c b\u01a1m t\u1ed1i \u0111a 140 psi<br \/>\nTr\u1ecdng l\u01b0\u1ee3ng 262g<\/p>\n","protected":false},"excerpt":{"rendered":"<p>B\u01a1m s\u00e0n mini GM-71 Tay c\u1ea7m ch\u1eef T hai t\u00f4ng m\u00e0u \u1ed0ng b\u01a1m \u0111a n\u0103ng c\u00f3 th\u1ec3 xoay \u0111\u1ec3 d\u1ec5 s\u1eed d\u1ee5ng h\u01a1n Ho\u1ea1t \u0111\u1ed9ng nh\u01b0<span class=\"excerpt-hellip\"> [\u2026]<\/span><\/p>\n","protected":false},"featured_media":4297,"comment_status":"closed","ping_status":"closed","template":"","meta":[],"product_cat":[79],"product_tag":[],"class_list":["post-4296","product","type-product","status-publish","has-post-thumbnail","hentry","product_cat-bom"],"_links":{"self":[{"href":"https:\/\/xedop.com\/en\/wp-json\/wp\/v2\/product\/4296","targetHints":{"allow":["GET"]}}],"collection":[{"href":"https:\/\/xedop.com\/en\/wp-json\/wp\/v2\/product"}],"about":[{"href":"https:\/\/xedop.com\/en\/wp-json\/wp\/v2\/types\/product"}],"replies":[{"embeddable":true,"href":"https:\/\/xedop.com\/en\/wp-json\/wp\/v2\/comments?post=4296"}],"version-history":[{"count":6,"href":"https:\/\/xedop.com\/en\/wp-json\/wp\/v2\/product\/4296\/revisions"}],"predecessor-version":[{"id":12180,"href":"https:\/\/xedop.com\/en\/wp-json\/wp\/v2\/product\/4296\/revisions\/12180"}],"wp:featuredmedia":[{"embeddable":true,"href":"https:\/\/xedop.com\/en\/wp-json\/wp\/v2\/media\/4297"}],"wp:attachment":[{"href":"https:\/\/xedop.com\/en\/wp-json\/wp\/v2\/media?parent=4296"}],"wp:term":[{"taxonomy":"product_cat","embeddable":true,"href":"https:\/\/xedop.com\/en\/wp-json\/wp\/v2\/product_cat?post=4296"},{"taxonomy":"product_tag","embeddable":true,"href":"https:\/\/xedop.com\/en\/wp-json\/wp\/v2\/product_tag?post=4296"}],"curies":[{"name":"wp","href":"https:\/\/api.w.org\/{rel}","templated":true}]}}