{"id":4324,"date":"2025-06-08T10:49:49","date_gmt":"2025-06-08T03:49:49","guid":{"rendered":"https:\/\/xedop.com\/?post_type=product&#038;p=4324"},"modified":"2025-06-08T10:49:52","modified_gmt":"2025-06-08T03:49:52","slug":"dung-dich-bao-ve-son-nham-muc-off-matt-finish-detailer","status":"publish","type":"product","link":"https:\/\/xedop.com\/en\/san-pham\/dung-dich-bao-ve-son-nham-muc-off-matt-finish-detailer\/","title":{"rendered":"Dung d\u1ecbch b\u1ea3o v\u1ec7 s\u01a1n nh\u00e1m Muc-Off Matt Finish Detailer"},"content":{"rendered":"<p>B\u1ea1n s\u1ebd kh\u00f4ng c\u00f2n c\u1ea3m gi\u00e1c kh\u00f3 ch\u1ecbu v\u1edbi d\u1ea5u v\u00e2n tay v\u00e0 v\u1ebft b\u00f3ng d\u1ea7u tr\u00ean chi\u1ebfc xe s\u01a1n nh\u00e1m y\u00eau qu\u00fd c\u1ee7a b\u1ea1n. Dung D\u1ecbch Cho L\u1edbp S\u01a1n Nh\u00e1m Muc Off Matt Finish Detailer l\u00e0 s\u1ea3n ph\u1ea9m m\u1edbi nh\u1ea5t c\u1ee7a gi\u00fap b\u1ea3o v\u1ec7 xe c\u1ee7a b\u1ea1n, \u0111\u01b0\u1ee3c ph\u00e1t tri\u1ec3n \u0111\u1eb7c bi\u1ec7t cho l\u1edbp s\u01a1n satin m\u1edd, s\u01a1n nh\u00e1m v\u00e0 l\u1edbp ph\u1ee7 vinyl m\u1edd \u0111\u1ed3ng th\u1eddi h\u1ea1n ch\u1ebf b\u1ee5i b\u00e1m.<\/p>\n<p>&nbsp;<\/p>\n<p><img decoding=\"async\" src=\"https:\/\/xedop.com\/wp-content\/uploads\/2025\/06\/dung-dich-bao-ve-son-nham-muc-off-matt-finish-detailer-4324.jpg\" \/><\/p>\n<p>&nbsp;<\/p>\n<h2>T\u00cdNH N\u0102NG N\u1ed4I B\u1eacT<\/h2>\n<ul>\n<li>C\u00f3 th\u1ec3 x\u1ecbt l\u00ean Xe \u0111\u1ea1p, Xe m\u00e1y, M\u00f4 t\u00f4\u00a0v\u00e0 \u00d4 t\u00f4 c\u00f3 s\u01a1n m\u1edd m\u1ed9t c\u00e1ch nhanh ch\u00f3ng v\u00e0 ti\u1ec7n d\u1ee5ng.<\/li>\n<li>Kh\u00f4ng b\u1ebft d\u00ednh, lo\u1ea1i b\u1ecf d\u1ea5u v\u00e2n tay v\u00e0 v\u1ebft b\u00f3ng tr\u00ean b\u1ec1 m\u1eb7t.<\/li>\n<li>\u0110\u01b0\u1ee3c nghi\u00ean c\u1ee9u \u0111\u1eb7c bi\u1ec7t cho b\u1ec1 m\u1eb7t s\u01a1n satin v\u00e0 nh\u00e1m.<\/li>\n<li>T\u1ea1o l\u1edbp b\u1ea3o v\u1ec7 tr\u00ean b\u1ec1 m\u1eb7t.<\/li>\n<li>An to\u00e0n cho c\u1ea3 xe s\u1ee3i carbon.<\/li>\n<li>Ph\u00e2n h\u1ee7y sinh h\u1ecdc, an to\u00e0n v\u1edbi m\u00f4i tr\u01b0\u1eddng.<\/li>\n<\/ul>\n<div><\/div>\n<div>\n<table>\n<tbody>\n<tr>\n<td><img decoding=\"async\" src=\"https:\/\/xedop.com\/wp-content\/uploads\/2025\/06\/dung-dich-bao-ve-son-nham-muc-off-matt-finish-detailer-4324-1.jpg\" \/><\/td>\n<td><img decoding=\"async\" src=\"https:\/\/xedop.com\/wp-content\/uploads\/2025\/06\/dung-dich-bao-ve-son-nham-muc-off-matt-finish-detailer-4324-2.jpg\" \/><\/td>\n<\/tr>\n<tr>\n<td>\n<h3>NG\u01af\u1edcI B\u1ea0N C\u1ee6A M\u1eccI M\u1eb6T S\u01a0N\u00a0NH\u00c1M<\/h3>\n<p>Kh\u00f4ng b\u1ebft d\u00ednh, lo\u1ea1i b\u1ecf d\u1ea5u v\u00e2n tay v\u00e0 v\u1ebft b\u00f3ng tr\u00ean b\u1ec1 m\u1eb7t s\u01a1n nh\u00e1m.<\/td>\n<td>\n<h3>H\u1ea0N CH\u1ebe B\u00c1M B\u1ee4I<\/h3>\n<p>Gi\u1eef cho xe b\u1ea1n s\u1ea1ch b\u1ee5i b\u00e1m.<\/td>\n<\/tr>\n<\/tbody>\n<\/table>\n<\/div>\n<p>&nbsp;<\/p>\n<h2>H\u01af\u1edaNG D\u1eaaN S\u1eec D\u1ee4NG:<\/h2>\n<ul>\n<li>B\u01b0\u1edbc 1 &#8211; L\u1eafc m\u1ea1nh chai.<\/li>\n<li>B\u01b0\u1edbc 2 &#8211; \u0110\u1ea3m b\u1ea3o b\u1ec1 m\u1eb7t xe \u0111\u01b0\u1ee3c lau s\u1ea1ch v\u00e0 kh\u00f4. Sau \u0111\u00f3 x\u1ecbt Dung D\u1ecbch Cho L\u1edbp S\u01a1n Nh\u00e1m Muc Off Matt Finish Detailer l\u00ean b\u1ea5t k\u1ef3 l\u1edbp s\u01a1n nh\u00e1m n\u00e0o.<\/li>\n<li>B\u01b0\u1edbc 3 &#8211; Lau b\u1eb1ng v\u1ea3i microfibre v\u00e0 \u0111\u1ec3 kh\u00f4.<\/li>\n<li>L\u01b0u \u00fd: B\u1ecdc l\u1ea1i th\u1eafng khi x\u1ecbt.<\/li>\n<\/ul>\n","protected":false},"excerpt":{"rendered":"<p>B\u1ea1n s\u1ebd kh\u00f4ng c\u00f2n c\u1ea3m gi\u00e1c kh\u00f3 ch\u1ecbu v\u1edbi d\u1ea5u v\u00e2n tay v\u00e0 v\u1ebft b\u00f3ng d\u1ea7u tr\u00ean chi\u1ebfc xe s\u01a1n nh\u00e1m y\u00eau qu\u00fd c\u1ee7a b\u1ea1n. Dung<span class=\"excerpt-hellip\"> [\u2026]<\/span><\/p>\n","protected":false},"featured_media":4325,"comment_status":"closed","ping_status":"closed","template":"","meta":[],"product_cat":[81],"product_tag":[],"class_list":["post-4324","product","type-product","status-publish","has-post-thumbnail","hentry","product_cat-bao-ve"],"_links":{"self":[{"href":"https:\/\/xedop.com\/en\/wp-json\/wp\/v2\/product\/4324","targetHints":{"allow":["GET"]}}],"collection":[{"href":"https:\/\/xedop.com\/en\/wp-json\/wp\/v2\/product"}],"about":[{"href":"https:\/\/xedop.com\/en\/wp-json\/wp\/v2\/types\/product"}],"replies":[{"embeddable":true,"href":"https:\/\/xedop.com\/en\/wp-json\/wp\/v2\/comments?post=4324"}],"version-history":[{"count":1,"href":"https:\/\/xedop.com\/en\/wp-json\/wp\/v2\/product\/4324\/revisions"}],"predecessor-version":[{"id":4333,"href":"https:\/\/xedop.com\/en\/wp-json\/wp\/v2\/product\/4324\/revisions\/4333"}],"wp:featuredmedia":[{"embeddable":true,"href":"https:\/\/xedop.com\/en\/wp-json\/wp\/v2\/media\/4325"}],"wp:attachment":[{"href":"https:\/\/xedop.com\/en\/wp-json\/wp\/v2\/media?parent=4324"}],"wp:term":[{"taxonomy":"product_cat","embeddable":true,"href":"https:\/\/xedop.com\/en\/wp-json\/wp\/v2\/product_cat?post=4324"},{"taxonomy":"product_tag","embeddable":true,"href":"https:\/\/xedop.com\/en\/wp-json\/wp\/v2\/product_tag?post=4324"}],"curies":[{"name":"wp","href":"https:\/\/api.w.org\/{rel}","templated":true}]}}