{"id":4334,"date":"2025-06-08T10:55:43","date_gmt":"2025-06-08T03:55:43","guid":{"rendered":"https:\/\/xedop.com\/?post_type=product&#038;p=4334"},"modified":"2025-06-08T10:55:45","modified_gmt":"2025-06-08T03:55:45","slug":"binh-xit-da-dung-chong-ri-set-muc-off-mo94-400ml","status":"publish","type":"product","link":"https:\/\/xedop.com\/en\/san-pham\/binh-xit-da-dung-chong-ri-set-muc-off-mo94-400ml\/","title":{"rendered":"B\u00ecnh x\u1ecbt \u0111a d\u1ee5ng ch\u1ed1ng r\u1ec9 s\u00e9t Muc-Off MO94 400ml"},"content":{"rendered":"<h2>T\u00cdNH N\u0102NG N\u1ed4I B\u1eacT<\/h2>\n<ul>\n<li>X\u1eed l\u00fd c\u00e1c b\u1ed9 ph\u1eadn b\u1ecb k\u1eb9t.<\/li>\n<li>Kh\u1eed \u1ea9m \u0111\u1ec3 ch\u1ed1ng g\u1ec9 s\u00e9t v\u00e0 \u0103n m\u00f2n.<\/li>\n<li>B\u00f4i tr\u01a1n nh\u1eb9 cho c\u00e1c b\u1ed9 ph\u1eadn chuy\u1ec3n \u0111\u1ed9ng.<\/li>\n<li>Gi\u1ea3m ti\u1ebfp x\u00fac gi\u1eefa c\u00e1c kim lo\u1ea1i.<\/li>\n<li>Ng\u0103n ch\u1eb7n s\u1ef1 b\u00e1m b\u1ea9n.<\/li>\n<li>C\u1eaft gi\u1ea3m ma s\u00e1t, c\u1ea3i thi\u1ec7n hi\u1ec7u qu\u1ea3.<\/li>\n<li>Th\u00e0nh ph\u1ea7n ph\u00e2n h\u1ee7y sinh h\u1ecdc, an to\u00e0n v\u1edbi m\u00f4i tr\u01b0\u1eddng.<\/li>\n<li>Dung t\u00edch 400ml v\u00e0 750ml<\/li>\n<\/ul>\n<div><\/div>\n<div>\n<p><img decoding=\"async\" src=\"https:\/\/xedop.com\/wp-content\/uploads\/2025\/06\/binh-xit-da-dung-chong-ri-set-muc-off-mo94-400ml-4334.jpg\" \/><\/p>\n<\/div>\n<div>\n<table>\n<tbody>\n<tr>\n<td><img decoding=\"async\" src=\"https:\/\/xedop.com\/wp-content\/uploads\/2025\/06\/binh-xit-da-dung-chong-ri-set-muc-off-mo94-400ml-4334-1.jpg\" \/><\/td>\n<td><img decoding=\"async\" src=\"https:\/\/xedop.com\/wp-content\/uploads\/2025\/06\/binh-xit-da-dung-chong-ri-set-muc-off-mo94-400ml-4334-2.jpg\" \/><\/td>\n<\/tr>\n<tr>\n<td>\n<h3>T\u1ea0O L\u1edaP PH\u1ee6 B\u1ea2O V\u1ec6 L\u00c2U D\u00c0I<\/h3>\n<p>Kh\u1eed \u1ea9m ch\u1ed1ng r\u1ec9 s\u00e9t v\u00e0 \u0103n m\u00f2n.<\/p>\n<p>&nbsp;<\/td>\n<td>\n<h3>B\u00d4I TR\u01a0N C\u00c1C B\u1ed8 PH\u1eacN CHUY\u1ec2N \u0110\u1ed8NG<\/h3>\n<p>Gi\u1ea3m ma s\u00e1t gi\u00fap c\u00e1c b\u1ed9 ph\u1eadn ho\u1ea1t \u0111\u1ed9ng tr\u01a1n tru v\u00e0 hi\u1ec7u qu\u1ea3.<\/td>\n<\/tr>\n<\/tbody>\n<\/table>\n<\/div>\n<p>&nbsp;<\/p>\n<h2>H\u01af\u1edaNG D\u1eaaN S\u1eec D\u1ee4NG:<\/h2>\n<ol>\n<li>D\u00f9ng\u00a0T\u1ea5m B\u1ea3o V\u1ec7 Th\u1eafng \u0110\u0129a\u00a0\u0111\u1ec3 tr\u00e1nh t\u00ecnh tr\u1ea1ng b\u1ecb x\u1ecbt v\u00e0o th\u1eafng \u0111\u0129a v\u00e0 g\u00f4m th\u1eafng.<\/li>\n<li>X\u1ecbt MO-94 v\u00e0o khu v\u1ef1c\u00a0mu\u1ed1n x\u1eed l\u00fd.<\/li>\n<li>C\u00f3 th\u1ec3 l\u1eafp \u1ed1ng nh\u1ecf \u0111\u1ec3 x\u1ecbt c\u00e1c b\u1ed9 ph\u1eadn nh\u1ecf ho\u1eb7c kh\u00f3 ti\u1ebfp c\u1eadn.<\/li>\n<li>\u0110\u1ec3 kh\u00f4 cho k\u1ebft qu\u1ea3 t\u1ed1t nh\u1ea5t.<\/li>\n<li>Lau s\u1ea1ch ph\u1ea7n\u00a0th\u1eeba b\u1eb1ng v\u1ea3i m\u1ec1m\u00a0microfibre<\/li>\n<\/ol>\n","protected":false},"excerpt":{"rendered":"<p>T\u00ecm ki\u1ebfm m\u1ed9t chai x\u1ecbt to\u00e0n di\u1ec7n? \u0110\u1eebng t\u00ecm \u0111\u00e2u xa! Muc-Off MO-94 v\u1edbi c\u00f4ng th\u1ee9c ph\u00e2n h\u1ee7y sinh h\u1ecdc m\u1edbi gi\u00fap th\u1ea9m th\u1ea5u \u0111\u1ed9 \u1ea9m nhanh ch\u00f3ng v\u00e0 hi\u1ec7u qu\u1ea3, b\u00f4i tr\u01a1n c\u00e1c b\u1ed9 ph\u1eadn chuy\u1ec3n \u0111\u1ed9ng v\u00e0 \u0111\u1ec3 l\u1ea1i l\u1edbp b\u1ea3o v\u1ec7 l\u00e2u d\u00e0i. MO-94 c\u00f2n ng\u0103n ch\u1eb7n s\u1ef1 b\u00e1m b\u1ea9n c\u0169ng nh\u01b0 kh\u1eed n\u01b0\u1edbc ch\u1ed1ng r\u1ec9 s\u00e9t v\u00e0 \u0103n m\u00f2n.<\/p>\n<p>Dung D\u1ecbch B\u00f4i Tr\u01a1n Ch\u1ed1ng R\u1ec9 S\u00e9t Muc Off MO-94 kh\u00f4ng ch\u1ec9 s\u1eed d\u1ee5ng cho xe \u0111\u1ea1p, xe m\u00e1y hay xe h\u01a1i m\u00e0 c\u00f3 th\u1ec3 s\u1eed d\u1ee5ng trong nhi\u1ec1u tr\u01b0\u1eddng h\u1ee3p, nh\u01b0 b\u1ea3n l\u1ec1 c\u1eeda l\u00e1ch c\u00e1ch, kh\u00f3a g\u1ec9 hay bu-l\u00f4ng, con \u1ed1c kh\u00f4ng v\u1eb7n \u0111\u01b0\u1ee3c, MO-94 l\u00e0 t\u1ea5t c\u1ea3 nh\u1eefng g\u00ec b\u1ea1n c\u1ea7n.<\/p>\n<p><em>* Kh\u00f4ng \u00e1p d\u1ee5ng Dung D\u1ecbch B\u00f4i Tr\u01a1n Ch\u1ed1ng R\u1ec9 S\u00e9t Muc Off MO-94 cho l\u1ed1p\/v\u1ecf xe v\u00e0 b\u1ec1 m\u1eb7t phanh\/th\u1eafng c\u1ee7a b\u1ea1n!<\/em><\/p>\n","protected":false},"featured_media":4335,"comment_status":"closed","ping_status":"closed","template":"","meta":[],"product_cat":[81],"product_tag":[],"class_list":["post-4334","product","type-product","status-publish","has-post-thumbnail","hentry","product_cat-bao-ve"],"_links":{"self":[{"href":"https:\/\/xedop.com\/en\/wp-json\/wp\/v2\/product\/4334","targetHints":{"allow":["GET"]}}],"collection":[{"href":"https:\/\/xedop.com\/en\/wp-json\/wp\/v2\/product"}],"about":[{"href":"https:\/\/xedop.com\/en\/wp-json\/wp\/v2\/types\/product"}],"replies":[{"embeddable":true,"href":"https:\/\/xedop.com\/en\/wp-json\/wp\/v2\/comments?post=4334"}],"version-history":[{"count":1,"href":"https:\/\/xedop.com\/en\/wp-json\/wp\/v2\/product\/4334\/revisions"}],"predecessor-version":[{"id":4343,"href":"https:\/\/xedop.com\/en\/wp-json\/wp\/v2\/product\/4334\/revisions\/4343"}],"wp:featuredmedia":[{"embeddable":true,"href":"https:\/\/xedop.com\/en\/wp-json\/wp\/v2\/media\/4335"}],"wp:attachment":[{"href":"https:\/\/xedop.com\/en\/wp-json\/wp\/v2\/media?parent=4334"}],"wp:term":[{"taxonomy":"product_cat","embeddable":true,"href":"https:\/\/xedop.com\/en\/wp-json\/wp\/v2\/product_cat?post=4334"},{"taxonomy":"product_tag","embeddable":true,"href":"https:\/\/xedop.com\/en\/wp-json\/wp\/v2\/product_tag?post=4334"}],"curies":[{"name":"wp","href":"https:\/\/api.w.org\/{rel}","templated":true}]}}