{"id":4365,"date":"2025-06-08T11:06:39","date_gmt":"2025-06-08T04:06:39","guid":{"rendered":"https:\/\/xedop.com\/?post_type=product&#038;p=4365"},"modified":"2025-06-08T11:06:41","modified_gmt":"2025-06-08T04:06:41","slug":"binh-xit-chong-ri-set-va-bao-ve-muc-off-hcb-1-400ml","status":"publish","type":"product","link":"https:\/\/xedop.com\/en\/san-pham\/binh-xit-chong-ri-set-va-bao-ve-muc-off-hcb-1-400ml\/","title":{"rendered":"B\u00ecnh x\u1ecbt ch\u1ed1ng r\u1ec9 s\u00e9t v\u00e0 b\u1ea3o v\u1ec7 Muc-Off HCB-1 400ml"},"content":{"rendered":"<h2>T\u00cdNH N\u0102NG N\u1ed4I B\u1eacT<\/h2>\n<ul>\n<li>T\u00e2\u0309y r\u01b0\u0309a v\u00ea\u0301t\u00a0r\u1ec9 s\u00e9t hi\u1ec7n c\u00f3 nhanh cho\u0301ng va\u0300 d\u00ea\u0303 da\u0300ng<\/li>\n<li>H\u01a1n 300 gi\u1edd phun mu\u1ed1i theo ti\u00eau chu\u1ea9n ASTM B-117<\/li>\n<li>Ta\u0323o n\u00ean l\u01a1\u0301p m\u00e0ng m\u1ecfng trong su\u1ed1t ba\u0309o v\u00ea\u0323<\/li>\n<li>Ho\u1ea1t \u0111\u1ed9ng mao d\u1eabn m\u1ea1nh m\u1ebd cho ph\u00e9p s\u1ea3n ph\u1ea9m\u00a0l\u00e2\u0301p ca\u0301c\u00a0v\u1ebft n\u1ee9t v\u00e0 k\u1ebd h\u1edf<\/li>\n<li>Co\u0301 th\u00ea\u0309\u00a0du\u0300ng \u0111\u00ea\u0300n UV \u0111\u1ec3 ki\u00ea\u0309m tra \u0111a\u0309m ba\u0309o \u0111\u00f4\u0323 phu\u0309 toa\u0300n di\u00ea\u0323n (sa\u0309n ph\u00e2\u0309m kh\u00f4ng bao g\u00f4\u0300m \u0111e\u0300n UV)<\/li>\n<li>Kha\u0301ng \u0111\u01b0\u01a1\u0323c nhi\u00ea\u0323t \u0111\u00f4\u0323\u00a0n\u00f3ng, l\u1ea1nh v\u00e0 n\u01b0\u01a1\u0301c bi\u00ea\u0309n<\/li>\n<li>L\u00fd t\u01b0\u1edfng \u0111\u1ec3 s\u1eed d\u1ee5ng trong m\u00f4i tr\u01b0\u1eddng kh\u1eafc nghi\u1ec7t<\/li>\n<li>T\u1ea1o\u00a0l\u01a1\u0301p ba\u0309o v\u00ea\u0323\u00a0t\u1ef1 ph\u1ee5c h\u1ed3i, ho\u1ea1t \u0111\u1ed9ng t\u00f4\u0301t trong\u00a0th\u01a1\u0300i gian\u00a012 th\u00e1ng<\/li>\n<li>Kh\u00f4ng ch\u1ee9a tha\u0300nh ph\u00e2\u0300n sa\u0301p silico, Teflon ho\u1eb7c n\u01b0\u1edbc<\/li>\n<li>Th\u00edch h\u1ee3p cho xe \u0111\u1ea1p, xe \u0111\u1ea1p \u0111i\u1ec7n, xe m\u00e1y v\u00e0 xe m\u00f4 t\u00f4.<\/li>\n<li>An to\u00e0n s\u1eed d\u1ee5ng tr\u00ean c\u00e1c b\u1ed9 ph\u1eadn \u0111i\u1ec7n, b\u00ea\u0300 m\u0103\u0323t s\u01a1n v\u00e0 nh\u1ef1a c\u1ee9ng.<\/li>\n<\/ul>\n<p><em>CA\u0309NH BA\u0301O: B\u00ecnh x\u1ecbt d\u1ec5 ch\u00e1y, \u00e1p su\u1ea5t b\u00ecnh ch\u1ee9a c\u00f3 th\u1ec3 g\u00e2y n\u1ed5 n\u1ebfu b\u1ecb \u0111\u1ed1t n\u00f3ng. Tr\u00e1nh xa t\u1ea7m tay tr\u1ebb em.\u00a0<\/em><\/p>\n<div><\/div>\n<div>\n<p><img decoding=\"async\" src=\"https:\/\/xedop.com\/wp-content\/uploads\/2025\/06\/binh-xit-chong-ri-set-va-bao-ve-muc-off-hcb-1-400ml-4365.jpg\" \/><\/p>\n<\/div>\n<div>\n<table>\n<tbody>\n<tr>\n<td><img decoding=\"async\" src=\"https:\/\/xedop.com\/wp-content\/uploads\/2025\/06\/binh-xit-chong-ri-set-va-bao-ve-muc-off-hcb-1-400ml-4365-1.jpg\" \/><\/td>\n<td><img decoding=\"async\" src=\"https:\/\/xedop.com\/wp-content\/uploads\/2025\/06\/binh-xit-chong-ri-set-va-bao-ve-muc-off-hcb-1-400ml-4365-2.jpg\" \/><\/td>\n<\/tr>\n<tr>\n<td>\n<h3>CH\u00d4\u0301NG \u0102N MO\u0300N MA\u0323NH ME\u0303<\/h3>\n<p>C\u00f4ng th\u1ee9c hi\u1ec7n \u0111\u1ea1i cung c\u1ea5p kh\u1ea3 n\u0103ng b\u1ea3o v\u1ec7 ch\u1ed1ng \u0103n m\u00f2n hi\u00ea\u0323u qua\u0309 v\u00e0 kh\u1ea3 n\u0103ng ch\u1ed1ng nhi\u00ea\u0323t \u0111\u00f4\u0323 v\u00e0 n\u01b0\u1edbc bi\u00ea\u0309n b\u1eb1ng c\u00e1ch t\u1ea1o ra m\u1ed9t l\u01a1\u0301p ba\u0309o v\u00ea\u0323 b\u1ec1n v\u1eefng trong m\u1ecd \u0111i\u00ea\u0300u ki\u00ea\u0323n th\u01a1\u0300i ti\u1ebft tr\u00ean khung xe, s\u00ean, c\u00e1c b\u1ed9 ph\u1eadn kim lo\u1ea1i v\u00e0 b\u00ea\u0300 m\u0103\u0323t s\u01a1n.<\/td>\n<td>\n<h3>HI\u00ca\u0323U QUA\u0309 L\u00c2U DA\u0300I<\/h3>\n<p>HCB-1 cung c\u00e2\u0301p kha\u0309 n\u0103ng ba\u0309o v\u00ea\u0323 l\u00ean \u0111\u00ea\u0301n 12 tha\u0301ng giu\u0301p ba\u0323n thoa\u0309i ma\u0301i s\u01b0\u0309 du\u0323ng ma\u0300 kh\u00f4ng c\u00e2\u0300n lo nghi\u0303. Kha\u0309 n\u0103ng pha\u0301t quang d\u01b0\u01a1\u0301i \u0111e\u0300n UV giu\u0301p ba\u0323n ki\u00ea\u0309m tra \u0111\u00f4\u0323 phu\u0309 \u0111\u00ea\u0309 \u0111a\u0309m ba\u0309o t\u00f4\u0301i \u01b0u s\u01b0\u0323 ba\u0309o v\u00ea\u0323.<\/td>\n<\/tr>\n<\/tbody>\n<\/table>\n<\/div>\n<p>&nbsp;<\/p>\n<h2>H\u01af\u01a0\u0301NG D\u00c2\u0303N S\u1eec D\u1ee4NG<\/h2>\n<ul>\n<li>V\u00ea\u0323 sinh sa\u0323ch se\u0303\u00a0v\u00e0\u00a0lau\u00a0kh\u00f4 b\u1ec1 m\u1eb7t tr\u01b0\u1edbc khi xi\u0323t. Ti\u00ea\u0301n ha\u0300nh xi\u0323t ki\u1ec3m tra\u00a0tr\u00ean m\u1ed9t khu v\u1ef1c nh\u1ecf\u00a0tr\u01b0\u1edbc khi phun ph\u1ee7 ho\u00e0n to\u00e0n.<\/li>\n<li>Tr\u01b0\u1edbc khi s\u1eed d\u1ee5ng, h\u00e3y \u0111\u1ea3m b\u1ea3o b\u1ec1 m\u1eb7t m\u00e1t v\u00e0 tr\u00e1nh \u00e1nh n\u1eafng tr\u1ef1c ti\u1ebfp<\/li>\n<li>L\u1eafc\u00a0chai\u00a0tr\u01b0\u01a1\u0301c khi s\u01b0\u0309 du\u0323ng. B\u1ea1n c\u00f3 th\u1ec3 s\u1eed d\u1ee5ng \u1ed1ng\u00a0phun\u00a0khi xi\u0323t ca\u0301c go\u0301c nho\u0309.<\/li>\n<li>Ph\u1ee7 m\u1ed9t l\u1edbp m\u00e0ng m\u1ecfng, \u0111\u1ec1u l\u00ean b\u1ec1 m\u1eb7t b\u1ea1n mu\u1ed1n b\u1ea3o v\u1ec7* v\u00e0 \u0111\u1ec3 kh\u00f4 ho\u00e0n to\u00e0n. N\u00ea\u0301u co\u0301 th\u00ea\u0309, ha\u0303y \u0111\u01a1\u0323i\u00a0\u0111\u1ebfn 24 gi\u1edd nh\u0103\u0300m mang l\u1ea1i s\u1ef1 b\u1ea3o v\u1ec7 t\u1ed1t nh\u1ea5t.<\/li>\n<li>Ki\u1ec3m tra \u0111\u1ed9 ph\u1ee7 b\u1eb1ng \u0111\u00e8n UV (kh\u00f4ng \u0111i ke\u0300m sa\u0309n ph\u00e2\u0309m)<\/li>\n<\/ul>\n<p><em>* L\u01b0u y\u0301 kh\u00f4ng \u00e1p d\u1ee5ng l\u00ean b\u1ec1 m\u1eb7t l\u1ed1p\/vo\u0309 v\u00e0 b\u1ec1 m\u1eb7t phanh\/th\u0103\u0301ng.<\/em><\/p>\n","protected":false},"excerpt":{"rendered":"<p>T\u00cdNH N\u0102NG N\u1ed4I B\u1eacT T\u00e2\u0309y r\u01b0\u0309a v\u00ea\u0301t\u00a0r\u1ec9 s\u00e9t hi\u1ec7n c\u00f3 nhanh cho\u0301ng va\u0300 d\u00ea\u0303 da\u0300ng H\u01a1n 300 gi\u1edd phun mu\u1ed1i theo ti\u00eau chu\u1ea9n ASTM B-117 Ta\u0323o<span class=\"excerpt-hellip\"> [\u2026]<\/span><\/p>\n","protected":false},"featured_media":4366,"comment_status":"closed","ping_status":"closed","template":"","meta":[],"product_cat":[81],"product_tag":[],"class_list":["post-4365","product","type-product","status-publish","has-post-thumbnail","hentry","product_cat-bao-ve"],"_links":{"self":[{"href":"https:\/\/xedop.com\/en\/wp-json\/wp\/v2\/product\/4365","targetHints":{"allow":["GET"]}}],"collection":[{"href":"https:\/\/xedop.com\/en\/wp-json\/wp\/v2\/product"}],"about":[{"href":"https:\/\/xedop.com\/en\/wp-json\/wp\/v2\/types\/product"}],"replies":[{"embeddable":true,"href":"https:\/\/xedop.com\/en\/wp-json\/wp\/v2\/comments?post=4365"}],"version-history":[{"count":1,"href":"https:\/\/xedop.com\/en\/wp-json\/wp\/v2\/product\/4365\/revisions"}],"predecessor-version":[{"id":4374,"href":"https:\/\/xedop.com\/en\/wp-json\/wp\/v2\/product\/4365\/revisions\/4374"}],"wp:featuredmedia":[{"embeddable":true,"href":"https:\/\/xedop.com\/en\/wp-json\/wp\/v2\/media\/4366"}],"wp:attachment":[{"href":"https:\/\/xedop.com\/en\/wp-json\/wp\/v2\/media?parent=4365"}],"wp:term":[{"taxonomy":"product_cat","embeddable":true,"href":"https:\/\/xedop.com\/en\/wp-json\/wp\/v2\/product_cat?post=4365"},{"taxonomy":"product_tag","embeddable":true,"href":"https:\/\/xedop.com\/en\/wp-json\/wp\/v2\/product_tag?post=4365"}],"curies":[{"name":"wp","href":"https:\/\/api.w.org\/{rel}","templated":true}]}}