{"id":4379,"date":"2025-06-08T11:11:05","date_gmt":"2025-06-08T04:11:05","guid":{"rendered":"https:\/\/xedop.com\/?post_type=product&#038;p=4379"},"modified":"2025-06-08T11:11:05","modified_gmt":"2025-06-08T04:11:05","slug":"thao-truc-rong-super-b-tb-8919","status":"publish","type":"product","link":"https:\/\/xedop.com\/en\/san-pham\/thao-truc-rong-super-b-tb-8919\/","title":{"rendered":"Th\u00e1o tr\u1ee5c r\u1ed7ng Super B TB-8919"},"content":{"rendered":"<div><\/div>\n<div>\n<div>SuperBiketool Taiwan v\u1edbi l\u1ecbch s\u1eed 20 n\u0103m th\u00e0nh l\u1eadp trong l\u0129nh v\u1ef1c d\u1ee5ng c\u1ee5 c\u1ea7m tay v\u00e0 h\u01a1n 10 n\u0103m thi\u1ebft k\u1ebf v\u00e0 s\u1ea3n xu\u1ea5t d\u1ee5ng c\u1ee5 cho xe \u0111\u1ea1p, s\u1ebd mang \u0111\u1ebfn cho qu\u00ed kh\u00e1ch h\u00e0ng nh\u1eefng s\u1ea3n ph\u1ea9m tuy\u1ec7t v\u1eddi v\u1ec1 hi\u1ec7u qu\u1ea3 s\u1eed d\u1ee5ng, \u0111\u1ed9 b\u1ec1n cao, d\u1ec5 thao t\u00e1c, tho\u1ea3i m\u00e1i khi s\u1eed d\u1ee5ng. H\u01a1n 200 m\u1eb7t h\u00e0ng v\u00e0 tr\u00ean 20 m\u1eabu m\u00e3 m\u1edbi ra m\u1eaft m\u1ed7i n\u0103m s\u1eb5n s\u00e0ng \u0111\u00e1p \u1ee9ng m\u1ecdi nhu c\u1ea7u c\u1ee7a ng\u01b0\u1eddi d\u00f9ng t\u1eeb k\u0129 thu\u1eadt chuy\u00ean nghi\u1ec7p cho \u0111\u1ebfn nh\u1eefng ng\u01b0\u1eddi nghi\u1ec7p d\u01b0.<\/div>\n<\/div>\n<div>\n<div><\/div>\n<\/div>\n<div>\n<div>Th\u00e1o tr\u1ee5c r\u1ed7ng Super B TB-8919<span data-offset-key=\"og4p-0-0\"> &#8211; \u0110\u1eb7c \u0111i\u1ec3m n\u1ed5i b\u1eadt v\u00e0 th\u00f4ng s\u1ed1 k\u0129 thu\u1eadt:<\/span><\/div>\n<\/div>\n<div>\n<div><span data-offset-key=\"d2s42-0-0\">&#8211; \u0110\u01b0\u1ee3c l\u00e0m t\u1eeb h\u1ee3p kim th\u00e9p si\u00eau c\u1ee9ng, kh\u00f4ng g\u1ec9, ch\u1ed1ng m\u00e0i m\u00f2n v\u00e0 bi\u1ebfn d\u1ea1ng<\/span><\/div>\n<\/div>\n<div>\n<div><span data-offset-key=\"576ci-0-0\">&#8211; Thi\u1ebft k\u1ebf ch\u1eafc ch\u1eafn v\u1edbi tay c\u1ea7m nh\u1ef1a \u00eam \u00e1i ch\u1ed1ng tr\u01b0\u1ee3t<\/span><\/div>\n<\/div>\n<div>\n<div><span data-offset-key=\"2jl22-0-0\">&#8211; Tay c\u1ea7m vu\u00f4ng \u0111\u01b0\u1ee3c bo tr\u00f2n c\u00e1c c\u1ea1nh ch\u1eafc ch\u1eafn v\u00e0 t\u1ea1o s\u1ef1 tho\u1ea3i m\u00e1i cho ng\u01b0\u1eddi d\u00f9ng<\/span><\/div>\n<\/div>\n<div>\n<div><span data-offset-key=\"3o2m-0-0\">&#8211; S\u1eed d\u1ee5ng \u0111\u1ec3 th\u00e1o tr\u1ee5c r\u1ed7ng xe \u0111\u1ea1p<\/span><\/div>\n<\/div>\n","protected":false},"excerpt":{"rendered":"<p>SuperBiketool Taiwan v\u1edbi l\u1ecbch s\u1eed 20 n\u0103m th\u00e0nh l\u1eadp trong l\u0129nh v\u1ef1c d\u1ee5ng c\u1ee5 c\u1ea7m tay v\u00e0 h\u01a1n 10 n\u0103m thi\u1ebft k\u1ebf v\u00e0 s\u1ea3n xu\u1ea5t d\u1ee5ng<span class=\"excerpt-hellip\"> [\u2026]<\/span><\/p>\n","protected":false},"featured_media":4380,"comment_status":"closed","ping_status":"closed","template":"","meta":[],"product_cat":[84],"product_tag":[],"class_list":["post-4379","product","type-product","status-publish","has-post-thumbnail","hentry","product_cat-dung-cu-sua-chua"],"_links":{"self":[{"href":"https:\/\/xedop.com\/en\/wp-json\/wp\/v2\/product\/4379","targetHints":{"allow":["GET"]}}],"collection":[{"href":"https:\/\/xedop.com\/en\/wp-json\/wp\/v2\/product"}],"about":[{"href":"https:\/\/xedop.com\/en\/wp-json\/wp\/v2\/types\/product"}],"replies":[{"embeddable":true,"href":"https:\/\/xedop.com\/en\/wp-json\/wp\/v2\/comments?post=4379"}],"version-history":[{"count":1,"href":"https:\/\/xedop.com\/en\/wp-json\/wp\/v2\/product\/4379\/revisions"}],"predecessor-version":[{"id":4382,"href":"https:\/\/xedop.com\/en\/wp-json\/wp\/v2\/product\/4379\/revisions\/4382"}],"wp:featuredmedia":[{"embeddable":true,"href":"https:\/\/xedop.com\/en\/wp-json\/wp\/v2\/media\/4380"}],"wp:attachment":[{"href":"https:\/\/xedop.com\/en\/wp-json\/wp\/v2\/media?parent=4379"}],"wp:term":[{"taxonomy":"product_cat","embeddable":true,"href":"https:\/\/xedop.com\/en\/wp-json\/wp\/v2\/product_cat?post=4379"},{"taxonomy":"product_tag","embeddable":true,"href":"https:\/\/xedop.com\/en\/wp-json\/wp\/v2\/product_tag?post=4379"}],"curies":[{"name":"wp","href":"https:\/\/api.w.org\/{rel}","templated":true}]}}