{"id":4401,"date":"2025-06-08T11:19:49","date_gmt":"2025-06-08T04:19:49","guid":{"rendered":"https:\/\/xedop.com\/?post_type=product&#038;p=4401"},"modified":"2025-06-08T11:19:49","modified_gmt":"2025-06-08T04:19:49","slug":"can-dien-tu-super-b-tb-ds10","status":"publish","type":"product","link":"https:\/\/xedop.com\/en\/san-pham\/can-dien-tu-super-b-tb-ds10\/","title":{"rendered":"C\u00e2n \u0111i\u1ec7n t\u1eed Super B TB-DS10"},"content":{"rendered":"<p><span>\u00a0C\u00e2n k\u1ef9 thu\u1eadt s\u1ed1 \u0111a n\u0103ng \u0111\u01b0\u1ee3c thi\u1ebft k\u1ebf \u0111\u1ec3 \u0111o tr\u1ecdng l\u01b0\u1ee3ng ch\u00ednh x\u00e1c c\u1ee7a xe \u0111\u1ea1p, khung v\u00e0 linh ki\u1ec7n.\u00a0<\/span><\/p>\n<p><span>\u2022Th\u01b0\u01a1ng hi\u1ec7u Super B.\u00a0<\/span><\/p>\n<p><span>\u2022 \u0110o tr\u1ecdng l\u01b0\u1ee3ng t\u1eeb 20g ~ 50 kg v\u1edbi kg \/ lbs.\u00a0chuy\u1ec3n \u0111\u1ed5i \u0111\u01a1n v\u1ecb.\u00a0<\/span><\/p>\n<p><span>\u2022 Ch\u00ednh x\u00e1c \u0111\u1ebfn \u00b1 5 g t\u1eeb 20 g \u0111\u1ebfn 10 kg, \u00b1 10 g t\u1eeb 10 kg \u0111\u1ebfn 50 kg.\u00a0<\/span><\/p>\n<p><span>\u2022 Ch\u1ee9c n\u0103ng Tare v\u00e0 t\u1ef1 \u0111\u1ed9ng t\u1eaft ngu\u1ed3n.\u00a0<\/span><\/p>\n<p><span>\u2022 Y\u00eau c\u1ea7u 2 pin AAA.<\/span><\/p>\n","protected":false},"excerpt":{"rendered":"<p>\u00a0C\u00e2n k\u1ef9 thu\u1eadt s\u1ed1 \u0111a n\u0103ng \u0111\u01b0\u1ee3c thi\u1ebft k\u1ebf \u0111\u1ec3 \u0111o tr\u1ecdng l\u01b0\u1ee3ng ch\u00ednh x\u00e1c c\u1ee7a xe \u0111\u1ea1p, khung v\u00e0 linh ki\u1ec7n.\u00a0 \u2022Th\u01b0\u01a1ng hi\u1ec7u Super B.\u00a0<span class=\"excerpt-hellip\"> [\u2026]<\/span><\/p>\n","protected":false},"featured_media":4402,"comment_status":"closed","ping_status":"closed","template":"","meta":[],"product_cat":[84],"product_tag":[],"class_list":["post-4401","product","type-product","status-publish","has-post-thumbnail","hentry","product_cat-dung-cu-sua-chua"],"_links":{"self":[{"href":"https:\/\/xedop.com\/en\/wp-json\/wp\/v2\/product\/4401","targetHints":{"allow":["GET"]}}],"collection":[{"href":"https:\/\/xedop.com\/en\/wp-json\/wp\/v2\/product"}],"about":[{"href":"https:\/\/xedop.com\/en\/wp-json\/wp\/v2\/types\/product"}],"replies":[{"embeddable":true,"href":"https:\/\/xedop.com\/en\/wp-json\/wp\/v2\/comments?post=4401"}],"version-history":[{"count":1,"href":"https:\/\/xedop.com\/en\/wp-json\/wp\/v2\/product\/4401\/revisions"}],"predecessor-version":[{"id":4406,"href":"https:\/\/xedop.com\/en\/wp-json\/wp\/v2\/product\/4401\/revisions\/4406"}],"wp:featuredmedia":[{"embeddable":true,"href":"https:\/\/xedop.com\/en\/wp-json\/wp\/v2\/media\/4402"}],"wp:attachment":[{"href":"https:\/\/xedop.com\/en\/wp-json\/wp\/v2\/media?parent=4401"}],"wp:term":[{"taxonomy":"product_cat","embeddable":true,"href":"https:\/\/xedop.com\/en\/wp-json\/wp\/v2\/product_cat?post=4401"},{"taxonomy":"product_tag","embeddable":true,"href":"https:\/\/xedop.com\/en\/wp-json\/wp\/v2\/product_tag?post=4401"}],"curies":[{"name":"wp","href":"https:\/\/api.w.org\/{rel}","templated":true}]}}