{"id":4421,"date":"2025-06-08T18:59:29","date_gmt":"2025-06-08T11:59:29","guid":{"rendered":"https:\/\/xedop.com\/?post_type=product&#038;p=4421"},"modified":"2025-06-08T18:59:30","modified_gmt":"2025-06-08T11:59:30","slug":"bo-sua-chua-bike-hand-yc-728","status":"publish","type":"product","link":"https:\/\/xedop.com\/en\/san-pham\/bo-sua-chua-bike-hand-yc-728\/","title":{"rendered":"B\u1ed9 s\u1eeda ch\u1eefa Bike Hand YC-728"},"content":{"rendered":"<p>\u0110\u00e2y l\u00e0 b\u1ed9 d\u1ee5ng c\u1ee5 chuy\u00ean d\u1ee5ng cho c\u00e1 nh\u00e2n, th\u1eadm ch\u00ed c\u1eeda h\u00e0ng s\u1eeda xe \u0111\u1ea1p.<\/p>\n<p>B\u1ed9 d\u1ee5ng c\u1ee5 n\u00e0y t\u01b0\u01a1ng \u0111\u1ed1i \u0111\u1ea7y \u0111\u1ee7 \u0111\u1ec3 b\u1ea1n c\u00f3 th\u1ec3 x\u1eed l\u00fd c\u00e1c b\u1ec7nh tr\u00ean xe c\u1ee7a b\u1ea1n<\/p>\n<p>Th\u01b0\u01a1ng hi\u1ec7u: BIKE HAND<\/p>\n<p>Ki\u1ec3u m\u00e1y: YC-728<\/p>\n<p>Tr\u1ecdng l\u01b0\u1ee3ng: 2,5 kg<\/p>\n<p>\u0110\u00f3ng g\u00f3i: h\u1ed9p nh\u1ef1a<\/p>\n<p>Shimano \u0111\u01b0\u1ee3c bi\u1ebft \u0111\u1ebfn nh\u01b0 m\u1ed9t s\u1ef1 k\u1ebft h\u1ee3p c\u1ee7a 18 c\u00f4ng c\u1ee5 xe \u0111\u1ea1p chuy\u00ean nghi\u1ec7p v\u1edbi YC-728.<\/p>\n<p>&#8211; Dechainer (YC-325P2)<\/p>\n<p>&#8211; Tu\u1ed1c n\u01a1 v\u00edt c\u00f3 th\u1ec3 chuy\u1ec3n \u0111\u1ed5i t\u1eeb 5mm (YC-611)<\/p>\n<p>&#8211; C\u00f4ng c\u1ee5 \u0111i\u1ec1u ch\u1ec9nh n\u1eafp Crank (YC-27)<\/p>\n<p>&#8211; Tr\u1ee5c v\u00edt c\u00f4ng c\u1ee5 (YC-271)<\/p>\n<p>&#8211; Thi\u1ebft b\u1ecb th\u00e1o d\u1ee1 (YC-3123)<\/p>\n<p>&#8211; C\u1edd l\u00ea h\u00ecnh ch\u1eef L 8mm (YC-812L)<\/p>\n<p>&#8211; 15MM c\u1edd l\u00ea m\u1edf 14MM 15MM \u1ed5 c\u1eafm c\u1edd l\u00ea (YC-161)<\/p>\n<p>&#8211; C\u00f4ng c\u1ee5 x\u00f3a b\u00e1nh \u0111\u00e0 (YC-501A)<\/p>\n<p>&#8211; Wutong Demolition Wrench (YC-27BB)<\/p>\n<p>&#8211; 13141516mm c\u1edd l\u00ea m\u1edf 2 b\u1ed9 (YC-152)<\/p>\n<p>&#8211; Kh\u00f3a c\u1edd l\u00ea lo\u1ea1i b\u1ecf v\u00f2ng (YC-126-1A)<\/p>\n<p>&#8211; C\u00f4ng c\u1ee5 Lo\u1ea1i b\u1ecf Crank (YC-216C)<\/p>\n<p>&#8211; D\u00e2y \u0111i\u1ec1u ch\u1ec9nh 0.127 &#8221; 0.130 &#8221; 0.136 &#8221; (YC-1A)<\/p>\n<p>&#8211; C\u00f4ng c\u1ee5 lo\u1ea1i b\u1ecf n\u0103m b\u01b0\u1edbc Cassette (YC-26BB-1A)<\/p>\n<p>&#8211; Tua v\u00edt c\u00f3 r\u00e3nh 3mm (YC-612)<\/p>\n<p>&#8211; C\u1edd l\u00ea T25 L<\/p>\n<p>&#8211; H\u1ed9p l\u1ed1p (YC-123)<\/p>\n","protected":false},"excerpt":{"rendered":"<p>\u0110\u00e2y l\u00e0 b\u1ed9 d\u1ee5ng c\u1ee5 chuy\u00ean d\u1ee5ng cho c\u00e1 nh\u00e2n, th\u1eadm ch\u00ed c\u1eeda h\u00e0ng s\u1eeda xe \u0111\u1ea1p. B\u1ed9 d\u1ee5ng c\u1ee5 n\u00e0y t\u01b0\u01a1ng \u0111\u1ed1i \u0111\u1ea7y \u0111\u1ee7 \u0111\u1ec3<span class=\"excerpt-hellip\"> [\u2026]<\/span><\/p>\n","protected":false},"featured_media":4422,"comment_status":"closed","ping_status":"closed","template":"","meta":[],"product_cat":[84],"product_tag":[],"class_list":["post-4421","product","type-product","status-publish","has-post-thumbnail","hentry","product_cat-dung-cu-sua-chua"],"_links":{"self":[{"href":"https:\/\/xedop.com\/en\/wp-json\/wp\/v2\/product\/4421","targetHints":{"allow":["GET"]}}],"collection":[{"href":"https:\/\/xedop.com\/en\/wp-json\/wp\/v2\/product"}],"about":[{"href":"https:\/\/xedop.com\/en\/wp-json\/wp\/v2\/types\/product"}],"replies":[{"embeddable":true,"href":"https:\/\/xedop.com\/en\/wp-json\/wp\/v2\/comments?post=4421"}],"version-history":[{"count":1,"href":"https:\/\/xedop.com\/en\/wp-json\/wp\/v2\/product\/4421\/revisions"}],"predecessor-version":[{"id":4430,"href":"https:\/\/xedop.com\/en\/wp-json\/wp\/v2\/product\/4421\/revisions\/4430"}],"wp:featuredmedia":[{"embeddable":true,"href":"https:\/\/xedop.com\/en\/wp-json\/wp\/v2\/media\/4422"}],"wp:attachment":[{"href":"https:\/\/xedop.com\/en\/wp-json\/wp\/v2\/media?parent=4421"}],"wp:term":[{"taxonomy":"product_cat","embeddable":true,"href":"https:\/\/xedop.com\/en\/wp-json\/wp\/v2\/product_cat?post=4421"},{"taxonomy":"product_tag","embeddable":true,"href":"https:\/\/xedop.com\/en\/wp-json\/wp\/v2\/product_tag?post=4421"}],"curies":[{"name":"wp","href":"https:\/\/api.w.org\/{rel}","templated":true}]}}