{"id":4431,"date":"2025-06-08T19:00:40","date_gmt":"2025-06-08T12:00:40","guid":{"rendered":"https:\/\/xedop.com\/?post_type=product&#038;p=4431"},"modified":"2026-04-02T10:30:53","modified_gmt":"2026-04-02T03:30:53","slug":"bo-va-sam-giant-hop","status":"publish","type":"product","link":"https:\/\/xedop.com\/en\/san-pham\/bo-va-sam-giant-hop\/","title":{"rendered":"B\u1ed9 v\u00e1 s\u0103m xe \u0111\u1ea1p h\u00e3ng Giant"},"content":{"rendered":"<p>B\u1ed9 v\u00e1 xe \u0111\u1ea1p ch\u00ednh h\u00e3ng, \u0111\u1ec3 \u0111\u01b0\u1ee3c l\u00e2u m\u00e0 kh\u00f4ng s\u1ee3 m\u1ee7n, l\u00e3o ho\u00e1<\/p>\n<p>H\u1ed9p bao g\u1ed3m:<\/p>\n<p>&#8211; M\u00f3c l\u1ed1p: 2c<\/p>\n<p>&#8211; Mi\u1ebfng v\u00e1 s\u0103m<\/p>\n<p>&#8211; Mi\u1ebfng v\u00e1 l\u1ed1p<\/p>\n<p>&#8211; Tu\u00fdp keo<\/p>\n<p>&#8211; R\u00e1p \u0111\u00e1nh s\u0103m l\u1ed1p<\/p>\n","protected":false},"excerpt":{"rendered":"<p>B\u1ed9 v\u00e1 xe \u0111\u1ea1p ch\u00ednh h\u00e3ng, \u0111\u1ec3 \u0111\u01b0\u1ee3c l\u00e2u m\u00e0 kh\u00f4ng s\u1ee3 m\u1ee7n, l\u00e3o ho\u00e1 H\u1ed9p bao g\u1ed3m: &#8211; M\u00f3c l\u1ed1p: 2c &#8211; Mi\u1ebfng v\u00e1 s\u0103m<span class=\"excerpt-hellip\"> [\u2026]<\/span><\/p>\n","protected":false},"featured_media":4432,"comment_status":"closed","ping_status":"closed","template":"","meta":[],"product_cat":[84],"product_tag":[],"class_list":["post-4431","product","type-product","status-publish","has-post-thumbnail","hentry","product_cat-dung-cu-sua-chua"],"_links":{"self":[{"href":"https:\/\/xedop.com\/en\/wp-json\/wp\/v2\/product\/4431","targetHints":{"allow":["GET"]}}],"collection":[{"href":"https:\/\/xedop.com\/en\/wp-json\/wp\/v2\/product"}],"about":[{"href":"https:\/\/xedop.com\/en\/wp-json\/wp\/v2\/types\/product"}],"replies":[{"embeddable":true,"href":"https:\/\/xedop.com\/en\/wp-json\/wp\/v2\/comments?post=4431"}],"version-history":[{"count":2,"href":"https:\/\/xedop.com\/en\/wp-json\/wp\/v2\/product\/4431\/revisions"}],"predecessor-version":[{"id":12145,"href":"https:\/\/xedop.com\/en\/wp-json\/wp\/v2\/product\/4431\/revisions\/12145"}],"wp:featuredmedia":[{"embeddable":true,"href":"https:\/\/xedop.com\/en\/wp-json\/wp\/v2\/media\/4432"}],"wp:attachment":[{"href":"https:\/\/xedop.com\/en\/wp-json\/wp\/v2\/media?parent=4431"}],"wp:term":[{"taxonomy":"product_cat","embeddable":true,"href":"https:\/\/xedop.com\/en\/wp-json\/wp\/v2\/product_cat?post=4431"},{"taxonomy":"product_tag","embeddable":true,"href":"https:\/\/xedop.com\/en\/wp-json\/wp\/v2\/product_tag?post=4431"}],"curies":[{"name":"wp","href":"https:\/\/api.w.org\/{rel}","templated":true}]}}